{"id":1770,"date":"2015-08-13T15:48:46","date_gmt":"2015-08-13T19:48:46","guid":{"rendered":"http:\/\/maiatencong.com\/wordpress\/en\/?page_id=1770"},"modified":"2025-10-21T16:57:44","modified_gmt":"2025-10-21T16:57:44","slug":"become-a-member","status":"publish","type":"page","link":"https:\/\/lelabo.ca\/en\/artists-profiles\/become-a-member\/","title":{"rendered":"Become a Member"},"content":{"rendered":"<h5><b>Why become a member?<\/b><\/h5>\n<p><span style=\"font-weight: 400;\">For over 15 years, Labo memberships have helped the organization in its regular activities and supported the creation of projects in francophone digital arts in Toronto.<\/span><\/p>\n<p><span style=\"font-weight: 400;\">Media arts are in constant evolution. We are never short of new projects and stimulating ideas. This is why Le Labo is encouraging you to take part in this transformation by exchanging views with passionate artists and sharing ideas for the future. Our key word is collaboration!<\/span><\/p>\n<p>For new members, we invite you to meet our team to discuss your expectations and projects. Le Labo is committed to creating a sustainable environment that encourages evolution in the media arts, so it&rsquo;s important to follow the process: first contact us at info@lelabo.ca or via the form; then meet; finally pay your membership fee.<\/p>\n<p><span style=\"font-weight: 400;\">3 reasons to sign up for a 12 months membership:<\/span><\/p>\n<ul>\n<li style=\"font-weight: 400;\" aria-level=\"1\"><span style=\"font-weight: 400;\">Enjoy a <strong>technical support<\/strong> and access professional equipment and digital workstation, a studio as well as various creative and professional workshops <\/span><\/li>\n<li style=\"font-weight: 400;\" aria-level=\"1\"><span style=\"font-weight: 400;\">Be a part of a passionate <strong>artists network<\/strong> that regularly meets to chat and share ideas <\/span><\/li>\n<li style=\"font-weight: 400;\" aria-level=\"1\"><span style=\"font-weight: 400;\">Get a chance to <strong>present your work<\/strong> on various occasion and even sell it during our end of year auction sale<\/span><\/li>\n<\/ul>\n<p>Le Labo actively supports all communities and in order to dismantle white supremacy and advance social and racial justice, we offer specific rates for members of the indigenous communities and for newcomers (who arrived no more than 5 years ago).<\/p>\n<p><span style=\"font-weight: 400;\">Scroll down for an extensive list of the different memberships and their advantages.\u00a0 <\/span><span style=\"font-weight: 400;\">Please note that the below form is only available in French.<\/span><\/p>\n<p><iframe loading=\"lazy\" class=\"airtable-embed\" style=\"background: transparent; border: 1px solid #ccc;\" src=\"https:\/\/airtable.com\/embed\/shrJW6sSQQfnMgCeD?backgroundColor=orange\" width=\"100%\" height=\"533\" frameborder=\"0\"><\/iframe><\/p>\n\n\n<p class=\"has-very-light-gray-background-color has-background has-medium-font-size\"><strong>Memberships benefits<\/strong><\/p>\n\n\n\n<p><strong>Professional membership* | 95 $<br><\/strong>Age 30 and below | 75$ <br><a href=\"https:\/\/lefric.ca\/\">FRIC<\/a>&nbsp; member |&nbsp; 75$<br>Indigenous artist&nbsp; |&nbsp; 0$<br>Newcomer artist |&nbsp; 48$ <\/p>\n\n\n\n<p><em>For professional artists who want to benefit from technical support and access professional equipment and setting.<\/em><\/p>\n\n\n\n<p>What you get?<\/p>\n\n\n\n<ul class=\"wp-block-list\">\n<li>Receive exclusive calls on various artistic projects with Le Labo<\/li>\n\n\n\n<li>Have your artistic news shared on Le Labo newsletters and social medias<\/li>\n\n\n\n<li>Receive the Labo newsletter and exclusive arts communication\u00a0<\/li>\n\n\n\n<li>Enjoy membership rate for all Labo workshops<\/li>\n\n\n\n<li>Free access to the professional workstation<\/li>\n\n\n\n<li>Professional production and post production equipment rental<\/li>\n\n\n\n<li>50% discount on Le Labo <a href=\"https:\/\/lelabo.ca\/fr\/location-espace-galerie\/\">studio<\/a> rental<\/li>\n\n\n\n<li>Professional printing from $15 on EPSON 13\u201d large format printer &#8211; inkjet &#8211; color. <\/li>\n\n\n\n<li>Free membership with <a href=\"https:\/\/charlesstreetvideo.com\/home.php?ismobile=0\">Charles Street Video<\/a> \u00a0<\/li>\n\n\n\n<li>Enjoy membership rate with  <a href=\"https:\/\/www.trinitysquarevideo.com\/\">Trinity Square Video<\/a> . Attend their workshops or rent their equipment.<\/li>\n\n\n\n<li>20 dollars discount on your  <a href=\"https:\/\/lefric.ca\/\">FRIC<\/a>  membership<\/li>\n\n\n\n<li>-10% at <a href=\"https:\/\/www.abovegroundartsupplies.com\/\">Above Ground Art Supplies<\/a> on regular-priced items by showing your welcome email at checkout. Valid at both store locations: 74 McCaul St and The Junction.<\/li>\n\n\n\n<li>Special hourly rate for studio rentals at <a href=\"https:\/\/theatrefrancais.com\/fr\/\">Th\u00e9\u00e2tre Fran\u00e7ais de Toronto<\/a>.<\/li>\n\n\n\n<li>Voting right at the annual general meeting<\/li>\n<\/ul>\n\n\n\n<p><em>* Professional Membership is subject to approval.<\/em><br><em>** Subject to fulfilling the membership conditions of the organization.<\/em><\/p>\n\n\n\n<hr class=\"wp-block-separator has-css-opacity\"\/>\n\n\n\n<p><strong>CONNOISSEUR membership* | 70 $<\/strong><br>Indigenous connoisseur membership&nbsp; | 0$<br>Newcomer connoisseur artist |  35$   <\/p>\n\n\n\n<p><em>For the art lovers who wish to perfect their skills, access professional tools and be a part of the art community of Toronto.<\/em><\/p>\n\n\n\n<ul class=\"wp-block-list\">\n<li>Receive Le Labo newsletter and exclusive arts communication\u00a0<\/li>\n\n\n\n<li>3 hours of free consultation for your art project\u00a0<\/li>\n\n\n\n<li>Exclusive deals on Labo workshops\u00a0<\/li>\n\n\n\n<li>Studio and workshop station rentals\u00a0<\/li>\n\n\n\n<li>Professional production and post production equipment rental\u00a0<\/li>\n\n\n\n<li>Professional printing from $20 on EPSON 13\u201d large format printer &#8211; inkjet &#8211; color.  <\/li>\n\n\n\n<li>50% discount on Le Labo <a href=\"https:\/\/lelabo.ca\/fr\/location-espace-galerie\/\">studio<\/a> rental\u00a0<\/li>\n\n\n\n<li>-10% at <a href=\"https:\/\/www.abovegroundartsupplies.com\/\">Above Ground Art Supplies<\/a> on regular-priced items by showing your welcome email at checkout. Valid at both store locations: 74 McCaul St and The Junction.<\/li>\n\n\n\n<li>Special hourly rate for studio rentals at <a href=\"https:\/\/theatrefrancais.com\/fr\/\">Th\u00e9\u00e2tre Fran\u00e7ais de Toronto<\/a><\/li>\n\n\n\n<li>Voting right at the annual general meeting<\/li>\n<\/ul>\n\n\n\n<hr class=\"wp-block-separator has-css-opacity\"\/>\n\n\n\n<p><strong>FRIENDS &amp; SUPPORTERS Membership | 50 $<\/strong><br>Indigenous friends and supporters&nbsp; |&nbsp; 0$<br>Newcomer connoisseur artist | 25$ <\/p>\n\n\n\n<p><em>You are not an artist yourself but would like to support us? <\/em><\/p>\n\n\n\n<p>Become a <em>friend<\/em> to support ambitious projects and be updated on our various events. <\/p>\n\n\n\n<ul class=\"wp-block-list\">\n<li>Professional printing from $20 on EPSON 13\u201d large format printer &#8211; inkjet &#8211; color.  <\/li>\n\n\n\n<li>Receive our newsletter as well as regular communications on current exhibits and events.  <\/li>\n<\/ul>\n\n\n\n<p>This membership is not eligible for voting rights or seats with the board.<\/p>\n\n\n\n<hr class=\"wp-block-separator has-css-opacity\"\/>\n\n\n\n<p><strong>CORPORATE Membership | 190 $<\/strong><\/p>\n\n\n\n<p> For non profits working in French or in the art sector in Ontario and that buys into our mission.<br>By becoming a member, you also become a partner that contributed to the development of the digital and visual arts in Toronto. <\/p>\n\n\n\n<ul class=\"wp-block-list\">\n<li>10 people of your organization will benefit from connoisseur membership<\/li>\n\n\n\n<li>your logo will appear in our communication and in our partner page<\/li>\n\n\n\n<li>subscription to our newsletter <\/li>\n<\/ul>\n\n\n\n<p><\/p>\n\n\n\n<p class=\"has-very-light-gray-background-color has-background has-medium-font-size\"><strong>Paiement<\/strong><\/p>\n\n\n\n<p>We prefer electronic payments (Interac\/e-transfer). Please send your payment to <a href=\"mailto:dyana@lelabo.ca\">dyana@lelabo.ca<\/a> using the password <strong>toronto<\/strong>.&nbsp;<\/p>\n\n\n\n<p>Check: please send your cheque to Laboratoire d\u2019Art at 401 Richmond Street West, Studio 277, Toronto, ON, M5V 3A8.<\/p>\n\n\n\n<p>We are currently trying to not use PayPal anymore. However if credit card remains your preferred payment method, please send us an email at <a href=\"mailto:info@lelabo.ca\">info@lelabo.ca<\/a>. Please note that an additional $2,50 service fee will be required for your payment.&nbsp;<\/p>\n","protected":false},"excerpt":{"rendered":"<p>Why become a member? For over 15 years, Labo memberships have helped the organization in its regular activities and supported the creation of projects in francophone digital arts in Toronto. Media arts are in constant evolution. We are never short<\/p>\n","protected":false},"author":1,"featured_media":0,"parent":2291,"menu_order":0,"comment_status":"closed","ping_status":"closed","template":"","meta":{"footnotes":""},"class_list":["post-1770","page","type-page","status-publish","hentry"],"yoast_head":"<!-- This site is optimized with the Yoast SEO plugin v24.9 - https:\/\/yoast.com\/wordpress\/plugins\/seo\/ -->\n<title>Become a Member - Le Labo EN<\/title>\n<meta name=\"robots\" content=\"index, follow, max-snippet:-1, max-image-preview:large, max-video-preview:-1\" \/>\n<link rel=\"canonical\" href=\"https:\/\/lelabo.ca\/en\/artists-profiles\/become-a-member\/\" \/>\n<meta property=\"og:locale\" content=\"fr_FR\" \/>\n<meta property=\"og:type\" content=\"article\" \/>\n<meta property=\"og:title\" content=\"Become a Member - Le Labo EN\" \/>\n<meta property=\"og:description\" content=\"Why become a member? For over 15 years, Labo memberships have helped the organization in its regular activities and supported the creation of projects in francophone digital arts in Toronto. Media arts are in constant evolution. We are never short\" \/>\n<meta property=\"og:url\" content=\"https:\/\/lelabo.ca\/en\/artists-profiles\/become-a-member\/\" \/>\n<meta property=\"og:site_name\" content=\"Le Labo EN\" \/>\n<meta property=\"article:modified_time\" content=\"2025-10-21T16:57:44+00:00\" \/>\n<meta name=\"twitter:card\" content=\"summary_large_image\" \/>\n<meta name=\"twitter:label1\" content=\"Dur\u00e9e de lecture estim\u00e9e\" \/>\n\t<meta name=\"twitter:data1\" content=\"5 minutes\" \/>\n<script type=\"application\/ld+json\" class=\"yoast-schema-graph\">{\"@context\":\"https:\/\/schema.org\",\"@graph\":[{\"@type\":\"WebPage\",\"@id\":\"https:\/\/lelabo.ca\/en\/artists-profiles\/become-a-member\/\",\"url\":\"https:\/\/lelabo.ca\/en\/artists-profiles\/become-a-member\/\",\"name\":\"Become a Member - Le Labo EN\",\"isPartOf\":{\"@id\":\"https:\/\/lelabo.ca\/en\/#website\"},\"datePublished\":\"2015-08-13T19:48:46+00:00\",\"dateModified\":\"2025-10-21T16:57:44+00:00\",\"breadcrumb\":{\"@id\":\"https:\/\/lelabo.ca\/en\/artists-profiles\/become-a-member\/#breadcrumb\"},\"inLanguage\":\"fr-FR\",\"potentialAction\":[{\"@type\":\"ReadAction\",\"target\":[\"https:\/\/lelabo.ca\/en\/artists-profiles\/become-a-member\/\"]}]},{\"@type\":\"BreadcrumbList\",\"@id\":\"https:\/\/lelabo.ca\/en\/artists-profiles\/become-a-member\/#breadcrumb\",\"itemListElement\":[{\"@type\":\"ListItem\",\"position\":1,\"name\":\"Accueil\",\"item\":\"https:\/\/lelabo.ca\/en\/\"},{\"@type\":\"ListItem\",\"position\":2,\"name\":\"Artist&rsquo;s profiles\",\"item\":\"https:\/\/lelabo.ca\/en\/artists-profiles\/\"},{\"@type\":\"ListItem\",\"position\":3,\"name\":\"Become a Member\"}]},{\"@type\":\"WebSite\",\"@id\":\"https:\/\/lelabo.ca\/en\/#website\",\"url\":\"https:\/\/lelabo.ca\/en\/\",\"name\":\"Le Labo EN\",\"description\":\"\",\"potentialAction\":[{\"@type\":\"SearchAction\",\"target\":{\"@type\":\"EntryPoint\",\"urlTemplate\":\"https:\/\/lelabo.ca\/en\/?s={search_term_string}\"},\"query-input\":{\"@type\":\"PropertyValueSpecification\",\"valueRequired\":true,\"valueName\":\"search_term_string\"}}],\"inLanguage\":\"fr-FR\"}]}<\/script>\n<!-- \/ Yoast SEO plugin. -->","yoast_head_json":{"title":"Become a Member - Le Labo EN","robots":{"index":"index","follow":"follow","max-snippet":"max-snippet:-1","max-image-preview":"max-image-preview:large","max-video-preview":"max-video-preview:-1"},"canonical":"https:\/\/lelabo.ca\/en\/artists-profiles\/become-a-member\/","og_locale":"fr_FR","og_type":"article","og_title":"Become a Member - Le Labo EN","og_description":"Why become a member? For over 15 years, Labo memberships have helped the organization in its regular activities and supported the creation of projects in francophone digital arts in Toronto. Media arts are in constant evolution. We are never short","og_url":"https:\/\/lelabo.ca\/en\/artists-profiles\/become-a-member\/","og_site_name":"Le Labo EN","article_modified_time":"2025-10-21T16:57:44+00:00","twitter_card":"summary_large_image","twitter_misc":{"Dur\u00e9e de lecture estim\u00e9e":"5 minutes"},"schema":{"@context":"https:\/\/schema.org","@graph":[{"@type":"WebPage","@id":"https:\/\/lelabo.ca\/en\/artists-profiles\/become-a-member\/","url":"https:\/\/lelabo.ca\/en\/artists-profiles\/become-a-member\/","name":"Become a Member - Le Labo EN","isPartOf":{"@id":"https:\/\/lelabo.ca\/en\/#website"},"datePublished":"2015-08-13T19:48:46+00:00","dateModified":"2025-10-21T16:57:44+00:00","breadcrumb":{"@id":"https:\/\/lelabo.ca\/en\/artists-profiles\/become-a-member\/#breadcrumb"},"inLanguage":"fr-FR","potentialAction":[{"@type":"ReadAction","target":["https:\/\/lelabo.ca\/en\/artists-profiles\/become-a-member\/"]}]},{"@type":"BreadcrumbList","@id":"https:\/\/lelabo.ca\/en\/artists-profiles\/become-a-member\/#breadcrumb","itemListElement":[{"@type":"ListItem","position":1,"name":"Accueil","item":"https:\/\/lelabo.ca\/en\/"},{"@type":"ListItem","position":2,"name":"Artist&rsquo;s profiles","item":"https:\/\/lelabo.ca\/en\/artists-profiles\/"},{"@type":"ListItem","position":3,"name":"Become a Member"}]},{"@type":"WebSite","@id":"https:\/\/lelabo.ca\/en\/#website","url":"https:\/\/lelabo.ca\/en\/","name":"Le Labo EN","description":"","potentialAction":[{"@type":"SearchAction","target":{"@type":"EntryPoint","urlTemplate":"https:\/\/lelabo.ca\/en\/?s={search_term_string}"},"query-input":{"@type":"PropertyValueSpecification","valueRequired":true,"valueName":"search_term_string"}}],"inLanguage":"fr-FR"}]}},"_links":{"self":[{"href":"https:\/\/lelabo.ca\/en\/wp-json\/wp\/v2\/pages\/1770","targetHints":{"allow":["GET"]}}],"collection":[{"href":"https:\/\/lelabo.ca\/en\/wp-json\/wp\/v2\/pages"}],"about":[{"href":"https:\/\/lelabo.ca\/en\/wp-json\/wp\/v2\/types\/page"}],"author":[{"embeddable":true,"href":"https:\/\/lelabo.ca\/en\/wp-json\/wp\/v2\/users\/1"}],"replies":[{"embeddable":true,"href":"https:\/\/lelabo.ca\/en\/wp-json\/wp\/v2\/comments?post=1770"}],"version-history":[{"count":74,"href":"https:\/\/lelabo.ca\/en\/wp-json\/wp\/v2\/pages\/1770\/revisions"}],"predecessor-version":[{"id":6479,"href":"https:\/\/lelabo.ca\/en\/wp-json\/wp\/v2\/pages\/1770\/revisions\/6479"}],"up":[{"embeddable":true,"href":"https:\/\/lelabo.ca\/en\/wp-json\/wp\/v2\/pages\/2291"}],"wp:attachment":[{"href":"https:\/\/lelabo.ca\/en\/wp-json\/wp\/v2\/media?parent=1770"}],"curies":[{"name":"wp","href":"https:\/\/api.w.org\/{rel}","templated":true}]}}