{"id":1938,"date":"2015-08-25T18:00:33","date_gmt":"2015-08-25T18:00:33","guid":{"rendered":"http:\/\/lelabo.ca\/wordpress\/en\/?page_id=1938"},"modified":"2023-05-12T15:07:00","modified_gmt":"2023-05-12T15:07:00","slug":"support-us","status":"publish","type":"page","link":"https:\/\/lelabo.ca\/en\/support-us\/","title":{"rendered":"Support us"},"content":{"rendered":"\n<figure class=\"wp-block-gallery columns-3 is-cropped wp-block-gallery-1 is-layout-flex wp-block-gallery-is-layout-flex\"><ul class=\"blocks-gallery-grid\"><li class=\"blocks-gallery-item\"><figure><img loading=\"lazy\" decoding=\"async\" width=\"488\" height=\"325\" src=\"https:\/\/lelabo.ca\/en\/wp-content\/uploads\/sites\/3\/2018\/12\/3.jpg\" alt=\"Apology Project. Maria Legault. 2003-2011.\" data-id=\"4929\" data-full-url=\"https:\/\/lelabo.ca\/en\/wp-content\/uploads\/sites\/3\/2018\/12\/3.jpg\" data-link=\"https:\/\/lelabo.ca\/en\/3\/\" class=\"wp-image-4929\" srcset=\"https:\/\/lelabo.ca\/en\/wp-content\/uploads\/sites\/3\/2018\/12\/3.jpg 488w, https:\/\/lelabo.ca\/en\/wp-content\/uploads\/sites\/3\/2018\/12\/3-300x200.jpg 300w\" sizes=\"auto, (max-width: 488px) 100vw, 488px\" \/><figcaption class=\"blocks-gallery-item__caption\">Maria Legault<\/figcaption><\/figure><\/li><li class=\"blocks-gallery-item\"><figure><img loading=\"lazy\" decoding=\"async\" width=\"864\" height=\"626\" src=\"https:\/\/lelabo.ca\/en\/wp-content\/uploads\/sites\/3\/2019\/01\/Laura-Demers-Living-Fossils-1.jpg\" alt=\"\" data-id=\"4966\" data-full-url=\"https:\/\/lelabo.ca\/en\/wp-content\/uploads\/sites\/3\/2019\/01\/Laura-Demers-Living-Fossils-1.jpg\" data-link=\"https:\/\/lelabo.ca\/en\/team\/laura-demers\/laura-demers-living-fossils-1\/\" class=\"wp-image-4966\" srcset=\"https:\/\/lelabo.ca\/en\/wp-content\/uploads\/sites\/3\/2019\/01\/Laura-Demers-Living-Fossils-1.jpg 864w, https:\/\/lelabo.ca\/en\/wp-content\/uploads\/sites\/3\/2019\/01\/Laura-Demers-Living-Fossils-1-300x217.jpg 300w\" sizes=\"auto, (max-width: 864px) 100vw, 864px\" \/><figcaption class=\"blocks-gallery-item__caption\">Laura Demers<\/figcaption><\/figure><\/li><li class=\"blocks-gallery-item\"><figure><img loading=\"lazy\" decoding=\"async\" width=\"401\" height=\"279\" src=\"https:\/\/lelabo.ca\/en\/wp-content\/uploads\/sites\/3\/2018\/06\/RMM-Fire-and-Fury-10-Angelique-401-x280.jpeg\" alt=\"\" data-id=\"4613\" data-full-url=\"https:\/\/lelabo.ca\/en\/wp-content\/uploads\/sites\/3\/2018\/06\/RMM-Fire-and-Fury-10-Angelique-401-x280.jpeg\" data-link=\"https:\/\/lelabo.ca\/en\/team\/nadine-valcin\/rmm-fire-and-fury-10-angelique-401-x280\/\" class=\"wp-image-4613\" srcset=\"https:\/\/lelabo.ca\/en\/wp-content\/uploads\/sites\/3\/2018\/06\/RMM-Fire-and-Fury-10-Angelique-401-x280.jpeg 401w, https:\/\/lelabo.ca\/en\/wp-content\/uploads\/sites\/3\/2018\/06\/RMM-Fire-and-Fury-10-Angelique-401-x280-300x209.jpeg 300w, https:\/\/lelabo.ca\/en\/wp-content\/uploads\/sites\/3\/2018\/06\/RMM-Fire-and-Fury-10-Angelique-401-x280-400x279.jpeg 400w\" sizes=\"auto, (max-width: 401px) 100vw, 401px\" \/><figcaption class=\"blocks-gallery-item__caption\">Nadine Valcin<\/figcaption><\/figure><\/li><\/ul><\/figure>\n\n\n\n<p class=\"has-normal-font-size\">If you happen to come across this page, we have in common a love of art!<\/p>\n\n\n\n<p class=\"has-normal-font-size\">Acquiring art is certainly one of the most direct ways to support artists near you, but it is not the only one! <\/p>\n\n\n\n<p class=\"has-normal-font-size\">Supporting your local artists doesn&rsquo;t have to be out of reach.<\/p>\n\n\n\n<p class=\"has-normal-font-size\">You can always\u2026<\/p>\n\n\n\n<ul class=\"wp-block-list\"><li>Purchase <a href=\"https:\/\/square.link\/u\/NWhhyHPg\">our limited edition totebag<\/a> designed by founding member Paul Walty.<\/li><li>Follow us on social media. Like and share posts with your friends. Social media is extremely powerful when used properly, and supporting your local art community is a great way to do it!<\/li><li>Attend our events, which are mostly free. These events can range from an opening, a show tour, a talk on Zoom and much more. <\/li><li>Make a contribution of your choice to support our activities*.<\/li><\/ul>\n\n\n\n<p><em>*Le Labo ne d\u00e9tient pas le statut d\u2019organisme de bienfaisance\u00a0et ne peut donc pas \u00e9mettre de re\u00e7u d\u2019imp\u00f4t. Il suit n\u00e9anmoins les normes et lignes directrices \u00e9tablies par Imagine Canada, Association of Fundraising Professionals et l\u2019Agence du Revenu du Canada. Num\u00e9ro d\u2019entreprise : 858058969RC0001<\/em><\/p>\n\n\n\n<div style=\"height:20px\" aria-hidden=\"true\" class=\"wp-block-spacer\"><\/div>\n\n\n\n<div style=\"height:20px\" aria-hidden=\"true\" class=\"wp-block-spacer\"><\/div>\n\n\n\n<div style=\"height:20px\" aria-hidden=\"true\" class=\"wp-block-spacer\"><\/div>\n\n\n\n<div style=\"height:20px\" aria-hidden=\"true\" class=\"wp-block-spacer\"><\/div>\n\n\n\n<div style=\"height:20px\" aria-hidden=\"true\" class=\"wp-block-spacer\"><\/div>\n\n\n\n<div style=\"height:20px\" aria-hidden=\"true\" class=\"wp-block-spacer\"><\/div>\n\n\n\n<div style=\"height:20px\" aria-hidden=\"true\" class=\"wp-block-spacer\"><\/div>\n","protected":false},"excerpt":{"rendered":"<p>If you happen to come across this page, we have in common a love of art! Acquiring art is certainly one of the most direct ways to support artists near you, but it is not the only one! Supporting your<\/p>\n","protected":false},"author":2,"featured_media":0,"parent":0,"menu_order":0,"comment_status":"closed","ping_status":"closed","template":"","meta":{"footnotes":""},"class_list":["post-1938","page","type-page","status-publish","hentry"],"yoast_head":"<!-- This site is optimized with the Yoast SEO plugin v24.9 - https:\/\/yoast.com\/wordpress\/plugins\/seo\/ -->\n<title>Support us - Le Labo EN<\/title>\n<meta name=\"robots\" content=\"index, follow, max-snippet:-1, max-image-preview:large, max-video-preview:-1\" \/>\n<link rel=\"canonical\" href=\"https:\/\/lelabo.ca\/en\/support-us\/\" \/>\n<meta property=\"og:locale\" content=\"fr_FR\" \/>\n<meta property=\"og:type\" content=\"article\" \/>\n<meta property=\"og:title\" content=\"Support us - Le Labo EN\" \/>\n<meta property=\"og:description\" content=\"If you happen to come across this page, we have in common a love of art! Acquiring art is certainly one of the most direct ways to support artists near you, but it is not the only one! Supporting your\" \/>\n<meta property=\"og:url\" content=\"https:\/\/lelabo.ca\/en\/support-us\/\" \/>\n<meta property=\"og:site_name\" content=\"Le Labo EN\" \/>\n<meta property=\"article:modified_time\" content=\"2023-05-12T15:07:00+00:00\" \/>\n<meta property=\"og:image\" content=\"https:\/\/lelabo.ca\/en\/wp-content\/uploads\/sites\/3\/2018\/12\/3.jpg\" \/>\n\t<meta property=\"og:image:width\" content=\"488\" \/>\n\t<meta property=\"og:image:height\" content=\"325\" \/>\n\t<meta property=\"og:image:type\" content=\"image\/jpeg\" \/>\n<meta name=\"twitter:card\" content=\"summary_large_image\" \/>\n<meta name=\"twitter:label1\" content=\"Dur\u00e9e de lecture estim\u00e9e\" \/>\n\t<meta name=\"twitter:data1\" content=\"1 minute\" \/>\n<script type=\"application\/ld+json\" class=\"yoast-schema-graph\">{\"@context\":\"https:\/\/schema.org\",\"@graph\":[{\"@type\":\"WebPage\",\"@id\":\"https:\/\/lelabo.ca\/en\/support-us\/\",\"url\":\"https:\/\/lelabo.ca\/en\/support-us\/\",\"name\":\"Support us - Le Labo EN\",\"isPartOf\":{\"@id\":\"https:\/\/lelabo.ca\/en\/#website\"},\"primaryImageOfPage\":{\"@id\":\"https:\/\/lelabo.ca\/en\/support-us\/#primaryimage\"},\"image\":{\"@id\":\"https:\/\/lelabo.ca\/en\/support-us\/#primaryimage\"},\"thumbnailUrl\":\"https:\/\/lelabo.ca\/en\/wp-content\/uploads\/sites\/3\/2018\/12\/3.jpg\",\"datePublished\":\"2015-08-25T18:00:33+00:00\",\"dateModified\":\"2023-05-12T15:07:00+00:00\",\"breadcrumb\":{\"@id\":\"https:\/\/lelabo.ca\/en\/support-us\/#breadcrumb\"},\"inLanguage\":\"fr-FR\",\"potentialAction\":[{\"@type\":\"ReadAction\",\"target\":[\"https:\/\/lelabo.ca\/en\/support-us\/\"]}]},{\"@type\":\"ImageObject\",\"inLanguage\":\"fr-FR\",\"@id\":\"https:\/\/lelabo.ca\/en\/support-us\/#primaryimage\",\"url\":\"https:\/\/lelabo.ca\/en\/wp-content\/uploads\/sites\/3\/2018\/12\/3.jpg\",\"contentUrl\":\"https:\/\/lelabo.ca\/en\/wp-content\/uploads\/sites\/3\/2018\/12\/3.jpg\",\"width\":488,\"height\":325,\"caption\":\"Maria Legault\"},{\"@type\":\"BreadcrumbList\",\"@id\":\"https:\/\/lelabo.ca\/en\/support-us\/#breadcrumb\",\"itemListElement\":[{\"@type\":\"ListItem\",\"position\":1,\"name\":\"Accueil\",\"item\":\"https:\/\/lelabo.ca\/en\/\"},{\"@type\":\"ListItem\",\"position\":2,\"name\":\"Support us\"}]},{\"@type\":\"WebSite\",\"@id\":\"https:\/\/lelabo.ca\/en\/#website\",\"url\":\"https:\/\/lelabo.ca\/en\/\",\"name\":\"Le Labo EN\",\"description\":\"\",\"potentialAction\":[{\"@type\":\"SearchAction\",\"target\":{\"@type\":\"EntryPoint\",\"urlTemplate\":\"https:\/\/lelabo.ca\/en\/?s={search_term_string}\"},\"query-input\":{\"@type\":\"PropertyValueSpecification\",\"valueRequired\":true,\"valueName\":\"search_term_string\"}}],\"inLanguage\":\"fr-FR\"}]}<\/script>\n<!-- \/ Yoast SEO plugin. -->","yoast_head_json":{"title":"Support us - Le Labo EN","robots":{"index":"index","follow":"follow","max-snippet":"max-snippet:-1","max-image-preview":"max-image-preview:large","max-video-preview":"max-video-preview:-1"},"canonical":"https:\/\/lelabo.ca\/en\/support-us\/","og_locale":"fr_FR","og_type":"article","og_title":"Support us - Le Labo EN","og_description":"If you happen to come across this page, we have in common a love of art! Acquiring art is certainly one of the most direct ways to support artists near you, but it is not the only one! Supporting your","og_url":"https:\/\/lelabo.ca\/en\/support-us\/","og_site_name":"Le Labo EN","article_modified_time":"2023-05-12T15:07:00+00:00","og_image":[{"width":488,"height":325,"url":"https:\/\/lelabo.ca\/en\/wp-content\/uploads\/sites\/3\/2018\/12\/3.jpg","type":"image\/jpeg"}],"twitter_card":"summary_large_image","twitter_misc":{"Dur\u00e9e de lecture estim\u00e9e":"1 minute"},"schema":{"@context":"https:\/\/schema.org","@graph":[{"@type":"WebPage","@id":"https:\/\/lelabo.ca\/en\/support-us\/","url":"https:\/\/lelabo.ca\/en\/support-us\/","name":"Support us - Le Labo EN","isPartOf":{"@id":"https:\/\/lelabo.ca\/en\/#website"},"primaryImageOfPage":{"@id":"https:\/\/lelabo.ca\/en\/support-us\/#primaryimage"},"image":{"@id":"https:\/\/lelabo.ca\/en\/support-us\/#primaryimage"},"thumbnailUrl":"https:\/\/lelabo.ca\/en\/wp-content\/uploads\/sites\/3\/2018\/12\/3.jpg","datePublished":"2015-08-25T18:00:33+00:00","dateModified":"2023-05-12T15:07:00+00:00","breadcrumb":{"@id":"https:\/\/lelabo.ca\/en\/support-us\/#breadcrumb"},"inLanguage":"fr-FR","potentialAction":[{"@type":"ReadAction","target":["https:\/\/lelabo.ca\/en\/support-us\/"]}]},{"@type":"ImageObject","inLanguage":"fr-FR","@id":"https:\/\/lelabo.ca\/en\/support-us\/#primaryimage","url":"https:\/\/lelabo.ca\/en\/wp-content\/uploads\/sites\/3\/2018\/12\/3.jpg","contentUrl":"https:\/\/lelabo.ca\/en\/wp-content\/uploads\/sites\/3\/2018\/12\/3.jpg","width":488,"height":325,"caption":"Maria Legault"},{"@type":"BreadcrumbList","@id":"https:\/\/lelabo.ca\/en\/support-us\/#breadcrumb","itemListElement":[{"@type":"ListItem","position":1,"name":"Accueil","item":"https:\/\/lelabo.ca\/en\/"},{"@type":"ListItem","position":2,"name":"Support us"}]},{"@type":"WebSite","@id":"https:\/\/lelabo.ca\/en\/#website","url":"https:\/\/lelabo.ca\/en\/","name":"Le Labo EN","description":"","potentialAction":[{"@type":"SearchAction","target":{"@type":"EntryPoint","urlTemplate":"https:\/\/lelabo.ca\/en\/?s={search_term_string}"},"query-input":{"@type":"PropertyValueSpecification","valueRequired":true,"valueName":"search_term_string"}}],"inLanguage":"fr-FR"}]}},"_links":{"self":[{"href":"https:\/\/lelabo.ca\/en\/wp-json\/wp\/v2\/pages\/1938","targetHints":{"allow":["GET"]}}],"collection":[{"href":"https:\/\/lelabo.ca\/en\/wp-json\/wp\/v2\/pages"}],"about":[{"href":"https:\/\/lelabo.ca\/en\/wp-json\/wp\/v2\/types\/page"}],"author":[{"embeddable":true,"href":"https:\/\/lelabo.ca\/en\/wp-json\/wp\/v2\/users\/2"}],"replies":[{"embeddable":true,"href":"https:\/\/lelabo.ca\/en\/wp-json\/wp\/v2\/comments?post=1938"}],"version-history":[{"count":20,"href":"https:\/\/lelabo.ca\/en\/wp-json\/wp\/v2\/pages\/1938\/revisions"}],"predecessor-version":[{"id":5801,"href":"https:\/\/lelabo.ca\/en\/wp-json\/wp\/v2\/pages\/1938\/revisions\/5801"}],"wp:attachment":[{"href":"https:\/\/lelabo.ca\/en\/wp-json\/wp\/v2\/media?parent=1938"}],"curies":[{"name":"wp","href":"https:\/\/api.w.org\/{rel}","templated":true}]}}