{"id":1984,"date":"2015-08-25T20:30:43","date_gmt":"2015-08-25T20:30:43","guid":{"rendered":"http:\/\/lelabo.ca\/wordpress\/en\/?page_id=1984"},"modified":"2019-08-29T15:43:23","modified_gmt":"2019-08-29T15:43:23","slug":"contributors","status":"publish","type":"page","link":"https:\/\/lelabo.ca\/en\/contributors\/","title":{"rendered":"Contribute"},"content":{"rendered":"<h6>Add your name to the list today&#8230; and make a <a href=\"https:\/\/www.paypal.com\/cgi-bin\/webscr?cmd=_s-xclick&amp;hosted_button_id=HY65J8B8BAUN2\" target=\"_blank\">contribution<\/a>!<\/h6>\n<h4>We thank all our 2019 contributors for supporting Le Labo&rsquo;s activities:<\/h4>\n<p><b>INDIVIDUAL CONTRIBUTORS<br \/>\n<\/b><\/p>\n<p>Glen Charles Landry<br \/>\nMarcelle Lean<\/p>\n<p><strong>PUBLIC FUNDING<\/strong><\/p>\n<p><a href=\"https:\/\/www.arts.on.ca\/index.html\" target=\"_blank\">Le Conseil des Arts de l&rsquo;Ontario<\/a><br \/>\n<a href=\"https:\/\/www.torontoartscouncil.org\/\" target=\"_blank\">Le Conseil des Arts de Toronto<\/a><\/p>\n<p><b>SPONSORS<\/b><\/p>\n<p><a href=\"https:\/\/sumac.com\/\">SUMAC<\/a><\/p>\n<p><strong>MEDIA PARTNERS<\/strong><\/p>\n<p><a href=\"https:\/\/www.lexpress.to\/\" target=\"_blank\">L&rsquo;Express<\/a><a href=\"https:\/\/www.lexpress.to\/\" target=\"_blank\">\u00a0de Toronto<\/a><br \/>\n<a href=\"https:\/\/choqfm.ca\/\" target=\"_blank\">CHOQ fm 105.1<\/a><br \/>\n<a href=\"https:\/\/www.grandtoronto.ca\/\" target=\"_blank\">Le Grand Toronto.ca<\/a><br \/>\n<a href=\"https:\/\/www.lemetropolitain.com\/\" target=\"_blank\">Le M\u00e9tropolitain<\/a><\/p>\n<p><strong>CULTURAL PARTNERS<\/strong><\/p>\n<p><a href=\"https:\/\/charlesstreetvideo.com\/\" target=\"_blank\">Charles Street Vid\u00e9o<\/a><br \/>\n<a href=\"https:\/\/www.alliance-francaise.ca\/fr\/\" target=\"_blank\">L&rsquo;Alliance Fran\u00e7aise<\/a><br \/>\n<a href=\"https:\/\/cinefranco.com\/\" target=\"_blank\">Cin\u00e9 Franco<\/a><br \/>\n<a href=\"https:\/\/www.centrefranco.org\/\" target=\"_blank\">Centre\u00a0Francophone<\/a><a href=\"https:\/\/www.centrefranco.org\/\" target=\"_blank\">\u00a0de Toronto<\/a><br \/>\n<a href=\"https:\/\/theatrefrancais.com\/\" target=\"_blank\">Le Th\u00e9\u00e2tre Fran\u00e7ais de Toronto<\/a><br \/>\n<a href=\"https:\/\/www.fricanada.org\/\" target=\"_blank\">FRIC &#8211; Front des R\u00e9alisateurs Ind\u00e9pendants du Canada<\/a><br \/>\n<a href=\"https:\/\/francopenmic.com\/\" target=\"_blank\">Franc&rsquo;Open Mic<\/a><\/p>\n<p>&nbsp;<\/p>\n","protected":false},"excerpt":{"rendered":"<p>Add your name to the list today&#8230; and make a contribution! We thank all our 2019 contributors for supporting Le Labo&rsquo;s activities: INDIVIDUAL CONTRIBUTORS Glen Charles Landry Marcelle Lean PUBLIC FUNDING Le Conseil des Arts de l&rsquo;Ontario Le Conseil des<\/p>\n","protected":false},"author":2,"featured_media":0,"parent":0,"menu_order":0,"comment_status":"closed","ping_status":"closed","template":"","meta":{"footnotes":""},"class_list":["post-1984","page","type-page","status-publish","hentry"],"yoast_head":"<!-- This site is optimized with the Yoast SEO plugin v24.9 - https:\/\/yoast.com\/wordpress\/plugins\/seo\/ -->\n<title>Contribute - Le Labo EN<\/title>\n<meta name=\"robots\" content=\"index, follow, max-snippet:-1, max-image-preview:large, max-video-preview:-1\" \/>\n<link rel=\"canonical\" href=\"https:\/\/lelabo.ca\/en\/contributors\/\" \/>\n<meta property=\"og:locale\" content=\"fr_FR\" \/>\n<meta property=\"og:type\" content=\"article\" \/>\n<meta property=\"og:title\" content=\"Contribute - Le Labo EN\" \/>\n<meta property=\"og:description\" content=\"Add your name to the list today&#8230; and make a contribution! We thank all our 2019 contributors for supporting Le Labo&rsquo;s activities: INDIVIDUAL CONTRIBUTORS Glen Charles Landry Marcelle Lean PUBLIC FUNDING Le Conseil des Arts de l&rsquo;Ontario Le Conseil des\" \/>\n<meta property=\"og:url\" content=\"https:\/\/lelabo.ca\/en\/contributors\/\" \/>\n<meta property=\"og:site_name\" content=\"Le Labo EN\" \/>\n<meta property=\"article:modified_time\" content=\"2019-08-29T15:43:23+00:00\" \/>\n<meta name=\"twitter:card\" content=\"summary_large_image\" \/>\n<script type=\"application\/ld+json\" class=\"yoast-schema-graph\">{\"@context\":\"https:\/\/schema.org\",\"@graph\":[{\"@type\":\"WebPage\",\"@id\":\"https:\/\/lelabo.ca\/en\/contributors\/\",\"url\":\"https:\/\/lelabo.ca\/en\/contributors\/\",\"name\":\"Contribute - Le Labo EN\",\"isPartOf\":{\"@id\":\"https:\/\/lelabo.ca\/en\/#website\"},\"datePublished\":\"2015-08-25T20:30:43+00:00\",\"dateModified\":\"2019-08-29T15:43:23+00:00\",\"breadcrumb\":{\"@id\":\"https:\/\/lelabo.ca\/en\/contributors\/#breadcrumb\"},\"inLanguage\":\"fr-FR\",\"potentialAction\":[{\"@type\":\"ReadAction\",\"target\":[\"https:\/\/lelabo.ca\/en\/contributors\/\"]}]},{\"@type\":\"BreadcrumbList\",\"@id\":\"https:\/\/lelabo.ca\/en\/contributors\/#breadcrumb\",\"itemListElement\":[{\"@type\":\"ListItem\",\"position\":1,\"name\":\"Accueil\",\"item\":\"https:\/\/lelabo.ca\/en\/\"},{\"@type\":\"ListItem\",\"position\":2,\"name\":\"Contribute\"}]},{\"@type\":\"WebSite\",\"@id\":\"https:\/\/lelabo.ca\/en\/#website\",\"url\":\"https:\/\/lelabo.ca\/en\/\",\"name\":\"Le Labo EN\",\"description\":\"\",\"potentialAction\":[{\"@type\":\"SearchAction\",\"target\":{\"@type\":\"EntryPoint\",\"urlTemplate\":\"https:\/\/lelabo.ca\/en\/?s={search_term_string}\"},\"query-input\":{\"@type\":\"PropertyValueSpecification\",\"valueRequired\":true,\"valueName\":\"search_term_string\"}}],\"inLanguage\":\"fr-FR\"}]}<\/script>\n<!-- \/ Yoast SEO plugin. -->","yoast_head_json":{"title":"Contribute - Le Labo EN","robots":{"index":"index","follow":"follow","max-snippet":"max-snippet:-1","max-image-preview":"max-image-preview:large","max-video-preview":"max-video-preview:-1"},"canonical":"https:\/\/lelabo.ca\/en\/contributors\/","og_locale":"fr_FR","og_type":"article","og_title":"Contribute - Le Labo EN","og_description":"Add your name to the list today&#8230; and make a contribution! We thank all our 2019 contributors for supporting Le Labo&rsquo;s activities: INDIVIDUAL CONTRIBUTORS Glen Charles Landry Marcelle Lean PUBLIC FUNDING Le Conseil des Arts de l&rsquo;Ontario Le Conseil des","og_url":"https:\/\/lelabo.ca\/en\/contributors\/","og_site_name":"Le Labo EN","article_modified_time":"2019-08-29T15:43:23+00:00","twitter_card":"summary_large_image","schema":{"@context":"https:\/\/schema.org","@graph":[{"@type":"WebPage","@id":"https:\/\/lelabo.ca\/en\/contributors\/","url":"https:\/\/lelabo.ca\/en\/contributors\/","name":"Contribute - Le Labo EN","isPartOf":{"@id":"https:\/\/lelabo.ca\/en\/#website"},"datePublished":"2015-08-25T20:30:43+00:00","dateModified":"2019-08-29T15:43:23+00:00","breadcrumb":{"@id":"https:\/\/lelabo.ca\/en\/contributors\/#breadcrumb"},"inLanguage":"fr-FR","potentialAction":[{"@type":"ReadAction","target":["https:\/\/lelabo.ca\/en\/contributors\/"]}]},{"@type":"BreadcrumbList","@id":"https:\/\/lelabo.ca\/en\/contributors\/#breadcrumb","itemListElement":[{"@type":"ListItem","position":1,"name":"Accueil","item":"https:\/\/lelabo.ca\/en\/"},{"@type":"ListItem","position":2,"name":"Contribute"}]},{"@type":"WebSite","@id":"https:\/\/lelabo.ca\/en\/#website","url":"https:\/\/lelabo.ca\/en\/","name":"Le Labo EN","description":"","potentialAction":[{"@type":"SearchAction","target":{"@type":"EntryPoint","urlTemplate":"https:\/\/lelabo.ca\/en\/?s={search_term_string}"},"query-input":{"@type":"PropertyValueSpecification","valueRequired":true,"valueName":"search_term_string"}}],"inLanguage":"fr-FR"}]}},"_links":{"self":[{"href":"https:\/\/lelabo.ca\/en\/wp-json\/wp\/v2\/pages\/1984","targetHints":{"allow":["GET"]}}],"collection":[{"href":"https:\/\/lelabo.ca\/en\/wp-json\/wp\/v2\/pages"}],"about":[{"href":"https:\/\/lelabo.ca\/en\/wp-json\/wp\/v2\/types\/page"}],"author":[{"embeddable":true,"href":"https:\/\/lelabo.ca\/en\/wp-json\/wp\/v2\/users\/2"}],"replies":[{"embeddable":true,"href":"https:\/\/lelabo.ca\/en\/wp-json\/wp\/v2\/comments?post=1984"}],"version-history":[{"count":13,"href":"https:\/\/lelabo.ca\/en\/wp-json\/wp\/v2\/pages\/1984\/revisions"}],"predecessor-version":[{"id":5076,"href":"https:\/\/lelabo.ca\/en\/wp-json\/wp\/v2\/pages\/1984\/revisions\/5076"}],"wp:attachment":[{"href":"https:\/\/lelabo.ca\/en\/wp-json\/wp\/v2\/media?parent=1984"}],"curies":[{"name":"wp","href":"https:\/\/api.w.org\/{rel}","templated":true}]}}