{"id":3164,"date":"2017-03-21T18:37:00","date_gmt":"2017-03-21T18:37:00","guid":{"rendered":"http:\/\/lelabo.ca\/en\/?page_id=3164"},"modified":"2017-04-25T15:07:24","modified_gmt":"2017-04-25T15:07:24","slug":"le-labo-presents-a-film-by-joseph-bitamba-ishyaka-la-volonte-de-vivre","status":"publish","type":"page","link":"https:\/\/lelabo.ca\/en\/le-labo-presents-a-film-by-joseph-bitamba-ishyaka-la-volonte-de-vivre\/","title":{"rendered":"Le Labo presents a screening of Joseph Bitamba&rsquo;s film \u00ab ISHYAKA : La volont\u00e9 de vivre \u00bb"},"content":{"rendered":"<div class=\"header-post-title-container clearfix\">\n<div class=\"inner-wrap\">\n<div class=\"post-title-wrapper\">\n<div id=\"main\" class=\"clearfix\">\n<div class=\"inner-wrap\">\n<div id=\"primary\">\n<div id=\"content\" class=\"clearfix\">\n<article id=\"post-7038\" class=\"post-7038 post type-post status-publish format-standard has-post-thumbnail hentry category-a-venir category-event category-francophone-toronto category-membres\">\n<div class=\"entry-content clearfix\">\n<div>\n<p><strong>Le Labo presents Joseph Bitamba&rsquo;s film, <em>ISHYAKA : La volont\u00e9 de vivre<br \/>\n<\/em><\/strong>The screening of Joseph Bitamba&rsquo;s documentary will followed by a discussion with the filmmaker and moderator Alphonse Barikage<\/p>\n<p><strong>When: Tuesday April 11, 2017 at 7-9 PM<\/strong><\/p>\n<p>Location: \u00a0<strong><a href=\"https:\/\/www.alliance-francaise.ca\/en\/about-us\/contact-us\/toronto\" target=\"_blank\">Th\u00e9\u00e2tre Spadina, Alliance Fran\u00e7aise Toronto, 24 Spadina Road, Toronto, ON<\/a><\/strong><\/p>\n<p><strong>Price: FREE<\/strong><\/p>\n<p><img loading=\"lazy\" decoding=\"async\" class=\"alignnone size-large wp-image-3165\" src=\"https:\/\/lelabo.ca\/en\/wp-content\/uploads\/sites\/3\/2017\/03\/ISHYAKA_affiche-723x1024-723x1024.jpg\" alt=\"ISHYAKA_affiche-723x1024\" width=\"700\" height=\"991\" srcset=\"https:\/\/lelabo.ca\/en\/wp-content\/uploads\/sites\/3\/2017\/03\/ISHYAKA_affiche-723x1024.jpg 723w, https:\/\/lelabo.ca\/en\/wp-content\/uploads\/sites\/3\/2017\/03\/ISHYAKA_affiche-723x1024-212x300.jpg 212w\" sizes=\"auto, (max-width: 700px) 100vw, 700px\" \/><\/p>\n<div>\n<div>\n<div>\n<div>\n<p><strong> Synopsis :<\/strong><\/p>\n<p>Rwanda lives in peace today.<\/p>\n<\/div>\n<\/div>\n<div><strong>Movie Trailer :<\/strong> <a href=\"https:\/\/vimeo.com\/198546108\" target=\"_blank\">https:\/\/vimeo.com\/198546108<\/a><br \/>\n<strong>Article in The New Times :<\/strong><a href=\"https:\/\/www.newtimes.co.rw\/section\/article\/2017-02-05\/207719\/\" target=\"_blank\"> https:\/\/www.newtimes.co.rw\/section\/article\/2017-02-05\/207719\/<\/a><\/div>\n<div><strong>Article fron l\u2019Express :<\/strong>\u00a0<a href=\"https:\/\/l-express.ca\/rwanda-difficile-reconciliation-entre-bourreaux-et-victimes\/\" target=\"_blank\">https:\/\/l-express.ca\/rwanda-difficile-reconciliation-entre-bourreaux-et-victimes\/<br \/>\n<\/a><\/div>\n<\/div>\n<div>\n<p><a href=\"https:\/\/l-express.ca\/rwanda-difficile-reconciliation-entre-bourreaux-et-victimes\/?utm_content=bufferb8dea&amp;utm_medium=social&amp;utm_source=twitter.com&amp;utm_campaign=buffer#.WJDA5K01GpI.facebook\"><strong> <img loading=\"lazy\" decoding=\"async\" class=\"alignnone wp-image-7039\" src=\"https:\/\/lelabo.ca\/fr\/wp-content\/uploads\/sites\/2\/2017\/03\/images.duckduckgo.com_.jpg\" alt=\"Joseph Bitimba, photo de newtimes.co.rw\" width=\"428\" height=\"286\" \/><\/strong><\/a><\/p>\n<\/div>\n<p><strong>About the filmmaker: Joseph Bitamba<\/strong><br \/>\nbiography to come<strong><br \/>\n<\/strong><\/p>\n<div>\n<p><strong><br \/>\nAbout the moderator: <span id=\"m_3577402286930107403m_-6488107397668305767yui_3_16_0_ym19_1_1489501769748_5649\" lang=\"FR-CA\"><\/span>Alphonse Barikage<\/strong><span id=\"m_3577402286930107403m_-6488107397668305767yui_3_16_0_ym19_1_1489501769748_5649\" lang=\"FR-CA\"><br \/>\nAlphonse Barikage is a Mediator with the Information and Privacy Commissioner of Ontario (the IPC) and a board member for St. Stephen\u2019s Community House. For the last 17 years, Mr. Barikage has worked for several oversight agencies of the Ontario government, first as an Ombudsman Representative with Ombudsman Ontario, a Mediator at the Ontario Human Rights Commission and now with the IPC. His professional background spans the areas of mediation, human rights, access to information and privacy. Mr. Barikage was born and grew up in Burundi.<br \/>\n<\/span><\/p>\n<\/div>\n<p><strong>\u00a0<\/strong><\/p>\n<\/div>\n<\/div>\n<\/div>\n<\/article>\n<\/div>\n<\/div>\n<\/div>\n<\/div>\n<\/div>\n<\/div>\n<\/div>\n","protected":false},"excerpt":{"rendered":"<p>Le Labo presents Joseph Bitamba&rsquo;s film, ISHYAKA : La volont\u00e9 de vivre The screening of Joseph Bitamba&rsquo;s documentary will followed by a discussion with the filmmaker and moderator Alphonse Barikage When: Tuesday April 11, 2017 at 7-9 PM Location: \u00a0Th\u00e9\u00e2tre<\/p>\n","protected":false},"author":2,"featured_media":0,"parent":0,"menu_order":0,"comment_status":"closed","ping_status":"closed","template":"","meta":{"footnotes":""},"class_list":["post-3164","page","type-page","status-publish","hentry"],"yoast_head":"<!-- This site is optimized with the Yoast SEO plugin v24.9 - https:\/\/yoast.com\/wordpress\/plugins\/seo\/ -->\n<title>Le Labo presents a screening of Joseph Bitamba&#039;s film \u00ab ISHYAKA : La volont\u00e9 de vivre \u00bb - Le Labo EN<\/title>\n<meta name=\"robots\" content=\"index, follow, max-snippet:-1, max-image-preview:large, max-video-preview:-1\" \/>\n<link rel=\"canonical\" href=\"https:\/\/lelabo.ca\/en\/le-labo-presents-a-film-by-joseph-bitamba-ishyaka-la-volonte-de-vivre\/\" \/>\n<meta property=\"og:locale\" content=\"fr_FR\" \/>\n<meta property=\"og:type\" content=\"article\" \/>\n<meta property=\"og:title\" content=\"Le Labo presents a screening of Joseph Bitamba&#039;s film \u00ab ISHYAKA : La volont\u00e9 de vivre \u00bb - Le Labo EN\" \/>\n<meta property=\"og:description\" content=\"Le Labo presents Joseph Bitamba&rsquo;s film, ISHYAKA : La volont\u00e9 de vivre The screening of Joseph Bitamba&rsquo;s documentary will followed by a discussion with the filmmaker and moderator Alphonse Barikage When: Tuesday April 11, 2017 at 7-9 PM Location: \u00a0Th\u00e9\u00e2tre\" \/>\n<meta property=\"og:url\" content=\"https:\/\/lelabo.ca\/en\/le-labo-presents-a-film-by-joseph-bitamba-ishyaka-la-volonte-de-vivre\/\" \/>\n<meta property=\"og:site_name\" content=\"Le Labo EN\" \/>\n<meta property=\"article:modified_time\" content=\"2017-04-25T15:07:24+00:00\" \/>\n<meta property=\"og:image\" content=\"https:\/\/lelabo.ca\/en\/wp-content\/uploads\/sites\/3\/2017\/03\/ISHYAKA_affiche-723x1024.jpg\" \/>\n\t<meta property=\"og:image:width\" content=\"723\" \/>\n\t<meta property=\"og:image:height\" content=\"1024\" \/>\n\t<meta property=\"og:image:type\" content=\"image\/jpeg\" \/>\n<meta name=\"twitter:card\" content=\"summary_large_image\" \/>\n<meta name=\"twitter:label1\" content=\"Dur\u00e9e de lecture estim\u00e9e\" \/>\n\t<meta name=\"twitter:data1\" content=\"1 minute\" \/>\n<script type=\"application\/ld+json\" class=\"yoast-schema-graph\">{\"@context\":\"https:\/\/schema.org\",\"@graph\":[{\"@type\":\"WebPage\",\"@id\":\"https:\/\/lelabo.ca\/en\/le-labo-presents-a-film-by-joseph-bitamba-ishyaka-la-volonte-de-vivre\/\",\"url\":\"https:\/\/lelabo.ca\/en\/le-labo-presents-a-film-by-joseph-bitamba-ishyaka-la-volonte-de-vivre\/\",\"name\":\"Le Labo presents a screening of Joseph Bitamba's film \u00ab ISHYAKA : La volont\u00e9 de vivre \u00bb - Le Labo EN\",\"isPartOf\":{\"@id\":\"https:\/\/lelabo.ca\/en\/#website\"},\"primaryImageOfPage\":{\"@id\":\"https:\/\/lelabo.ca\/en\/le-labo-presents-a-film-by-joseph-bitamba-ishyaka-la-volonte-de-vivre\/#primaryimage\"},\"image\":{\"@id\":\"https:\/\/lelabo.ca\/en\/le-labo-presents-a-film-by-joseph-bitamba-ishyaka-la-volonte-de-vivre\/#primaryimage\"},\"thumbnailUrl\":\"https:\/\/lelabo.ca\/en\/wp-content\/uploads\/sites\/3\/2017\/03\/ISHYAKA_affiche-723x1024-723x1024.jpg\",\"datePublished\":\"2017-03-21T18:37:00+00:00\",\"dateModified\":\"2017-04-25T15:07:24+00:00\",\"breadcrumb\":{\"@id\":\"https:\/\/lelabo.ca\/en\/le-labo-presents-a-film-by-joseph-bitamba-ishyaka-la-volonte-de-vivre\/#breadcrumb\"},\"inLanguage\":\"fr-FR\",\"potentialAction\":[{\"@type\":\"ReadAction\",\"target\":[\"https:\/\/lelabo.ca\/en\/le-labo-presents-a-film-by-joseph-bitamba-ishyaka-la-volonte-de-vivre\/\"]}]},{\"@type\":\"ImageObject\",\"inLanguage\":\"fr-FR\",\"@id\":\"https:\/\/lelabo.ca\/en\/le-labo-presents-a-film-by-joseph-bitamba-ishyaka-la-volonte-de-vivre\/#primaryimage\",\"url\":\"https:\/\/lelabo.ca\/en\/wp-content\/uploads\/sites\/3\/2017\/03\/ISHYAKA_affiche-723x1024.jpg\",\"contentUrl\":\"https:\/\/lelabo.ca\/en\/wp-content\/uploads\/sites\/3\/2017\/03\/ISHYAKA_affiche-723x1024.jpg\",\"width\":723,\"height\":1024},{\"@type\":\"BreadcrumbList\",\"@id\":\"https:\/\/lelabo.ca\/en\/le-labo-presents-a-film-by-joseph-bitamba-ishyaka-la-volonte-de-vivre\/#breadcrumb\",\"itemListElement\":[{\"@type\":\"ListItem\",\"position\":1,\"name\":\"Accueil\",\"item\":\"https:\/\/lelabo.ca\/en\/\"},{\"@type\":\"ListItem\",\"position\":2,\"name\":\"Le Labo presents a screening of Joseph Bitamba&rsquo;s film \u00ab ISHYAKA : La volont\u00e9 de vivre \u00bb\"}]},{\"@type\":\"WebSite\",\"@id\":\"https:\/\/lelabo.ca\/en\/#website\",\"url\":\"https:\/\/lelabo.ca\/en\/\",\"name\":\"Le Labo EN\",\"description\":\"\",\"potentialAction\":[{\"@type\":\"SearchAction\",\"target\":{\"@type\":\"EntryPoint\",\"urlTemplate\":\"https:\/\/lelabo.ca\/en\/?s={search_term_string}\"},\"query-input\":{\"@type\":\"PropertyValueSpecification\",\"valueRequired\":true,\"valueName\":\"search_term_string\"}}],\"inLanguage\":\"fr-FR\"}]}<\/script>\n<!-- \/ Yoast SEO plugin. -->","yoast_head_json":{"title":"Le Labo presents a screening of Joseph Bitamba's film \u00ab ISHYAKA : La volont\u00e9 de vivre \u00bb - Le Labo EN","robots":{"index":"index","follow":"follow","max-snippet":"max-snippet:-1","max-image-preview":"max-image-preview:large","max-video-preview":"max-video-preview:-1"},"canonical":"https:\/\/lelabo.ca\/en\/le-labo-presents-a-film-by-joseph-bitamba-ishyaka-la-volonte-de-vivre\/","og_locale":"fr_FR","og_type":"article","og_title":"Le Labo presents a screening of Joseph Bitamba's film \u00ab ISHYAKA : La volont\u00e9 de vivre \u00bb - Le Labo EN","og_description":"Le Labo presents Joseph Bitamba&rsquo;s film, ISHYAKA : La volont\u00e9 de vivre The screening of Joseph Bitamba&rsquo;s documentary will followed by a discussion with the filmmaker and moderator Alphonse Barikage When: Tuesday April 11, 2017 at 7-9 PM Location: \u00a0Th\u00e9\u00e2tre","og_url":"https:\/\/lelabo.ca\/en\/le-labo-presents-a-film-by-joseph-bitamba-ishyaka-la-volonte-de-vivre\/","og_site_name":"Le Labo EN","article_modified_time":"2017-04-25T15:07:24+00:00","og_image":[{"width":723,"height":1024,"url":"https:\/\/lelabo.ca\/en\/wp-content\/uploads\/sites\/3\/2017\/03\/ISHYAKA_affiche-723x1024.jpg","type":"image\/jpeg"}],"twitter_card":"summary_large_image","twitter_misc":{"Dur\u00e9e de lecture estim\u00e9e":"1 minute"},"schema":{"@context":"https:\/\/schema.org","@graph":[{"@type":"WebPage","@id":"https:\/\/lelabo.ca\/en\/le-labo-presents-a-film-by-joseph-bitamba-ishyaka-la-volonte-de-vivre\/","url":"https:\/\/lelabo.ca\/en\/le-labo-presents-a-film-by-joseph-bitamba-ishyaka-la-volonte-de-vivre\/","name":"Le Labo presents a screening of Joseph Bitamba's film \u00ab ISHYAKA : La volont\u00e9 de vivre \u00bb - Le Labo EN","isPartOf":{"@id":"https:\/\/lelabo.ca\/en\/#website"},"primaryImageOfPage":{"@id":"https:\/\/lelabo.ca\/en\/le-labo-presents-a-film-by-joseph-bitamba-ishyaka-la-volonte-de-vivre\/#primaryimage"},"image":{"@id":"https:\/\/lelabo.ca\/en\/le-labo-presents-a-film-by-joseph-bitamba-ishyaka-la-volonte-de-vivre\/#primaryimage"},"thumbnailUrl":"https:\/\/lelabo.ca\/en\/wp-content\/uploads\/sites\/3\/2017\/03\/ISHYAKA_affiche-723x1024-723x1024.jpg","datePublished":"2017-03-21T18:37:00+00:00","dateModified":"2017-04-25T15:07:24+00:00","breadcrumb":{"@id":"https:\/\/lelabo.ca\/en\/le-labo-presents-a-film-by-joseph-bitamba-ishyaka-la-volonte-de-vivre\/#breadcrumb"},"inLanguage":"fr-FR","potentialAction":[{"@type":"ReadAction","target":["https:\/\/lelabo.ca\/en\/le-labo-presents-a-film-by-joseph-bitamba-ishyaka-la-volonte-de-vivre\/"]}]},{"@type":"ImageObject","inLanguage":"fr-FR","@id":"https:\/\/lelabo.ca\/en\/le-labo-presents-a-film-by-joseph-bitamba-ishyaka-la-volonte-de-vivre\/#primaryimage","url":"https:\/\/lelabo.ca\/en\/wp-content\/uploads\/sites\/3\/2017\/03\/ISHYAKA_affiche-723x1024.jpg","contentUrl":"https:\/\/lelabo.ca\/en\/wp-content\/uploads\/sites\/3\/2017\/03\/ISHYAKA_affiche-723x1024.jpg","width":723,"height":1024},{"@type":"BreadcrumbList","@id":"https:\/\/lelabo.ca\/en\/le-labo-presents-a-film-by-joseph-bitamba-ishyaka-la-volonte-de-vivre\/#breadcrumb","itemListElement":[{"@type":"ListItem","position":1,"name":"Accueil","item":"https:\/\/lelabo.ca\/en\/"},{"@type":"ListItem","position":2,"name":"Le Labo presents a screening of Joseph Bitamba&rsquo;s film \u00ab ISHYAKA : La volont\u00e9 de vivre \u00bb"}]},{"@type":"WebSite","@id":"https:\/\/lelabo.ca\/en\/#website","url":"https:\/\/lelabo.ca\/en\/","name":"Le Labo EN","description":"","potentialAction":[{"@type":"SearchAction","target":{"@type":"EntryPoint","urlTemplate":"https:\/\/lelabo.ca\/en\/?s={search_term_string}"},"query-input":{"@type":"PropertyValueSpecification","valueRequired":true,"valueName":"search_term_string"}}],"inLanguage":"fr-FR"}]}},"_links":{"self":[{"href":"https:\/\/lelabo.ca\/en\/wp-json\/wp\/v2\/pages\/3164","targetHints":{"allow":["GET"]}}],"collection":[{"href":"https:\/\/lelabo.ca\/en\/wp-json\/wp\/v2\/pages"}],"about":[{"href":"https:\/\/lelabo.ca\/en\/wp-json\/wp\/v2\/types\/page"}],"author":[{"embeddable":true,"href":"https:\/\/lelabo.ca\/en\/wp-json\/wp\/v2\/users\/2"}],"replies":[{"embeddable":true,"href":"https:\/\/lelabo.ca\/en\/wp-json\/wp\/v2\/comments?post=3164"}],"version-history":[{"count":15,"href":"https:\/\/lelabo.ca\/en\/wp-json\/wp\/v2\/pages\/3164\/revisions"}],"predecessor-version":[{"id":3272,"href":"https:\/\/lelabo.ca\/en\/wp-json\/wp\/v2\/pages\/3164\/revisions\/3272"}],"wp:attachment":[{"href":"https:\/\/lelabo.ca\/en\/wp-json\/wp\/v2\/media?parent=3164"}],"curies":[{"name":"wp","href":"https:\/\/api.w.org\/{rel}","templated":true}]}}