{"id":5325,"date":"2020-04-29T15:40:31","date_gmt":"2020-04-29T15:40:31","guid":{"rendered":"http:\/\/lelabo.ca\/en\/?page_id=5325"},"modified":"2025-02-12T20:06:01","modified_gmt":"2025-02-12T20:06:01","slug":"artist-residency","status":"publish","type":"page","link":"https:\/\/lelabo.ca\/en\/artist-residency\/","title":{"rendered":"Artist Residencies"},"content":{"rendered":"\n<p>Le Labo offers francophone media, visual and performance artists and curators a place to develop their art in the heart of Toronto. Lasting from one month to several weeks, these residencies are as much about reflection as they are about creation. Le Labo is dedicated to artists&rsquo; creative thinking, emphasizing exploration rather than achievement. <\/p>\n\n\n\n<p>Our approach is designed to help established, mid-career and emerging artists rethink their artistic process in a world driven by speed. The invitation is to slow down and embrace the possibility of frustration and failure to co-construct projects aligned with your creativity and our identity.<\/p>\n\n\n\n<p>Together we curate this residency period.<\/p>\n\n\n\n<div style=\"height:20px\" aria-hidden=\"true\" class=\"wp-block-spacer\"><\/div>\n\n\n\n<p>Three program objectives:<\/p>\n\n\n\n<ul class=\"wp-block-list\"><li>To promote the work and career development of artists by supporting them and providing them with an environment and means appropriate to the realization of their art.<\/li><li> To facilitate the exchange of artistic points of view and contribute to the creation of lasting connections between artists.<\/li><li> To bring the community together by developing an innovative network for artistic creation, production and distribution.<\/li><\/ul>\n\n\n\n<div style=\"height:20px\" aria-hidden=\"true\" class=\"wp-block-spacer\"><\/div>\n\n\n\n<p>Le Labo helps you explore new avenues of digital creation or develop your media skills with free technical equipment rental for the duration of your residency. To find out more: <a href=\"https:\/\/lelabo.ca\/en\/equipment\/\" target=\"_blank\" rel=\"noreferrer noopener\" aria-label=\"equipment (s\u2019ouvre dans un nouvel onglet)\"><em>equipment<\/em><\/a>.<\/p>\n\n\n\n<div style=\"height:20px\" aria-hidden=\"true\" class=\"wp-block-spacer\"><\/div>\n\n\n\n<p><strong>THESE ARTISTS WERE IN RESIDENCIES HERE:<\/strong><br><br><\/p>\n\n\n\n<p>Writing residency in partnership with Moi&amp;Dave:<br>Laura Bergeron, working on her feature film <em>M\u00e9dium B\u00e9luga<\/em> &#8211; September 23 to 28, 2024<br><br>Cross-residency of research-creation with Les Productions Rhizome :<br>Murielle Jassinthe and Oana Avasilichoaei &#8211; April 24 to May 6, 2024<\/p>\n\n\n\n<p><em>Cartographie \u00e9ph\u00e9m\u00e8re<\/em> (cross-residency with \u00c9cart &#8211; QC):<br>Violaine Lafortune and Denis Taman Bradette &#8211; April 24 to May 12, 2023<\/p>\n\n\n\n<p><em>Raccorder les corps<\/em> (cross-residency with Sagamie &#8211; QB): <br>Camille Bernard-Gravel &#8211; January 17 to 31, 2022        <\/p>\n\n\n\n<p><em>The figure of the witch<\/em>:   <br>Sara L\u00e9tourneau &#8211; January 9 to 17, 2021<\/p>\n\n\n\n<p>By the past:<br>Laura Demers &#8211; January 2020<br>Simon M. Benedict &amp; Sonia Robertson &#8211; July 2018<br>Chris LeBlanc &#8211; March 2018<br>Jean Marc Larivi\u00e8re &#8211; February \/ March 2018<br>Maryse Arsenault &#8211; January \/ February 2018<br><\/p>\n\n\n\n<hr class=\"wp-block-separator\"\/>\n\n\n\n<div style=\"height:20px\" aria-hidden=\"true\" class=\"wp-block-spacer\"><\/div>\n\n\n\n<p><strong>CALL TO ARTISTS<\/strong><\/p>\n\n\n\n<div style=\"height:20px\" aria-hidden=\"true\" class=\"wp-block-spacer\"><\/div>\n\n\n\n<p>Are you a francophone artist or curator, a member of Le Labo, with a residency project in creation, performance or writing? Write to us at <em><a href=\"mailto:programmation@lelabo.ca\"><strong>programmation@lelabo.ca<\/strong><\/a><\/em> to share your ideas. In an e-mail, please explain in a few lines your motivations and your artistic approach so that we can co-construct your project.<\/p>\n\n\n\n<div style=\"height:24px\" aria-hidden=\"true\" class=\"wp-block-spacer\"><\/div>\n","protected":false},"excerpt":{"rendered":"<p>Le Labo offers francophone media, visual and performance artists and curators a place to develop their art in the heart of Toronto. Lasting from one month to several weeks, these residencies are as much about reflection as they are about<\/p>\n","protected":false},"author":2,"featured_media":0,"parent":0,"menu_order":0,"comment_status":"closed","ping_status":"closed","template":"","meta":{"footnotes":""},"class_list":["post-5325","page","type-page","status-publish","hentry"],"yoast_head":"<!-- This site is optimized with the Yoast SEO plugin v24.9 - https:\/\/yoast.com\/wordpress\/plugins\/seo\/ -->\n<title>Artist Residencies - Le Labo EN<\/title>\n<meta name=\"robots\" content=\"index, follow, max-snippet:-1, max-image-preview:large, max-video-preview:-1\" \/>\n<link rel=\"canonical\" href=\"https:\/\/lelabo.ca\/en\/artist-residency\/\" \/>\n<meta property=\"og:locale\" content=\"fr_FR\" \/>\n<meta property=\"og:type\" content=\"article\" \/>\n<meta property=\"og:title\" content=\"Artist Residencies - Le Labo EN\" \/>\n<meta property=\"og:description\" content=\"Le Labo offers francophone media, visual and performance artists and curators a place to develop their art in the heart of Toronto. Lasting from one month to several weeks, these residencies are as much about reflection as they are about\" \/>\n<meta property=\"og:url\" content=\"https:\/\/lelabo.ca\/en\/artist-residency\/\" \/>\n<meta property=\"og:site_name\" content=\"Le Labo EN\" \/>\n<meta property=\"article:modified_time\" content=\"2025-02-12T20:06:01+00:00\" \/>\n<meta name=\"twitter:card\" content=\"summary_large_image\" \/>\n<meta name=\"twitter:label1\" content=\"Dur\u00e9e de lecture estim\u00e9e\" \/>\n\t<meta name=\"twitter:data1\" content=\"2 minutes\" \/>\n<script type=\"application\/ld+json\" class=\"yoast-schema-graph\">{\"@context\":\"https:\/\/schema.org\",\"@graph\":[{\"@type\":\"WebPage\",\"@id\":\"https:\/\/lelabo.ca\/en\/artist-residency\/\",\"url\":\"https:\/\/lelabo.ca\/en\/artist-residency\/\",\"name\":\"Artist Residencies - Le Labo EN\",\"isPartOf\":{\"@id\":\"https:\/\/lelabo.ca\/en\/#website\"},\"datePublished\":\"2020-04-29T15:40:31+00:00\",\"dateModified\":\"2025-02-12T20:06:01+00:00\",\"breadcrumb\":{\"@id\":\"https:\/\/lelabo.ca\/en\/artist-residency\/#breadcrumb\"},\"inLanguage\":\"fr-FR\",\"potentialAction\":[{\"@type\":\"ReadAction\",\"target\":[\"https:\/\/lelabo.ca\/en\/artist-residency\/\"]}]},{\"@type\":\"BreadcrumbList\",\"@id\":\"https:\/\/lelabo.ca\/en\/artist-residency\/#breadcrumb\",\"itemListElement\":[{\"@type\":\"ListItem\",\"position\":1,\"name\":\"Accueil\",\"item\":\"https:\/\/lelabo.ca\/en\/\"},{\"@type\":\"ListItem\",\"position\":2,\"name\":\"Artist Residencies\"}]},{\"@type\":\"WebSite\",\"@id\":\"https:\/\/lelabo.ca\/en\/#website\",\"url\":\"https:\/\/lelabo.ca\/en\/\",\"name\":\"Le Labo EN\",\"description\":\"\",\"potentialAction\":[{\"@type\":\"SearchAction\",\"target\":{\"@type\":\"EntryPoint\",\"urlTemplate\":\"https:\/\/lelabo.ca\/en\/?s={search_term_string}\"},\"query-input\":{\"@type\":\"PropertyValueSpecification\",\"valueRequired\":true,\"valueName\":\"search_term_string\"}}],\"inLanguage\":\"fr-FR\"}]}<\/script>\n<!-- \/ Yoast SEO plugin. -->","yoast_head_json":{"title":"Artist Residencies - Le Labo EN","robots":{"index":"index","follow":"follow","max-snippet":"max-snippet:-1","max-image-preview":"max-image-preview:large","max-video-preview":"max-video-preview:-1"},"canonical":"https:\/\/lelabo.ca\/en\/artist-residency\/","og_locale":"fr_FR","og_type":"article","og_title":"Artist Residencies - Le Labo EN","og_description":"Le Labo offers francophone media, visual and performance artists and curators a place to develop their art in the heart of Toronto. Lasting from one month to several weeks, these residencies are as much about reflection as they are about","og_url":"https:\/\/lelabo.ca\/en\/artist-residency\/","og_site_name":"Le Labo EN","article_modified_time":"2025-02-12T20:06:01+00:00","twitter_card":"summary_large_image","twitter_misc":{"Dur\u00e9e de lecture estim\u00e9e":"2 minutes"},"schema":{"@context":"https:\/\/schema.org","@graph":[{"@type":"WebPage","@id":"https:\/\/lelabo.ca\/en\/artist-residency\/","url":"https:\/\/lelabo.ca\/en\/artist-residency\/","name":"Artist Residencies - Le Labo EN","isPartOf":{"@id":"https:\/\/lelabo.ca\/en\/#website"},"datePublished":"2020-04-29T15:40:31+00:00","dateModified":"2025-02-12T20:06:01+00:00","breadcrumb":{"@id":"https:\/\/lelabo.ca\/en\/artist-residency\/#breadcrumb"},"inLanguage":"fr-FR","potentialAction":[{"@type":"ReadAction","target":["https:\/\/lelabo.ca\/en\/artist-residency\/"]}]},{"@type":"BreadcrumbList","@id":"https:\/\/lelabo.ca\/en\/artist-residency\/#breadcrumb","itemListElement":[{"@type":"ListItem","position":1,"name":"Accueil","item":"https:\/\/lelabo.ca\/en\/"},{"@type":"ListItem","position":2,"name":"Artist Residencies"}]},{"@type":"WebSite","@id":"https:\/\/lelabo.ca\/en\/#website","url":"https:\/\/lelabo.ca\/en\/","name":"Le Labo EN","description":"","potentialAction":[{"@type":"SearchAction","target":{"@type":"EntryPoint","urlTemplate":"https:\/\/lelabo.ca\/en\/?s={search_term_string}"},"query-input":{"@type":"PropertyValueSpecification","valueRequired":true,"valueName":"search_term_string"}}],"inLanguage":"fr-FR"}]}},"_links":{"self":[{"href":"https:\/\/lelabo.ca\/en\/wp-json\/wp\/v2\/pages\/5325","targetHints":{"allow":["GET"]}}],"collection":[{"href":"https:\/\/lelabo.ca\/en\/wp-json\/wp\/v2\/pages"}],"about":[{"href":"https:\/\/lelabo.ca\/en\/wp-json\/wp\/v2\/types\/page"}],"author":[{"embeddable":true,"href":"https:\/\/lelabo.ca\/en\/wp-json\/wp\/v2\/users\/2"}],"replies":[{"embeddable":true,"href":"https:\/\/lelabo.ca\/en\/wp-json\/wp\/v2\/comments?post=5325"}],"version-history":[{"count":8,"href":"https:\/\/lelabo.ca\/en\/wp-json\/wp\/v2\/pages\/5325\/revisions"}],"predecessor-version":[{"id":6318,"href":"https:\/\/lelabo.ca\/en\/wp-json\/wp\/v2\/pages\/5325\/revisions\/6318"}],"wp:attachment":[{"href":"https:\/\/lelabo.ca\/en\/wp-json\/wp\/v2\/media?parent=5325"}],"curies":[{"name":"wp","href":"https:\/\/api.w.org\/{rel}","templated":true}]}}