{"id":5789,"date":"2023-05-12T14:23:28","date_gmt":"2023-05-12T14:23:28","guid":{"rendered":"http:\/\/lelabo.ca\/en\/?page_id=5789"},"modified":"2023-07-24T17:24:46","modified_gmt":"2023-07-24T17:24:46","slug":"2022-2023-season","status":"publish","type":"page","link":"https:\/\/lelabo.ca\/en\/2022-2023-season\/","title":{"rendered":"2022-2023 Season"},"content":{"rendered":"\n<blockquote class=\"wp-block-quote is-layout-flow wp-block-quote-is-layout-flow\"><p>\u00ab\u00a0The 2022-23 season marks a comeback to in-person activities and a vibrant artistic agenda! Le Labo&rsquo;s key events have resumed at the studio 277: the cin\u00e9-clubs, the Bazz&rsquo;ART exhibition at the end of the year and the cross-residency projects. This long break also allowed us to think about new ideas and new programs were born: Le Cercle and La Nuit de la Cr\u00e9ation. As you can see, this season has been rich in activities, and as it comes to an end, Le Labo is beginning a new cycle under the sign of fallow land, in order to slow down a frantic rhythm and give back the place to the artistic reflection that is at the heart of our mission as an artist-run center.  <\/p><cite>Dyana Ouvrard, Executive and Artistic Director of Le Labo<\/cite><\/blockquote>\n\n\n\n<figure class=\"wp-block-gallery columns-4 is-cropped wp-block-gallery-1 is-layout-flex wp-block-gallery-is-layout-flex\"><ul class=\"blocks-gallery-grid\"><li class=\"blocks-gallery-item\"><figure><img loading=\"lazy\" decoding=\"async\" width=\"500\" height=\"500\" src=\"https:\/\/lelabo.ca\/en\/wp-content\/uploads\/sites\/3\/2022\/10\/Sans-titre-2.png\" alt=\"\" data-id=\"5662\" data-full-url=\"https:\/\/lelabo.ca\/en\/wp-content\/uploads\/sites\/3\/2022\/10\/Sans-titre-2.png\" data-link=\"https:\/\/lelabo.ca\/en\/le-cercle-le-labos-new-program\/sans-titre-2-3\/\" class=\"wp-image-5662\" srcset=\"https:\/\/lelabo.ca\/en\/wp-content\/uploads\/sites\/3\/2022\/10\/Sans-titre-2.png 500w, https:\/\/lelabo.ca\/en\/wp-content\/uploads\/sites\/3\/2022\/10\/Sans-titre-2-300x300.png 300w, https:\/\/lelabo.ca\/en\/wp-content\/uploads\/sites\/3\/2022\/10\/Sans-titre-2-270x270.png 270w, https:\/\/lelabo.ca\/en\/wp-content\/uploads\/sites\/3\/2022\/10\/Sans-titre-2-230x230.png 230w, https:\/\/lelabo.ca\/en\/wp-content\/uploads\/sites\/3\/2022\/10\/Sans-titre-2-400x400.png 400w\" sizes=\"auto, (max-width: 500px) 100vw, 500px\" \/><figcaption class=\"blocks-gallery-item__caption\">Le Cercle &#8211; Samuel Choisy<\/figcaption><\/figure><\/li><li class=\"blocks-gallery-item\"><figure><img loading=\"lazy\" decoding=\"async\" width=\"1024\" height=\"576\" src=\"https:\/\/lelabo.ca\/en\/wp-content\/uploads\/sites\/3\/2023\/02\/NL_News-du-Labo-2.png\" alt=\"\" data-id=\"5738\" data-full-url=\"https:\/\/lelabo.ca\/en\/wp-content\/uploads\/sites\/3\/2023\/02\/NL_News-du-Labo-2.png\" data-link=\"https:\/\/lelabo.ca\/en\/cine-club-2-black-cinema-in-the-70s\/nl_news-du-labo-2\/\" class=\"wp-image-5738\" srcset=\"https:\/\/lelabo.ca\/en\/wp-content\/uploads\/sites\/3\/2023\/02\/NL_News-du-Labo-2.png 1024w, https:\/\/lelabo.ca\/en\/wp-content\/uploads\/sites\/3\/2023\/02\/NL_News-du-Labo-2-300x169.png 300w, https:\/\/lelabo.ca\/en\/wp-content\/uploads\/sites\/3\/2023\/02\/NL_News-du-Labo-2-768x432.png 768w\" sizes=\"auto, (max-width: 1024px) 100vw, 1024px\" \/><figcaption class=\"blocks-gallery-item__caption\">Cin\u00e9-club #2 <br>Black Cinema in the 70s<\/figcaption><\/figure><\/li><li class=\"blocks-gallery-item\"><figure><img loading=\"lazy\" decoding=\"async\" width=\"866\" height=\"1024\" src=\"https:\/\/lelabo.ca\/en\/wp-content\/uploads\/sites\/3\/2023\/05\/Cre\u0301ation-sans-titre-1-866x1024.jpg\" alt=\"\" data-id=\"5782\" data-full-url=\"https:\/\/lelabo.ca\/en\/wp-content\/uploads\/sites\/3\/2023\/05\/Cre\u0301ation-sans-titre-1.jpg\" data-link=\"https:\/\/lelabo.ca\/en\/talk-with-the-artists-in-residence-an-afterwok-at-the-studio\/creation-sans-titre-1\/\" class=\"wp-image-5782\" srcset=\"https:\/\/lelabo.ca\/en\/wp-content\/uploads\/sites\/3\/2023\/05\/Cre\u0301ation-sans-titre-1-866x1024.jpg 866w, https:\/\/lelabo.ca\/en\/wp-content\/uploads\/sites\/3\/2023\/05\/Cre\u0301ation-sans-titre-1-254x300.jpg 254w, https:\/\/lelabo.ca\/en\/wp-content\/uploads\/sites\/3\/2023\/05\/Cre\u0301ation-sans-titre-1-768x908.jpg 768w, https:\/\/lelabo.ca\/en\/wp-content\/uploads\/sites\/3\/2023\/05\/Cre\u0301ation-sans-titre-1-1299x1536.jpg 1299w, https:\/\/lelabo.ca\/en\/wp-content\/uploads\/sites\/3\/2023\/05\/Cre\u0301ation-sans-titre-1.jpg 1732w\" sizes=\"auto, (max-width: 866px) 100vw, 866px\" \/><figcaption class=\"blocks-gallery-item__caption\">Denis &amp; Violaine &#8211; Cartographie \u00c9ph\u00e9m\u00e8re <\/figcaption><\/figure><\/li><li class=\"blocks-gallery-item\"><figure><img loading=\"lazy\" decoding=\"async\" width=\"506\" height=\"900\" src=\"https:\/\/lelabo.ca\/en\/wp-content\/uploads\/sites\/3\/2023\/04\/Sans-titre-576-\u00d7-1024-px-e1680897188979.png\" alt=\"\" data-id=\"5766\" data-full-url=\"https:\/\/lelabo.ca\/en\/wp-content\/uploads\/sites\/3\/2023\/04\/Sans-titre-576-\u00d7-1024-px-e1680897188979.png\" data-link=\"https:\/\/lelabo.ca\/en\/workshop-without-border-tourne-monte-on-tour\/sans-titre-576-x-1024-px\/\" class=\"wp-image-5766\"\/><figcaption class=\"blocks-gallery-item__caption\">Oph\u00e9lie &amp; Sophie&rsquo;s van &#8211; Tourn\u00e9 Mont\u00e9<\/figcaption><\/figure><\/li><\/ul><\/figure>\n\n\n\n<hr class=\"wp-block-separator\"\/>\n\n\n\n<p class=\"has-normal-font-size\"><strong>July 2023 <\/strong><\/p>\n\n\n\n<p class=\"has-normal-font-size\">Mid-July: launch of the summer podcasts \u00ab\u00a0<a rel=\"noreferrer noopener\" aria-label=\"sound experiences (s\u2019ouvre dans un nouvel onglet)\" href=\"https:\/\/podcasters.spotify.com\/pod\/show\/le-labo-centre-darts-mdia6\/episodes\/Exprience-sonore-1-e2725kk\/a-aa4rrhf\" target=\"_blank\">sound experiences<\/a>\u00a0\u00bb following the cross-residency (only available in FR)<br>July 6: A tour in French of francophone artists exhibiting at the <a href=\"https:\/\/toaf.ca\/\">Toronto Outdoor Art Fair<\/a><\/p>\n\n\n\n<p><\/p>\n\n\n\n<p class=\"has-normal-font-size\"><strong>June 2023 <\/strong><\/p>\n\n\n\n<p class=\"has-normal-font-size\">June 14-17: participation at the <a href=\"https:\/\/gn-o.org\/programmation\/faas-5-abricadabri\/\">FAAS<\/a> in Sudbury  <br> June 08, 2022: virtual chat with artist Miryam Charles in collaboration with <a href=\"https:\/\/imagesfestival.com\/\">Images Festival<\/a><br> June 01 to 22: return residency at <a href=\"https:\/\/lecart.org\/fr\/\">l&rsquo;\u00c9cart<\/a> as part of the Cartographie Eph\u00e9m\u00e8re cross-residency project with <a href=\"https:\/\/laurademers.com\/\">Laura Demers<\/a> and <a href=\"https:\/\/www.tamanbradette.ca\/\">Denis Taman Bradette<\/a><\/p>\n\n\n\n<p><\/p>\n\n\n\n<p class=\"has-normal-font-size\"><strong>May 2023 <\/strong><\/p>\n\n\n\n<p class=\"has-normal-font-size\">May 29 to June 27: co-screening of Song for the New World by <a href=\"https:\/\/realisatrices-equitables.com\/dames-des-vues\/realisatrice\/miryam-charles-2\/\">Miryam Charles<\/a> with <a href=\"https:\/\/imagesfestival.com\/\">Images Festival<\/a> <br> May 27 : opening of the studio to the public during <a href=\"https:\/\/www.toronto.ca\/explore-enjoy\/festivals-events\/doors-open-toronto\/\">Doors Open Toronto<\/a> <br> May 11 : talk with Denis Taman Bradette and Violaine Lafortune about their work during the residency on Cartographie \u00c9ph\u00e9m\u00e8re.<\/p>\n\n\n\n<p><\/p>\n\n\n\n<p class=\"has-normal-font-size\"><strong>April 2023 <\/strong><\/p>\n\n\n\n<p class=\"has-normal-font-size\">April 24 to May 12 : residency at Le Labo as part of the Cartographie Eph\u00e9m\u00e8re cross-residency project with <a href=\"https:\/\/violainelafortune.com\/\">Violaine Lafortune<\/a> and <a href=\"https:\/\/www.tamanbradette.ca\/\">Denis Taman Bradette<\/a><br> April 20 : <a href=\"https:\/\/lelabo.ca\/en\/cine-club-3-family-matters\/\">cin\u00e9-club #4 \u00ab\u00a0Histoires de famille\u00a0\u00bb<\/a> to celebrate Canadian Film Day, in partnership with <a href=\"https:\/\/reelcanada.ca\/\">REEL Canada<\/a><br> April 04 : Bulles d&rsquo;Artistes presentation conference at the <a href=\"https:\/\/uontario.ca\/\">University of French Ontario (UOF)<\/a><\/p>\n\n\n\n<p><\/p>\n\n\n\n<p class=\"has-normal-font-size\"><strong>March 2023 <\/strong><\/p>\n\n\n\n<p class=\"has-normal-font-size\">March 13 to 18: <a href=\"https:\/\/lelabo.ca\/en\/le-cercle-le-labos-new-program\/\">Le Cercle<\/a> with <a href=\"https:\/\/www.isamichaud.com\/\">Isabelle Michaud <\/a><br> March 3 and 4: Le Labo&rsquo;s participation to the 30th edition of the <a href=\"https:\/\/www.salondulivredetoronto.com\/\">Toronto Book Fair <\/a><br> March 8: <a href=\"https:\/\/lelabo.ca\/en\/6-degrees-a-feminist-letter-writing-project\/\">collaborative and feminist writing project<\/a> with Julie Lassonde, No\u00e9mie Roy, \u00c9veline Boudreau and Sophie Dumesny<br> March 3: <a href=\"https:\/\/lelabo.ca\/en\/cine-club-3-with-director-martin-r-villeneuve\/\">cin\u00e9-club #3<\/a>, The work of Martin Rodolphe Villeneuve<\/p>\n\n\n\n<p><\/p>\n\n\n\n<p class=\"has-normal-font-size\"><strong>February 2023<\/strong> <\/p>\n\n\n\n<p class=\"has-normal-font-size\"> February 15: <a href=\"https:\/\/lelabo.ca\/en\/cine-club-2-black-cinema-in-the-70s\/\">cin\u00e9 club #2<\/a>, Black cinema in the 70s<br> February 9: Night of Creation #2 \u00ab\u00a0Let&rsquo;s rethink the space of Le Labo\u00a0\u00bb<\/p>\n\n\n\n<p class=\"has-normal-font-size\"><strong>January 2023 <\/strong><\/p>\n\n\n\n<p class=\"has-normal-font-size\">January 26: Screening of <a href=\"https:\/\/vimeo.com\/showcase\/9479366\">Bulles d&rsquo;Artistes<\/a> capsules with the production team and the artists<br> January 02 to 07 : <a href=\"https:\/\/lelabo.ca\/en\/le-cercle-with-antoine-quiet\/\">Le Cercle with Antoine Quiet<\/a><\/p>\n\n\n\n<p><\/p>\n\n\n\n<p class=\"has-normal-font-size\"><strong>December 2022 <\/strong><\/p>\n\n\n\n<p class=\"has-normal-font-size\">December 15: <a href=\"https:\/\/401richmond.com\/event\/holiday-open-house\/\">401 Richmond Holiday Open House <\/a><br>December 01 to 15: <a href=\"https:\/\/lelabo.ca\/en\/le-bazzart-members-exhibition-2022\/\">Bazz&rsquo;ART, members&rsquo; art show <\/a><br>December 01: Fundraising auction evening<\/p>\n\n\n\n<p><\/p>\n\n\n\n<p class=\"has-normal-font-size\"><strong>November 2022 <\/strong><\/p>\n\n\n\n<p class=\"has-normal-font-size\">November 21 to 25 : shooting of video capsules Bulles d&rsquo;Artistes <br> November 12: participation in the Festival Courts-Toujours <br> November 09: Night of Creation in collaboration with Concept Free Creatives<\/p>\n\n\n\n<p><\/p>\n\n\n\n<p class=\"has-normal-font-size\"><strong>October 2022 <\/strong><\/p>\n\n\n\n<p class=\"has-normal-font-size\">October 22: <a href=\"https:\/\/lelabo.ca\/en\/night-screening-longue-vue-professional-film-meeting\/\">Longue Vue event, screening of the film Moun An Ba La<\/a><br> October 02 to 07: <a href=\"https:\/\/lelabo.ca\/en\/le-cercle-le-labos-new-program\/\">Le Cercle with Samuel Choisy <\/a><br> October 01: participation in <a href=\"https:\/\/lelabo.ca\/en\/emergence-nadine-valcin-in-nuit-blanche-2022\/\">Nuit Blanche with the work Emergence by Nadine Valcin<\/a><\/p>\n\n\n\n<hr class=\"wp-block-separator\"\/>\n\n\n\n<h3 class=\"wp-block-heading\"><strong>Youth Workshops<\/strong><\/h3>\n\n\n\n<p class=\"has-normal-font-size\">August: summer camp at the <a href=\"https:\/\/www.alliance-francaise.ca\/en\/exams\/evalang?gclid=CjwKCAjwx_eiBhBGEiwA15gLN38B_dv9xQTuE376PPVPz9pyBbAsKb2VXO6ZO9-xTzB_5Z9_TVC6DRoCv4UQAvD_BwE\">Alliance Fran\u00e7aise<\/a> led by Pascaline Lebras. <br> Workshop to create a photo exhibition: one week.<\/p>\n\n\n\n<p class=\"has-normal-font-size\">July: summer camp at the <a href=\"https:\/\/www.alliance-francaise.ca\/en\/exams\/evalang?gclid=CjwKCAjwx_eiBhBGEiwA15gLN38B_dv9xQTuE376PPVPz9pyBbAsKb2VXO6ZO9-xTzB_5Z9_TVC6DRoCv4UQAvD_BwE\">Alliance Fran\u00e7aise<\/a> led by Pascaline Lebras.<br> Short film making workshop: two weeks.<\/p>\n\n\n\n<p class=\"has-normal-font-size\">April to June: <a href=\"https:\/\/lelabo.ca\/en\/workshop-without-border-tourne-monte-on-tour\/\">Tourn\u00e9-Mont\u00e9 cross-Canada tour<\/a>, offering short film workshops in several schools in Ontario and Saskatchewan with artists Sophie Dumesny and Oph\u00e9lie Pichon.<\/p>\n\n\n\n<p class=\"has-normal-font-size\">March : March camp at the Alliance Fran\u00e7aise, \u00ab\u00a0R\u00e9aliser son premier film\u00a0\u00bb with Sophie Dumesny.<\/p>\n\n\n\n<p class=\"has-normal-font-size\">February : screening\/debate of \u00ab\u00a0Ishyaka, la volont\u00e9 de vivre\u00a0\u00bb at the Lyc\u00e9e Fran\u00e7ais de Toronto with the director<a href=\"https:\/\/lelabo.ca\/fr\/membre\/josephbitamba\/\"> Joseph Bitamba<\/a><\/p>\n\n\n\n<hr class=\"wp-block-separator\"\/>\n\n\n\n<h3 class=\"wp-block-heading\"><strong>Services <\/strong><\/h3>\n\n\n\n<p class=\"has-normal-font-size\"><strong>Professional Workshop<\/strong>s<br> Creation of a cultural podcast with<a href=\"https:\/\/alestdevosempires.com\/\"> \u00c0 l&rsquo;Est De Vos Empires<\/a><br> Creating the interactive without programming with <a href=\"https:\/\/www.tekaren.com\/\">Karen Vanderborght <\/a><br> The ropes of the art market with <a href=\"https:\/\/artcollision.ca\/about-us\/\">Candice Houtekier<\/a> <\/p>\n\n\n\n<p class=\"has-normal-font-size\"><strong>Broadcasting <\/strong><br> Interviews of francophone artists in the form of video capsules Bulles d&rsquo;Artistes broadcast with and thanks to our partners: <a href=\"https:\/\/choqfm.ca\/\">CHOQ-FM<\/a>, <a href=\"https:\/\/vucavu.com\/en\/home\">Vucavu<\/a>, <a href=\"https:\/\/uontario.ca\/?gad=1&amp;gclid=CjwKCAjwx_eiBhBGEiwA15gLN5_aXS4PDKGzulVAnCpnc3-GXY1DzZrdNwaQetEJHhDNMvGygeo5JhoCy1EQAvD_BwE\">UOF<\/a>, <a href=\"https:\/\/charlesstreetvideo.com\/home.php?ismobile=0\">CSV<\/a>, <a href=\"https:\/\/www.trinitysquarevideo.com\/\">Trinity Square Video<\/a>.<br> Series of radio interviews for the CHOQ-FM program <a href=\"https:\/\/choqfm.ca\/emission\/nos-francophones-ont-du-talent\/\">Nos francophones ont du talent<\/a><\/p>\n","protected":false},"excerpt":{"rendered":"<p>The 2022-23 season marks a comeback to in-person activities and a vibrant artistic agenda! <\/p>\n","protected":false},"author":2,"featured_media":5727,"parent":0,"menu_order":0,"comment_status":"closed","ping_status":"closed","template":"","meta":{"footnotes":""},"class_list":["post-5789","page","type-page","status-publish","has-post-thumbnail","hentry"],"yoast_head":"<!-- This site is optimized with the Yoast SEO plugin v24.9 - https:\/\/yoast.com\/wordpress\/plugins\/seo\/ -->\n<title>2022-2023 Season - Le Labo EN<\/title>\n<meta name=\"description\" content=\"The 2022-23 season marks a comeback to in-person activities and a vibrant artistic agenda!\" \/>\n<meta name=\"robots\" content=\"index, follow, max-snippet:-1, max-image-preview:large, max-video-preview:-1\" \/>\n<link rel=\"canonical\" href=\"https:\/\/lelabo.ca\/en\/2022-2023-season\/\" \/>\n<meta property=\"og:locale\" content=\"fr_FR\" \/>\n<meta property=\"og:type\" content=\"article\" \/>\n<meta property=\"og:title\" content=\"2022-2023 Season - Le Labo EN\" \/>\n<meta property=\"og:description\" content=\"The 2022-23 season marks a comeback to in-person activities and a vibrant artistic agenda!\" \/>\n<meta property=\"og:url\" content=\"https:\/\/lelabo.ca\/en\/2022-2023-season\/\" \/>\n<meta property=\"og:site_name\" content=\"Le Labo EN\" \/>\n<meta property=\"article:modified_time\" content=\"2023-07-24T17:24:46+00:00\" \/>\n<meta property=\"og:image\" content=\"https:\/\/lelabo.ca\/en\/wp-content\/uploads\/sites\/3\/2022\/12\/Sans-titre-7.png\" \/>\n\t<meta property=\"og:image:width\" content=\"500\" \/>\n\t<meta property=\"og:image:height\" content=\"500\" \/>\n\t<meta property=\"og:image:type\" content=\"image\/png\" \/>\n<meta name=\"twitter:card\" content=\"summary_large_image\" \/>\n<meta name=\"twitter:label1\" content=\"Dur\u00e9e de lecture estim\u00e9e\" \/>\n\t<meta name=\"twitter:data1\" content=\"3 minutes\" \/>\n<script type=\"application\/ld+json\" class=\"yoast-schema-graph\">{\"@context\":\"https:\/\/schema.org\",\"@graph\":[{\"@type\":\"WebPage\",\"@id\":\"https:\/\/lelabo.ca\/en\/2022-2023-season\/\",\"url\":\"https:\/\/lelabo.ca\/en\/2022-2023-season\/\",\"name\":\"2022-2023 Season - Le Labo EN\",\"isPartOf\":{\"@id\":\"https:\/\/lelabo.ca\/en\/#website\"},\"primaryImageOfPage\":{\"@id\":\"https:\/\/lelabo.ca\/en\/2022-2023-season\/#primaryimage\"},\"image\":{\"@id\":\"https:\/\/lelabo.ca\/en\/2022-2023-season\/#primaryimage\"},\"thumbnailUrl\":\"https:\/\/lelabo.ca\/en\/wp-content\/uploads\/sites\/3\/2022\/12\/Sans-titre-7.png\",\"datePublished\":\"2023-05-12T14:23:28+00:00\",\"dateModified\":\"2023-07-24T17:24:46+00:00\",\"description\":\"The 2022-23 season marks a comeback to in-person activities and a vibrant artistic agenda!\",\"breadcrumb\":{\"@id\":\"https:\/\/lelabo.ca\/en\/2022-2023-season\/#breadcrumb\"},\"inLanguage\":\"fr-FR\",\"potentialAction\":[{\"@type\":\"ReadAction\",\"target\":[\"https:\/\/lelabo.ca\/en\/2022-2023-season\/\"]}]},{\"@type\":\"ImageObject\",\"inLanguage\":\"fr-FR\",\"@id\":\"https:\/\/lelabo.ca\/en\/2022-2023-season\/#primaryimage\",\"url\":\"https:\/\/lelabo.ca\/en\/wp-content\/uploads\/sites\/3\/2022\/12\/Sans-titre-7.png\",\"contentUrl\":\"https:\/\/lelabo.ca\/en\/wp-content\/uploads\/sites\/3\/2022\/12\/Sans-titre-7.png\",\"width\":500,\"height\":500},{\"@type\":\"BreadcrumbList\",\"@id\":\"https:\/\/lelabo.ca\/en\/2022-2023-season\/#breadcrumb\",\"itemListElement\":[{\"@type\":\"ListItem\",\"position\":1,\"name\":\"Accueil\",\"item\":\"https:\/\/lelabo.ca\/en\/\"},{\"@type\":\"ListItem\",\"position\":2,\"name\":\"2022-2023 Season\"}]},{\"@type\":\"WebSite\",\"@id\":\"https:\/\/lelabo.ca\/en\/#website\",\"url\":\"https:\/\/lelabo.ca\/en\/\",\"name\":\"Le Labo EN\",\"description\":\"\",\"potentialAction\":[{\"@type\":\"SearchAction\",\"target\":{\"@type\":\"EntryPoint\",\"urlTemplate\":\"https:\/\/lelabo.ca\/en\/?s={search_term_string}\"},\"query-input\":{\"@type\":\"PropertyValueSpecification\",\"valueRequired\":true,\"valueName\":\"search_term_string\"}}],\"inLanguage\":\"fr-FR\"}]}<\/script>\n<!-- \/ Yoast SEO plugin. -->","yoast_head_json":{"title":"2022-2023 Season - Le Labo EN","description":"The 2022-23 season marks a comeback to in-person activities and a vibrant artistic agenda!","robots":{"index":"index","follow":"follow","max-snippet":"max-snippet:-1","max-image-preview":"max-image-preview:large","max-video-preview":"max-video-preview:-1"},"canonical":"https:\/\/lelabo.ca\/en\/2022-2023-season\/","og_locale":"fr_FR","og_type":"article","og_title":"2022-2023 Season - Le Labo EN","og_description":"The 2022-23 season marks a comeback to in-person activities and a vibrant artistic agenda!","og_url":"https:\/\/lelabo.ca\/en\/2022-2023-season\/","og_site_name":"Le Labo EN","article_modified_time":"2023-07-24T17:24:46+00:00","og_image":[{"width":500,"height":500,"url":"https:\/\/lelabo.ca\/en\/wp-content\/uploads\/sites\/3\/2022\/12\/Sans-titre-7.png","type":"image\/png"}],"twitter_card":"summary_large_image","twitter_misc":{"Dur\u00e9e de lecture estim\u00e9e":"3 minutes"},"schema":{"@context":"https:\/\/schema.org","@graph":[{"@type":"WebPage","@id":"https:\/\/lelabo.ca\/en\/2022-2023-season\/","url":"https:\/\/lelabo.ca\/en\/2022-2023-season\/","name":"2022-2023 Season - Le Labo EN","isPartOf":{"@id":"https:\/\/lelabo.ca\/en\/#website"},"primaryImageOfPage":{"@id":"https:\/\/lelabo.ca\/en\/2022-2023-season\/#primaryimage"},"image":{"@id":"https:\/\/lelabo.ca\/en\/2022-2023-season\/#primaryimage"},"thumbnailUrl":"https:\/\/lelabo.ca\/en\/wp-content\/uploads\/sites\/3\/2022\/12\/Sans-titre-7.png","datePublished":"2023-05-12T14:23:28+00:00","dateModified":"2023-07-24T17:24:46+00:00","description":"The 2022-23 season marks a comeback to in-person activities and a vibrant artistic agenda!","breadcrumb":{"@id":"https:\/\/lelabo.ca\/en\/2022-2023-season\/#breadcrumb"},"inLanguage":"fr-FR","potentialAction":[{"@type":"ReadAction","target":["https:\/\/lelabo.ca\/en\/2022-2023-season\/"]}]},{"@type":"ImageObject","inLanguage":"fr-FR","@id":"https:\/\/lelabo.ca\/en\/2022-2023-season\/#primaryimage","url":"https:\/\/lelabo.ca\/en\/wp-content\/uploads\/sites\/3\/2022\/12\/Sans-titre-7.png","contentUrl":"https:\/\/lelabo.ca\/en\/wp-content\/uploads\/sites\/3\/2022\/12\/Sans-titre-7.png","width":500,"height":500},{"@type":"BreadcrumbList","@id":"https:\/\/lelabo.ca\/en\/2022-2023-season\/#breadcrumb","itemListElement":[{"@type":"ListItem","position":1,"name":"Accueil","item":"https:\/\/lelabo.ca\/en\/"},{"@type":"ListItem","position":2,"name":"2022-2023 Season"}]},{"@type":"WebSite","@id":"https:\/\/lelabo.ca\/en\/#website","url":"https:\/\/lelabo.ca\/en\/","name":"Le Labo EN","description":"","potentialAction":[{"@type":"SearchAction","target":{"@type":"EntryPoint","urlTemplate":"https:\/\/lelabo.ca\/en\/?s={search_term_string}"},"query-input":{"@type":"PropertyValueSpecification","valueRequired":true,"valueName":"search_term_string"}}],"inLanguage":"fr-FR"}]}},"_links":{"self":[{"href":"https:\/\/lelabo.ca\/en\/wp-json\/wp\/v2\/pages\/5789","targetHints":{"allow":["GET"]}}],"collection":[{"href":"https:\/\/lelabo.ca\/en\/wp-json\/wp\/v2\/pages"}],"about":[{"href":"https:\/\/lelabo.ca\/en\/wp-json\/wp\/v2\/types\/page"}],"author":[{"embeddable":true,"href":"https:\/\/lelabo.ca\/en\/wp-json\/wp\/v2\/users\/2"}],"replies":[{"embeddable":true,"href":"https:\/\/lelabo.ca\/en\/wp-json\/wp\/v2\/comments?post=5789"}],"version-history":[{"count":9,"href":"https:\/\/lelabo.ca\/en\/wp-json\/wp\/v2\/pages\/5789\/revisions"}],"predecessor-version":[{"id":5859,"href":"https:\/\/lelabo.ca\/en\/wp-json\/wp\/v2\/pages\/5789\/revisions\/5859"}],"wp:featuredmedia":[{"embeddable":true,"href":"https:\/\/lelabo.ca\/en\/wp-json\/wp\/v2\/media\/5727"}],"wp:attachment":[{"href":"https:\/\/lelabo.ca\/en\/wp-json\/wp\/v2\/media?parent=5789"}],"curies":[{"name":"wp","href":"https:\/\/api.w.org\/{rel}","templated":true}]}}