{"id":10742,"date":"2020-02-11T02:15:41","date_gmt":"2020-02-11T02:15:41","guid":{"rendered":"http:\/\/lelabo.ca\/fr\/?page_id=10742"},"modified":"2022-03-14T16:34:36","modified_gmt":"2022-03-14T16:34:36","slug":"labo-reseau","status":"publish","type":"page","link":"https:\/\/lelabo.ca\/fr\/labo-reseau\/","title":{"rendered":"LaboR\u00e9so"},"content":{"rendered":"\n<h5 class=\"wp-block-heading\"><strong>LaboR\u00e9so : LA SOIR\u00c9E DE R\u00c9SEAUTAGE DU LABO<\/strong><\/h5>\n\n\n\n<p><strong>OUVERTE UNIQUEMENT AUX MEMBRES DU LABO<\/strong><\/p>\n\n\n\n<div style=\"height:20px\" aria-hidden=\"true\" class=\"wp-block-spacer\"><\/div>\n\n\n\n<div class=\"wp-block-image\"><figure class=\"alignleft\"><img decoding=\"async\" src=\"https:\/\/lelabo.ca\/fr\/wp-content\/uploads\/sites\/2\/2015\/04\/soir%C3%A9e-r%C3%A9seautage-300x300.png\" alt=\"soir\u00e9e r\u00e9seautage\"\/><\/figure><\/div>\n\n\n\n<div style=\"height:28px\" aria-hidden=\"true\" class=\"wp-block-spacer\"><\/div>\n\n\n\n<p>Cette soir\u00e9e de r\u00e9seautage a pour but de cr\u00e9er des liens,&nbsp;f\u00e9d\u00e9rer la communaut\u00e9 du Labo de fa\u00e7on conviviale autour d&rsquo;un verre et contribuer au d\u00e9veloppement du r\u00e9seau de contact de nos membres en les invitant \u00e0 se rencontrer.<\/p>\n\n\n\n<p>Au programme :<\/p>\n\n\n\n<ul class=\"wp-block-list\"><li>Activit\u00e9s de r\u00e9seautage<\/li><li>Animation et invit\u00e9s sp\u00e9ciaux<\/li><li>Rencontres extraordinaires<\/li><li>Cocktails<\/li><\/ul>\n\n\n\n<p>Rejoignez-nous un jeudi par mois de 5 \u00e0 7. <\/p>\n\n\n\n<p>Vous souhaitez vivre notre exp\u00e9rience de r\u00e9seautage ?<br>Pour tout renseignement, veuillez nous adresser un courriel :&nbsp;<a href=\"https:\/\/info@lelabo.ca\">info@lelabo.ca<\/a><br><\/p>\n\n\n\n<hr class=\"wp-block-separator\"\/>\n\n\n\n<div style=\"height:20px\" aria-hidden=\"true\" class=\"wp-block-spacer\"><\/div>\n\n\n\n<p>Parce que le <strong>LaboR\u00e9so est aussi un espace de diffusion et d&rsquo;\u00e9change, <\/strong>pour cette soir\u00e9e de r\u00e9seautage,&nbsp;le Labo est \u00e0 la recherche de membres professionnels d\u00e9sirant pr\u00e9senter leur travail en arts m\u00e9diatiques.<br><br>Le ou la Membre s\u00e9lectionn\u00e9-e, pr\u00e9sentera son travail, ce qui l\u2019anime et le(a) motive dans son parcours. <strong>LaboR\u00e9so<\/strong>, un moment privil\u00e9gi\u00e9, convivial et informel, qui offre des opportunit\u00e9s uniques, pour partager des id\u00e9es et projets entre membres.<\/p>\n\n\n\n<div style=\"height:20px\" aria-hidden=\"true\" class=\"wp-block-spacer\"><\/div>\n\n\n\n<p>T\u00e9moignage de <strong>Julie Lassonde<\/strong>, Membre mise en avant lors d&rsquo;un LaboR\u00e9so :<br><br><em>\u00ab\u00a0Je remercie le Labo de m&rsquo;avoir donn\u00e9 l&rsquo;occasion de partager mon travail lors de l\u2019\u00e9v\u00e8nement \u00ab\u00a0membre du mois\u00a0\u00bb. <\/em><br><em>Il est bien rare que je prenne le temps de faire un retour sur ma carri\u00e8re artistique et cette soir\u00e9e m\u2019a servit de pr\u00e9texte pour le faire. J&rsquo;ai trouv\u00e9 ce processus utile pour voir les th\u00e8mes qui ont \u00e9merg\u00e9 dans mon travail au fil des ans et orienter mon travail futur, \u00e0 travers les questions de l&rsquo;auditoire.\u00a0\u00bb<\/em><br><\/p>\n\n\n\n<div style=\"height:20px\" aria-hidden=\"true\" class=\"wp-block-spacer\"><\/div>\n\n\n\n<div style=\"height:20px\" aria-hidden=\"true\" class=\"wp-block-spacer\"><\/div>\n\n\n\n<p>Cette mise en avant vous int\u00e9resse et vous souhaitez vous impliquer ?<br>Merci de nous contacter par courriel \u00e0&nbsp;<a rel=\"noreferrer noopener\" href=\"mailto:direction@lelabo.ca\" target=\"_blank\">direction@lelabo.ca<\/a> pour en savoir plus.<\/p>\n\n\n\n<div style=\"height:23px\" aria-hidden=\"true\" class=\"wp-block-spacer\"><\/div>\n\n\n\n<hr class=\"wp-block-separator\"\/>\n\n\n\n<p><a href=\"https:\/\/lelabo.ca\/fr\/devenez-membre\/\">Devenez membre pour b\u00e9n\u00e9ficier des nombreuses opportunit\u00e9s et avantages du Labo.<\/a><\/p>\n\n\n\n<hr class=\"wp-block-separator\"\/>\n\n\n\n<p style=\"font-size:10px\"><em>Veuillez noter que les \u00e9v\u00e9nements organis\u00e9s par Le Labo peuvent \u00eatre document\u00e9s par des photographies et des vid\u00e9os. Ces images peuvent \u00eatre utilis\u00e9es par Le Labo \u00e0 des fins promotionnelles, publicitaires et \u00e9ducatives. <\/em><br><br><em>En participant \u00e0 nos \u00e9v\u00e9nements, vous consentez \u00e0 permettre au Labo de documenter et d&rsquo;utiliser votre image et votre ressemblance. Cependant, si vous ne souhaitez pas que nous utilisions une photo ou une vid\u00e9o de vous ou de votre enfant, n&rsquo;h\u00e9sitez pas \u00e0 nous en informer lorsque vous arrivez \u00e0 l&rsquo;\u00e9v\u00e9nement. <\/em><br><br><em>Vous pouvez \u00e9galement contacter le bureau marketing et communication du Labo :&nbsp;<a href=\"mailto:com@lelabo.ca\">com@lelabo.ca<\/a> <\/em><\/p>\n","protected":false},"excerpt":{"rendered":"<p>LaboR\u00e9so : LA SOIR\u00c9E DE R\u00c9SEAUTAGE DU LABO OUVERTE UNIQUEMENT AUX MEMBRES DU LABO Cette soir\u00e9e de r\u00e9seautage a pour but de cr\u00e9er des liens,&nbsp;f\u00e9d\u00e9rer la communaut\u00e9 du Labo de fa\u00e7on conviviale autour d&rsquo;un verre et contribuer au d\u00e9veloppement du<\/p>\n","protected":false},"author":2,"featured_media":0,"parent":0,"menu_order":0,"comment_status":"closed","ping_status":"closed","template":"","meta":{"footnotes":""},"class_list":["post-10742","page","type-page","status-publish","hentry"],"yoast_head":"<!-- This site is optimized with the Yoast SEO plugin v24.9 - https:\/\/yoast.com\/wordpress\/plugins\/seo\/ -->\n<title>LaboR\u00e9so - Le Labo FR<\/title>\n<meta name=\"robots\" content=\"index, follow, max-snippet:-1, max-image-preview:large, max-video-preview:-1\" \/>\n<link rel=\"canonical\" href=\"https:\/\/lelabo.ca\/fr\/labo-reseau\/\" \/>\n<meta property=\"og:locale\" content=\"fr_FR\" \/>\n<meta property=\"og:type\" content=\"article\" \/>\n<meta property=\"og:title\" content=\"LaboR\u00e9so - Le Labo FR\" \/>\n<meta property=\"og:description\" content=\"LaboR\u00e9so : LA SOIR\u00c9E DE R\u00c9SEAUTAGE DU LABO OUVERTE UNIQUEMENT AUX MEMBRES DU LABO Cette soir\u00e9e de r\u00e9seautage a pour but de cr\u00e9er des liens,&nbsp;f\u00e9d\u00e9rer la communaut\u00e9 du Labo de fa\u00e7on conviviale autour d&rsquo;un verre et contribuer au d\u00e9veloppement du\" \/>\n<meta property=\"og:url\" content=\"https:\/\/lelabo.ca\/fr\/labo-reseau\/\" \/>\n<meta property=\"og:site_name\" content=\"Le Labo FR\" \/>\n<meta property=\"article:modified_time\" content=\"2022-03-14T16:34:36+00:00\" \/>\n<meta property=\"og:image\" content=\"https:\/\/lelabo.ca\/fr\/wp-content\/uploads\/sites\/2\/2015\/04\/soir%C3%A9e-r%C3%A9seautage-300x300.png\" \/>\n<meta name=\"twitter:card\" content=\"summary_large_image\" \/>\n<meta name=\"twitter:label1\" content=\"Dur\u00e9e de lecture estim\u00e9e\" \/>\n\t<meta name=\"twitter:data1\" content=\"2 minutes\" \/>\n<script type=\"application\/ld+json\" class=\"yoast-schema-graph\">{\"@context\":\"https:\/\/schema.org\",\"@graph\":[{\"@type\":\"WebPage\",\"@id\":\"https:\/\/lelabo.ca\/fr\/labo-reseau\/\",\"url\":\"https:\/\/lelabo.ca\/fr\/labo-reseau\/\",\"name\":\"LaboR\u00e9so - Le Labo FR\",\"isPartOf\":{\"@id\":\"https:\/\/lelabo.ca\/fr\/#website\"},\"primaryImageOfPage\":{\"@id\":\"https:\/\/lelabo.ca\/fr\/labo-reseau\/#primaryimage\"},\"image\":{\"@id\":\"https:\/\/lelabo.ca\/fr\/labo-reseau\/#primaryimage\"},\"thumbnailUrl\":\"https:\/\/lelabo.ca\/fr\/wp-content\/uploads\/sites\/2\/2015\/04\/soir%C3%A9e-r%C3%A9seautage-300x300.png\",\"datePublished\":\"2020-02-11T02:15:41+00:00\",\"dateModified\":\"2022-03-14T16:34:36+00:00\",\"breadcrumb\":{\"@id\":\"https:\/\/lelabo.ca\/fr\/labo-reseau\/#breadcrumb\"},\"inLanguage\":\"fr-FR\",\"potentialAction\":[{\"@type\":\"ReadAction\",\"target\":[\"https:\/\/lelabo.ca\/fr\/labo-reseau\/\"]}]},{\"@type\":\"ImageObject\",\"inLanguage\":\"fr-FR\",\"@id\":\"https:\/\/lelabo.ca\/fr\/labo-reseau\/#primaryimage\",\"url\":\"https:\/\/lelabo.ca\/fr\/wp-content\/uploads\/sites\/2\/2015\/04\/soir%C3%A9e-r%C3%A9seautage-300x300.png\",\"contentUrl\":\"https:\/\/lelabo.ca\/fr\/wp-content\/uploads\/sites\/2\/2015\/04\/soir%C3%A9e-r%C3%A9seautage-300x300.png\"},{\"@type\":\"BreadcrumbList\",\"@id\":\"https:\/\/lelabo.ca\/fr\/labo-reseau\/#breadcrumb\",\"itemListElement\":[{\"@type\":\"ListItem\",\"position\":1,\"name\":\"Accueil\",\"item\":\"https:\/\/lelabo.ca\/fr\/\"},{\"@type\":\"ListItem\",\"position\":2,\"name\":\"LaboR\u00e9so\"}]},{\"@type\":\"WebSite\",\"@id\":\"https:\/\/lelabo.ca\/fr\/#website\",\"url\":\"https:\/\/lelabo.ca\/fr\/\",\"name\":\"Le Labo FR\",\"description\":\"\",\"potentialAction\":[{\"@type\":\"SearchAction\",\"target\":{\"@type\":\"EntryPoint\",\"urlTemplate\":\"https:\/\/lelabo.ca\/fr\/?s={search_term_string}\"},\"query-input\":{\"@type\":\"PropertyValueSpecification\",\"valueRequired\":true,\"valueName\":\"search_term_string\"}}],\"inLanguage\":\"fr-FR\"}]}<\/script>\n<!-- \/ Yoast SEO plugin. -->","yoast_head_json":{"title":"LaboR\u00e9so - Le Labo FR","robots":{"index":"index","follow":"follow","max-snippet":"max-snippet:-1","max-image-preview":"max-image-preview:large","max-video-preview":"max-video-preview:-1"},"canonical":"https:\/\/lelabo.ca\/fr\/labo-reseau\/","og_locale":"fr_FR","og_type":"article","og_title":"LaboR\u00e9so - Le Labo FR","og_description":"LaboR\u00e9so : LA SOIR\u00c9E DE R\u00c9SEAUTAGE DU LABO OUVERTE UNIQUEMENT AUX MEMBRES DU LABO Cette soir\u00e9e de r\u00e9seautage a pour but de cr\u00e9er des liens,&nbsp;f\u00e9d\u00e9rer la communaut\u00e9 du Labo de fa\u00e7on conviviale autour d&rsquo;un verre et contribuer au d\u00e9veloppement du","og_url":"https:\/\/lelabo.ca\/fr\/labo-reseau\/","og_site_name":"Le Labo FR","article_modified_time":"2022-03-14T16:34:36+00:00","og_image":[{"url":"https:\/\/lelabo.ca\/fr\/wp-content\/uploads\/sites\/2\/2015\/04\/soir%C3%A9e-r%C3%A9seautage-300x300.png","type":"","width":"","height":""}],"twitter_card":"summary_large_image","twitter_misc":{"Dur\u00e9e de lecture estim\u00e9e":"2 minutes"},"schema":{"@context":"https:\/\/schema.org","@graph":[{"@type":"WebPage","@id":"https:\/\/lelabo.ca\/fr\/labo-reseau\/","url":"https:\/\/lelabo.ca\/fr\/labo-reseau\/","name":"LaboR\u00e9so - Le Labo FR","isPartOf":{"@id":"https:\/\/lelabo.ca\/fr\/#website"},"primaryImageOfPage":{"@id":"https:\/\/lelabo.ca\/fr\/labo-reseau\/#primaryimage"},"image":{"@id":"https:\/\/lelabo.ca\/fr\/labo-reseau\/#primaryimage"},"thumbnailUrl":"https:\/\/lelabo.ca\/fr\/wp-content\/uploads\/sites\/2\/2015\/04\/soir%C3%A9e-r%C3%A9seautage-300x300.png","datePublished":"2020-02-11T02:15:41+00:00","dateModified":"2022-03-14T16:34:36+00:00","breadcrumb":{"@id":"https:\/\/lelabo.ca\/fr\/labo-reseau\/#breadcrumb"},"inLanguage":"fr-FR","potentialAction":[{"@type":"ReadAction","target":["https:\/\/lelabo.ca\/fr\/labo-reseau\/"]}]},{"@type":"ImageObject","inLanguage":"fr-FR","@id":"https:\/\/lelabo.ca\/fr\/labo-reseau\/#primaryimage","url":"https:\/\/lelabo.ca\/fr\/wp-content\/uploads\/sites\/2\/2015\/04\/soir%C3%A9e-r%C3%A9seautage-300x300.png","contentUrl":"https:\/\/lelabo.ca\/fr\/wp-content\/uploads\/sites\/2\/2015\/04\/soir%C3%A9e-r%C3%A9seautage-300x300.png"},{"@type":"BreadcrumbList","@id":"https:\/\/lelabo.ca\/fr\/labo-reseau\/#breadcrumb","itemListElement":[{"@type":"ListItem","position":1,"name":"Accueil","item":"https:\/\/lelabo.ca\/fr\/"},{"@type":"ListItem","position":2,"name":"LaboR\u00e9so"}]},{"@type":"WebSite","@id":"https:\/\/lelabo.ca\/fr\/#website","url":"https:\/\/lelabo.ca\/fr\/","name":"Le Labo FR","description":"","potentialAction":[{"@type":"SearchAction","target":{"@type":"EntryPoint","urlTemplate":"https:\/\/lelabo.ca\/fr\/?s={search_term_string}"},"query-input":{"@type":"PropertyValueSpecification","valueRequired":true,"valueName":"search_term_string"}}],"inLanguage":"fr-FR"}]}},"_links":{"self":[{"href":"https:\/\/lelabo.ca\/fr\/wp-json\/wp\/v2\/pages\/10742","targetHints":{"allow":["GET"]}}],"collection":[{"href":"https:\/\/lelabo.ca\/fr\/wp-json\/wp\/v2\/pages"}],"about":[{"href":"https:\/\/lelabo.ca\/fr\/wp-json\/wp\/v2\/types\/page"}],"author":[{"embeddable":true,"href":"https:\/\/lelabo.ca\/fr\/wp-json\/wp\/v2\/users\/2"}],"replies":[{"embeddable":true,"href":"https:\/\/lelabo.ca\/fr\/wp-json\/wp\/v2\/comments?post=10742"}],"version-history":[{"count":24,"href":"https:\/\/lelabo.ca\/fr\/wp-json\/wp\/v2\/pages\/10742\/revisions"}],"predecessor-version":[{"id":13495,"href":"https:\/\/lelabo.ca\/fr\/wp-json\/wp\/v2\/pages\/10742\/revisions\/13495"}],"wp:attachment":[{"href":"https:\/\/lelabo.ca\/fr\/wp-json\/wp\/v2\/media?parent=10742"}],"curies":[{"name":"wp","href":"https:\/\/api.w.org\/{rel}","templated":true}]}}