{"id":11000,"date":"2020-03-02T18:38:05","date_gmt":"2020-03-02T18:38:05","guid":{"rendered":"http:\/\/lelabo.ca\/fr\/?page_id=11000"},"modified":"2025-11-12T19:18:44","modified_gmt":"2025-11-12T19:18:44","slug":"residence-dartistes","status":"publish","type":"page","link":"https:\/\/lelabo.ca\/fr\/services\/residence-dartistes\/","title":{"rendered":"R\u00e9sidences d&rsquo;artistes"},"content":{"rendered":"\n<p>Le Labo offre aux artistes francophones, m\u00e9diatiques, visuels et de la performance, un lieu d&rsquo;accueil pour d\u00e9velopper leur art au coeur de Toronto. D&rsquo;une dur\u00e9e d&rsquo;un mois ou de quelques semaines, ces p\u00e9riodes de r\u00e9sidences sont ax\u00e9es autant la r\u00e9flexion que la cr\u00e9ation. Le Labo se consacre \u00e0 la pens\u00e9e cr\u00e9ative des artistes, privil\u00e9giant l&rsquo;exploration plut\u00f4t que des objectifs de r\u00e9ussite. <br><br>Notre approche vise \u00e0 vous aider artistes \u00e9tablis, \u00e0 mi-carri\u00e8re et \u00e9mergents \u00e0 repenser votreprocessus artistique dans un monde encline \u00e0 la rapidit\u00e9. L&rsquo;invitation est de ralentir et d&#8217;embrasser la possibilit\u00e9 de frustration et d&rsquo;\u00e9chec pour co-construire des projets align\u00e9s avec votre cr\u00e9ativit\u00e9 et notre identit\u00e9.<br><\/p>\n\n\n\n<p>Ensemble nous commissarions cette p\u00e9riode de r\u00e9sidence.<\/p>\n\n\n\n<p>Les trois objectifs du programme:<\/p>\n\n\n\n<ul class=\"wp-block-list\">\n<li>Promouvoir le travail et le d\u00e9veloppement de la carri\u00e8re des artistes en les soutenant et en mettant \u00e0 leur disposition un environnement et des moyens appropri\u00e9s \u00e0 la r\u00e9alisation de leur art.<\/li>\n\n\n\n<li>Permettre l\u2019\u00e9change de points de vue artistiques et contribuer \u00e0 l\u2019\u00e9tablissement de liens durables entre les artistes.<\/li>\n\n\n\n<li>F\u00e9d\u00e9rer la communaut\u00e9 en d\u00e9veloppant un r\u00e9seau innovant de cr\u00e9ation, de production et de diffusion artistiques.<\/li>\n<\/ul>\n\n\n\n<div style=\"height:20px\" aria-hidden=\"true\" class=\"wp-block-spacer\"><\/div>\n\n\n\n<p>Le Labo vous aide \u00e0 explorer de nouvelles pistes de cr\u00e9ation num\u00e9rique ou \u00e0 d\u00e9velopper vos talents m\u00e9diatiques avec de la location d&rsquo;\u00e9quipement technique gratuite et ce pour toute la dur\u00e9e de votre r\u00e9sidence. Pour en savoir plus : <strong><a aria-label=\"\u00c9QUIPEMENT (s\u2019ouvre dans un nouvel onglet)\" href=\"https:\/\/lelabo.ca\/fr\/services\/equipement\/\" target=\"_blank\" rel=\"noreferrer noopener\">\u00e9quipement<\/a><\/strong>.<br><br><\/p>\n\n\n\n<p><\/p>\n\n\n\n<h2 class=\"wp-block-heading\">R\u00e9sidences crois\u00e9es et partenariats<\/h2>\n\n\n\n<p>En parall\u00e8le de nos r\u00e9sidences en studio \u00e0 Toronto, Le Labo d\u00e9veloppe \u00e9galement des r\u00e9sidences crois\u00e9es avec des partenaires culturels au Canada et \u00e0 l\u2019international. Ces collaborations permettent d\u2019accueillir des artistes d\u2019ailleurs dans notre studio, tout en offrant \u00e0 nos membres l\u2019opportunit\u00e9 de r\u00e9aliser une r\u00e9sidence hors de Toronto, dans un autre contexte de cr\u00e9ation.<br>Ces \u00e9changes favorisent la circulation des id\u00e9es, le partage de pratiques et la mise en r\u00e9seau entre artistes et structures francophones.<br><br><\/p>\n\n\n\n<div style=\"height:20px\" aria-hidden=\"true\" class=\"wp-block-spacer\"><\/div>\n\n\n\n<h2 class=\"wp-block-heading\">Les artistes que nous avons accompagn\u00e9\u00b7e\u00b7s<\/h2>\n\n\n\n<p><br>Direction de la photographie (r\u00e9sidence crois\u00e9e de cr\u00e9ation avec Les Perc\u00e9\u00efdes) \u00e0 Perc\u00e9e, QB<br><strong><a href=\"https:\/\/perceides.ca\/2025\/formation-en-direction-de-la-photographie-a-perce-avec-yves-belanger-du-22-au-28-septembre-2025\/\" target=\"_blank\" rel=\"noreferrer noopener\">Emma Boudaud et Eduardo Vasquez &#8211; 21 au 30 septembre 2025<\/a><\/strong><\/p>\n\n\n\n<p>Exploration des archives du Labo en vue du 20\u00e8me (r\u00e9sidence lente)<br><strong>Laura Demers, artiste-commissaire &#8211; avril et mai 2025<\/strong><\/p>\n\n\n\n<p>R\u00e9sidence d&rsquo;\u00e9criture en partenariat avec Moi&amp;Dave: <br><a href=\"https:\/\/lelabo.ca\/fr\/residence-decriture-medium-beluga-laura-bergeron\/\"><strong>Laura Bergeron, autour de son long-m\u00e9trage <em>M\u00e9dium B\u00e9luga<\/em> &#8211; 23 au 28 septembre 2024<\/strong><\/a><br><br>Cin\u00e9ma documentaire (r\u00e9sidence crois\u00e9e de cr\u00e9ation avec Les Perc\u00e9\u00efdes) \u00e0 Perc\u00e9e, QB<br><strong><a href=\"https:\/\/perceides.ca\/2024\/formation-en-cinema-documentaire-a-perce-avec-la-cineaste-jacquelyn-mills-du-22-au-29-septembre-2024\/\" target=\"_blank\" rel=\"noreferrer noopener\">Sophie Dumesny &#8211; 21 au 30 septembre 2024<\/a><\/strong><\/p>\n\n\n\n<p>Toronto ville de Cin\u00e9ma, r\u00e9sidence crois\u00e9e de recherche-r\u00e9seautage avec Les Perc\u00e9\u00efdes et Cin\u00e9franco<br><strong>Mao-Fran\u00e7oise Arsenault et Shawn Grenier &#8211; 24 juin au 01 juillet 2024<\/strong><\/p>\n\n\n\n<p>Son et po\u00e9sie (r\u00e9sidence crois\u00e9e de recherche-cr\u00e9ation avec les productions Rhizome, QC):<br><a href=\"https:\/\/lelabo.ca\/fr\/residence-croisee-de-recherche-creation\/\"><strong>Murielle Jassinthe et Oana Avasilichoaei &#8211; 22 avril au 06 mai 2024<\/strong><\/a><br><br>Cartographie \u00e9ph\u00e9m\u00e8re (r\u00e9sidence crois\u00e9e avec le centre \u00c9cart, QC):<br><a aria-label=\"Violaine Lafortune et Denis Taman Bradette - 24 avril au 12 mai 2023 (s\u2019ouvre dans un nouvel onglet)\" href=\"https:\/\/lelabo.ca\/fr\/cartographie-ephemere-residences-croisees-entre-toronto-et-rouyn-noranda\/\" target=\"_blank\" rel=\"noreferrer noopener\"><strong>Violaine Lafortune et Denis Taman Bradette &#8211; 24 avril au 12 mai 2023<\/strong><\/a><br><br>Raccorder les corps (r\u00e9sidence crois\u00e9e avec le centre Sagamie, QB): <br><a href=\"https:\/\/lelabo.ca\/fr\/artiste-en-e-residence-camille-bernard-gravel\/\"><strong>Camille Bernard-Gravel &#8211; 17 au 31 Janvier 2022  <\/strong><\/a><strong>     <\/strong> <br> <br>La figure de la sorci\u00e8re (r\u00e9sidence de recherche-cr\u00e9ation): <br><strong><a href=\"https:\/\/lelabo.ca\/fr\/artiste-en-residence-sara-letourneau\/\" target=\"_blank\" rel=\"noreferrer noopener\">Sara L\u00e9tourneau &#8211; 9 au 17 Janvier 2021<\/a><\/strong><br><br>Par le pass\u00e9:<br><strong><a href=\"https:\/\/lelabo.ca\/fr\/artiste-residence-laura-demers\/\" target=\"_blank\" rel=\"noreferrer noopener\">Laura Demers &#8211; Janvier 2020<\/a><\/strong><br><a href=\"https:\/\/lelabo.ca\/fr\/appel-de-collaboration-micro-residences-avec-simon-m-benedict-ou-sonia-robertson\/\" target=\"_blank\" rel=\"noreferrer noopener\"><strong>Simon M. Benedict\u00a0&amp; Sonia Robertson<\/strong> <strong>&#8211; Juillet 2018<\/strong><\/a><br><strong><a href=\"https:\/\/lelabo.ca\/fr\/residence-3d-interactif-avec-loffice-national-du-film\/\" target=\"_blank\" rel=\"noreferrer noopener\">Chris LeBlanc  &#8211; Mars 2018<\/a><\/strong><br><strong><a href=\"https:\/\/lelabo.ca\/fr\/residence-3d-interactif-avec-loffice-national-du-film\/\" target=\"_blank\" rel=\"noreferrer noopener\">Jean Marc Larivi\u00e8re &#8211; F\u00e9vrier \/ Mars 2018<\/a><\/strong><br><a href=\"https:\/\/lelabo.ca\/fr\/maryse-arseneault-artiste-en-residence-2018\/\" target=\"_blank\" rel=\"noreferrer noopener\"><strong>Maryse Arsenault &#8211; Janvier \/ F\u00e9vrier 2018<\/strong><\/a> <br><\/p>\n\n\n\n<hr class=\"wp-block-separator has-css-opacity\"\/>\n\n\n\n<div style=\"height:20px\" aria-hidden=\"true\" class=\"wp-block-spacer\"><\/div>\n\n\n\n<p><strong>APPEL \u00c0 PROJETS<\/strong><\/p>\n\n\n\n<div style=\"height:20px\" aria-hidden=\"true\" class=\"wp-block-spacer\"><\/div>\n\n\n\n<p>Vous \u00eates un-e artiste ou commissaire, francophone, membre du Labo et vous avez un projet de r\u00e9sidence que ce soit en cr\u00e9ation, performance, \u00e9criture ? \u00c9crivez-nous \u00e0 <em><a href=\"mailto:programmation@lelabo.ca\">programmation@lelabo.ca<\/a><\/em> pour nous partager vos id\u00e9es. Dans un courriel, merci de bien vouloir lui expliquer en quelques lignes vos motivations et votre d\u00e9marche artistique que nous puissions co-construire votre projet.<\/p>\n\n\n\n<div style=\"height:24px\" aria-hidden=\"true\" class=\"wp-block-spacer\"><\/div>\n","protected":false},"excerpt":{"rendered":"<p>Le Labo offre aux artistes francophones, m\u00e9diatiques, visuels et de la performance, un lieu d&rsquo;accueil pour d\u00e9velopper leur art au coeur de Toronto. D&rsquo;une dur\u00e9e d&rsquo;un mois ou de quelques semaines, ces p\u00e9riodes de r\u00e9sidences sont ax\u00e9es autant la r\u00e9flexion<\/p>\n","protected":false},"author":2,"featured_media":0,"parent":568,"menu_order":0,"comment_status":"closed","ping_status":"closed","template":"","meta":{"footnotes":""},"class_list":["post-11000","page","type-page","status-publish","hentry"],"yoast_head":"<!-- This site is optimized with the Yoast SEO plugin v24.9 - https:\/\/yoast.com\/wordpress\/plugins\/seo\/ -->\n<title>R\u00e9sidences d&#039;artistes - Le Labo FR<\/title>\n<meta name=\"description\" content=\"Le Labo offre aux artistes francophones, m\u00e9diatiques, visuels et de la performance, un lieu d&#039;accueil pour d\u00e9velopper leur art au coeur de Toronto. D&#039;une dur\u00e9e d&#039;un mois ou de quelques semaines, ces p\u00e9riodes de r\u00e9sidences sont ax\u00e9es autant la r\u00e9flexion que la cr\u00e9ation. Le Labo se consacre \u00e0 la pens\u00e9e cr\u00e9ative des artistes, privil\u00e9giant l&#039;exploration plut\u00f4t que des objectifs de r\u00e9ussite.\" \/>\n<meta name=\"robots\" content=\"index, follow, max-snippet:-1, max-image-preview:large, max-video-preview:-1\" \/>\n<link rel=\"canonical\" href=\"https:\/\/lelabo.ca\/fr\/services\/residence-dartistes\/\" \/>\n<meta property=\"og:locale\" content=\"fr_FR\" \/>\n<meta property=\"og:type\" content=\"article\" \/>\n<meta property=\"og:title\" content=\"R\u00e9sidences d&#039;artistes - Le Labo FR\" \/>\n<meta property=\"og:description\" content=\"Le Labo offre aux artistes francophones, m\u00e9diatiques, visuels et de la performance, un lieu d&#039;accueil pour d\u00e9velopper leur art au coeur de Toronto. D&#039;une dur\u00e9e d&#039;un mois ou de quelques semaines, ces p\u00e9riodes de r\u00e9sidences sont ax\u00e9es autant la r\u00e9flexion que la cr\u00e9ation. Le Labo se consacre \u00e0 la pens\u00e9e cr\u00e9ative des artistes, privil\u00e9giant l&#039;exploration plut\u00f4t que des objectifs de r\u00e9ussite.\" \/>\n<meta property=\"og:url\" content=\"https:\/\/lelabo.ca\/fr\/services\/residence-dartistes\/\" \/>\n<meta property=\"og:site_name\" content=\"Le Labo FR\" \/>\n<meta property=\"article:modified_time\" content=\"2025-11-12T19:18:44+00:00\" \/>\n<meta name=\"twitter:card\" content=\"summary_large_image\" \/>\n<meta name=\"twitter:label1\" content=\"Dur\u00e9e de lecture estim\u00e9e\" \/>\n\t<meta name=\"twitter:data1\" content=\"3 minutes\" \/>\n<script type=\"application\/ld+json\" class=\"yoast-schema-graph\">{\"@context\":\"https:\/\/schema.org\",\"@graph\":[{\"@type\":\"WebPage\",\"@id\":\"https:\/\/lelabo.ca\/fr\/services\/residence-dartistes\/\",\"url\":\"https:\/\/lelabo.ca\/fr\/services\/residence-dartistes\/\",\"name\":\"R\u00e9sidences d'artistes - Le Labo FR\",\"isPartOf\":{\"@id\":\"https:\/\/lelabo.ca\/fr\/#website\"},\"datePublished\":\"2020-03-02T18:38:05+00:00\",\"dateModified\":\"2025-11-12T19:18:44+00:00\",\"description\":\"Le Labo offre aux artistes francophones, m\u00e9diatiques, visuels et de la performance, un lieu d'accueil pour d\u00e9velopper leur art au coeur de Toronto. D'une dur\u00e9e d'un mois ou de quelques semaines, ces p\u00e9riodes de r\u00e9sidences sont ax\u00e9es autant la r\u00e9flexion que la cr\u00e9ation. Le Labo se consacre \u00e0 la pens\u00e9e cr\u00e9ative des artistes, privil\u00e9giant l'exploration plut\u00f4t que des objectifs de r\u00e9ussite.\",\"breadcrumb\":{\"@id\":\"https:\/\/lelabo.ca\/fr\/services\/residence-dartistes\/#breadcrumb\"},\"inLanguage\":\"fr-FR\",\"potentialAction\":[{\"@type\":\"ReadAction\",\"target\":[\"https:\/\/lelabo.ca\/fr\/services\/residence-dartistes\/\"]}]},{\"@type\":\"BreadcrumbList\",\"@id\":\"https:\/\/lelabo.ca\/fr\/services\/residence-dartistes\/#breadcrumb\",\"itemListElement\":[{\"@type\":\"ListItem\",\"position\":1,\"name\":\"Accueil\",\"item\":\"https:\/\/lelabo.ca\/fr\/\"},{\"@type\":\"ListItem\",\"position\":2,\"name\":\"Services\",\"item\":\"https:\/\/lelabo.ca\/fr\/services\/\"},{\"@type\":\"ListItem\",\"position\":3,\"name\":\"R\u00e9sidences d&rsquo;artistes\"}]},{\"@type\":\"WebSite\",\"@id\":\"https:\/\/lelabo.ca\/fr\/#website\",\"url\":\"https:\/\/lelabo.ca\/fr\/\",\"name\":\"Le Labo FR\",\"description\":\"\",\"potentialAction\":[{\"@type\":\"SearchAction\",\"target\":{\"@type\":\"EntryPoint\",\"urlTemplate\":\"https:\/\/lelabo.ca\/fr\/?s={search_term_string}\"},\"query-input\":{\"@type\":\"PropertyValueSpecification\",\"valueRequired\":true,\"valueName\":\"search_term_string\"}}],\"inLanguage\":\"fr-FR\"}]}<\/script>\n<!-- \/ Yoast SEO plugin. -->","yoast_head_json":{"title":"R\u00e9sidences d'artistes - Le Labo FR","description":"Le Labo offre aux artistes francophones, m\u00e9diatiques, visuels et de la performance, un lieu d'accueil pour d\u00e9velopper leur art au coeur de Toronto. D'une dur\u00e9e d'un mois ou de quelques semaines, ces p\u00e9riodes de r\u00e9sidences sont ax\u00e9es autant la r\u00e9flexion que la cr\u00e9ation. Le Labo se consacre \u00e0 la pens\u00e9e cr\u00e9ative des artistes, privil\u00e9giant l'exploration plut\u00f4t que des objectifs de r\u00e9ussite.","robots":{"index":"index","follow":"follow","max-snippet":"max-snippet:-1","max-image-preview":"max-image-preview:large","max-video-preview":"max-video-preview:-1"},"canonical":"https:\/\/lelabo.ca\/fr\/services\/residence-dartistes\/","og_locale":"fr_FR","og_type":"article","og_title":"R\u00e9sidences d'artistes - Le Labo FR","og_description":"Le Labo offre aux artistes francophones, m\u00e9diatiques, visuels et de la performance, un lieu d'accueil pour d\u00e9velopper leur art au coeur de Toronto. D'une dur\u00e9e d'un mois ou de quelques semaines, ces p\u00e9riodes de r\u00e9sidences sont ax\u00e9es autant la r\u00e9flexion que la cr\u00e9ation. Le Labo se consacre \u00e0 la pens\u00e9e cr\u00e9ative des artistes, privil\u00e9giant l'exploration plut\u00f4t que des objectifs de r\u00e9ussite.","og_url":"https:\/\/lelabo.ca\/fr\/services\/residence-dartistes\/","og_site_name":"Le Labo FR","article_modified_time":"2025-11-12T19:18:44+00:00","twitter_card":"summary_large_image","twitter_misc":{"Dur\u00e9e de lecture estim\u00e9e":"3 minutes"},"schema":{"@context":"https:\/\/schema.org","@graph":[{"@type":"WebPage","@id":"https:\/\/lelabo.ca\/fr\/services\/residence-dartistes\/","url":"https:\/\/lelabo.ca\/fr\/services\/residence-dartistes\/","name":"R\u00e9sidences d'artistes - Le Labo FR","isPartOf":{"@id":"https:\/\/lelabo.ca\/fr\/#website"},"datePublished":"2020-03-02T18:38:05+00:00","dateModified":"2025-11-12T19:18:44+00:00","description":"Le Labo offre aux artistes francophones, m\u00e9diatiques, visuels et de la performance, un lieu d'accueil pour d\u00e9velopper leur art au coeur de Toronto. D'une dur\u00e9e d'un mois ou de quelques semaines, ces p\u00e9riodes de r\u00e9sidences sont ax\u00e9es autant la r\u00e9flexion que la cr\u00e9ation. Le Labo se consacre \u00e0 la pens\u00e9e cr\u00e9ative des artistes, privil\u00e9giant l'exploration plut\u00f4t que des objectifs de r\u00e9ussite.","breadcrumb":{"@id":"https:\/\/lelabo.ca\/fr\/services\/residence-dartistes\/#breadcrumb"},"inLanguage":"fr-FR","potentialAction":[{"@type":"ReadAction","target":["https:\/\/lelabo.ca\/fr\/services\/residence-dartistes\/"]}]},{"@type":"BreadcrumbList","@id":"https:\/\/lelabo.ca\/fr\/services\/residence-dartistes\/#breadcrumb","itemListElement":[{"@type":"ListItem","position":1,"name":"Accueil","item":"https:\/\/lelabo.ca\/fr\/"},{"@type":"ListItem","position":2,"name":"Services","item":"https:\/\/lelabo.ca\/fr\/services\/"},{"@type":"ListItem","position":3,"name":"R\u00e9sidences d&rsquo;artistes"}]},{"@type":"WebSite","@id":"https:\/\/lelabo.ca\/fr\/#website","url":"https:\/\/lelabo.ca\/fr\/","name":"Le Labo FR","description":"","potentialAction":[{"@type":"SearchAction","target":{"@type":"EntryPoint","urlTemplate":"https:\/\/lelabo.ca\/fr\/?s={search_term_string}"},"query-input":{"@type":"PropertyValueSpecification","valueRequired":true,"valueName":"search_term_string"}}],"inLanguage":"fr-FR"}]}},"_links":{"self":[{"href":"https:\/\/lelabo.ca\/fr\/wp-json\/wp\/v2\/pages\/11000","targetHints":{"allow":["GET"]}}],"collection":[{"href":"https:\/\/lelabo.ca\/fr\/wp-json\/wp\/v2\/pages"}],"about":[{"href":"https:\/\/lelabo.ca\/fr\/wp-json\/wp\/v2\/types\/page"}],"author":[{"embeddable":true,"href":"https:\/\/lelabo.ca\/fr\/wp-json\/wp\/v2\/users\/2"}],"replies":[{"embeddable":true,"href":"https:\/\/lelabo.ca\/fr\/wp-json\/wp\/v2\/comments?post=11000"}],"version-history":[{"count":41,"href":"https:\/\/lelabo.ca\/fr\/wp-json\/wp\/v2\/pages\/11000\/revisions"}],"predecessor-version":[{"id":16871,"href":"https:\/\/lelabo.ca\/fr\/wp-json\/wp\/v2\/pages\/11000\/revisions\/16871"}],"up":[{"embeddable":true,"href":"https:\/\/lelabo.ca\/fr\/wp-json\/wp\/v2\/pages\/568"}],"wp:attachment":[{"href":"https:\/\/lelabo.ca\/fr\/wp-json\/wp\/v2\/media?parent=11000"}],"curies":[{"name":"wp","href":"https:\/\/api.w.org\/{rel}","templated":true}]}}