{"id":14744,"date":"2023-09-20T18:26:10","date_gmt":"2023-09-20T18:26:10","guid":{"rendered":"http:\/\/lelabo.ca\/fr\/?page_id=14744"},"modified":"2024-07-19T16:30:53","modified_gmt":"2024-07-19T16:30:53","slug":"saison-2023-2024","status":"publish","type":"page","link":"https:\/\/lelabo.ca\/fr\/programmation\/saison-2023-2024\/","title":{"rendered":"Saison 2023-2024"},"content":{"rendered":"\n<blockquote class=\"wp-block-quote is-layout-flow wp-block-quote-is-layout-flow\"><p>Parler d&rsquo;exploration et r\u00e9fl\u00e9chir au temps que l&rsquo;on se laisse : c&rsquo;est ce que nous faisons aujourd&rsquo;hui au Labo, en nous consacrant \u00e0 la pens\u00e9e cr\u00e9ative des artistes, et en privil\u00e9giant l&rsquo;introspection et la d\u00e9couverte plut\u00f4t que de simples objectifs de r\u00e9ussite.&nbsp;<\/p><p>Inspir\u00e9s par la pratique ancestrale des cultivateurs, nous aimerions contribuer au repos du Labo et de sa communaut\u00e9, afin que toutes les graines d\u2019id\u00e9es plant\u00e9es puissent enfin germer.<\/p><p>Quoi de mieux pour pr\u00e9parer le futur ?&nbsp;&nbsp;<\/p><cite>Dyana Ouvrard, directrice g\u00e9n\u00e9rale et artistique<\/cite><\/blockquote>\n\n\n\n<p class=\"has-normal-font-size\"><strong>Juillet 2024 <\/strong><br>20 juillet : <a rel=\"noreferrer noopener\" aria-label=\"Art &amp; snack (s\u2019ouvre dans un nouvel onglet)\" href=\"https:\/\/lelabo.ca\/fr\/art-snack-traces-de-voyage-evenement-familial\/\" target=\"_blank\">Art &amp; snack<\/a> \u00e0 partir de 10h<br>17 juillet au 1er ao\u00fbt  : <a rel=\"noreferrer noopener\" aria-label=\"Trac\u00e9s de voyage (s\u2019ouvre dans un nouvel onglet)\" href=\"https:\/\/lelabo.ca\/fr\/traces-de-voyage-20-ans-dallers-retours-exposition-familiale\/\" target=\"_blank\">Trac\u00e9s de voyage<\/a>, une odyss\u00e9e en r\u00e9alit\u00e9 augment\u00e9e | exposition famille<br>12 juillet  : fl\u00e2nerie \u00e0 la <a href=\"https:\/\/toaf.ca\/?gad=1&amp;gclid=CjwKCAjwsKqoBhBPEiwALrrqiNauqlyEa0zuh24potED4DMAfF4zxAKsMpaOc56wagXYBkfydVYINBoCIwMQAvD_BwE\">Toronto Outdoor Art Fair <\/a><br><br><strong>Mai 2024 <\/strong><br>28 juin : <a rel=\"noreferrer noopener\" aria-label=\"fl\u00e2nerie (s\u2019ouvre dans un nouvel onglet)\" href=\"https:\/\/lelabo.ca\/fr\/flanerie-au-image-centre-clarissa-tossin-streamlined\/\" target=\"_blank\">fl\u00e2nerie<\/a> au Image Centre\u00a0|Clarissa Tossin: Streamlined<br>27 mai au 26 juin : M\u00e9moire | Exposition | <a href=\"https:\/\/andreaskratschmer.com\/\">Andreas Kr\u00e4tschmer<\/a>, <a href=\"https:\/\/www.attlc-ltac.org\/fr\/translator\/paul-ruban-fr\/\">Paul Ruban<\/a> et <a href=\"https:\/\/tanialove.com\/\">Tania Love<\/a> <br>7 au 9 mai : exploration autour du son et de l&rsquo;\u00e9criture | <a href=\"https:\/\/blacklanterninc.com\/\">Murielle Jassinthe<\/a> et Oana Avasilichioaei de <a href=\"https:\/\/productionsrhizome.org\/portfolio\/les-duos-choeurs\">Duo Chorus<\/a><\/p>\n\n\n\n<p class=\"has-normal-font-size\"><strong>Avril 2024<\/strong><br>26 avril &#8211; 24 mai : programme  <em><a rel=\"noreferrer noopener\" href=\"https:\/\/lelabo.ca\/fr\/en-vitrine\/\" target=\"_blank\"><strong>En.vitrine<\/strong><\/a><\/em> pr\u00e9sente NADINE VALCIN <em>\u00c9MERGENCE<\/em> avec une&nbsp;<a href=\"https:\/\/tinyurl.com\/yytuj8en\"><strong>contribution<\/strong><\/a>&nbsp;d\u2019Emilie Fotsing  <br>18 avril : journ\u00e9e du cin\u00e9ma canadien | co-pr\u00e9sentation avec <a href=\"https:\/\/reelcanada.ca\/fr\/\">REEL Canada<\/a><br>12 avril : En conversation avec <a rel=\"noreferrer noopener\" aria-label=\"Joyce Joumaa (s\u2019ouvre dans un nouvel onglet)\" href=\"https:\/\/lelabo.ca\/fr\/causerie-avec-joyce-joumaa\/\" target=\"_blank\"><strong>Joyce Joumaa<\/strong><\/a> | co-pr\u00e9sentation avec <a rel=\"noreferrer noopener\" aria-label=\"Images Festival (s\u2019ouvre dans un nouvel onglet)\" href=\"https:\/\/imagesfestival.com\/events\/a-city-in-pursuit\" target=\"_blank\">Images Festival<\/a><br><br><strong>Mars 2024 <\/strong><br>23 mars : veill\u00e9e <em>Retour sur le projet Tourn\u00e9 mont\u00e9<\/em> <br>22 mars &#8211; 19 avril : programme  <em><a rel=\"noreferrer noopener\" href=\"https:\/\/lelabo.ca\/fr\/en-vitrine\/\" target=\"_blank\"><strong>En.vitrine<\/strong><\/a><\/em> pr\u00e9sente NICOLE CROISET <em>Jardin \u00e0 papillons virtuel<\/em> avec une&nbsp;<a href=\"https:\/\/cultures-numeriques.com\/2024\/03\/19\/nicole-croiset-jardin-a-papillons-virtuel-avec-la-collaboration-de-gradora-molaire\/\"><strong>contribution<\/strong><\/a>&nbsp;de Gradora Uniah Molaire   <br>08 au 31 mars : <a rel=\"noreferrer noopener\" aria-label=\" (s\u2019ouvre dans un nouvel onglet)\" href=\"https:\/\/lelabo.ca\/fr\/6-degres-territoire-de-narration-projet-epistolaire-feministe-et-engage\/\" target=\"_blank\">6 degr\u00e9s, territoires de narration<\/a> | projet \u00e9pistolaire collaboratif d&rsquo;\u00e9criture f\u00e9ministe<br>08 mars : vernissage et accueil de la performance J&rsquo;appelle chez nous de Geronimo Inutiq<br><br><strong>F\u00e9vrier 2024 <\/strong><br>23 f\u00e9vrier : fl\u00e2nerie \u00e0 <a href=\"https:\/\/ago.ca\/\">l&rsquo;AGO<\/a> &#8211; visite de l&rsquo;exposition <a href=\"https:\/\/ago.ca\/exhibitions\/casa-susanna\">Casa Susanna <\/a><br>16 f\u00e9vrier &#8211; 15 mars : programme <em><a rel=\"noreferrer noopener\" aria-label=\"En.vitrine (s\u2019ouvre dans un nouvel onglet)\" href=\"https:\/\/lelabo.ca\/fr\/en-vitrine\/\" target=\"_blank\"><strong>En.vitrine<\/strong><\/a><\/em> pr\u00e9sente MADI PILLER :&nbsp;<em>Reflet cosmique<\/em> avec une&nbsp;<a href=\"https:\/\/cultures-numeriques.com\/2024\/02\/16\/v-2024-02-14_eclat-numerique-illumination-inedite-a-luof-avec-reflet-cosmique\/\"><strong>contribution<\/strong><\/a>&nbsp;de Serena Erica Simo Kenmoe <br>02 f\u00e9vrier : soir\u00e9e \u00ab\u00a0<a rel=\"noreferrer noopener\" aria-label=\"lectures \u00e9lectroniques (s\u2019ouvre dans un nouvel onglet)\" href=\"https:\/\/lelabo.ca\/fr\/soiree-de-lectures-electroniques\/\" target=\"_blank\">lectures \u00e9lectroniques<\/a>\u00ab\u00a0<br><br><strong>Janvier 2024 <\/strong><br>12 janvier : fl\u00e2nerie au <a href=\"https:\/\/moca.ca\/\">MOCA<\/a> &#8211; visite de l&rsquo;exposition <a href=\"https:\/\/moca.ca\/exhibitions\/liz-magor-2023\/\">The Separation | Liz Magor <\/a><br><strong><br>D\u00e9cembre 2023 <\/strong><br>7 au 18 d\u00e9cembre : Bazz&rsquo;Art | exposition collective <br>7 d\u00e9cembre : soir\u00e9e encan-b\u00e9n\u00e9fice de fin d&rsquo;ann\u00e9e <br><br><strong>Novembre 2023 <\/strong><br>5 novembre : Courts Toujours | co-pr\u00e9sentation de courts m\u00e9trages francophones avec <a href=\"https:\/\/cinefranco.com\/\">Cin\u00e9Franco<\/a><br><br><strong>Octobre 2023 <\/strong><br>10 octobre : soir\u00e9e de projections des films documentaires <a href=\"https:\/\/www.onf.ca\/film\/a-pleine-voix\/\">\u00ab\u00a0\u00c0 pleine voix\u00a0\u00bb de Sa\u00efda Ouchaou-Ozarowski <\/a>et <a href=\"https:\/\/www.cafe-febrissy.com\/#\/mounanbala\/\">\u00ab\u00a0Moun An Ba La\u00a0\u00bb de Katia-Caf\u00e9-F\u00e9brissy <\/a><br><br><strong>Septembre 2023 <\/strong><br>23 septembre : Nuit Blanche &#8211; <a href=\"https:\/\/lelabo.ca\/fr\/6-degres-le-projet-decriture-feministe-du-labo-a-nuit-blanche\/\">6 degr\u00e9s<\/a> | projet \u00e9pistolaire collaboratif au 401 Richmond <br>22 septembre au 21 octobre : <a href=\"https:\/\/lelabo.ca\/fr\/bulles-exposition-collective\/\">Bulles<\/a> | exposition collective \u00e0 <a href=\"https:\/\/www.alliance-francaise.ca\/fr\/\">l&rsquo;Alliance Fran\u00e7aise <\/a><\/p>\n\n\n\n<hr class=\"wp-block-separator\"\/>\n\n\n\n<p class=\"has-medium-font-size\">T\u00e9l\u00e9chargez le programme :<\/p>\n\n\n\n<div class=\"wp-block-file\"><a href=\"https:\/\/lelabo.ca\/fr\/wp-content\/uploads\/sites\/2\/2024\/02\/DIGITAL_Saison-Artistique-2023-24_maj-2024-02-28.pdf\">Livret de la saison artistique<\/a><a href=\"https:\/\/lelabo.ca\/fr\/wp-content\/uploads\/sites\/2\/2024\/02\/DIGITAL_Saison-Artistique-2023-24_maj-2024-02-28.pdf\" class=\"wp-block-file__button\" download>T\u00e9l\u00e9charger<\/a><\/div>\n\n\n\n<p><br><\/p>\n\n\n\n<p><\/p>\n\n\n\n<p><\/p>\n","protected":false},"excerpt":{"rendered":"<p>Parler d&rsquo;exploration et r\u00e9fl\u00e9chir au temps que l&rsquo;on se laisse : c&rsquo;est ce que nous faisons aujourd&rsquo;hui au Labo, en nous consacrant \u00e0 la pens\u00e9e cr\u00e9ative des artistes, et en privil\u00e9giant l&rsquo;introspection et la d\u00e9couverte plut\u00f4t que de simples objectifs<\/p>\n","protected":false},"author":2,"featured_media":0,"parent":1686,"menu_order":0,"comment_status":"closed","ping_status":"closed","template":"","meta":{"footnotes":""},"class_list":["post-14744","page","type-page","status-publish","hentry"],"yoast_head":"<!-- This site is optimized with the Yoast SEO plugin v24.9 - https:\/\/yoast.com\/wordpress\/plugins\/seo\/ -->\n<title>Saison 2023-2024 - Le Labo FR<\/title>\n<meta name=\"robots\" content=\"index, follow, max-snippet:-1, max-image-preview:large, max-video-preview:-1\" \/>\n<link rel=\"canonical\" href=\"https:\/\/lelabo.ca\/fr\/programmation\/saison-2023-2024\/\" \/>\n<meta property=\"og:locale\" content=\"fr_FR\" \/>\n<meta property=\"og:type\" content=\"article\" \/>\n<meta property=\"og:title\" content=\"Saison 2023-2024 - Le Labo FR\" \/>\n<meta property=\"og:description\" content=\"Parler d&rsquo;exploration et r\u00e9fl\u00e9chir au temps que l&rsquo;on se laisse : c&rsquo;est ce que nous faisons aujourd&rsquo;hui au Labo, en nous consacrant \u00e0 la pens\u00e9e cr\u00e9ative des artistes, et en privil\u00e9giant l&rsquo;introspection et la d\u00e9couverte plut\u00f4t que de simples objectifs\" \/>\n<meta property=\"og:url\" content=\"https:\/\/lelabo.ca\/fr\/programmation\/saison-2023-2024\/\" \/>\n<meta property=\"og:site_name\" content=\"Le Labo FR\" \/>\n<meta property=\"article:modified_time\" content=\"2024-07-19T16:30:53+00:00\" \/>\n<meta name=\"twitter:card\" content=\"summary_large_image\" \/>\n<meta name=\"twitter:label1\" content=\"Dur\u00e9e de lecture estim\u00e9e\" \/>\n\t<meta name=\"twitter:data1\" content=\"2 minutes\" \/>\n<script type=\"application\/ld+json\" class=\"yoast-schema-graph\">{\"@context\":\"https:\/\/schema.org\",\"@graph\":[{\"@type\":\"WebPage\",\"@id\":\"https:\/\/lelabo.ca\/fr\/programmation\/saison-2023-2024\/\",\"url\":\"https:\/\/lelabo.ca\/fr\/programmation\/saison-2023-2024\/\",\"name\":\"Saison 2023-2024 - Le Labo FR\",\"isPartOf\":{\"@id\":\"https:\/\/lelabo.ca\/fr\/#website\"},\"datePublished\":\"2023-09-20T18:26:10+00:00\",\"dateModified\":\"2024-07-19T16:30:53+00:00\",\"breadcrumb\":{\"@id\":\"https:\/\/lelabo.ca\/fr\/programmation\/saison-2023-2024\/#breadcrumb\"},\"inLanguage\":\"fr-FR\",\"potentialAction\":[{\"@type\":\"ReadAction\",\"target\":[\"https:\/\/lelabo.ca\/fr\/programmation\/saison-2023-2024\/\"]}]},{\"@type\":\"BreadcrumbList\",\"@id\":\"https:\/\/lelabo.ca\/fr\/programmation\/saison-2023-2024\/#breadcrumb\",\"itemListElement\":[{\"@type\":\"ListItem\",\"position\":1,\"name\":\"Accueil\",\"item\":\"https:\/\/lelabo.ca\/fr\/\"},{\"@type\":\"ListItem\",\"position\":2,\"name\":\"Programmation\",\"item\":\"https:\/\/lelabo.ca\/fr\/programmation\/\"},{\"@type\":\"ListItem\",\"position\":3,\"name\":\"Saison 2023-2024\"}]},{\"@type\":\"WebSite\",\"@id\":\"https:\/\/lelabo.ca\/fr\/#website\",\"url\":\"https:\/\/lelabo.ca\/fr\/\",\"name\":\"Le Labo FR\",\"description\":\"\",\"potentialAction\":[{\"@type\":\"SearchAction\",\"target\":{\"@type\":\"EntryPoint\",\"urlTemplate\":\"https:\/\/lelabo.ca\/fr\/?s={search_term_string}\"},\"query-input\":{\"@type\":\"PropertyValueSpecification\",\"valueRequired\":true,\"valueName\":\"search_term_string\"}}],\"inLanguage\":\"fr-FR\"}]}<\/script>\n<!-- \/ Yoast SEO plugin. -->","yoast_head_json":{"title":"Saison 2023-2024 - Le Labo FR","robots":{"index":"index","follow":"follow","max-snippet":"max-snippet:-1","max-image-preview":"max-image-preview:large","max-video-preview":"max-video-preview:-1"},"canonical":"https:\/\/lelabo.ca\/fr\/programmation\/saison-2023-2024\/","og_locale":"fr_FR","og_type":"article","og_title":"Saison 2023-2024 - Le Labo FR","og_description":"Parler d&rsquo;exploration et r\u00e9fl\u00e9chir au temps que l&rsquo;on se laisse : c&rsquo;est ce que nous faisons aujourd&rsquo;hui au Labo, en nous consacrant \u00e0 la pens\u00e9e cr\u00e9ative des artistes, et en privil\u00e9giant l&rsquo;introspection et la d\u00e9couverte plut\u00f4t que de simples objectifs","og_url":"https:\/\/lelabo.ca\/fr\/programmation\/saison-2023-2024\/","og_site_name":"Le Labo FR","article_modified_time":"2024-07-19T16:30:53+00:00","twitter_card":"summary_large_image","twitter_misc":{"Dur\u00e9e de lecture estim\u00e9e":"2 minutes"},"schema":{"@context":"https:\/\/schema.org","@graph":[{"@type":"WebPage","@id":"https:\/\/lelabo.ca\/fr\/programmation\/saison-2023-2024\/","url":"https:\/\/lelabo.ca\/fr\/programmation\/saison-2023-2024\/","name":"Saison 2023-2024 - Le Labo FR","isPartOf":{"@id":"https:\/\/lelabo.ca\/fr\/#website"},"datePublished":"2023-09-20T18:26:10+00:00","dateModified":"2024-07-19T16:30:53+00:00","breadcrumb":{"@id":"https:\/\/lelabo.ca\/fr\/programmation\/saison-2023-2024\/#breadcrumb"},"inLanguage":"fr-FR","potentialAction":[{"@type":"ReadAction","target":["https:\/\/lelabo.ca\/fr\/programmation\/saison-2023-2024\/"]}]},{"@type":"BreadcrumbList","@id":"https:\/\/lelabo.ca\/fr\/programmation\/saison-2023-2024\/#breadcrumb","itemListElement":[{"@type":"ListItem","position":1,"name":"Accueil","item":"https:\/\/lelabo.ca\/fr\/"},{"@type":"ListItem","position":2,"name":"Programmation","item":"https:\/\/lelabo.ca\/fr\/programmation\/"},{"@type":"ListItem","position":3,"name":"Saison 2023-2024"}]},{"@type":"WebSite","@id":"https:\/\/lelabo.ca\/fr\/#website","url":"https:\/\/lelabo.ca\/fr\/","name":"Le Labo FR","description":"","potentialAction":[{"@type":"SearchAction","target":{"@type":"EntryPoint","urlTemplate":"https:\/\/lelabo.ca\/fr\/?s={search_term_string}"},"query-input":{"@type":"PropertyValueSpecification","valueRequired":true,"valueName":"search_term_string"}}],"inLanguage":"fr-FR"}]}},"_links":{"self":[{"href":"https:\/\/lelabo.ca\/fr\/wp-json\/wp\/v2\/pages\/14744","targetHints":{"allow":["GET"]}}],"collection":[{"href":"https:\/\/lelabo.ca\/fr\/wp-json\/wp\/v2\/pages"}],"about":[{"href":"https:\/\/lelabo.ca\/fr\/wp-json\/wp\/v2\/types\/page"}],"author":[{"embeddable":true,"href":"https:\/\/lelabo.ca\/fr\/wp-json\/wp\/v2\/users\/2"}],"replies":[{"embeddable":true,"href":"https:\/\/lelabo.ca\/fr\/wp-json\/wp\/v2\/comments?post=14744"}],"version-history":[{"count":17,"href":"https:\/\/lelabo.ca\/fr\/wp-json\/wp\/v2\/pages\/14744\/revisions"}],"predecessor-version":[{"id":15805,"href":"https:\/\/lelabo.ca\/fr\/wp-json\/wp\/v2\/pages\/14744\/revisions\/15805"}],"up":[{"embeddable":true,"href":"https:\/\/lelabo.ca\/fr\/wp-json\/wp\/v2\/pages\/1686"}],"wp:attachment":[{"href":"https:\/\/lelabo.ca\/fr\/wp-json\/wp\/v2\/media?parent=14744"}],"curies":[{"name":"wp","href":"https:\/\/api.w.org\/{rel}","templated":true}]}}