{"id":1640,"date":"2015-06-23T14:23:14","date_gmt":"2015-06-23T18:23:14","guid":{"rendered":"http:\/\/maiatencong.com\/wordpress\/fr\/?page_id=1640"},"modified":"2017-09-28T14:07:40","modified_gmt":"2017-09-28T14:07:40","slug":"ateliers","status":"publish","type":"page","link":"https:\/\/lelabo.ca\/fr\/ateliers\/","title":{"rendered":"Ateliers"},"content":{"rendered":"<p>Gr\u00e2ce au soutien de la Fondation Trillium de l&rsquo;Ontario, Le Labo a construit un programme de formations en arts m\u00e9diatiques pour le public (membres, artistes, francophiles) et les organismes \u00e9ducatifs\u00a0qui a pour objectif de former la\u00a0rel\u00e8ve et solidifier son\u00a0soutien\u00a0\u00e0\u00a0la cr\u00e9ation m\u00e9diatique.<\/p>\n<p>Nos ateliers peuvent \u00eatre tenus sur demande. N&rsquo;h\u00e9sitez pas \u00e0 nous contacter \u00e0 <a href=\"mailto:info@lelabo.ca\">info@lelabo.ca<\/a> au sujet de vos besoins sp\u00e9cifiques de formation.<\/p>\n<p>Pour en savoir plus sur les <strong>ateliers ouverts \u00e0 tous<\/strong>, cliquer <a href=\"https:\/\/lelabo.ca\/fr\/ateliers\/ouverts-a-tous\">ici<\/a><\/p>\n<p>Pour en savoir plus sur les <strong>ateliers pour les organismes \u00e9ducatifs<\/strong>, cliquer <a href=\"https:\/\/lelabo.ca\/fr\/ateliers\/edu\/\">ici<\/a><\/p>\n<div><\/div>\n","protected":false},"excerpt":{"rendered":"<p>Gr\u00e2ce au soutien de la Fondation Trillium de l&rsquo;Ontario, Le Labo a construit un programme de formations en arts m\u00e9diatiques pour le public (membres, artistes, francophiles) et les organismes \u00e9ducatifs\u00a0qui a pour objectif de former la\u00a0rel\u00e8ve et solidifier son\u00a0soutien\u00a0\u00e0\u00a0la cr\u00e9ation<\/p>\n","protected":false},"author":2,"featured_media":0,"parent":0,"menu_order":0,"comment_status":"closed","ping_status":"open","template":"page-templates\/contact.php","meta":{"footnotes":""},"class_list":["post-1640","page","type-page","status-publish","hentry"],"yoast_head":"<!-- This site is optimized with the Yoast SEO plugin v24.9 - https:\/\/yoast.com\/wordpress\/plugins\/seo\/ -->\n<title>Ateliers - Le Labo FR<\/title>\n<meta name=\"robots\" content=\"index, follow, max-snippet:-1, max-image-preview:large, max-video-preview:-1\" \/>\n<link rel=\"canonical\" href=\"https:\/\/lelabo.ca\/fr\/ateliers\/\" \/>\n<meta property=\"og:locale\" content=\"fr_FR\" \/>\n<meta property=\"og:type\" content=\"article\" \/>\n<meta property=\"og:title\" content=\"Ateliers - Le Labo FR\" \/>\n<meta property=\"og:description\" content=\"Gr\u00e2ce au soutien de la Fondation Trillium de l&rsquo;Ontario, Le Labo a construit un programme de formations en arts m\u00e9diatiques pour le public (membres, artistes, francophiles) et les organismes \u00e9ducatifs\u00a0qui a pour objectif de former la\u00a0rel\u00e8ve et solidifier son\u00a0soutien\u00a0\u00e0\u00a0la cr\u00e9ation\" \/>\n<meta property=\"og:url\" content=\"https:\/\/lelabo.ca\/fr\/ateliers\/\" \/>\n<meta property=\"og:site_name\" content=\"Le Labo FR\" \/>\n<meta property=\"article:modified_time\" content=\"2017-09-28T14:07:40+00:00\" \/>\n<meta name=\"twitter:card\" content=\"summary_large_image\" \/>\n<script type=\"application\/ld+json\" class=\"yoast-schema-graph\">{\"@context\":\"https:\/\/schema.org\",\"@graph\":[{\"@type\":\"WebPage\",\"@id\":\"https:\/\/lelabo.ca\/fr\/ateliers\/\",\"url\":\"https:\/\/lelabo.ca\/fr\/ateliers\/\",\"name\":\"Ateliers - Le Labo FR\",\"isPartOf\":{\"@id\":\"https:\/\/lelabo.ca\/fr\/#website\"},\"datePublished\":\"2015-06-23T18:23:14+00:00\",\"dateModified\":\"2017-09-28T14:07:40+00:00\",\"breadcrumb\":{\"@id\":\"https:\/\/lelabo.ca\/fr\/ateliers\/#breadcrumb\"},\"inLanguage\":\"fr-FR\",\"potentialAction\":[{\"@type\":\"ReadAction\",\"target\":[\"https:\/\/lelabo.ca\/fr\/ateliers\/\"]}]},{\"@type\":\"BreadcrumbList\",\"@id\":\"https:\/\/lelabo.ca\/fr\/ateliers\/#breadcrumb\",\"itemListElement\":[{\"@type\":\"ListItem\",\"position\":1,\"name\":\"Accueil\",\"item\":\"https:\/\/lelabo.ca\/fr\/\"},{\"@type\":\"ListItem\",\"position\":2,\"name\":\"Ateliers\"}]},{\"@type\":\"WebSite\",\"@id\":\"https:\/\/lelabo.ca\/fr\/#website\",\"url\":\"https:\/\/lelabo.ca\/fr\/\",\"name\":\"Le Labo FR\",\"description\":\"\",\"potentialAction\":[{\"@type\":\"SearchAction\",\"target\":{\"@type\":\"EntryPoint\",\"urlTemplate\":\"https:\/\/lelabo.ca\/fr\/?s={search_term_string}\"},\"query-input\":{\"@type\":\"PropertyValueSpecification\",\"valueRequired\":true,\"valueName\":\"search_term_string\"}}],\"inLanguage\":\"fr-FR\"}]}<\/script>\n<!-- \/ Yoast SEO plugin. -->","yoast_head_json":{"title":"Ateliers - Le Labo FR","robots":{"index":"index","follow":"follow","max-snippet":"max-snippet:-1","max-image-preview":"max-image-preview:large","max-video-preview":"max-video-preview:-1"},"canonical":"https:\/\/lelabo.ca\/fr\/ateliers\/","og_locale":"fr_FR","og_type":"article","og_title":"Ateliers - Le Labo FR","og_description":"Gr\u00e2ce au soutien de la Fondation Trillium de l&rsquo;Ontario, Le Labo a construit un programme de formations en arts m\u00e9diatiques pour le public (membres, artistes, francophiles) et les organismes \u00e9ducatifs\u00a0qui a pour objectif de former la\u00a0rel\u00e8ve et solidifier son\u00a0soutien\u00a0\u00e0\u00a0la cr\u00e9ation","og_url":"https:\/\/lelabo.ca\/fr\/ateliers\/","og_site_name":"Le Labo FR","article_modified_time":"2017-09-28T14:07:40+00:00","twitter_card":"summary_large_image","schema":{"@context":"https:\/\/schema.org","@graph":[{"@type":"WebPage","@id":"https:\/\/lelabo.ca\/fr\/ateliers\/","url":"https:\/\/lelabo.ca\/fr\/ateliers\/","name":"Ateliers - Le Labo FR","isPartOf":{"@id":"https:\/\/lelabo.ca\/fr\/#website"},"datePublished":"2015-06-23T18:23:14+00:00","dateModified":"2017-09-28T14:07:40+00:00","breadcrumb":{"@id":"https:\/\/lelabo.ca\/fr\/ateliers\/#breadcrumb"},"inLanguage":"fr-FR","potentialAction":[{"@type":"ReadAction","target":["https:\/\/lelabo.ca\/fr\/ateliers\/"]}]},{"@type":"BreadcrumbList","@id":"https:\/\/lelabo.ca\/fr\/ateliers\/#breadcrumb","itemListElement":[{"@type":"ListItem","position":1,"name":"Accueil","item":"https:\/\/lelabo.ca\/fr\/"},{"@type":"ListItem","position":2,"name":"Ateliers"}]},{"@type":"WebSite","@id":"https:\/\/lelabo.ca\/fr\/#website","url":"https:\/\/lelabo.ca\/fr\/","name":"Le Labo FR","description":"","potentialAction":[{"@type":"SearchAction","target":{"@type":"EntryPoint","urlTemplate":"https:\/\/lelabo.ca\/fr\/?s={search_term_string}"},"query-input":{"@type":"PropertyValueSpecification","valueRequired":true,"valueName":"search_term_string"}}],"inLanguage":"fr-FR"}]}},"_links":{"self":[{"href":"https:\/\/lelabo.ca\/fr\/wp-json\/wp\/v2\/pages\/1640","targetHints":{"allow":["GET"]}}],"collection":[{"href":"https:\/\/lelabo.ca\/fr\/wp-json\/wp\/v2\/pages"}],"about":[{"href":"https:\/\/lelabo.ca\/fr\/wp-json\/wp\/v2\/types\/page"}],"author":[{"embeddable":true,"href":"https:\/\/lelabo.ca\/fr\/wp-json\/wp\/v2\/users\/2"}],"replies":[{"embeddable":true,"href":"https:\/\/lelabo.ca\/fr\/wp-json\/wp\/v2\/comments?post=1640"}],"version-history":[{"count":9,"href":"https:\/\/lelabo.ca\/fr\/wp-json\/wp\/v2\/pages\/1640\/revisions"}],"predecessor-version":[{"id":7603,"href":"https:\/\/lelabo.ca\/fr\/wp-json\/wp\/v2\/pages\/1640\/revisions\/7603"}],"wp:attachment":[{"href":"https:\/\/lelabo.ca\/fr\/wp-json\/wp\/v2\/media?parent=1640"}],"curies":[{"name":"wp","href":"https:\/\/api.w.org\/{rel}","templated":true}]}}