{"id":1647,"date":"2015-06-23T14:40:43","date_gmt":"2015-06-23T14:40:43","guid":{"rendered":"http:\/\/maiatencong.com\/wordpress\/fr\/?page_id=1647"},"modified":"2020-06-10T15:43:25","modified_gmt":"2020-06-10T15:43:25","slug":"equipement","status":"publish","type":"page","link":"https:\/\/lelabo.ca\/fr\/services\/equipement\/","title":{"rendered":"\u00c9quipement"},"content":{"rendered":"<h4 style=\"text-align: center;\"><span style=\"font-weight: 400;\">En tant que membre <strong>PROFESSIONNEL ou CONNAISSEUR<\/strong> du LABO, <\/span><span style=\"font-weight: 400;\">vous pouvez louer de l\u2019\u00e9quipement pour vos tournages et productions ind\u00e9pendantes.<\/span><\/h4>\n<hr \/>\n<ul>\n<li>Si vous connaissez notre protocole de location et souhaitez acc\u00e9der directement au site de r\u00e9servation en ligne\u00a0: <a href=\"https:\/\/charlesstreetvideo.com\/home.php?ismobile=0\" target=\"_blank\" rel=\"noopener noreferrer\">cliquer ici<\/a><\/li>\n<li>Pour lire notre politique de location et pour voir la pleine liste d&rsquo;\u00e9quipements disponibles voir :\u00a0<a href=\"https:\/\/charlesstreetvideo.com\/production_shooting.php?submenu=rentals\" target=\"_blank\" rel=\"noopener noreferrer\">https:\/\/charlesstreetvideo.com\/production_shooting.php?submenu=rentals\u00a0<\/a><\/li>\n<\/ul>\n<hr \/>\n<h3 style=\"text-align: center;\">PROCESSUS : LOCATION D&rsquo;\u00c9QUIPEMENT<\/h3>\n<hr \/>\n<h3 id=\"location\" style=\"text-align: center;\">\u00a0<\/h3>\n<h3><strong>Qui peut louer l\u2019\u00e9quipement du Labo ?<\/strong><\/h3>\n<ul>\n<li>La location de mat\u00e9riel est r\u00e9serv\u00e9e aux membres PROFESSIONNELS et CONNAISSEURS du Labo, aux membres de <a href=\"https:\/\/charlesstreetvideo.com\/\" target=\"_blank\" rel=\"noopener noreferrer\">Charles Street Video<\/a><a href=\"https:\/\/charlesstreetvideo.com\/\" target=\"_blank\" rel=\"noopener noreferrer\"> (CSV)<\/a>, ainsi qu&rsquo;aux artistes en r\u00e9sidence de passage au Labo pour une courte dur\u00e9e*.\u00a0 \u00a0 \u00a0<\/li>\n<li>TOUTES r\u00e9servations d&rsquo;\u00e9quipements en ligne doit \u00eatre faite par les membres eux-m\u00eames.<\/li>\n<li>Pour les membres connaisseurs qui ont besoin d\u2019une formation sur l\u2019\u00e9quipement, merci de nous contacter \u00e0 l\u2019avance au 647.352.4411<\/li>\n<li><span style=\"font-weight: 400;\">Pour prendre connaissance de notre politique de location, des tarifications et sp\u00e9cificit\u00e9s techniques : <\/span><em><a href=\"https:\/\/charlesstreetvideo.com\/production_shooting.php?submenu=rentals\" target=\"_blank\" rel=\"noopener noreferrer\"><em>https:\/\/charlesstreetvideo.com\/production_shooting.php?submenu=rentals<\/em><\/a> <\/em>\n<p><br \/>*\u00c0 noter que votre r\u00e9sidence d&rsquo;artiste vous octroie le droit de louer gratuitement du mat\u00e9riel technique d&rsquo;une valeur de 2000$, pendant toute la dur\u00e9e de votre passage au Labo. Il ne vous sera demand\u00e9 que de payer les taxes relatives au mat\u00e9riel de CSV. Les taxes relatives au mat\u00e9riel du Labo vous \u00e9tant remises \u00e0 titre gracieux.<\/p>\n<\/li>\n<\/ul>\n<h3><strong>Quels \u00e9quipements puis-je louer en tant que membre du Labo ?<\/strong><\/h3>\n<p>Le Labo et <a href=\"https:\/\/charlesstreetvideo.com\/\" target=\"_blank\" rel=\"noopener noreferrer\">Charles Street Video<\/a><a href=\"https:\/\/charlesstreetvideo.com\/\" target=\"_blank\" rel=\"noopener noreferrer\"> (CSV) <\/a>sont partenaires et partagent le m\u00eame syst\u00e8me de r\u00e9servation, accessible depuis <a href=\"https:\/\/booking.charlesstreetvideo.com\/\" target=\"_blank\" rel=\"noopener noreferrer\">ce lien<\/a>\u00a0(ou directement sur le site de <a href=\"https:\/\/charlesstreetvideo.com\/\" target=\"_blank\" rel=\"noopener noreferrer\">CSV<\/a>\u00a0si vous en \u00eates membre).<\/p>\n<ul>\n<li>Les membres PROFESSIONNELS et CONNAISSEURS du Labo peuvent louer tous les \u00e9quipements du Labo<\/li>\n<li>Les membres CONNAISSEURS du Labo ne peuvent pas louer les \u00e9quipements qui n\u2019appartiennent pas au Labo.<\/li>\n<li>Les membres PROFESSIONNELS du Labo peuvent devenir GRATUITEMENT membre de CSV et ainsi avoir aussi acc\u00e8s \u00e0 leur \u00e9quipement. Pour devenir membre de CSV, merci de contacter directement CSV au 416.603.6565.<\/li>\n<li>Vous trouverez toutes les informations de tarifications et de sp\u00e9cifications techniques sur le site de notre partenaire Charles Street Video sous la section \u00ab\u00a0RENTALS\u00a0\u00bb et \u00ab\u00a0MOBILE GEAR\u00a0\u00bb. Voici le lien direct :\u00a0<a href=\"https:\/\/charlesstreetvideo.com\/production_shooting.php?submenu=rentals\" target=\"_blank\" rel=\"noopener noreferrer\">https:\/\/charlesstreetvideo.com\/production_shooting.php?submenu=rentals<\/a><\/li>\n<\/ul>\n<h3><strong><br \/>Comment louer des \u00e9quipements ?<\/strong><\/h3>\n<p><strong><span style=\"text-decoration: underline;\">Les r\u00e9servations se font\u00a0:<\/span><\/strong><\/p>\n<ul>\n<li><strong>De pr\u00e9f\u00e9rence en ligne (24h\/7) <\/strong><\/li>\n<li><b>TOUTES r\u00e9servations d\u2019\u00e9quipements en ligne, doivent \u00eatre faites par les membres eux-m\u00eames. <\/b><\/li>\n<li><strong>En personne <b>\u00a0:<\/b><span style=\"font-weight: 400;\"> dans l\u2019espace partag\u00e9 par <\/span><b>CSV<\/b><span style=\"font-weight: 400;\"> et Le Labo au <\/span><a href=\"https:\/\/www.tomediaarts.org\/\"><b>32 rue Lisgar, Toronto Media Arts Centre &#8211; en savoir plus: https:\/\/www.tomediaarts.org\/ <\/b><\/a><span style=\"font-weight: 400;\">Du lundi au vendredi de 10h00 \u00e0 17h00. <\/span><\/strong><\/li>\n<li><strong>Par t\u00e9l\u00e9phone\u00a0:<\/strong> 416.603.6564 du lundi au vendredi de\u00a010h00 \u00e0 17h00.\n<p>\u00a0<\/p>\n<\/li>\n<\/ul>\n<hr \/>\n<h4 style=\"text-align: center;\">PROCESSUS DE R\u00c9SERVATION EN LIGNE :<\/h4>\n<hr \/>\n<ol>\n<li><span style=\"font-weight: 400;\">\u00a0Avoir un <\/span><b>IDENTIFIANT<\/b><span style=\"font-weight: 400;\"> ainsi qu\u2019un <\/span><b>MOT DE PASSE.<\/b><b><br \/><\/b><b><br \/><\/b><b>IDENTIFIANT<\/b><b> :<\/b><span style=\"font-weight: 400;\"> Il s\u2019agit de votre pr\u00e9nom et nom de famille \u2013 ou d\u2019un num\u00e9ro de 4 chiffres. Exemple : Martin Dupont ou ID 5657<\/span><span style=\"font-weight: 400;\"><br \/><\/span><span style=\"font-weight: 400;\"><br \/><\/span><b>MOT DE PASSE<\/b><b> :<\/b><span style=\"font-weight: 400;\"> Le Labo vous a fourni votre mot de passe lors de votre adh\u00e9sion. Il vous est possible de le modifier directement sur la page de r\u00e9servation. <\/span><span style=\"font-weight: 400;\"><br \/><\/span><span style=\"font-weight: 400;\">En cas de perte de votre mot de passe, Le Labo ne pourra pas vous le retrouver. Si vous n\u2019avez pas votre mot de passe, contactez-nous \u00e0 <\/span><span style=\"font-weight: 400;\">tech@lelabo.ca<\/span><span style=\"font-weight: 400;\"><span style=\"font-weight: 400;\"><span style=\"font-weight: 400;\"> ou au 647.352.4411<\/span><\/span><\/span>\n<p>\u00a0<\/p>\n<\/li>\n<li>Acc\u00e9der au site de location en ligne: <a href=\"https:\/\/charlesstreetvideo.com\/home.php?ismobile=0\" target=\"_blank\" rel=\"noopener noreferrer\">https:\/\/charlesstreetvideo.com\/<\/a><\/li>\n<li>Dans le champ \u00ab\u00a0MEMBER\u00a0\u00bb inscrivez votre IDENTIFIANT<\/li>\n<li>Dans le champ \u00ab\u00a0PASSWORD\u00a0\u00bb inscrivez votre MOT DE PASSE<\/li>\n<li>Une fois inscrit dans le site. Allez \u00e0 la section \u00ab\u00a0BOOKING\u00a0\u00bb. Sur la ligne correspondant \u00e0 l\u2019\u00e9quipement que vous souhaitez louer, cliquez sur la date de location d\u00e9sir\u00e9e et inscrivez le nom du projet.\n<p>\u00a0<\/p>\n<p><strong><a href=\"https:\/\/lelabo.ca\/fr\/services\/equipement\/processus-de-reservation-en-ligne-login\/\" rel=\"attachment wp-att-11103\">PROCESSUS DE RE\u0301SERVATION EN LIGNE &#8211; LOGIN<\/a><\/strong><\/p>\n<\/li>\n<\/ol>\n<p><strong>\u00a0 \u00a0 \u00a0 \u00a0 \u00a0 <a href=\"https:\/\/lelabo.ca\/fr\/services\/equipement\/processus-de-reservation-en-ligne-booking\/\" rel=\"attachment wp-att-11100\">PROCESSUS DE RE\u0301SERVATION EN LIGNE &#8211; BOOKING<\/a><\/strong><\/p>\n<p>\u00a0<\/p>\n<hr \/>\n<h3><strong>Comment r\u00e9cup\u00e9rer et rapporter l\u2019\u00e9quipement ?<\/strong><\/h3>\n<ul>\n<li><span style=\"font-weight: 400;\">La prise en main de l\u2019\u00e9quipement se fait du lundi au vendredi entre 14h00 et 16h00 au bureau de <\/span><b>CHARLES STREET VIDEO (CSV)<\/b><span style=\"font-weight: 400;\"> au <\/span><a href=\"https:\/\/www.tomediaarts.org\/\"><b>32 rue Lisgar, Toronto Media Arts Centre &#8211; en savoir plus: https:\/\/www.tomediaarts.org\/ <\/b><\/a><span style=\"font-weight: 400;\"><span style=\"font-weight: 400;\">T\u00e9l : 416.603.6564<\/span><\/span><\/li>\n<li><span style=\"font-weight: 400;\">Le retour de l\u2019\u00e9quipement se fait au bureau du CSV du lundi au vendredi entre 10h00 et 12h00.<\/span><\/li>\n<\/ul>\n<p><strong>Exemples de dur\u00e9es de locations :<br \/><\/strong><\/p>\n<ul>\n<li><strong>1 Jour de location :<\/strong> Vous avez besoin de l\u2019\u00e9quipement un jeudi : la prise en main se fera le mercredi pr\u00e9c\u00e9dent entre 14h00 et 16h00 et le retour, le vendredi suivant entre 10h00 et 12h00.<\/li>\n<li><strong>Fin de semaine :<\/strong>\u00a0La fin de semaine compte pour 1,5 jours de location. La prise en main s\u2019effectue le vendredi entre 14h00 et 16h00 et le retour le lundi de 10h00 et 12h00.<\/li>\n<li><strong>Une semaine :<\/strong>\u00a0Si vous louez pour 7 jours, vous serez factur\u00e9 pour 4 jours.<br \/>Exemple : Le mat\u00e9riel pris en main le lundi apr\u00e8s-midi doit \u00eatre de retour le mardi matin de la semaine suivante.<\/li>\n<\/ul>\n<h3><strong>Puis-je annuler une r\u00e9servation ?<\/strong><\/h3>\n<p><span style=\"font-weight: 400;\">Vous pouvez annuler une r\u00e9servation par t\u00e9l\u00e9phone au 416.603.6564 du lundi au vendredi de 10h \u00e0 17h. Toute annulation doit, cependant, se faire 48h \u00e0 l\u2019avance.<\/span><\/p>\n<p><span style=\"font-weight: 400;\">Si vous ne vous pr\u00e9sentez pas dans la premi\u00e8re heure de r\u00e9servation, le montant total de la r\u00e9servation minimale vous sera factur\u00e9.<\/span><\/p>\n<h3><strong><br \/><b>Comment puis-je payer et quand proc\u00e8de t-on au paiement ? <\/b><br \/><\/strong><\/h3>\n<p><span style=\"font-weight: 400;\">Le paiement se fait au moment de la prise en main de l\u2019\u00e9quipement par :<\/span><\/p>\n<ul>\n<li style=\"font-weight: 400;\"><span style=\"font-weight: 400;\">carte de cr\u00e9dit<\/span><\/li>\n<li style=\"font-weight: 400;\"><span style=\"font-weight: 400;\">carte de d\u00e9bit<\/span><\/li>\n<li style=\"font-weight: 400;\"><span style=\"font-weight: 400;\">argent comptant<\/span><\/li>\n<\/ul>\n<p style=\"text-align: center;\"><i><span style=\"font-weight: 400;\">Merci de prendre en notes que les ch\u00e8ques ne sont pas accept\u00e9s.<\/span><\/i><\/p>\n<p>\u00a0<\/p>\n<hr \/>\n<h3 id=\"C1\" style=\"text-align: center;\">LISTE D&rsquo;\u00c9QUIPEMENT<\/h3>\n<h5 style=\"text-align: center;\"><span style=\"font-weight: 400;\">Liste non exhaustive. <br \/>Pour d\u00e9couvrir l\u2019int\u00e9gralit\u00e9 des \u00e9quipements de location, <br \/>veuillez vous rendre sur notre syst\u00e8me de r\u00e9servation en ligne partag\u00e9 :<\/span><\/h5>\n<h5 style=\"text-align: center;\"><a href=\"https:\/\/charlesstreetvideo.com\/production_shooting.php?submenu=rentals\"><span style=\"font-weight: 400;\">https:\/\/charlesstreetvideo.com\/production_shooting.php?submenu=rentals<\/span><\/a><\/h5>\n<h5>\u00a0<\/h5>\n<p style=\"text-align: left;\"><span style=\"font-weight: 400;\"><strong><a href=\"https:\/\/lelabo.ca\/fr\/services\/equipement\/equipement-capture-dimages\/\" rel=\"attachment wp-att-11091\">1. E\u0301QUIPEMENT &#8211; CAPTURE D&rsquo;IMAGES<\/a><\/strong><br \/><\/span><\/p>\n<p style=\"text-align: left;\"><span style=\"font-weight: 400;\"><strong><a href=\"https:\/\/lelabo.ca\/fr\/services\/equipement\/equipement-son-et-lumiere\/\" rel=\"attachment wp-att-11092\">2. E\u0301QUIPEMENT &#8211; SON ET LUMIE\u0300RE<\/a><\/strong><\/span><\/p>\n<p style=\"text-align: left;\"><strong><a href=\"https:\/\/lelabo.ca\/fr\/services\/equipement\/equipement-informatique\/\" rel=\"attachment wp-att-11093\">3. E\u0301QUIPEMENT &#8211; INFORMATIQUE<\/a><\/strong><\/p>\n<p>\u00a0<\/p>\n<div class=\"views-row views-row-4 views-row-even\">\n<div id=\"node-238\" class=\"node\">\n<div id=\"drkGrey\"><hr \/>\n<h3 id=\"location\" style=\"text-align: center;\">\u00a0<\/h3>\n<\/div>\n<\/div>\n<\/div>\n<h3 style=\"text-align: center;\"><b>STATION DE CR\u00c9ATION\u00a0<\/b><\/h3>\n<h3 style=\"text-align: center;\"><span style=\"font-weight: 400;\">\u00a0<\/span><b>En tant que membre PROFESSIONNEL du LABO, vous pouvez louer notre station de cr\u00e9ation\u00a0 pour vos montages de productions ind\u00e9pendantes.<\/b><\/h3>\n<hr \/>\n<p><span style=\"font-weight: 400;\">Le Labo dispose d\u2019une <\/span><b>station de cr\u00e9ation num\u00e9rique<\/b><span style=\"font-weight: 400;\"> pour la production et la formation, situ\u00e9e dans nos locaux au 401 rue Richmond Ouest \u2013 Studio 277. <\/span><span style=\"font-weight: 400;\">Pour toutes demandes relatives \u00e0 sa r\u00e9servation : Tel. 647.352.4411.<\/span><\/p>\n<div>\n<p><strong><u>Tarifs et horaires :<\/u><\/strong><\/p>\n<p><strong>* Heures r\u00e9guli\u00e8res \u2013 du lundi au vendredi de 10h \u00e0 17h\u00a0<\/strong><br \/>La location se fait par bloc de 3h (21$) : 10h-13h et 14h-17h.<br \/>Location de la journ\u00e9e 10-17h : 7h pour le prix de 6h, soit 42$<\/p>\n<p><strong>* Heures en soir\u00e9e et fins de semaine \u2013 du vendredi 17h au lundi 10h<\/strong><br \/>Tarif nuit 17h-10h : 42$<br \/>Tarif journ\u00e9e samedi et dimanche 10h-17h : 42$<\/p>\n<\/div>\n<div class=\"views-row views-row-4 views-row-even\">\n<div id=\"node-238\" class=\"node\">\n<div id=\"drkGrey\"><hr \/>\n<p style=\"text-align: center;\">Pour conna\u00eetre les modalit\u00e9s de r\u00e9servation et de d&rsquo;utilisation de la station de cr\u00e9ation, merci de cliquer sur le lien ci-dessous :<\/p>\n<p><strong><a href=\"https:\/\/lelabo.ca\/fr\/services\/equipement\/equipement-station-de-creation\/\" rel=\"attachment wp-att-11096\">4. E\u0301QUIPEMENT &#8211; STATION DE CRE\u0301ATION<\/a><\/strong><\/p>\n<\/div>\n<\/div>\n<\/div>\n\n\n<hr class=\"wp-block-separator\"\/>\n\n\n\n<div style=\"height:20px\" aria-hidden=\"true\" class=\"wp-block-spacer\"><\/div>\n\n\n\n<div style=\"height:20px\" aria-hidden=\"true\" class=\"wp-block-spacer\"><\/div>\n","protected":false},"excerpt":{"rendered":"<p>En tant que membre PROFESSIONNEL ou CONNAISSEUR du LABO, vous pouvez louer de l\u2019\u00e9quipement pour vos tournages et productions ind\u00e9pendantes. Si vous connaissez notre protocole de location et souhaitez acc\u00e9der directement au site de r\u00e9servation en ligne\u00a0: cliquer ici Pour<\/p>\n","protected":false},"author":2,"featured_media":0,"parent":568,"menu_order":0,"comment_status":"closed","ping_status":"closed","template":"","meta":{"footnotes":""},"class_list":["post-1647","page","type-page","status-publish","hentry"],"yoast_head":"<!-- This site is optimized with the Yoast SEO plugin v24.9 - https:\/\/yoast.com\/wordpress\/plugins\/seo\/ -->\n<title>\u00c9quipement - Le Labo FR<\/title>\n<meta name=\"robots\" content=\"index, follow, max-snippet:-1, max-image-preview:large, max-video-preview:-1\" \/>\n<link rel=\"canonical\" href=\"https:\/\/lelabo.ca\/fr\/services\/equipement\/\" \/>\n<meta property=\"og:locale\" content=\"fr_FR\" \/>\n<meta property=\"og:type\" content=\"article\" \/>\n<meta property=\"og:title\" content=\"\u00c9quipement - Le Labo FR\" \/>\n<meta property=\"og:description\" content=\"En tant que membre PROFESSIONNEL ou CONNAISSEUR du LABO, vous pouvez louer de l\u2019\u00e9quipement pour vos tournages et productions ind\u00e9pendantes. Si vous connaissez notre protocole de location et souhaitez acc\u00e9der directement au site de r\u00e9servation en ligne\u00a0: cliquer ici Pour\" \/>\n<meta property=\"og:url\" content=\"https:\/\/lelabo.ca\/fr\/services\/equipement\/\" \/>\n<meta property=\"og:site_name\" content=\"Le Labo FR\" \/>\n<meta property=\"article:modified_time\" content=\"2020-06-10T15:43:25+00:00\" \/>\n<meta name=\"twitter:card\" content=\"summary_large_image\" \/>\n<meta name=\"twitter:label1\" content=\"Dur\u00e9e de lecture estim\u00e9e\" \/>\n\t<meta name=\"twitter:data1\" content=\"6 minutes\" \/>\n<script type=\"application\/ld+json\" class=\"yoast-schema-graph\">{\"@context\":\"https:\/\/schema.org\",\"@graph\":[{\"@type\":\"WebPage\",\"@id\":\"https:\/\/lelabo.ca\/fr\/services\/equipement\/\",\"url\":\"https:\/\/lelabo.ca\/fr\/services\/equipement\/\",\"name\":\"\u00c9quipement - Le Labo FR\",\"isPartOf\":{\"@id\":\"https:\/\/lelabo.ca\/fr\/#website\"},\"datePublished\":\"2015-06-23T14:40:43+00:00\",\"dateModified\":\"2020-06-10T15:43:25+00:00\",\"breadcrumb\":{\"@id\":\"https:\/\/lelabo.ca\/fr\/services\/equipement\/#breadcrumb\"},\"inLanguage\":\"fr-FR\",\"potentialAction\":[{\"@type\":\"ReadAction\",\"target\":[\"https:\/\/lelabo.ca\/fr\/services\/equipement\/\"]}]},{\"@type\":\"BreadcrumbList\",\"@id\":\"https:\/\/lelabo.ca\/fr\/services\/equipement\/#breadcrumb\",\"itemListElement\":[{\"@type\":\"ListItem\",\"position\":1,\"name\":\"Accueil\",\"item\":\"https:\/\/lelabo.ca\/fr\/\"},{\"@type\":\"ListItem\",\"position\":2,\"name\":\"Services\",\"item\":\"https:\/\/lelabo.ca\/fr\/services\/\"},{\"@type\":\"ListItem\",\"position\":3,\"name\":\"\u00c9quipement\"}]},{\"@type\":\"WebSite\",\"@id\":\"https:\/\/lelabo.ca\/fr\/#website\",\"url\":\"https:\/\/lelabo.ca\/fr\/\",\"name\":\"Le Labo FR\",\"description\":\"\",\"potentialAction\":[{\"@type\":\"SearchAction\",\"target\":{\"@type\":\"EntryPoint\",\"urlTemplate\":\"https:\/\/lelabo.ca\/fr\/?s={search_term_string}\"},\"query-input\":{\"@type\":\"PropertyValueSpecification\",\"valueRequired\":true,\"valueName\":\"search_term_string\"}}],\"inLanguage\":\"fr-FR\"}]}<\/script>\n<!-- \/ Yoast SEO plugin. -->","yoast_head_json":{"title":"\u00c9quipement - Le Labo FR","robots":{"index":"index","follow":"follow","max-snippet":"max-snippet:-1","max-image-preview":"max-image-preview:large","max-video-preview":"max-video-preview:-1"},"canonical":"https:\/\/lelabo.ca\/fr\/services\/equipement\/","og_locale":"fr_FR","og_type":"article","og_title":"\u00c9quipement - Le Labo FR","og_description":"En tant que membre PROFESSIONNEL ou CONNAISSEUR du LABO, vous pouvez louer de l\u2019\u00e9quipement pour vos tournages et productions ind\u00e9pendantes. Si vous connaissez notre protocole de location et souhaitez acc\u00e9der directement au site de r\u00e9servation en ligne\u00a0: cliquer ici Pour","og_url":"https:\/\/lelabo.ca\/fr\/services\/equipement\/","og_site_name":"Le Labo FR","article_modified_time":"2020-06-10T15:43:25+00:00","twitter_card":"summary_large_image","twitter_misc":{"Dur\u00e9e de lecture estim\u00e9e":"6 minutes"},"schema":{"@context":"https:\/\/schema.org","@graph":[{"@type":"WebPage","@id":"https:\/\/lelabo.ca\/fr\/services\/equipement\/","url":"https:\/\/lelabo.ca\/fr\/services\/equipement\/","name":"\u00c9quipement - Le Labo FR","isPartOf":{"@id":"https:\/\/lelabo.ca\/fr\/#website"},"datePublished":"2015-06-23T14:40:43+00:00","dateModified":"2020-06-10T15:43:25+00:00","breadcrumb":{"@id":"https:\/\/lelabo.ca\/fr\/services\/equipement\/#breadcrumb"},"inLanguage":"fr-FR","potentialAction":[{"@type":"ReadAction","target":["https:\/\/lelabo.ca\/fr\/services\/equipement\/"]}]},{"@type":"BreadcrumbList","@id":"https:\/\/lelabo.ca\/fr\/services\/equipement\/#breadcrumb","itemListElement":[{"@type":"ListItem","position":1,"name":"Accueil","item":"https:\/\/lelabo.ca\/fr\/"},{"@type":"ListItem","position":2,"name":"Services","item":"https:\/\/lelabo.ca\/fr\/services\/"},{"@type":"ListItem","position":3,"name":"\u00c9quipement"}]},{"@type":"WebSite","@id":"https:\/\/lelabo.ca\/fr\/#website","url":"https:\/\/lelabo.ca\/fr\/","name":"Le Labo FR","description":"","potentialAction":[{"@type":"SearchAction","target":{"@type":"EntryPoint","urlTemplate":"https:\/\/lelabo.ca\/fr\/?s={search_term_string}"},"query-input":{"@type":"PropertyValueSpecification","valueRequired":true,"valueName":"search_term_string"}}],"inLanguage":"fr-FR"}]}},"_links":{"self":[{"href":"https:\/\/lelabo.ca\/fr\/wp-json\/wp\/v2\/pages\/1647","targetHints":{"allow":["GET"]}}],"collection":[{"href":"https:\/\/lelabo.ca\/fr\/wp-json\/wp\/v2\/pages"}],"about":[{"href":"https:\/\/lelabo.ca\/fr\/wp-json\/wp\/v2\/types\/page"}],"author":[{"embeddable":true,"href":"https:\/\/lelabo.ca\/fr\/wp-json\/wp\/v2\/users\/2"}],"replies":[{"embeddable":true,"href":"https:\/\/lelabo.ca\/fr\/wp-json\/wp\/v2\/comments?post=1647"}],"version-history":[{"count":117,"href":"https:\/\/lelabo.ca\/fr\/wp-json\/wp\/v2\/pages\/1647\/revisions"}],"predecessor-version":[{"id":16347,"href":"https:\/\/lelabo.ca\/fr\/wp-json\/wp\/v2\/pages\/1647\/revisions\/16347"}],"up":[{"embeddable":true,"href":"https:\/\/lelabo.ca\/fr\/wp-json\/wp\/v2\/pages\/568"}],"wp:attachment":[{"href":"https:\/\/lelabo.ca\/fr\/wp-json\/wp\/v2\/media?parent=1647"}],"curies":[{"name":"wp","href":"https:\/\/api.w.org\/{rel}","templated":true}]}}