{"id":1651,"date":"2015-06-23T14:49:54","date_gmt":"2015-06-23T14:49:54","guid":{"rendered":"http:\/\/maiatencong.com\/wordpress\/fr\/?page_id=1651"},"modified":"2025-12-15T15:45:50","modified_gmt":"2025-12-15T15:45:50","slug":"edu","status":"publish","type":"page","link":"https:\/\/lelabo.ca\/fr\/ateliers\/edu\/","title":{"rendered":"Jeune Public"},"content":{"rendered":"\n<p>Au Labo, nous croyons que la d\u00e9couverte de l\u2019art contemporain doit \u00eatre accessible \u00e0 tou\u00b7te\u00b7s, d\u00e8s le plus jeune \u00e2ge. Nos artistes professionnel\u00b7le\u00b7s et p\u00e9dagogues se d\u00e9placent directement dans les \u00e9coles, organismes et centres communautaires et accueillent aussi, \u00e0 l&rsquo;occasion, les groupes dans notre studio 277 au 401 Richmond. \u00c0 travers des ateliers, des camps, des interventions artistiques et des projets hors les murs, nous cr\u00e9ons ainsi des occasions uniques de rencontres et d\u2019exp\u00e9rimentations autour des arts m\u00e9diatiques.<\/p>\n\n\n\n<p>Projet en cours:<br>En dehors des expositions et r\u00e9sidences, nous d\u00e9veloppons aussi des outils de m\u00e9diation (podcasts, livrets-jeux, biblioth\u00e8ques th\u00e9matiques) pour prolonger l\u2019exp\u00e9rience \u00e0 l\u2019\u00e9cole ou \u00e0 la maison.<br><\/p>\n\n\n\n<figure class=\"wp-block-embed is-type-video is-provider-vimeo wp-block-embed-vimeo wp-embed-aspect-16-9 wp-has-aspect-ratio\"><div class=\"wp-block-embed__wrapper\">\n<iframe loading=\"lazy\" title=\"Ateliers jeunesse Le Labo\" src=\"https:\/\/player.vimeo.com\/video\/1146612996?dnt=1&amp;app_id=122963\" width=\"700\" height=\"394\" frameborder=\"0\" allow=\"autoplay; fullscreen; picture-in-picture; clipboard-write; encrypted-media; web-share\" referrerpolicy=\"strict-origin-when-cross-origin\"><\/iframe>\n<\/div><\/figure>\n\n\n\n<p><\/p>\n\n\n\n<h2 class=\"wp-block-heading\">Notre offre<\/h2>\n\n\n\n<div class=\"wp-block-columns is-layout-flex wp-container-core-columns-is-layout-9d6595d7 wp-block-columns-is-layout-flex\">\n<div class=\"wp-block-column is-layout-flow wp-block-column-is-layout-flow\">\n<p class=\"has-text-align-center\"><strong>AXE 1<\/strong><\/p>\n\n\n\n<p><strong>De l\u2019autoportrait \u00e0 l\u2019\u0153uvre collective (photographie)<\/strong><br>D\u00e9couvrir l\u2019image de soi et apprendre \u00e0 cr\u00e9er en groupe.<\/p>\n\n\n\n<p><\/p>\n<\/div>\n\n\n\n<div class=\"wp-block-column is-layout-flow wp-block-column-is-layout-flow\">\n<p class=\"has-text-align-center\"><strong>AXE 2<\/strong><\/p>\n\n\n\n<p><strong>\u00c9crire et r\u00e9aliser son premier film<\/strong> <br>De l\u2019id\u00e9e \u00e0 la projection, plonger dans la cr\u00e9ation cin\u00e9matographique avec la technique du tourn\u00e9-mont\u00e9 ou les t\u00e9l\u00e9phones intelligents<\/p>\n<\/div>\n\n\n\n<div class=\"wp-block-column is-layout-flow wp-block-column-is-layout-flow\">\n<p class=\"has-text-align-center\"><strong>AXE 3<\/strong><\/p>\n\n\n\n<p><strong>D\u00e9couvrir l\u2019univers de l\u2019enregistrement sonore<\/strong><br>S\u2019initier \u00e0 la pratique de captation de son  et d\u00e9couvrir une nouvelle m\u00e9thode pour cartographier son espace.<\/p>\n<\/div>\n\n\n\n<div class=\"wp-block-column is-layout-flow wp-block-column-is-layout-flow\">\n<p class=\"has-text-align-center\"><strong>AXE 4<\/strong><\/p>\n\n\n\n<p><strong>Cin\u00e9ma et d\u00e9bat<\/strong><br>Voir, analyser, discuter : le cin\u00e9ma ontarien comme outil de r\u00e9flexion et d\u2019\u00e9change<\/p>\n<\/div>\n<\/div>\n\n\n\n<p><\/p>\n\n\n\n<h2 class=\"wp-block-heading\">Tarifs et modalit\u00e9s d\u2019inscription<\/h2>\n\n\n\n<p>Selon le type de projet, plusieurs options sont possibles :<\/p>\n\n\n\n<ul class=\"wp-block-list\">\n<li><strong>Pour les \u00e9coles<\/strong> :<br>Vous pouvez b\u00e9n\u00e9ficier de programmes de soutien financier comme la <strong>bourse <a href=\"https:\/\/monpassepart.ca\/\" target=\"_blank\" rel=\"noreferrer noopener\">Passep\u2019Art<\/a><\/strong> ou <strong><a href=\"https:\/\/immersart.ca\/en\/\" target=\"_blank\" rel=\"noreferrer noopener\">Immers\u2019Art<\/a><\/strong>.<br>Nous pouvons \u00e9galement pr\u00e9parer un <strong>devis personnalis\u00e9<\/strong>, adapt\u00e9 \u00e0 votre groupe et vos besoins si vous ne pouvez pas ou ne souhaitez pas passer par cette bourse.<br><\/li>\n\n\n\n<li><strong>Pour les camps jeunesse<\/strong> :<br>Les inscriptions se font directement via Eventbrite ou chez nos partenaires<\/li>\n<\/ul>\n\n\n\n<p>Contactez-nous \u00e0 <strong><a>info@lelabo.ca<\/a><\/strong> \u2013 <strong><a>education@lelabo.ca<\/a><\/strong><\/p>\n\n\n\n<hr class=\"wp-block-separator has-alpha-channel-opacity\"\/>\n\n\n\n<p><strong>D\u00e9j\u00e0 r\u00e9alis\u00e9s<\/strong><\/p>\n\n\n\n<p>Notre exp\u00e9rience aupr\u00e8s du jeune public repose sur des projets solides et inspirants&#8230;<\/p>\n\n\n\n<ul class=\"wp-block-list\">\n<li><strong>2025<\/strong> : Ateliers photographie-cyanotype avec Samuel Choisy et la galerie Art Windsor-Essex\n<ul class=\"wp-block-list\">\n<li>Ecole Secondaire de l&rsquo;Essor 9e-10e ann\u00e9es<\/li>\n\n\n\n<li>Ecole James L. Dunn 8e ann\u00e9e<\/li>\n<\/ul>\n<\/li>\n\n\n\n<li><strong>2025<\/strong> : Atelier court-m\u00e9trage avec Sophie Dumesny et le Lyc\u00e9e fran\u00e7ais de Toronto <\/li>\n\n\n\n<li><strong>2025<\/strong> : Camp estival photo avec Pascaline Le Bras et l\u2019Alliance fran\u00e7aise de Toronto (8-12 ans)<\/li>\n\n\n\n<li><strong>2025<\/strong> : March break photo avec Pascaline Le Bras et l\u2019Alliance fran\u00e7aise de Toronto (8-12 ans)<\/li>\n\n\n\n<li><strong>2023\u20132024<\/strong> : Projet <em>Tourn\u00e9-Mont\u00e9<\/em> (15 mois, Ontario \u00e0 Vancouver Island) &#8211; 16 \u00e9coles\n<ul class=\"wp-block-list\">\n<li><strong>BC<\/strong>\n<ul class=\"wp-block-list\">\n<li>Ecole Mer-et-Montagne, 4e \u00e0 8e ann\u00e9es<\/li>\n\n\n\n<li>Ecole Beausoleil, 4e \u00e0 6e ann\u00e9es<\/li>\n\n\n\n<li>Ecole la Vall\u00e9e, 5e et 6e ann\u00e9es<\/li>\n<\/ul>\n<\/li>\n\n\n\n<li><strong>ON<\/strong>\n<ul class=\"wp-block-list\">\n<li>Ecole Notre-Dame-de-Fatima<\/li>\n\n\n\n<li>Ecole \u00e9l\u00e9mentaire catholique Sainte-Marguerite-Bourgeoys<\/li>\n\n\n\n<li>\u00c9cole \u00e9l\u00e9mentaire catholique Pape-Fran\u00e7ois<\/li>\n<\/ul>\n<\/li>\n\n\n\n<li><strong>AB<\/strong>\n<ul class=\"wp-block-list\">\n<li>Ecole Beausoleil, 4e \u00e0 6e ann\u00e9es<\/li>\n\n\n\n<li>Ecole Notre-Dame, 6e ann\u00e9e<\/li>\n\n\n\n<li>Ecole des Quatre-Vents, 7e \u00e0 9e ann\u00e9es<\/li>\n<\/ul>\n<\/li>\n\n\n\n<li><strong>SK<\/strong>\n<ul class=\"wp-block-list\">\n<li>Ecole de Bellegarde 5e \u00e0 8e ann\u00e9es<\/li>\n\n\n\n<li>Ecole Ducharme 5e \u00e0 8e ann\u00e9es<\/li>\n\n\n\n<li>Ecole du Parc 5e et 6e ann\u00e9es<\/li>\n\n\n\n<li>Ecole P\u00e8re Mercure, 5e \u00e0 9e ann\u00e9es<\/li>\n<\/ul>\n<\/li>\n<\/ul>\n<\/li>\n<\/ul>\n\n\n\n<p><strong>Pour recevoir notre catalogue<\/strong>, <strong>r\u00e9pertoriant l&rsquo;ensemble de nos ateliers \u00e9ducatifs en arts m\u00e9diatiques et technologies num\u00e9riques (en fran\u00e7ais et bilingue)<\/strong>, veuillez nous contacter par courriel \u00e0 : <a href=\"mailto:info@lelabo.ca\">info@lelabo.ca<\/a> &#8211; <a href=\"mailto:education@lelabo.ca\">education@lelabo.ca<\/a><\/p>\n\n\n<div class=\"wp-block-image\">\n<figure class=\"aligncenter size-large\"><img loading=\"lazy\" decoding=\"async\" width=\"1024\" height=\"178\" src=\"https:\/\/lelabo.ca\/fr\/wp-content\/uploads\/sites\/2\/2025\/11\/SITE-WEB_LOGOS-1024x178.png\" alt=\"\" class=\"wp-image-16857\" srcset=\"https:\/\/lelabo.ca\/fr\/wp-content\/uploads\/sites\/2\/2025\/11\/SITE-WEB_LOGOS-1024x178.png 1024w, https:\/\/lelabo.ca\/fr\/wp-content\/uploads\/sites\/2\/2025\/11\/SITE-WEB_LOGOS-300x52.png 300w, https:\/\/lelabo.ca\/fr\/wp-content\/uploads\/sites\/2\/2025\/11\/SITE-WEB_LOGOS-768x134.png 768w, https:\/\/lelabo.ca\/fr\/wp-content\/uploads\/sites\/2\/2025\/11\/SITE-WEB_LOGOS.png 1536w\" sizes=\"auto, (max-width: 1024px) 100vw, 1024px\" \/><\/figure><\/div>\n\n\n<div style=\"height:100px\" aria-hidden=\"true\" class=\"wp-block-spacer\"><\/div>\n","protected":false},"excerpt":{"rendered":"<p>Au Labo, nous croyons que la d\u00e9couverte de l\u2019art contemporain doit \u00eatre accessible \u00e0 tou\u00b7te\u00b7s, d\u00e8s le plus jeune \u00e2ge. Nos artistes professionnel\u00b7le\u00b7s et p\u00e9dagogues se d\u00e9placent directement dans les \u00e9coles, organismes et centres communautaires et accueillent aussi, \u00e0 l&rsquo;occasion,<\/p>\n","protected":false},"author":2,"featured_media":0,"parent":1640,"menu_order":0,"comment_status":"closed","ping_status":"closed","template":"","meta":{"footnotes":""},"class_list":["post-1651","page","type-page","status-publish","hentry"],"yoast_head":"<!-- This site is optimized with the Yoast SEO plugin v24.9 - https:\/\/yoast.com\/wordpress\/plugins\/seo\/ -->\n<title>Jeune Public - Le Labo FR<\/title>\n<meta name=\"robots\" content=\"index, follow, max-snippet:-1, max-image-preview:large, max-video-preview:-1\" \/>\n<link rel=\"canonical\" href=\"https:\/\/lelabo.ca\/fr\/ateliers\/edu\/\" \/>\n<meta property=\"og:locale\" content=\"fr_FR\" \/>\n<meta property=\"og:type\" content=\"article\" \/>\n<meta property=\"og:title\" content=\"Jeune Public - Le Labo FR\" \/>\n<meta property=\"og:description\" content=\"Au Labo, nous croyons que la d\u00e9couverte de l\u2019art contemporain doit \u00eatre accessible \u00e0 tou\u00b7te\u00b7s, d\u00e8s le plus jeune \u00e2ge. Nos artistes professionnel\u00b7le\u00b7s et p\u00e9dagogues se d\u00e9placent directement dans les \u00e9coles, organismes et centres communautaires et accueillent aussi, \u00e0 l&rsquo;occasion,\" \/>\n<meta property=\"og:url\" content=\"https:\/\/lelabo.ca\/fr\/ateliers\/edu\/\" \/>\n<meta property=\"og:site_name\" content=\"Le Labo FR\" \/>\n<meta property=\"article:modified_time\" content=\"2025-12-15T15:45:50+00:00\" \/>\n<meta property=\"og:image\" content=\"https:\/\/lelabo.ca\/fr\/wp-content\/uploads\/sites\/2\/2025\/11\/SITE-WEB_LOGOS.png\" \/>\n\t<meta property=\"og:image:width\" content=\"1536\" \/>\n\t<meta property=\"og:image:height\" content=\"267\" \/>\n\t<meta property=\"og:image:type\" content=\"image\/png\" \/>\n<meta name=\"twitter:card\" content=\"summary_large_image\" \/>\n<meta name=\"twitter:label1\" content=\"Dur\u00e9e de lecture estim\u00e9e\" \/>\n\t<meta name=\"twitter:data1\" content=\"3 minutes\" \/>\n<script type=\"application\/ld+json\" class=\"yoast-schema-graph\">{\"@context\":\"https:\/\/schema.org\",\"@graph\":[{\"@type\":\"WebPage\",\"@id\":\"https:\/\/lelabo.ca\/fr\/ateliers\/edu\/\",\"url\":\"https:\/\/lelabo.ca\/fr\/ateliers\/edu\/\",\"name\":\"Jeune Public - Le Labo FR\",\"isPartOf\":{\"@id\":\"https:\/\/lelabo.ca\/fr\/#website\"},\"primaryImageOfPage\":{\"@id\":\"https:\/\/lelabo.ca\/fr\/ateliers\/edu\/#primaryimage\"},\"image\":{\"@id\":\"https:\/\/lelabo.ca\/fr\/ateliers\/edu\/#primaryimage\"},\"thumbnailUrl\":\"https:\/\/lelabo.ca\/fr\/wp-content\/uploads\/sites\/2\/2025\/11\/SITE-WEB_LOGOS-1024x178.png\",\"datePublished\":\"2015-06-23T14:49:54+00:00\",\"dateModified\":\"2025-12-15T15:45:50+00:00\",\"breadcrumb\":{\"@id\":\"https:\/\/lelabo.ca\/fr\/ateliers\/edu\/#breadcrumb\"},\"inLanguage\":\"fr-FR\",\"potentialAction\":[{\"@type\":\"ReadAction\",\"target\":[\"https:\/\/lelabo.ca\/fr\/ateliers\/edu\/\"]}]},{\"@type\":\"ImageObject\",\"inLanguage\":\"fr-FR\",\"@id\":\"https:\/\/lelabo.ca\/fr\/ateliers\/edu\/#primaryimage\",\"url\":\"https:\/\/lelabo.ca\/fr\/wp-content\/uploads\/sites\/2\/2025\/11\/SITE-WEB_LOGOS.png\",\"contentUrl\":\"https:\/\/lelabo.ca\/fr\/wp-content\/uploads\/sites\/2\/2025\/11\/SITE-WEB_LOGOS.png\",\"width\":1536,\"height\":267},{\"@type\":\"BreadcrumbList\",\"@id\":\"https:\/\/lelabo.ca\/fr\/ateliers\/edu\/#breadcrumb\",\"itemListElement\":[{\"@type\":\"ListItem\",\"position\":1,\"name\":\"Accueil\",\"item\":\"https:\/\/lelabo.ca\/fr\/\"},{\"@type\":\"ListItem\",\"position\":2,\"name\":\"Ateliers\",\"item\":\"https:\/\/lelabo.ca\/fr\/ateliers\/\"},{\"@type\":\"ListItem\",\"position\":3,\"name\":\"Jeune Public\"}]},{\"@type\":\"WebSite\",\"@id\":\"https:\/\/lelabo.ca\/fr\/#website\",\"url\":\"https:\/\/lelabo.ca\/fr\/\",\"name\":\"Le Labo FR\",\"description\":\"\",\"potentialAction\":[{\"@type\":\"SearchAction\",\"target\":{\"@type\":\"EntryPoint\",\"urlTemplate\":\"https:\/\/lelabo.ca\/fr\/?s={search_term_string}\"},\"query-input\":{\"@type\":\"PropertyValueSpecification\",\"valueRequired\":true,\"valueName\":\"search_term_string\"}}],\"inLanguage\":\"fr-FR\"}]}<\/script>\n<!-- \/ Yoast SEO plugin. -->","yoast_head_json":{"title":"Jeune Public - Le Labo FR","robots":{"index":"index","follow":"follow","max-snippet":"max-snippet:-1","max-image-preview":"max-image-preview:large","max-video-preview":"max-video-preview:-1"},"canonical":"https:\/\/lelabo.ca\/fr\/ateliers\/edu\/","og_locale":"fr_FR","og_type":"article","og_title":"Jeune Public - Le Labo FR","og_description":"Au Labo, nous croyons que la d\u00e9couverte de l\u2019art contemporain doit \u00eatre accessible \u00e0 tou\u00b7te\u00b7s, d\u00e8s le plus jeune \u00e2ge. Nos artistes professionnel\u00b7le\u00b7s et p\u00e9dagogues se d\u00e9placent directement dans les \u00e9coles, organismes et centres communautaires et accueillent aussi, \u00e0 l&rsquo;occasion,","og_url":"https:\/\/lelabo.ca\/fr\/ateliers\/edu\/","og_site_name":"Le Labo FR","article_modified_time":"2025-12-15T15:45:50+00:00","og_image":[{"width":1536,"height":267,"url":"https:\/\/lelabo.ca\/fr\/wp-content\/uploads\/sites\/2\/2025\/11\/SITE-WEB_LOGOS.png","type":"image\/png"}],"twitter_card":"summary_large_image","twitter_misc":{"Dur\u00e9e de lecture estim\u00e9e":"3 minutes"},"schema":{"@context":"https:\/\/schema.org","@graph":[{"@type":"WebPage","@id":"https:\/\/lelabo.ca\/fr\/ateliers\/edu\/","url":"https:\/\/lelabo.ca\/fr\/ateliers\/edu\/","name":"Jeune Public - Le Labo FR","isPartOf":{"@id":"https:\/\/lelabo.ca\/fr\/#website"},"primaryImageOfPage":{"@id":"https:\/\/lelabo.ca\/fr\/ateliers\/edu\/#primaryimage"},"image":{"@id":"https:\/\/lelabo.ca\/fr\/ateliers\/edu\/#primaryimage"},"thumbnailUrl":"https:\/\/lelabo.ca\/fr\/wp-content\/uploads\/sites\/2\/2025\/11\/SITE-WEB_LOGOS-1024x178.png","datePublished":"2015-06-23T14:49:54+00:00","dateModified":"2025-12-15T15:45:50+00:00","breadcrumb":{"@id":"https:\/\/lelabo.ca\/fr\/ateliers\/edu\/#breadcrumb"},"inLanguage":"fr-FR","potentialAction":[{"@type":"ReadAction","target":["https:\/\/lelabo.ca\/fr\/ateliers\/edu\/"]}]},{"@type":"ImageObject","inLanguage":"fr-FR","@id":"https:\/\/lelabo.ca\/fr\/ateliers\/edu\/#primaryimage","url":"https:\/\/lelabo.ca\/fr\/wp-content\/uploads\/sites\/2\/2025\/11\/SITE-WEB_LOGOS.png","contentUrl":"https:\/\/lelabo.ca\/fr\/wp-content\/uploads\/sites\/2\/2025\/11\/SITE-WEB_LOGOS.png","width":1536,"height":267},{"@type":"BreadcrumbList","@id":"https:\/\/lelabo.ca\/fr\/ateliers\/edu\/#breadcrumb","itemListElement":[{"@type":"ListItem","position":1,"name":"Accueil","item":"https:\/\/lelabo.ca\/fr\/"},{"@type":"ListItem","position":2,"name":"Ateliers","item":"https:\/\/lelabo.ca\/fr\/ateliers\/"},{"@type":"ListItem","position":3,"name":"Jeune Public"}]},{"@type":"WebSite","@id":"https:\/\/lelabo.ca\/fr\/#website","url":"https:\/\/lelabo.ca\/fr\/","name":"Le Labo FR","description":"","potentialAction":[{"@type":"SearchAction","target":{"@type":"EntryPoint","urlTemplate":"https:\/\/lelabo.ca\/fr\/?s={search_term_string}"},"query-input":{"@type":"PropertyValueSpecification","valueRequired":true,"valueName":"search_term_string"}}],"inLanguage":"fr-FR"}]}},"_links":{"self":[{"href":"https:\/\/lelabo.ca\/fr\/wp-json\/wp\/v2\/pages\/1651","targetHints":{"allow":["GET"]}}],"collection":[{"href":"https:\/\/lelabo.ca\/fr\/wp-json\/wp\/v2\/pages"}],"about":[{"href":"https:\/\/lelabo.ca\/fr\/wp-json\/wp\/v2\/types\/page"}],"author":[{"embeddable":true,"href":"https:\/\/lelabo.ca\/fr\/wp-json\/wp\/v2\/users\/2"}],"replies":[{"embeddable":true,"href":"https:\/\/lelabo.ca\/fr\/wp-json\/wp\/v2\/comments?post=1651"}],"version-history":[{"count":165,"href":"https:\/\/lelabo.ca\/fr\/wp-json\/wp\/v2\/pages\/1651\/revisions"}],"predecessor-version":[{"id":17004,"href":"https:\/\/lelabo.ca\/fr\/wp-json\/wp\/v2\/pages\/1651\/revisions\/17004"}],"up":[{"embeddable":true,"href":"https:\/\/lelabo.ca\/fr\/wp-json\/wp\/v2\/pages\/1640"}],"wp:attachment":[{"href":"https:\/\/lelabo.ca\/fr\/wp-json\/wp\/v2\/media?parent=1651"}],"curies":[{"name":"wp","href":"https:\/\/api.w.org\/{rel}","templated":true}]}}