{"id":1657,"date":"2015-06-23T15:03:57","date_gmt":"2015-06-23T15:03:57","guid":{"rendered":"http:\/\/maiatencong.com\/wordpress\/fr\/?page_id=1657"},"modified":"2026-01-20T21:46:15","modified_gmt":"2026-01-20T21:46:15","slug":"devenez-membre","status":"publish","type":"page","link":"https:\/\/lelabo.ca\/fr\/membres\/devenez-membre\/","title":{"rendered":"Devenez membre"},"content":{"rendered":"<h5><strong>Pourquoi devenir membre du Labo ?<\/strong><\/h5>\n<p><span style=\"font-weight: 400;\"><br \/>L&rsquo;adh\u00e9sion au Labo permet de soutenir le centre directement dans ses activit\u00e9s r\u00e9guli\u00e8res pour soutenir la cr\u00e9ation de projets d\u2019arts m\u00e9diatiques en fran\u00e7ais \u00e0 Toronto; et ce depuis plus de 15 ans.<\/span><\/p>\n<p><span style=\"font-weight: 400;\">Les arts m\u00e9diatiques sont en constante \u00e9volution, des id\u00e9es stimulantes et de nouveaux projets, cela ne manque pas! C\u2019est pourquoi Le Labo vous invite \u00e0 prendre part \u00e0 cette transformation en menant des dialogues avec artistes et passionn\u00e9s et en \u00e9changeant des id\u00e9es pour le futur. Le mot cl\u00e9 que nous aimons ici: la collaboration.<\/span><\/p>\n<p>Pour les nouveaux membres, nous vous invitons \u00e0 rencontrer notre \u00e9quipe afin de discuter de vos attentes et de vos projets. Le Labo s&rsquo;engage \u00e0 cr\u00e9er un environnement durable qui encourage l&rsquo;\u00e9volution dans les arts m\u00e9diatiques, c&rsquo;est pourquoi il est important de suivre le processus: en premier nous contacter \u00e0 info@lelabo.ca ou via le formulaire ensuite se rencontrer; enfin r\u00e9gler sa cotisation.<\/p>\n<p><span style=\"font-weight: 400;\">Atouts de l\u2019adh\u00e9sion sur 12 mois:<\/span><\/p>\n<ul>\n<li style=\"font-weight: 400;\" aria-level=\"1\"><span style=\"font-weight: 400;\">Un <\/span><b>support technique<\/b><span style=\"font-weight: 400;\"> via l\u2019acc\u00e8s \u00e0 de l\u2019\u00e9quipement professionnel, \u00e0 une station num\u00e9rique, \u00e0 un studio et \u00e0 des ateliers de cr\u00e9ation et perfectionnement professionnel.<\/span><\/li>\n<li style=\"font-weight: 400;\" aria-level=\"1\"><span style=\"font-weight: 400;\">Un<\/span><b> r\u00e9seau d\u2019artistes <\/b><span style=\"font-weight: 400;\">et de passionn\u00e9s d\u2019art, qui se retrouvent r\u00e9guli\u00e8rement pour \u00e9changer ;<\/span><\/li>\n<li style=\"font-weight: 400;\" aria-level=\"1\"><span style=\"font-weight: 400;\">L<\/span><b>\u2019occasion de pr\u00e9senter son travail<\/b><span style=\"font-weight: 400;\"> \u00e0 plusieurs occasions ainsi que vendre ses oeuvres \u00e0 l\u2019encan (vente aux ench\u00e8res) de fin d\u2019ann\u00e9e<\/span><\/li>\n<\/ul>\n<p><span style=\"font-weight: 400;\">Le Labo soutient activement l&rsquo;ensemble des communaut\u00e9s et afin de d\u00e9manteler la supr\u00e9matie blanche et de faire progresser la justice sociale et raciale, nous offrons des tarifs sp\u00e9cifiques aux membres des communaut\u00e9s autochtones et pour les nouveaux arrivants (arriv\u00e9 il y a 5 ans maximum).<\/span><\/p>\n<p><span style=\"font-weight: 400;\">Pour une liste compl\u00e8te des niveaux d&rsquo;adh\u00e9sion et leurs avantages associ\u00e9s, voyez ci-dessous, en attendant nous vous invitons \u00e0 remplir directement ce formulaire:<\/span><\/p>\n<p>\u00a0<\/p>\n<p>\u00a0<\/p>\n<iframe loading=\"lazy\" class=\"airtable-embed\" src=\"https:\/\/airtable.com\/embed\/appIU3IA8Ox3qfWQV\/shrfZAoGdAMwC4L7L\" frameborder=\"0\" onmousewheel=\"\" width=\"100%\" height=\"533\" style=\"background: transparent; border: 1px solid #ccc;\"><\/iframe>\n\n<p class=\"has-very-light-gray-background-color has-background has-medium-font-size\"><strong>Liste des avantages par cat\u00e9gorie<\/strong><\/p>\n\n\n\n<p><strong>Tarif membre PROFESSIONNEL* | 95 $<br><\/strong>moins de 30 ans | 75$ <br>membres du <a href=\"https:\/\/lefric.ca\/\">FRIC<\/a>&nbsp; |&nbsp; 75$<br>artiste membre des communaut\u00e9s autochtones&nbsp; |&nbsp; 0$<br>artiste nouvel arrivant&nbsp; |&nbsp; 48$ <\/p>\n\n\n\n<p><em>Pour tous les artistes souhaitant b\u00e9n\u00e9ficier d\u2019un soutien technique et disposer d\u2019un lieu et d\u2019\u00e9quipements professionnels.<\/em><\/p>\n\n\n\n<ul class=\"wp-block-list\">\n<li>Appels \u00e0 projet artistique r\u00e9serv\u00e9s aux membres du Labo<\/li>\n\n\n\n<li>Publication de votre actualit\u00e9 dans le bulletin et les r\u00e9seaux sociaux<\/li>\n\n\n\n<li>Tenez vous inform\u00e9s de l&rsquo;actualit\u00e9 du Labo via l\u2019infolettre et les info-comm<\/li>\n\n\n\n<li>Acc\u00e8s aux ateliers de cr\u00e9ation et de perfectionnement professionnel \u00e0 prix unique<\/li>\n\n\n\n<li>Invitations aux \u00e9v\u00e9nements de r\u00e9seautage;<\/li>\n\n\n\n<li>Acc\u00e8s \u00e0 la location de la station de cr\u00e9ation num\u00e9rique<\/li>\n\n\n\n<li>Acc\u00e8s \u00e0 la location d\u2019\u00e9quipement de production et de post-production<\/li>\n\n\n\n<li>Acc\u00e8s \u00e0 la <a href=\"https:\/\/lelabo.ca\/fr\/location-espace-galerie\/\">location du studio 277<\/a> du Labo au 401 Richmond \u00e0 -50%<\/li>\n\n\n\n<li>Acc\u00e8s \u00e0 une imprimante professionnelle \u00e0 partir de 15$\/print sur EPSON 13&Prime; imprimante grand format &#8211; jet d&rsquo;encre &#8211; couleur. <\/li>\n\n\n\n<li>R\u00e9ciprocit\u00e9 pour les ateliers et l\u2019\u00e9quipement de <a href=\"https:\/\/www.trinitysquarevideo.com\/\">Trinity Square Video<\/a> et <a href=\"https:\/\/charlesstreetvideo.com\/home.php?ismobile=0\">Charles Street Video<\/a> comme si vous \u00e9tiez membres<\/li>\n\n\n\n<li>20$ de rabais pour une adh\u00e9sion au<a href=\"https:\/\/lefric.ca\/#:~:text=Qu'est%2Dce%20que%20le,%C5%93uvrant%20dans%20la%20francophonie%20canadienne.\"> FRIC (Le Front de r\u00e9alisateurs ind\u00e9pendants du Canada)<\/a><\/li>\n\n\n\n<li>-10% chez <a href=\"https:\/\/www.abovegroundartsupplies.com\/\">Above Ground Art Supplies<\/a> sur&nbsp;les articles \u00e0 prix r\u00e9gulier en pr\u00e9sentant votre courriel de bienvenue \u00e0 la caisse. Valide aux deux magasins 74 McCaul St et The Junction.<\/li>\n\n\n\n<li>Tarif pr\u00e9f\u00e9rentiel \u00e0 l&rsquo;heure pour la location du studio au <a href=\"https:\/\/theatrefrancais.com\/fr\/\">Th\u00e9\u00e2tre Fran\u00e7ais de Toronto<\/a> <\/li>\n\n\n\n<li>Droit de vote \u00e0 l\u2019AGA et droit de si\u00e9ger au conseil d&rsquo;administration<\/li>\n<\/ul>\n\n\n\n<p><em>*sur pr\u00e9sentation de CV artistique ou de carte d&rsquo;\u00e9tudiant<br><\/em>** Sous r\u00e9serve des conditions d\u2019adh\u00e9sion de l\u2019organisme<\/p>\n\n\n\n<hr class=\"wp-block-separator has-css-opacity\"\/>\n\n\n\n<p><strong>Tarif membre CONNAISSEUR* | 70 $<\/strong><br>membre des communaut\u00e9s autochtones&nbsp; |&nbsp; 0$<br>artiste nouvel arrivant&nbsp; |&nbsp; 35$  <\/p>\n\n\n\n<p><em>Pour tous les passionn\u00e9s d\u2019arts qui souhaitent se perfectionner, avoir acc\u00e8s \u00e0 des outils professionnels et rejoindre la communaut\u00e9 artistique de Toronto.<\/em><\/p>\n\n\n\n<ul class=\"wp-block-list\">\n<li>Acc\u00e8s \u00e0 la <a href=\"https:\/\/lelabo.ca\/fr\/location-espace-galerie\/\">location du studio 277<\/a> du Labo au 401 Richmond \u00e0 -50%<\/li>\n\n\n\n<li>Acc\u00e8s \u00e0 la location du studio de cr\u00e9ation num\u00e9rique<\/li>\n\n\n\n<li>Acc\u00e8s \u00e0 une imprimante professionnelle \u00e0 partir de 20$\/print sur EPSON 13&Prime; imprimante grand format &#8211; jet d&rsquo;encre &#8211; couleur. <\/li>\n\n\n\n<li>Inscription aux ateliers du Labo \u00e0 un tarif pr\u00e9f\u00e9rentiel<\/li>\n\n\n\n<li>3 heures de consultations gratuites par l\u2019\u00e9quipe pour votre projet<\/li>\n\n\n\n<li>Tenez vous inform\u00e9s de l&rsquo;actualit\u00e9 du Labo via l\u2019infolettre et les info-comm<\/li>\n\n\n\n<li>-10% chez <a href=\"https:\/\/www.abovegroundartsupplies.com\/\">Above Ground Art Supplies<\/a> sur&nbsp;les articles \u00e0 prix r\u00e9gulier en pr\u00e9sentant votre courriel de bienvenue \u00e0 la caisse. Valide aux deux magasins 74 McCaul St et The Junction.<\/li>\n\n\n\n<li>Tarif pr\u00e9f\u00e9rentiel \u00e0 l&rsquo;heure pour la location du studio au <a href=\"https:\/\/theatrefrancais.com\/fr\/\">Th\u00e9\u00e2tre Fran\u00e7ais de Toronto<\/a> <\/li>\n\n\n\n<li>Droit de vote \u00e0 l\u2019AGA et droit de si\u00e9ger au conseil d&rsquo;administration<br><\/li>\n<\/ul>\n\n\n\n<hr class=\"wp-block-separator has-css-opacity\"\/>\n\n\n\n<p><strong>Tarif membre AMI \/ SUPPORTER DU LABO | 50 $<\/strong><br>membre des communaut\u00e9s autochtones&nbsp; |&nbsp; 0$<br>artiste nouvel arrivant&nbsp; |&nbsp; 25$ <\/p>\n\n\n\n<p><em>Vous n\u2019\u00eates pas artiste, et ne pratiquez pas les arts m\u00e9diatiques, mais souhaitez soutenir Le Labo ?<\/em><\/p>\n\n\n\n<p>Devenez <em>ami du Labo<\/em> pour soutenir les projets les plus ambitieux et suivre de pr\u00e8s nos \u00e9v\u00e9nements.<\/p>\n\n\n\n<ul class=\"wp-block-list\">\n<li>Acc\u00e8s \u00e0 une imprimante professionnelle \u00e0 partir de 20$\/print sur EPSON 13&Prime; imprimante grand format &#8211; jet d&rsquo;encre &#8211; couleur.<\/li>\n\n\n\n<li>Tenez vous inform\u00e9s de l&rsquo;actualit\u00e9 du Labo via l\u2019infolettre et les info-comm<\/li>\n<\/ul>\n\n\n\n<p>Il est \u00e0 noter que cette adh\u00e9sion ne vous octroie pas le droit de vote \u00e0 l\u2019AGA, ni la possibilit\u00e9 de si\u00e9ger au CA.<\/p>\n\n\n\n<hr class=\"wp-block-separator has-css-opacity\"\/>\n\n\n\n<p><strong>Tarif membre ORGANISME \/ ENTREPRISE | 190 $<\/strong><br><\/p>\n\n\n\n<p>Pour tout organisme ou association sans but lucratif ou entreprise qui \u0153uvre en fran\u00e7ais en Ontario ou dans les arts en Ontario et qui adh\u00e8re \u00e0 la mission du Labo.<\/p>\n\n\n\n<p>En devenant membre du Labo, vous devenez aussi un partenaire qui contribue au d\u00e9veloppement et \u00e0 l\u2019\u00e9panouissement des arts m\u00e9diatiques et visuels \u00e0 Toronto. Les avantages sont les suivants:<\/p>\n\n\n\n<ul class=\"wp-block-list\">\n<li>4 personnes de votre organisation b\u00e9n\u00e9ficient des avantages membres connaisseur<\/li>\n\n\n\n<li>Votre logo sur nos communications g\u00e9n\u00e9rales en tant que partenaire<\/li>\n\n\n\n<li>Abonnement \u00e0 l\u2019infolettre du Labo<\/li>\n<\/ul>\n\n\n\n<p><\/p>\n\n\n\n<p class=\"has-very-light-gray-background-color has-background has-medium-font-size\"><strong>Paiement<\/strong><\/p>\n\n\n\n<p>Le Labo favorise les paiements par voies \u00e9lectroniques (Interac \/ e-transfer). Veuillez acheminer votre virement \u00e0 l&rsquo;attention de <a href=\"mailto:dyana@lelabo.ca\" target=\"_blank\" rel=\"noreferrer noopener\">dyana@lelabo.ca<\/a> en utilisant le mot de passe <strong>Toronto.<\/strong><\/p>\n\n\n\n<p>Ch\u00e8que: faites-nous parvenir votre paiement \u00e0 l&rsquo;ordre du Laboratoire d&rsquo;Art au <a href=\"https:\/\/goo.gl\/maps\/mipt1V15n9J2\" target=\"_blank\" rel=\"noreferrer noopener\">401 rue Richmond ouest, Studio 277, Toronto, ON, M5V 3A8<\/a><\/p>\n\n\n\n<p>Nous \u00e9liminons petit \u00e0 petit Paypal de notre plateforme. Si votre unique possibilit\u00e9 est par carte de cr\u00e9dit, merci de nous envoyer un courriel \u00e0 info@lelabo.ca. Des frais de 2,50$ se rajouteront au montant de l&rsquo;adh\u00e9sion.<\/p>\n","protected":false},"excerpt":{"rendered":"<p>Pourquoi devenir membre du Labo ? L&rsquo;adh\u00e9sion au Labo permet de soutenir le centre directement dans ses activit\u00e9s r\u00e9guli\u00e8res pour soutenir la cr\u00e9ation de projets d\u2019arts m\u00e9diatiques en fran\u00e7ais \u00e0 Toronto; et ce depuis plus de 15 ans. Les arts<\/p>\n","protected":false},"author":2,"featured_media":0,"parent":1836,"menu_order":0,"comment_status":"closed","ping_status":"closed","template":"","meta":{"footnotes":""},"class_list":["post-1657","page","type-page","status-publish","hentry"],"yoast_head":"<!-- This site is optimized with the Yoast SEO plugin v24.9 - https:\/\/yoast.com\/wordpress\/plugins\/seo\/ -->\n<title>Devenez membre - Le Labo FR<\/title>\n<meta name=\"description\" content=\"Atouts de l\u2019adh\u00e9sion sur 12 mois:Un support technique via l\u2019acc\u00e8s \u00e0 de l\u2019\u00e9quipement professionnel, \u00e0 une station num\u00e9rique, \u00e0 un studio et \u00e0 des ateliers de cr\u00e9ation et perfectionnement professionnel.Un r\u00e9seau d\u2019artistes et de passionn\u00e9s d\u2019art, qui se retrouvent r\u00e9guli\u00e8rement pour \u00e9changer ;L\u2019occasion de pr\u00e9senter son travail \u00e0 plusieurs occasions ainsi que vendre ses oeuvres \u00e0 l\u2019encan (vente aux ench\u00e8res) de fin d\u2019ann\u00e9e\" \/>\n<meta name=\"robots\" content=\"index, follow, max-snippet:-1, max-image-preview:large, max-video-preview:-1\" \/>\n<link rel=\"canonical\" href=\"https:\/\/lelabo.ca\/fr\/membres\/devenez-membre\/\" \/>\n<meta property=\"og:locale\" content=\"fr_FR\" \/>\n<meta property=\"og:type\" content=\"article\" \/>\n<meta property=\"og:title\" content=\"Devenez membre - Le Labo FR\" \/>\n<meta property=\"og:description\" content=\"Atouts de l\u2019adh\u00e9sion sur 12 mois:Un support technique via l\u2019acc\u00e8s \u00e0 de l\u2019\u00e9quipement professionnel, \u00e0 une station num\u00e9rique, \u00e0 un studio et \u00e0 des ateliers de cr\u00e9ation et perfectionnement professionnel.Un r\u00e9seau d\u2019artistes et de passionn\u00e9s d\u2019art, qui se retrouvent r\u00e9guli\u00e8rement pour \u00e9changer ;L\u2019occasion de pr\u00e9senter son travail \u00e0 plusieurs occasions ainsi que vendre ses oeuvres \u00e0 l\u2019encan (vente aux ench\u00e8res) de fin d\u2019ann\u00e9e\" \/>\n<meta property=\"og:url\" content=\"https:\/\/lelabo.ca\/fr\/membres\/devenez-membre\/\" \/>\n<meta property=\"og:site_name\" content=\"Le Labo FR\" \/>\n<meta property=\"article:modified_time\" content=\"2026-01-20T21:46:15+00:00\" \/>\n<meta name=\"twitter:card\" content=\"summary_large_image\" \/>\n<meta name=\"twitter:label1\" content=\"Dur\u00e9e de lecture estim\u00e9e\" \/>\n\t<meta name=\"twitter:data1\" content=\"6 minutes\" \/>\n<script type=\"application\/ld+json\" class=\"yoast-schema-graph\">{\"@context\":\"https:\/\/schema.org\",\"@graph\":[{\"@type\":\"WebPage\",\"@id\":\"https:\/\/lelabo.ca\/fr\/membres\/devenez-membre\/\",\"url\":\"https:\/\/lelabo.ca\/fr\/membres\/devenez-membre\/\",\"name\":\"Devenez membre - Le Labo FR\",\"isPartOf\":{\"@id\":\"https:\/\/lelabo.ca\/fr\/#website\"},\"datePublished\":\"2015-06-23T15:03:57+00:00\",\"dateModified\":\"2026-01-20T21:46:15+00:00\",\"description\":\"Atouts de l\u2019adh\u00e9sion sur 12 mois:Un support technique via l\u2019acc\u00e8s \u00e0 de l\u2019\u00e9quipement professionnel, \u00e0 une station num\u00e9rique, \u00e0 un studio et \u00e0 des ateliers de cr\u00e9ation et perfectionnement professionnel.Un r\u00e9seau d\u2019artistes et de passionn\u00e9s d\u2019art, qui se retrouvent r\u00e9guli\u00e8rement pour \u00e9changer ;L\u2019occasion de pr\u00e9senter son travail \u00e0 plusieurs occasions ainsi que vendre ses oeuvres \u00e0 l\u2019encan (vente aux ench\u00e8res) de fin d\u2019ann\u00e9e\",\"breadcrumb\":{\"@id\":\"https:\/\/lelabo.ca\/fr\/membres\/devenez-membre\/#breadcrumb\"},\"inLanguage\":\"fr-FR\",\"potentialAction\":[{\"@type\":\"ReadAction\",\"target\":[\"https:\/\/lelabo.ca\/fr\/membres\/devenez-membre\/\"]}]},{\"@type\":\"BreadcrumbList\",\"@id\":\"https:\/\/lelabo.ca\/fr\/membres\/devenez-membre\/#breadcrumb\",\"itemListElement\":[{\"@type\":\"ListItem\",\"position\":1,\"name\":\"Accueil\",\"item\":\"https:\/\/lelabo.ca\/fr\/\"},{\"@type\":\"ListItem\",\"position\":2,\"name\":\"Membres\",\"item\":\"https:\/\/lelabo.ca\/fr\/membres\/\"},{\"@type\":\"ListItem\",\"position\":3,\"name\":\"Devenez membre\"}]},{\"@type\":\"WebSite\",\"@id\":\"https:\/\/lelabo.ca\/fr\/#website\",\"url\":\"https:\/\/lelabo.ca\/fr\/\",\"name\":\"Le Labo FR\",\"description\":\"\",\"potentialAction\":[{\"@type\":\"SearchAction\",\"target\":{\"@type\":\"EntryPoint\",\"urlTemplate\":\"https:\/\/lelabo.ca\/fr\/?s={search_term_string}\"},\"query-input\":{\"@type\":\"PropertyValueSpecification\",\"valueRequired\":true,\"valueName\":\"search_term_string\"}}],\"inLanguage\":\"fr-FR\"}]}<\/script>\n<!-- \/ Yoast SEO plugin. -->","yoast_head_json":{"title":"Devenez membre - Le Labo FR","description":"Atouts de l\u2019adh\u00e9sion sur 12 mois:Un support technique via l\u2019acc\u00e8s \u00e0 de l\u2019\u00e9quipement professionnel, \u00e0 une station num\u00e9rique, \u00e0 un studio et \u00e0 des ateliers de cr\u00e9ation et perfectionnement professionnel.Un r\u00e9seau d\u2019artistes et de passionn\u00e9s d\u2019art, qui se retrouvent r\u00e9guli\u00e8rement pour \u00e9changer ;L\u2019occasion de pr\u00e9senter son travail \u00e0 plusieurs occasions ainsi que vendre ses oeuvres \u00e0 l\u2019encan (vente aux ench\u00e8res) de fin d\u2019ann\u00e9e","robots":{"index":"index","follow":"follow","max-snippet":"max-snippet:-1","max-image-preview":"max-image-preview:large","max-video-preview":"max-video-preview:-1"},"canonical":"https:\/\/lelabo.ca\/fr\/membres\/devenez-membre\/","og_locale":"fr_FR","og_type":"article","og_title":"Devenez membre - Le Labo FR","og_description":"Atouts de l\u2019adh\u00e9sion sur 12 mois:Un support technique via l\u2019acc\u00e8s \u00e0 de l\u2019\u00e9quipement professionnel, \u00e0 une station num\u00e9rique, \u00e0 un studio et \u00e0 des ateliers de cr\u00e9ation et perfectionnement professionnel.Un r\u00e9seau d\u2019artistes et de passionn\u00e9s d\u2019art, qui se retrouvent r\u00e9guli\u00e8rement pour \u00e9changer ;L\u2019occasion de pr\u00e9senter son travail \u00e0 plusieurs occasions ainsi que vendre ses oeuvres \u00e0 l\u2019encan (vente aux ench\u00e8res) de fin d\u2019ann\u00e9e","og_url":"https:\/\/lelabo.ca\/fr\/membres\/devenez-membre\/","og_site_name":"Le Labo FR","article_modified_time":"2026-01-20T21:46:15+00:00","twitter_card":"summary_large_image","twitter_misc":{"Dur\u00e9e de lecture estim\u00e9e":"6 minutes"},"schema":{"@context":"https:\/\/schema.org","@graph":[{"@type":"WebPage","@id":"https:\/\/lelabo.ca\/fr\/membres\/devenez-membre\/","url":"https:\/\/lelabo.ca\/fr\/membres\/devenez-membre\/","name":"Devenez membre - Le Labo FR","isPartOf":{"@id":"https:\/\/lelabo.ca\/fr\/#website"},"datePublished":"2015-06-23T15:03:57+00:00","dateModified":"2026-01-20T21:46:15+00:00","description":"Atouts de l\u2019adh\u00e9sion sur 12 mois:Un support technique via l\u2019acc\u00e8s \u00e0 de l\u2019\u00e9quipement professionnel, \u00e0 une station num\u00e9rique, \u00e0 un studio et \u00e0 des ateliers de cr\u00e9ation et perfectionnement professionnel.Un r\u00e9seau d\u2019artistes et de passionn\u00e9s d\u2019art, qui se retrouvent r\u00e9guli\u00e8rement pour \u00e9changer ;L\u2019occasion de pr\u00e9senter son travail \u00e0 plusieurs occasions ainsi que vendre ses oeuvres \u00e0 l\u2019encan (vente aux ench\u00e8res) de fin d\u2019ann\u00e9e","breadcrumb":{"@id":"https:\/\/lelabo.ca\/fr\/membres\/devenez-membre\/#breadcrumb"},"inLanguage":"fr-FR","potentialAction":[{"@type":"ReadAction","target":["https:\/\/lelabo.ca\/fr\/membres\/devenez-membre\/"]}]},{"@type":"BreadcrumbList","@id":"https:\/\/lelabo.ca\/fr\/membres\/devenez-membre\/#breadcrumb","itemListElement":[{"@type":"ListItem","position":1,"name":"Accueil","item":"https:\/\/lelabo.ca\/fr\/"},{"@type":"ListItem","position":2,"name":"Membres","item":"https:\/\/lelabo.ca\/fr\/membres\/"},{"@type":"ListItem","position":3,"name":"Devenez membre"}]},{"@type":"WebSite","@id":"https:\/\/lelabo.ca\/fr\/#website","url":"https:\/\/lelabo.ca\/fr\/","name":"Le Labo FR","description":"","potentialAction":[{"@type":"SearchAction","target":{"@type":"EntryPoint","urlTemplate":"https:\/\/lelabo.ca\/fr\/?s={search_term_string}"},"query-input":{"@type":"PropertyValueSpecification","valueRequired":true,"valueName":"search_term_string"}}],"inLanguage":"fr-FR"}]}},"_links":{"self":[{"href":"https:\/\/lelabo.ca\/fr\/wp-json\/wp\/v2\/pages\/1657","targetHints":{"allow":["GET"]}}],"collection":[{"href":"https:\/\/lelabo.ca\/fr\/wp-json\/wp\/v2\/pages"}],"about":[{"href":"https:\/\/lelabo.ca\/fr\/wp-json\/wp\/v2\/types\/page"}],"author":[{"embeddable":true,"href":"https:\/\/lelabo.ca\/fr\/wp-json\/wp\/v2\/users\/2"}],"replies":[{"embeddable":true,"href":"https:\/\/lelabo.ca\/fr\/wp-json\/wp\/v2\/comments?post=1657"}],"version-history":[{"count":93,"href":"https:\/\/lelabo.ca\/fr\/wp-json\/wp\/v2\/pages\/1657\/revisions"}],"predecessor-version":[{"id":17156,"href":"https:\/\/lelabo.ca\/fr\/wp-json\/wp\/v2\/pages\/1657\/revisions\/17156"}],"up":[{"embeddable":true,"href":"https:\/\/lelabo.ca\/fr\/wp-json\/wp\/v2\/pages\/1836"}],"wp:attachment":[{"href":"https:\/\/lelabo.ca\/fr\/wp-json\/wp\/v2\/media?parent=1657"}],"curies":[{"name":"wp","href":"https:\/\/api.w.org\/{rel}","templated":true}]}}