{"id":1663,"date":"2015-06-23T15:09:29","date_gmt":"2015-06-23T15:09:29","guid":{"rendered":"http:\/\/maiatencong.com\/wordpress\/fr\/?page_id=1663"},"modified":"2019-08-29T15:40:20","modified_gmt":"2019-08-29T15:40:20","slug":"nos-contributeurs","status":"publish","type":"page","link":"https:\/\/lelabo.ca\/fr\/soutenez-le-labo\/nos-contributeurs\/","title":{"rendered":"Contribuez"},"content":{"rendered":"<h6><em><span class=\"Apple-style-span\">Ajoutez votre nom \u00e0 la liste &#8230; et faites une <a href=\"https:\/\/www.paypal.com\/cgi-bin\/webscr?cmd=_s-xclick&amp;hosted_button_id=HY65J8B8BAUN2\" target=\"_blank\">contribution<\/a>\u00a0aujourd&rsquo;hui !<\/span><\/em><\/h6>\n<h4>Le Labo remercie chaleureusement tous les contributeurs de 2019 qui soutiennent Le Labo.<\/h4>\n<h5><span class=\"Apple-style-span\">Contributeurs individuels<\/span><\/h5>\n<p>Glen Charles Laundry<br \/>\nMarcelle Lean<\/p>\n<h5>Financeurs publics<\/h5>\n<p><a href=\"https:\/\/www.arts.on.ca\/index.html\" target=\"_blank\">Le Conseil des Arts de l&rsquo;Ontario<\/a><br \/>\n<a href=\"https:\/\/www.torontoartscouncil.org\/\" target=\"_blank\">Le Conseil des Arts de Toronto<\/a><\/p>\n<h5>Commanditaires<\/h5>\n<p><a href=\"https:\/\/sumac.com\/\">SUMAC<\/a><\/p>\n<h5>Partenaires M\u00e9dia<\/h5>\n<p><a href=\"https:\/\/www.lexpress.to\/\" target=\"_blank\">L&rsquo;Express<\/a><a href=\"https:\/\/www.lexpress.to\/\" target=\"_blank\">\u00a0de Toronto<\/a><br \/>\n<a href=\"https:\/\/choqfm.ca\/\" target=\"_blank\">CHOQ fm 105.1<\/a><br \/>\n<a href=\"https:\/\/www.grandtoronto.ca\/\" target=\"_blank\">Le Grand Toronto.ca<\/a><br \/>\n<a href=\"https:\/\/www.lemetropolitain.com\/\" target=\"_blank\">Le M\u00e9tropolitain<\/a><\/p>\n<h5>Partenaires Culturels<\/h5>\n<p><a href=\"https:\/\/charlesstreetvideo.com\/\" target=\"_blank\">Charles Street Vid\u00e9o<\/a><br \/>\n<a href=\"https:\/\/www.alliance-francaise.ca\/fr\/\" target=\"_blank\">L&rsquo;Alliance Fran\u00e7aise<\/a><br \/>\n<a href=\"https:\/\/cinefranco.com\/\" target=\"_blank\">Cin\u00e9 Franco<\/a><br \/>\n<a href=\"https:\/\/www.centrefranco.org\/\" target=\"_blank\">Centre\u00a0Francophone<\/a><a href=\"https:\/\/www.centrefranco.org\/\" target=\"_blank\">\u00a0de Toronto<\/a><br \/>\n<a href=\"https:\/\/theatrefrancais.com\/\" target=\"_blank\">Le Th\u00e9\u00e2tre Fran\u00e7ais de Toronto<\/a><br \/>\n<a href=\"https:\/\/www.fricanada.org\/\" target=\"_blank\">FRIC &#8211; Front des R\u00e9alisateurs Ind\u00e9pendants du Canada<\/a><br \/>\n<a href=\"https:\/\/francopenmic.com\/\" target=\"_blank\">Franc&rsquo;Open Mic<\/a><\/p>\n","protected":false},"excerpt":{"rendered":"<p>Ajoutez votre nom \u00e0 la liste &#8230; et faites une contribution\u00a0aujourd&rsquo;hui ! Le Labo remercie chaleureusement tous les contributeurs de 2019 qui soutiennent Le Labo. Contributeurs individuels Glen Charles Laundry Marcelle Lean Financeurs publics Le Conseil des Arts de l&rsquo;Ontario<\/p>\n","protected":false},"author":2,"featured_media":0,"parent":1661,"menu_order":0,"comment_status":"closed","ping_status":"closed","template":"","meta":{"footnotes":""},"class_list":["post-1663","page","type-page","status-publish","hentry"],"yoast_head":"<!-- This site is optimized with the Yoast SEO plugin v24.9 - https:\/\/yoast.com\/wordpress\/plugins\/seo\/ -->\n<title>Contribuez - Le Labo FR<\/title>\n<meta name=\"robots\" content=\"index, follow, max-snippet:-1, max-image-preview:large, max-video-preview:-1\" \/>\n<link rel=\"canonical\" href=\"https:\/\/lelabo.ca\/fr\/soutenez-le-labo\/nos-contributeurs\/\" \/>\n<meta property=\"og:locale\" content=\"fr_FR\" \/>\n<meta property=\"og:type\" content=\"article\" \/>\n<meta property=\"og:title\" content=\"Contribuez - Le Labo FR\" \/>\n<meta property=\"og:description\" content=\"Ajoutez votre nom \u00e0 la liste &#8230; et faites une contribution\u00a0aujourd&rsquo;hui ! Le Labo remercie chaleureusement tous les contributeurs de 2019 qui soutiennent Le Labo. Contributeurs individuels Glen Charles Laundry Marcelle Lean Financeurs publics Le Conseil des Arts de l&rsquo;Ontario\" \/>\n<meta property=\"og:url\" content=\"https:\/\/lelabo.ca\/fr\/soutenez-le-labo\/nos-contributeurs\/\" \/>\n<meta property=\"og:site_name\" content=\"Le Labo FR\" \/>\n<meta property=\"article:modified_time\" content=\"2019-08-29T15:40:20+00:00\" \/>\n<meta name=\"twitter:card\" content=\"summary_large_image\" \/>\n<script type=\"application\/ld+json\" class=\"yoast-schema-graph\">{\"@context\":\"https:\/\/schema.org\",\"@graph\":[{\"@type\":\"WebPage\",\"@id\":\"https:\/\/lelabo.ca\/fr\/soutenez-le-labo\/nos-contributeurs\/\",\"url\":\"https:\/\/lelabo.ca\/fr\/soutenez-le-labo\/nos-contributeurs\/\",\"name\":\"Contribuez - Le Labo FR\",\"isPartOf\":{\"@id\":\"https:\/\/lelabo.ca\/fr\/#website\"},\"datePublished\":\"2015-06-23T15:09:29+00:00\",\"dateModified\":\"2019-08-29T15:40:20+00:00\",\"breadcrumb\":{\"@id\":\"https:\/\/lelabo.ca\/fr\/soutenez-le-labo\/nos-contributeurs\/#breadcrumb\"},\"inLanguage\":\"fr-FR\",\"potentialAction\":[{\"@type\":\"ReadAction\",\"target\":[\"https:\/\/lelabo.ca\/fr\/soutenez-le-labo\/nos-contributeurs\/\"]}]},{\"@type\":\"BreadcrumbList\",\"@id\":\"https:\/\/lelabo.ca\/fr\/soutenez-le-labo\/nos-contributeurs\/#breadcrumb\",\"itemListElement\":[{\"@type\":\"ListItem\",\"position\":1,\"name\":\"Accueil\",\"item\":\"https:\/\/lelabo.ca\/fr\/\"},{\"@type\":\"ListItem\",\"position\":2,\"name\":\"Soutenez Le Labo\",\"item\":\"https:\/\/lelabo.ca\/fr\/soutenez-le-labo\/\"},{\"@type\":\"ListItem\",\"position\":3,\"name\":\"Contribuez\"}]},{\"@type\":\"WebSite\",\"@id\":\"https:\/\/lelabo.ca\/fr\/#website\",\"url\":\"https:\/\/lelabo.ca\/fr\/\",\"name\":\"Le Labo FR\",\"description\":\"\",\"potentialAction\":[{\"@type\":\"SearchAction\",\"target\":{\"@type\":\"EntryPoint\",\"urlTemplate\":\"https:\/\/lelabo.ca\/fr\/?s={search_term_string}\"},\"query-input\":{\"@type\":\"PropertyValueSpecification\",\"valueRequired\":true,\"valueName\":\"search_term_string\"}}],\"inLanguage\":\"fr-FR\"}]}<\/script>\n<!-- \/ Yoast SEO plugin. -->","yoast_head_json":{"title":"Contribuez - Le Labo FR","robots":{"index":"index","follow":"follow","max-snippet":"max-snippet:-1","max-image-preview":"max-image-preview:large","max-video-preview":"max-video-preview:-1"},"canonical":"https:\/\/lelabo.ca\/fr\/soutenez-le-labo\/nos-contributeurs\/","og_locale":"fr_FR","og_type":"article","og_title":"Contribuez - Le Labo FR","og_description":"Ajoutez votre nom \u00e0 la liste &#8230; et faites une contribution\u00a0aujourd&rsquo;hui ! Le Labo remercie chaleureusement tous les contributeurs de 2019 qui soutiennent Le Labo. Contributeurs individuels Glen Charles Laundry Marcelle Lean Financeurs publics Le Conseil des Arts de l&rsquo;Ontario","og_url":"https:\/\/lelabo.ca\/fr\/soutenez-le-labo\/nos-contributeurs\/","og_site_name":"Le Labo FR","article_modified_time":"2019-08-29T15:40:20+00:00","twitter_card":"summary_large_image","schema":{"@context":"https:\/\/schema.org","@graph":[{"@type":"WebPage","@id":"https:\/\/lelabo.ca\/fr\/soutenez-le-labo\/nos-contributeurs\/","url":"https:\/\/lelabo.ca\/fr\/soutenez-le-labo\/nos-contributeurs\/","name":"Contribuez - Le Labo FR","isPartOf":{"@id":"https:\/\/lelabo.ca\/fr\/#website"},"datePublished":"2015-06-23T15:09:29+00:00","dateModified":"2019-08-29T15:40:20+00:00","breadcrumb":{"@id":"https:\/\/lelabo.ca\/fr\/soutenez-le-labo\/nos-contributeurs\/#breadcrumb"},"inLanguage":"fr-FR","potentialAction":[{"@type":"ReadAction","target":["https:\/\/lelabo.ca\/fr\/soutenez-le-labo\/nos-contributeurs\/"]}]},{"@type":"BreadcrumbList","@id":"https:\/\/lelabo.ca\/fr\/soutenez-le-labo\/nos-contributeurs\/#breadcrumb","itemListElement":[{"@type":"ListItem","position":1,"name":"Accueil","item":"https:\/\/lelabo.ca\/fr\/"},{"@type":"ListItem","position":2,"name":"Soutenez Le Labo","item":"https:\/\/lelabo.ca\/fr\/soutenez-le-labo\/"},{"@type":"ListItem","position":3,"name":"Contribuez"}]},{"@type":"WebSite","@id":"https:\/\/lelabo.ca\/fr\/#website","url":"https:\/\/lelabo.ca\/fr\/","name":"Le Labo FR","description":"","potentialAction":[{"@type":"SearchAction","target":{"@type":"EntryPoint","urlTemplate":"https:\/\/lelabo.ca\/fr\/?s={search_term_string}"},"query-input":{"@type":"PropertyValueSpecification","valueRequired":true,"valueName":"search_term_string"}}],"inLanguage":"fr-FR"}]}},"_links":{"self":[{"href":"https:\/\/lelabo.ca\/fr\/wp-json\/wp\/v2\/pages\/1663","targetHints":{"allow":["GET"]}}],"collection":[{"href":"https:\/\/lelabo.ca\/fr\/wp-json\/wp\/v2\/pages"}],"about":[{"href":"https:\/\/lelabo.ca\/fr\/wp-json\/wp\/v2\/types\/page"}],"author":[{"embeddable":true,"href":"https:\/\/lelabo.ca\/fr\/wp-json\/wp\/v2\/users\/2"}],"replies":[{"embeddable":true,"href":"https:\/\/lelabo.ca\/fr\/wp-json\/wp\/v2\/comments?post=1663"}],"version-history":[{"count":23,"href":"https:\/\/lelabo.ca\/fr\/wp-json\/wp\/v2\/pages\/1663\/revisions"}],"predecessor-version":[{"id":10220,"href":"https:\/\/lelabo.ca\/fr\/wp-json\/wp\/v2\/pages\/1663\/revisions\/10220"}],"up":[{"embeddable":true,"href":"https:\/\/lelabo.ca\/fr\/wp-json\/wp\/v2\/pages\/1661"}],"wp:attachment":[{"href":"https:\/\/lelabo.ca\/fr\/wp-json\/wp\/v2\/media?parent=1663"}],"curies":[{"name":"wp","href":"https:\/\/api.w.org\/{rel}","templated":true}]}}