{"id":1665,"date":"2015-06-23T15:27:32","date_gmt":"2015-06-23T19:27:32","guid":{"rendered":"http:\/\/maiatencong.com\/wordpress\/fr\/?page_id=1665"},"modified":"2022-03-21T19:27:43","modified_gmt":"2022-03-21T19:27:43","slug":"benevoles","status":"publish","type":"page","link":"https:\/\/lelabo.ca\/fr\/benevoles\/","title":{"rendered":"B\u00e9n\u00e9voles"},"content":{"rendered":"\n<div style=\"height:35px\" aria-hidden=\"true\" class=\"wp-block-spacer\"><\/div>\n\n\n<p><a href=\"https:\/\/lelabo.ca\/fr\/benevoles\/benevolat-au-2\/\" rel=\"attachment wp-att-13522\"><img loading=\"lazy\" decoding=\"async\" class=\"alignleft  wp-image-13522\" src=\"https:\/\/lelabo.ca\/fr\/wp-content\/uploads\/sites\/2\/2022\/03\/Be\u0301ne\u0301volat-au-2-1024x1024.png\" alt=\"\" width=\"421\" height=\"421\" srcset=\"https:\/\/lelabo.ca\/fr\/wp-content\/uploads\/sites\/2\/2022\/03\/Be\u0301ne\u0301volat-au-2-1024x1024.png 1024w, https:\/\/lelabo.ca\/fr\/wp-content\/uploads\/sites\/2\/2022\/03\/Be\u0301ne\u0301volat-au-2-300x300.png 300w, https:\/\/lelabo.ca\/fr\/wp-content\/uploads\/sites\/2\/2022\/03\/Be\u0301ne\u0301volat-au-2-768x768.png 768w, https:\/\/lelabo.ca\/fr\/wp-content\/uploads\/sites\/2\/2022\/03\/Be\u0301ne\u0301volat-au-2-270x270.png 270w, https:\/\/lelabo.ca\/fr\/wp-content\/uploads\/sites\/2\/2022\/03\/Be\u0301ne\u0301volat-au-2-230x230.png 230w, https:\/\/lelabo.ca\/fr\/wp-content\/uploads\/sites\/2\/2022\/03\/Be\u0301ne\u0301volat-au-2-400x400.png 400w, https:\/\/lelabo.ca\/fr\/wp-content\/uploads\/sites\/2\/2022\/03\/Be\u0301ne\u0301volat-au-2.png 1080w\" sizes=\"auto, (max-width: 421px) 100vw, 421px\" \/><\/a><\/p>\n\n\n<div style=\"height:63px\" aria-hidden=\"true\" class=\"wp-block-spacer\"><\/div>\n\n\n<p>Afin de nous accompagner dans le d\u00e9veloppement de nos programmes, Le Labo recherche des personnes passionn\u00e9es par les arts m\u00e9diatiques, par la francophonie et par des projets excitants qui souhaiteraient rejoindre notre \u00e9quipe de b\u00e9n\u00e9voles.<\/p>\n<p style=\"text-align: left;\">Que vous ayez d&rsquo;ores et d\u00e9j\u00e0 une exp\u00e9rience artistique ou que vous soyez simplement curieux des arts m\u00e9diatiques; que vous soyez francophone, francophile ou \u00e9tudiants en fran\u00e7ais, vous \u00eates les bienvenu\u00b7e\u00b7s ! Faites suivre cet appel \u00e0 vos contacts !<\/p>\n<h5>Nos besoins en cours :<\/h5>\n<ul>\n<li>Traduction : du fran\u00e7ais vers l&rsquo;anglais de nos outils de communication (site internet etc.)<\/li>\n<li>Community management : animation et gestion de nos r\u00e9seaux sociaux (Page et groupe facebook, compte Instagram et Twitter)<\/li>\n<li>Logistique : tri et listing de nos \u00e9quipements techniques.<\/li>\n<li>Archivage<\/li>\n<\/ul>\n<h5>Au cours de leurs missions, les b\u00e9n\u00e9voles du Labo pourront :<\/h5>\n<ul>\n<li>\u00eatre au c\u0153ur du processus de cr\u00e9ation artistique<\/li>\n<li>avoir l&rsquo;opportunit\u00e9 de rencontrer les artistes invit\u00e9s et membres<\/li>\n<li>\u00e9changer en fran\u00e7ais<\/li>\n<li>cr\u00e9er des contacts utiles pour des projets professionnels et\/ou artistiques futurs<\/li>\n<\/ul>\n<h5>Diff\u00e9rentes missions de b\u00e9n\u00e9volats sont ainsi propos\u00e9es de mani\u00e8re g\u00e9n\u00e9rale :<\/h5>\n<ul>\n<li>accueil du public et service lors des vernissages et autres \u00e9v\u00e9nements ;<\/li>\n<li>photographier nos \u00e9v\u00e8nements et expositions ;<\/li>\n<li>distribution de documents promotionnels ;<\/li>\n<li>soutien technique (peinture, accrochage&#8230;) pour les installations des \u0153uvres ;<\/li>\n<li>Photographe, afin d&rsquo;immortaliser les pr\u00e9cieux moments du Labo<\/li>\n<\/ul>\n<p>Que vous soyez int\u00e9ress\u00e9\u00b7e et souhaitiez devenir b\u00e9n\u00e9voles ou que vous souhaitiez simplement en savoir plus, n&rsquo;h\u00e9sitez pas \u00e0 nous contacter \u00e0\u00a0<a href=\"mailto:info@lelabo.ca\" target=\"_blank\" rel=\"noopener noreferrer\">info@lelabo.ca<\/a>.<br \/>Nous serons ravis de r\u00e9pondre \u00e0 toutes vos questions.<\/p>\n<p>Le Labo est un centre d\u2019artistes autog\u00e9r\u00e9, \u00e0 la fois membre de la communaut\u00e9 artistique et de la communaut\u00e9 francophone. Les objectifs du Labo sont de soutenir l\u2019incubation, l\u2019innovation, la cr\u00e9ation et la production en arts m\u00e9diatiques, ainsi que de promouvoir la collaboration et la diffusion. Sa programmation comprend des expositions, installations, r\u00e9sidences ainsi que des ateliers et conf\u00e9rences.<\/p>\n\n\n<div style=\"height:33px\" aria-hidden=\"true\" class=\"wp-block-spacer\"><\/div>\n","protected":false},"excerpt":{"rendered":"<p>Afin de nous accompagner dans le d\u00e9veloppement de nos programmes, Le Labo recherche des personnes passionn\u00e9es par les arts m\u00e9diatiques, par la francophonie et par des projets excitants qui souhaiteraient rejoindre notre \u00e9quipe de b\u00e9n\u00e9voles. Que vous ayez d&rsquo;ores et<\/p>\n","protected":false},"author":2,"featured_media":0,"parent":0,"menu_order":0,"comment_status":"closed","ping_status":"open","template":"","meta":{"footnotes":""},"class_list":["post-1665","page","type-page","status-publish","hentry"],"yoast_head":"<!-- This site is optimized with the Yoast SEO plugin v24.9 - https:\/\/yoast.com\/wordpress\/plugins\/seo\/ -->\n<title>B\u00e9n\u00e9voles - Le Labo FR<\/title>\n<meta name=\"robots\" content=\"index, follow, max-snippet:-1, max-image-preview:large, max-video-preview:-1\" \/>\n<link rel=\"canonical\" href=\"https:\/\/lelabo.ca\/fr\/benevoles\/\" \/>\n<meta property=\"og:locale\" content=\"fr_FR\" \/>\n<meta property=\"og:type\" content=\"article\" \/>\n<meta property=\"og:title\" content=\"B\u00e9n\u00e9voles - Le Labo FR\" \/>\n<meta property=\"og:description\" content=\"Afin de nous accompagner dans le d\u00e9veloppement de nos programmes, Le Labo recherche des personnes passionn\u00e9es par les arts m\u00e9diatiques, par la francophonie et par des projets excitants qui souhaiteraient rejoindre notre \u00e9quipe de b\u00e9n\u00e9voles. Que vous ayez d&rsquo;ores et\" \/>\n<meta property=\"og:url\" content=\"https:\/\/lelabo.ca\/fr\/benevoles\/\" \/>\n<meta property=\"og:site_name\" content=\"Le Labo FR\" \/>\n<meta property=\"article:modified_time\" content=\"2022-03-21T19:27:43+00:00\" \/>\n<meta name=\"twitter:card\" content=\"summary_large_image\" \/>\n<meta name=\"twitter:label1\" content=\"Dur\u00e9e de lecture estim\u00e9e\" \/>\n\t<meta name=\"twitter:data1\" content=\"2 minutes\" \/>\n<script type=\"application\/ld+json\" class=\"yoast-schema-graph\">{\"@context\":\"https:\/\/schema.org\",\"@graph\":[{\"@type\":\"WebPage\",\"@id\":\"https:\/\/lelabo.ca\/fr\/benevoles\/\",\"url\":\"https:\/\/lelabo.ca\/fr\/benevoles\/\",\"name\":\"B\u00e9n\u00e9voles - Le Labo FR\",\"isPartOf\":{\"@id\":\"https:\/\/lelabo.ca\/fr\/#website\"},\"datePublished\":\"2015-06-23T19:27:32+00:00\",\"dateModified\":\"2022-03-21T19:27:43+00:00\",\"breadcrumb\":{\"@id\":\"https:\/\/lelabo.ca\/fr\/benevoles\/#breadcrumb\"},\"inLanguage\":\"fr-FR\",\"potentialAction\":[{\"@type\":\"ReadAction\",\"target\":[\"https:\/\/lelabo.ca\/fr\/benevoles\/\"]}]},{\"@type\":\"BreadcrumbList\",\"@id\":\"https:\/\/lelabo.ca\/fr\/benevoles\/#breadcrumb\",\"itemListElement\":[{\"@type\":\"ListItem\",\"position\":1,\"name\":\"Accueil\",\"item\":\"https:\/\/lelabo.ca\/fr\/\"},{\"@type\":\"ListItem\",\"position\":2,\"name\":\"B\u00e9n\u00e9voles\"}]},{\"@type\":\"WebSite\",\"@id\":\"https:\/\/lelabo.ca\/fr\/#website\",\"url\":\"https:\/\/lelabo.ca\/fr\/\",\"name\":\"Le Labo FR\",\"description\":\"\",\"potentialAction\":[{\"@type\":\"SearchAction\",\"target\":{\"@type\":\"EntryPoint\",\"urlTemplate\":\"https:\/\/lelabo.ca\/fr\/?s={search_term_string}\"},\"query-input\":{\"@type\":\"PropertyValueSpecification\",\"valueRequired\":true,\"valueName\":\"search_term_string\"}}],\"inLanguage\":\"fr-FR\"}]}<\/script>\n<!-- \/ Yoast SEO plugin. -->","yoast_head_json":{"title":"B\u00e9n\u00e9voles - Le Labo FR","robots":{"index":"index","follow":"follow","max-snippet":"max-snippet:-1","max-image-preview":"max-image-preview:large","max-video-preview":"max-video-preview:-1"},"canonical":"https:\/\/lelabo.ca\/fr\/benevoles\/","og_locale":"fr_FR","og_type":"article","og_title":"B\u00e9n\u00e9voles - Le Labo FR","og_description":"Afin de nous accompagner dans le d\u00e9veloppement de nos programmes, Le Labo recherche des personnes passionn\u00e9es par les arts m\u00e9diatiques, par la francophonie et par des projets excitants qui souhaiteraient rejoindre notre \u00e9quipe de b\u00e9n\u00e9voles. Que vous ayez d&rsquo;ores et","og_url":"https:\/\/lelabo.ca\/fr\/benevoles\/","og_site_name":"Le Labo FR","article_modified_time":"2022-03-21T19:27:43+00:00","twitter_card":"summary_large_image","twitter_misc":{"Dur\u00e9e de lecture estim\u00e9e":"2 minutes"},"schema":{"@context":"https:\/\/schema.org","@graph":[{"@type":"WebPage","@id":"https:\/\/lelabo.ca\/fr\/benevoles\/","url":"https:\/\/lelabo.ca\/fr\/benevoles\/","name":"B\u00e9n\u00e9voles - Le Labo FR","isPartOf":{"@id":"https:\/\/lelabo.ca\/fr\/#website"},"datePublished":"2015-06-23T19:27:32+00:00","dateModified":"2022-03-21T19:27:43+00:00","breadcrumb":{"@id":"https:\/\/lelabo.ca\/fr\/benevoles\/#breadcrumb"},"inLanguage":"fr-FR","potentialAction":[{"@type":"ReadAction","target":["https:\/\/lelabo.ca\/fr\/benevoles\/"]}]},{"@type":"BreadcrumbList","@id":"https:\/\/lelabo.ca\/fr\/benevoles\/#breadcrumb","itemListElement":[{"@type":"ListItem","position":1,"name":"Accueil","item":"https:\/\/lelabo.ca\/fr\/"},{"@type":"ListItem","position":2,"name":"B\u00e9n\u00e9voles"}]},{"@type":"WebSite","@id":"https:\/\/lelabo.ca\/fr\/#website","url":"https:\/\/lelabo.ca\/fr\/","name":"Le Labo FR","description":"","potentialAction":[{"@type":"SearchAction","target":{"@type":"EntryPoint","urlTemplate":"https:\/\/lelabo.ca\/fr\/?s={search_term_string}"},"query-input":{"@type":"PropertyValueSpecification","valueRequired":true,"valueName":"search_term_string"}}],"inLanguage":"fr-FR"}]}},"_links":{"self":[{"href":"https:\/\/lelabo.ca\/fr\/wp-json\/wp\/v2\/pages\/1665","targetHints":{"allow":["GET"]}}],"collection":[{"href":"https:\/\/lelabo.ca\/fr\/wp-json\/wp\/v2\/pages"}],"about":[{"href":"https:\/\/lelabo.ca\/fr\/wp-json\/wp\/v2\/types\/page"}],"author":[{"embeddable":true,"href":"https:\/\/lelabo.ca\/fr\/wp-json\/wp\/v2\/users\/2"}],"replies":[{"embeddable":true,"href":"https:\/\/lelabo.ca\/fr\/wp-json\/wp\/v2\/comments?post=1665"}],"version-history":[{"count":45,"href":"https:\/\/lelabo.ca\/fr\/wp-json\/wp\/v2\/pages\/1665\/revisions"}],"predecessor-version":[{"id":14503,"href":"https:\/\/lelabo.ca\/fr\/wp-json\/wp\/v2\/pages\/1665\/revisions\/14503"}],"wp:attachment":[{"href":"https:\/\/lelabo.ca\/fr\/wp-json\/wp\/v2\/media?parent=1665"}],"curies":[{"name":"wp","href":"https:\/\/api.w.org\/{rel}","templated":true}]}}