{"id":1686,"date":"2015-06-23T15:57:59","date_gmt":"2015-06-23T19:57:59","guid":{"rendered":"http:\/\/maiatencong.com\/wordpress\/fr\/?page_id=1686"},"modified":"2023-05-04T21:44:13","modified_gmt":"2023-05-04T21:44:13","slug":"programmation","status":"publish","type":"page","link":"https:\/\/lelabo.ca\/fr\/programmation\/","title":{"rendered":"Programmation"},"content":{"rendered":"\n<p>Avec sa programmation, Le Labo souhaite encourager et favoriser le rayonnement des artistes francophones de l&rsquo;Ontario en faisant le pont entre ces artistes et les pratiques artistiques m\u00e9diatiques dans tout l&rsquo;Ontario. <br><br>Nous faisons du Labo un espace qui forme l\u2019imagination autant qu\u2019il ouvre l\u2019esprit en offrant un environnement dans lequel l\u2019artiste se sent \u00e0 m\u00eame de risquer. Nous reconnaissons que l\u2019audace et l\u2019\u00e9chec peuvent mener \u00e0 l\u2019innovation et \u00e0 l\u2019excellence. Pour aller dans ce sens, vous retrouvez dans notre programmation : des r\u00e9sidences d&rsquo;artistes, des causeries, des balados (vid\u00e9os et audio) et tout autre programme favorisant la r\u00e9flexion, invitant au rapprochement entre cr\u00e9ateurs et invitant le public \u00e0 la rencontre de ses membres. <\/p>\n\n\n\n<hr class=\"wp-block-separator\"\/>\n\n\n\n<p class=\"has-small-font-size\"><em>Veuillez noter que m\u00eame au format virtuel, les \u00e9v\u00e9nements organis\u00e9s par Le Labo peuvent \u00eatre document\u00e9s par des photographies et des vid\u00e9os. Ces images peuvent \u00eatre utilis\u00e9es par Le Labo \u00e0 des fins promotionnelles, publicitaires et \u00e9ducatives.<\/em><\/p>\n\n\n\n<p class=\"has-small-font-size\"><em>En participant \u00e0 nos \u00e9v\u00e9nements, vous consentez \u00e0 permettre au Labo de documenter et d\u2019utiliser votre image et votre ressemblance. Cependant, si vous ne souhaitez pas que nous utilisions une photo ou une vid\u00e9o de vous ou de votre enfant, n\u2019h\u00e9sitez pas \u00e0 nous en informer lorsque vous arrivez \u00e0 l\u2019\u00e9v\u00e9nement.<\/em><\/p>\n\n\n\n<p class=\"has-small-font-size\"><em>Pour en discuter, contactez-nous :&nbsp;<a href=\"mailto:com@lelabo.ca\">com@lelabo.ca<\/a><\/em><\/p>\n\n\n\n<div style=\"height:20px\" aria-hidden=\"true\" class=\"wp-block-spacer\"><\/div>\n","protected":false},"excerpt":{"rendered":"<p>Avec sa programmation, Le Labo souhaite encourager et favoriser le rayonnement des artistes francophones de l&rsquo;Ontario en faisant le pont entre ces artistes et les pratiques artistiques m\u00e9diatiques dans tout l&rsquo;Ontario. Nous faisons du Labo un espace qui forme l\u2019imagination<\/p>\n","protected":false},"author":2,"featured_media":0,"parent":0,"menu_order":0,"comment_status":"closed","ping_status":"open","template":"","meta":{"footnotes":""},"class_list":["post-1686","page","type-page","status-publish","hentry"],"yoast_head":"<!-- This site is optimized with the Yoast SEO plugin v24.9 - https:\/\/yoast.com\/wordpress\/plugins\/seo\/ -->\n<title>Programmation - Le Labo FR<\/title>\n<meta name=\"robots\" content=\"index, follow, max-snippet:-1, max-image-preview:large, max-video-preview:-1\" \/>\n<link rel=\"canonical\" href=\"https:\/\/lelabo.ca\/fr\/programmation\/\" \/>\n<meta property=\"og:locale\" content=\"fr_FR\" \/>\n<meta property=\"og:type\" content=\"article\" \/>\n<meta property=\"og:title\" content=\"Programmation - Le Labo FR\" \/>\n<meta property=\"og:description\" content=\"Avec sa programmation, Le Labo souhaite encourager et favoriser le rayonnement des artistes francophones de l&rsquo;Ontario en faisant le pont entre ces artistes et les pratiques artistiques m\u00e9diatiques dans tout l&rsquo;Ontario. Nous faisons du Labo un espace qui forme l\u2019imagination\" \/>\n<meta property=\"og:url\" content=\"https:\/\/lelabo.ca\/fr\/programmation\/\" \/>\n<meta property=\"og:site_name\" content=\"Le Labo FR\" \/>\n<meta property=\"article:modified_time\" content=\"2023-05-04T21:44:13+00:00\" \/>\n<meta name=\"twitter:card\" content=\"summary_large_image\" \/>\n<meta name=\"twitter:label1\" content=\"Dur\u00e9e de lecture estim\u00e9e\" \/>\n\t<meta name=\"twitter:data1\" content=\"1 minute\" \/>\n<script type=\"application\/ld+json\" class=\"yoast-schema-graph\">{\"@context\":\"https:\/\/schema.org\",\"@graph\":[{\"@type\":\"WebPage\",\"@id\":\"https:\/\/lelabo.ca\/fr\/programmation\/\",\"url\":\"https:\/\/lelabo.ca\/fr\/programmation\/\",\"name\":\"Programmation - Le Labo FR\",\"isPartOf\":{\"@id\":\"https:\/\/lelabo.ca\/fr\/#website\"},\"datePublished\":\"2015-06-23T19:57:59+00:00\",\"dateModified\":\"2023-05-04T21:44:13+00:00\",\"breadcrumb\":{\"@id\":\"https:\/\/lelabo.ca\/fr\/programmation\/#breadcrumb\"},\"inLanguage\":\"fr-FR\",\"potentialAction\":[{\"@type\":\"ReadAction\",\"target\":[\"https:\/\/lelabo.ca\/fr\/programmation\/\"]}]},{\"@type\":\"BreadcrumbList\",\"@id\":\"https:\/\/lelabo.ca\/fr\/programmation\/#breadcrumb\",\"itemListElement\":[{\"@type\":\"ListItem\",\"position\":1,\"name\":\"Accueil\",\"item\":\"https:\/\/lelabo.ca\/fr\/\"},{\"@type\":\"ListItem\",\"position\":2,\"name\":\"Programmation\"}]},{\"@type\":\"WebSite\",\"@id\":\"https:\/\/lelabo.ca\/fr\/#website\",\"url\":\"https:\/\/lelabo.ca\/fr\/\",\"name\":\"Le Labo FR\",\"description\":\"\",\"potentialAction\":[{\"@type\":\"SearchAction\",\"target\":{\"@type\":\"EntryPoint\",\"urlTemplate\":\"https:\/\/lelabo.ca\/fr\/?s={search_term_string}\"},\"query-input\":{\"@type\":\"PropertyValueSpecification\",\"valueRequired\":true,\"valueName\":\"search_term_string\"}}],\"inLanguage\":\"fr-FR\"}]}<\/script>\n<!-- \/ Yoast SEO plugin. -->","yoast_head_json":{"title":"Programmation - Le Labo FR","robots":{"index":"index","follow":"follow","max-snippet":"max-snippet:-1","max-image-preview":"max-image-preview:large","max-video-preview":"max-video-preview:-1"},"canonical":"https:\/\/lelabo.ca\/fr\/programmation\/","og_locale":"fr_FR","og_type":"article","og_title":"Programmation - Le Labo FR","og_description":"Avec sa programmation, Le Labo souhaite encourager et favoriser le rayonnement des artistes francophones de l&rsquo;Ontario en faisant le pont entre ces artistes et les pratiques artistiques m\u00e9diatiques dans tout l&rsquo;Ontario. Nous faisons du Labo un espace qui forme l\u2019imagination","og_url":"https:\/\/lelabo.ca\/fr\/programmation\/","og_site_name":"Le Labo FR","article_modified_time":"2023-05-04T21:44:13+00:00","twitter_card":"summary_large_image","twitter_misc":{"Dur\u00e9e de lecture estim\u00e9e":"1 minute"},"schema":{"@context":"https:\/\/schema.org","@graph":[{"@type":"WebPage","@id":"https:\/\/lelabo.ca\/fr\/programmation\/","url":"https:\/\/lelabo.ca\/fr\/programmation\/","name":"Programmation - Le Labo FR","isPartOf":{"@id":"https:\/\/lelabo.ca\/fr\/#website"},"datePublished":"2015-06-23T19:57:59+00:00","dateModified":"2023-05-04T21:44:13+00:00","breadcrumb":{"@id":"https:\/\/lelabo.ca\/fr\/programmation\/#breadcrumb"},"inLanguage":"fr-FR","potentialAction":[{"@type":"ReadAction","target":["https:\/\/lelabo.ca\/fr\/programmation\/"]}]},{"@type":"BreadcrumbList","@id":"https:\/\/lelabo.ca\/fr\/programmation\/#breadcrumb","itemListElement":[{"@type":"ListItem","position":1,"name":"Accueil","item":"https:\/\/lelabo.ca\/fr\/"},{"@type":"ListItem","position":2,"name":"Programmation"}]},{"@type":"WebSite","@id":"https:\/\/lelabo.ca\/fr\/#website","url":"https:\/\/lelabo.ca\/fr\/","name":"Le Labo FR","description":"","potentialAction":[{"@type":"SearchAction","target":{"@type":"EntryPoint","urlTemplate":"https:\/\/lelabo.ca\/fr\/?s={search_term_string}"},"query-input":{"@type":"PropertyValueSpecification","valueRequired":true,"valueName":"search_term_string"}}],"inLanguage":"fr-FR"}]}},"_links":{"self":[{"href":"https:\/\/lelabo.ca\/fr\/wp-json\/wp\/v2\/pages\/1686","targetHints":{"allow":["GET"]}}],"collection":[{"href":"https:\/\/lelabo.ca\/fr\/wp-json\/wp\/v2\/pages"}],"about":[{"href":"https:\/\/lelabo.ca\/fr\/wp-json\/wp\/v2\/types\/page"}],"author":[{"embeddable":true,"href":"https:\/\/lelabo.ca\/fr\/wp-json\/wp\/v2\/users\/2"}],"replies":[{"embeddable":true,"href":"https:\/\/lelabo.ca\/fr\/wp-json\/wp\/v2\/comments?post=1686"}],"version-history":[{"count":210,"href":"https:\/\/lelabo.ca\/fr\/wp-json\/wp\/v2\/pages\/1686\/revisions"}],"predecessor-version":[{"id":14467,"href":"https:\/\/lelabo.ca\/fr\/wp-json\/wp\/v2\/pages\/1686\/revisions\/14467"}],"wp:attachment":[{"href":"https:\/\/lelabo.ca\/fr\/wp-json\/wp\/v2\/media?parent=1686"}],"curies":[{"name":"wp","href":"https:\/\/api.w.org\/{rel}","templated":true}]}}