{"id":1698,"date":"2015-06-25T16:39:29","date_gmt":"2015-06-25T20:39:29","guid":{"rendered":"http:\/\/maiatencong.com\/wordpress\/fr\/?page_id=1698"},"modified":"2023-09-27T13:21:43","modified_gmt":"2023-09-27T13:21:43","slug":"faire-une-contribution","status":"publish","type":"page","link":"https:\/\/lelabo.ca\/fr\/soutenez-le-labo\/faire-une-contribution\/","title":{"rendered":"Soutenez Le Labo"},"content":{"rendered":"<p>Si vous tombez sur cette page, nous avons en commun l&rsquo;amour de l&rsquo;art!<\/p>\n<p>Acqu\u00e9rir des \u0153uvres est certainement une des moyens les plus directs de soutenir les artistes pr\u00e8s de chez vous, mais ce n&rsquo;est pas le seul! Soutenir vos artistes locaux n&rsquo;est pas forc\u00e9ment inaccessible, m\u00eame si vous ne poss\u00e9dez pas encore de collection priv\u00e9e.\u00a0<\/p>\n<p>Vous pouvez toujours&#8230;<\/p>\n<ul>\n<li>Participer \u00e0 notre <a href=\"https:\/\/chuffed.org\/project\/pz8-campagne-de-financement-du-projet-le-cercle\">campagne de financement<\/a> du Cercle 2024!<\/li>\n<li><a href=\"https:\/\/checkout.square.site\/merchant\/ML6T8W636MGVF\/checkout\/HUPWZ3YHOCXSWIF4NOZPTVUA\" target=\"_blank\" rel=\"noopener noreferrer\">Acheter notre totebag<\/a> en \u00e9dition limit\u00e9e cr\u00e9\u00e9 par le membre fondateur Paul Walty pour $16.<\/li>\n<li>Nous suivre sur les <a href=\"https:\/\/www.instagram.com\/lelaboart\/\" target=\"_blank\" rel=\"noopener noreferrer\">m\u00e9dias sociaux<\/a>. Likez et partagez les publications avec vos amis. Les m\u00e9dias sociaux sont extr\u00eamement puissants lorsqu&rsquo;ils sont bien utilis\u00e9s, et soutenir votre communaut\u00e9 artistique locale est une excellente fa\u00e7on de le faire!<\/li>\n<li>Assistez \u00e0 nos \u00e9v\u00e9nements, pour la plupart gratuits. Ces \u00e9v\u00e9nements peuvent aller d\u2019un vernissage, \u00e0 la visite d\u2019une exposition, \u00e0 une causerie organis\u00e9e sur Zoom et bien d\u2019autres encore. Il s&rsquo;agit simplement de montrer votre int\u00e9r\u00eat pour les activit\u00e9s du Labo.\u00a0<\/li>\n<li><a href=\"https:\/\/www.paypal.com\/cgi-bin\/webscr?cmd=_s-xclick&amp;hosted_button_id=A94RNKPG45D8L\" target=\"_blank\" rel=\"noopener noreferrer\">Faire une contribution<\/a> du montant de votre choix pour soutenir nos activit\u00e9s*<\/li>\n<\/ul>\n\n\n<form action=\"https:\/\/www.paypal.com\/cgi-bin\/webscr\" method=\"post\" target=\"_top\">\n<input type=\"hidden\" name=\"cmd\" value=\"_s-xclick\">\n<input type=\"hidden\" name=\"hosted_button_id\" value=\"N6X7RMARLNZ2Y\">\n<input type=\"image\" src=\"https:\/\/www.paypalobjects.com\/fr_CA\/i\/btn\/btn_donateCC_LG.gif\" border=\"0\" name=\"submit\" title=\"PayPal - The safer, easier way to pay online!\" alt=\"Bouton Faire un don avec PayPal\">\n<img loading=\"lazy\" decoding=\"async\" alt=\"\" border=\"0\" src=\"https:\/\/www.paypal.com\/fr_CA\/i\/scr\/pixel.gif\" width=\"1\" height=\"1\">\n\n\n\n<p class=\"has-small-font-size\"> *Le Labo ne d\u00e9tient pas le statut d&rsquo;organisme de bienfaisance&nbsp;et ne peut donc pas \u00e9mettre de re\u00e7u d&rsquo;imp\u00f4t. Il suit n\u00e9anmoins les normes et lignes directrices \u00e9tablies par Imagine Canada, Association of Fundraising Professionals et l&rsquo;Agence du Revenu du Canada. Num\u00e9ro d&rsquo;entreprise : 858058969RC0001 <\/p>\n\n\n\n<div style=\"height:20px\" aria-hidden=\"true\" class=\"wp-block-spacer\"><\/div>\n","protected":false},"excerpt":{"rendered":"<p>Si vous tombez sur cette page, nous avons en commun l&rsquo;amour de l&rsquo;art! Acqu\u00e9rir des \u0153uvres est certainement une des moyens les plus directs de soutenir les artistes pr\u00e8s de chez vous, mais ce n&rsquo;est pas le seul! Soutenir vos<\/p>\n","protected":false},"author":2,"featured_media":0,"parent":1661,"menu_order":0,"comment_status":"closed","ping_status":"open","template":"","meta":{"footnotes":""},"class_list":["post-1698","page","type-page","status-publish","hentry"],"yoast_head":"<!-- This site is optimized with the Yoast SEO plugin v24.9 - https:\/\/yoast.com\/wordpress\/plugins\/seo\/ -->\n<title>Soutenez Le Labo - Le Labo FR<\/title>\n<meta name=\"robots\" content=\"index, follow, max-snippet:-1, max-image-preview:large, max-video-preview:-1\" \/>\n<link rel=\"canonical\" href=\"https:\/\/lelabo.ca\/fr\/soutenez-le-labo\/faire-une-contribution\/\" \/>\n<meta property=\"og:locale\" content=\"fr_FR\" \/>\n<meta property=\"og:type\" content=\"article\" \/>\n<meta property=\"og:title\" content=\"Soutenez Le Labo - Le Labo FR\" \/>\n<meta property=\"og:description\" content=\"Si vous tombez sur cette page, nous avons en commun l&rsquo;amour de l&rsquo;art! Acqu\u00e9rir des \u0153uvres est certainement une des moyens les plus directs de soutenir les artistes pr\u00e8s de chez vous, mais ce n&rsquo;est pas le seul! Soutenir vos\" \/>\n<meta property=\"og:url\" content=\"https:\/\/lelabo.ca\/fr\/soutenez-le-labo\/faire-une-contribution\/\" \/>\n<meta property=\"og:site_name\" content=\"Le Labo FR\" \/>\n<meta property=\"article:modified_time\" content=\"2023-09-27T13:21:43+00:00\" \/>\n<meta property=\"og:image\" content=\"https:\/\/www.paypal.com\/fr_CA\/i\/scr\/pixel.gif\" \/>\n<meta name=\"twitter:card\" content=\"summary_large_image\" \/>\n<meta name=\"twitter:label1\" content=\"Dur\u00e9e de lecture estim\u00e9e\" \/>\n\t<meta name=\"twitter:data1\" content=\"1 minute\" \/>\n<script type=\"application\/ld+json\" class=\"yoast-schema-graph\">{\"@context\":\"https:\/\/schema.org\",\"@graph\":[{\"@type\":\"WebPage\",\"@id\":\"https:\/\/lelabo.ca\/fr\/soutenez-le-labo\/faire-une-contribution\/\",\"url\":\"https:\/\/lelabo.ca\/fr\/soutenez-le-labo\/faire-une-contribution\/\",\"name\":\"Soutenez Le Labo - Le Labo FR\",\"isPartOf\":{\"@id\":\"https:\/\/lelabo.ca\/fr\/#website\"},\"primaryImageOfPage\":{\"@id\":\"https:\/\/lelabo.ca\/fr\/soutenez-le-labo\/faire-une-contribution\/#primaryimage\"},\"image\":{\"@id\":\"https:\/\/lelabo.ca\/fr\/soutenez-le-labo\/faire-une-contribution\/#primaryimage\"},\"thumbnailUrl\":\"https:\/\/www.paypal.com\/fr_CA\/i\/scr\/pixel.gif\",\"datePublished\":\"2015-06-25T20:39:29+00:00\",\"dateModified\":\"2023-09-27T13:21:43+00:00\",\"breadcrumb\":{\"@id\":\"https:\/\/lelabo.ca\/fr\/soutenez-le-labo\/faire-une-contribution\/#breadcrumb\"},\"inLanguage\":\"fr-FR\",\"potentialAction\":[{\"@type\":\"ReadAction\",\"target\":[\"https:\/\/lelabo.ca\/fr\/soutenez-le-labo\/faire-une-contribution\/\"]}]},{\"@type\":\"ImageObject\",\"inLanguage\":\"fr-FR\",\"@id\":\"https:\/\/lelabo.ca\/fr\/soutenez-le-labo\/faire-une-contribution\/#primaryimage\",\"url\":\"https:\/\/www.paypal.com\/fr_CA\/i\/scr\/pixel.gif\",\"contentUrl\":\"https:\/\/www.paypal.com\/fr_CA\/i\/scr\/pixel.gif\"},{\"@type\":\"BreadcrumbList\",\"@id\":\"https:\/\/lelabo.ca\/fr\/soutenez-le-labo\/faire-une-contribution\/#breadcrumb\",\"itemListElement\":[{\"@type\":\"ListItem\",\"position\":1,\"name\":\"Accueil\",\"item\":\"https:\/\/lelabo.ca\/fr\/\"},{\"@type\":\"ListItem\",\"position\":2,\"name\":\"Soutenez Le Labo\",\"item\":\"https:\/\/lelabo.ca\/fr\/soutenez-le-labo\/\"},{\"@type\":\"ListItem\",\"position\":3,\"name\":\"Soutenez Le Labo\"}]},{\"@type\":\"WebSite\",\"@id\":\"https:\/\/lelabo.ca\/fr\/#website\",\"url\":\"https:\/\/lelabo.ca\/fr\/\",\"name\":\"Le Labo FR\",\"description\":\"\",\"potentialAction\":[{\"@type\":\"SearchAction\",\"target\":{\"@type\":\"EntryPoint\",\"urlTemplate\":\"https:\/\/lelabo.ca\/fr\/?s={search_term_string}\"},\"query-input\":{\"@type\":\"PropertyValueSpecification\",\"valueRequired\":true,\"valueName\":\"search_term_string\"}}],\"inLanguage\":\"fr-FR\"}]}<\/script>\n<!-- \/ Yoast SEO plugin. -->","yoast_head_json":{"title":"Soutenez Le Labo - Le Labo FR","robots":{"index":"index","follow":"follow","max-snippet":"max-snippet:-1","max-image-preview":"max-image-preview:large","max-video-preview":"max-video-preview:-1"},"canonical":"https:\/\/lelabo.ca\/fr\/soutenez-le-labo\/faire-une-contribution\/","og_locale":"fr_FR","og_type":"article","og_title":"Soutenez Le Labo - Le Labo FR","og_description":"Si vous tombez sur cette page, nous avons en commun l&rsquo;amour de l&rsquo;art! Acqu\u00e9rir des \u0153uvres est certainement une des moyens les plus directs de soutenir les artistes pr\u00e8s de chez vous, mais ce n&rsquo;est pas le seul! Soutenir vos","og_url":"https:\/\/lelabo.ca\/fr\/soutenez-le-labo\/faire-une-contribution\/","og_site_name":"Le Labo FR","article_modified_time":"2023-09-27T13:21:43+00:00","og_image":[{"url":"https:\/\/www.paypal.com\/fr_CA\/i\/scr\/pixel.gif","type":"","width":"","height":""}],"twitter_card":"summary_large_image","twitter_misc":{"Dur\u00e9e de lecture estim\u00e9e":"1 minute"},"schema":{"@context":"https:\/\/schema.org","@graph":[{"@type":"WebPage","@id":"https:\/\/lelabo.ca\/fr\/soutenez-le-labo\/faire-une-contribution\/","url":"https:\/\/lelabo.ca\/fr\/soutenez-le-labo\/faire-une-contribution\/","name":"Soutenez Le Labo - Le Labo FR","isPartOf":{"@id":"https:\/\/lelabo.ca\/fr\/#website"},"primaryImageOfPage":{"@id":"https:\/\/lelabo.ca\/fr\/soutenez-le-labo\/faire-une-contribution\/#primaryimage"},"image":{"@id":"https:\/\/lelabo.ca\/fr\/soutenez-le-labo\/faire-une-contribution\/#primaryimage"},"thumbnailUrl":"https:\/\/www.paypal.com\/fr_CA\/i\/scr\/pixel.gif","datePublished":"2015-06-25T20:39:29+00:00","dateModified":"2023-09-27T13:21:43+00:00","breadcrumb":{"@id":"https:\/\/lelabo.ca\/fr\/soutenez-le-labo\/faire-une-contribution\/#breadcrumb"},"inLanguage":"fr-FR","potentialAction":[{"@type":"ReadAction","target":["https:\/\/lelabo.ca\/fr\/soutenez-le-labo\/faire-une-contribution\/"]}]},{"@type":"ImageObject","inLanguage":"fr-FR","@id":"https:\/\/lelabo.ca\/fr\/soutenez-le-labo\/faire-une-contribution\/#primaryimage","url":"https:\/\/www.paypal.com\/fr_CA\/i\/scr\/pixel.gif","contentUrl":"https:\/\/www.paypal.com\/fr_CA\/i\/scr\/pixel.gif"},{"@type":"BreadcrumbList","@id":"https:\/\/lelabo.ca\/fr\/soutenez-le-labo\/faire-une-contribution\/#breadcrumb","itemListElement":[{"@type":"ListItem","position":1,"name":"Accueil","item":"https:\/\/lelabo.ca\/fr\/"},{"@type":"ListItem","position":2,"name":"Soutenez Le Labo","item":"https:\/\/lelabo.ca\/fr\/soutenez-le-labo\/"},{"@type":"ListItem","position":3,"name":"Soutenez Le Labo"}]},{"@type":"WebSite","@id":"https:\/\/lelabo.ca\/fr\/#website","url":"https:\/\/lelabo.ca\/fr\/","name":"Le Labo FR","description":"","potentialAction":[{"@type":"SearchAction","target":{"@type":"EntryPoint","urlTemplate":"https:\/\/lelabo.ca\/fr\/?s={search_term_string}"},"query-input":{"@type":"PropertyValueSpecification","valueRequired":true,"valueName":"search_term_string"}}],"inLanguage":"fr-FR"}]}},"_links":{"self":[{"href":"https:\/\/lelabo.ca\/fr\/wp-json\/wp\/v2\/pages\/1698","targetHints":{"allow":["GET"]}}],"collection":[{"href":"https:\/\/lelabo.ca\/fr\/wp-json\/wp\/v2\/pages"}],"about":[{"href":"https:\/\/lelabo.ca\/fr\/wp-json\/wp\/v2\/types\/page"}],"author":[{"embeddable":true,"href":"https:\/\/lelabo.ca\/fr\/wp-json\/wp\/v2\/users\/2"}],"replies":[{"embeddable":true,"href":"https:\/\/lelabo.ca\/fr\/wp-json\/wp\/v2\/comments?post=1698"}],"version-history":[{"count":42,"href":"https:\/\/lelabo.ca\/fr\/wp-json\/wp\/v2\/pages\/1698\/revisions"}],"predecessor-version":[{"id":14760,"href":"https:\/\/lelabo.ca\/fr\/wp-json\/wp\/v2\/pages\/1698\/revisions\/14760"}],"up":[{"embeddable":true,"href":"https:\/\/lelabo.ca\/fr\/wp-json\/wp\/v2\/pages\/1661"}],"wp:attachment":[{"href":"https:\/\/lelabo.ca\/fr\/wp-json\/wp\/v2\/media?parent=1698"}],"curies":[{"name":"wp","href":"https:\/\/api.w.org\/{rel}","templated":true}]}}