{"id":1836,"date":"2015-08-17T18:01:01","date_gmt":"2015-08-17T22:01:01","guid":{"rendered":"http:\/\/maiatencong.com\/wordpress\/fr\/?page_id=1836"},"modified":"2016-02-26T16:05:43","modified_gmt":"2016-02-26T16:05:43","slug":"membres","status":"publish","type":"page","link":"https:\/\/lelabo.ca\/fr\/membres\/","title":{"rendered":"Membres"},"content":{"rendered":"<p><b>Ce que Le Labo offre aux membres :\u00a0<\/b><\/p>\n<p>\u2022 Acc\u00e8s \u00e0 un r\u00e9seau d\u2019information et de soutien<\/p>\n<p>\u2022 Un support pour la cr\u00e9ation avec des programmes de mentorat, des ateliers professionels et de l\u2019\u00e9quipement de cr\u00e9ation num\u00e9rique.<\/p>\n<p>\u2022 Opportunit\u00e9s de promotion et diffusion exclusives avec l\u2019exposition et l&rsquo;encan annuel, des appels \u00e0 projets et des \u00e9changes avec d\u2019autres centres d\u2019artistes<br \/>\n(ex.: Festival Cin\u00e9franco \u00e0 Toronto, FAAS \u00e0 Sudbury et SAT \u00e0 Montr\u00e9al).<\/p>\n<p>&nbsp;<\/p>\n","protected":false},"excerpt":{"rendered":"<p>Ce que Le Labo offre aux membres :\u00a0 \u2022 Acc\u00e8s \u00e0 un r\u00e9seau d\u2019information et de soutien \u2022 Un support pour la cr\u00e9ation avec des programmes de mentorat, des ateliers professionels et de l\u2019\u00e9quipement de cr\u00e9ation num\u00e9rique. \u2022 Opportunit\u00e9s de<\/p>\n","protected":false},"author":2,"featured_media":0,"parent":0,"menu_order":0,"comment_status":"closed","ping_status":"open","template":"","meta":{"footnotes":""},"class_list":["post-1836","page","type-page","status-publish","hentry"],"yoast_head":"<!-- This site is optimized with the Yoast SEO plugin v24.9 - https:\/\/yoast.com\/wordpress\/plugins\/seo\/ -->\n<title>Membres - Le Labo FR<\/title>\n<meta name=\"robots\" content=\"index, follow, max-snippet:-1, max-image-preview:large, max-video-preview:-1\" \/>\n<link rel=\"canonical\" href=\"https:\/\/lelabo.ca\/fr\/membres\/\" \/>\n<meta property=\"og:locale\" content=\"fr_FR\" \/>\n<meta property=\"og:type\" content=\"article\" \/>\n<meta property=\"og:title\" content=\"Membres - Le Labo FR\" \/>\n<meta property=\"og:description\" content=\"Ce que Le Labo offre aux membres :\u00a0 \u2022 Acc\u00e8s \u00e0 un r\u00e9seau d\u2019information et de soutien \u2022 Un support pour la cr\u00e9ation avec des programmes de mentorat, des ateliers professionels et de l\u2019\u00e9quipement de cr\u00e9ation num\u00e9rique. \u2022 Opportunit\u00e9s de\" \/>\n<meta property=\"og:url\" content=\"https:\/\/lelabo.ca\/fr\/membres\/\" \/>\n<meta property=\"og:site_name\" content=\"Le Labo FR\" \/>\n<meta property=\"article:modified_time\" content=\"2016-02-26T16:05:43+00:00\" \/>\n<meta name=\"twitter:card\" content=\"summary_large_image\" \/>\n<script type=\"application\/ld+json\" class=\"yoast-schema-graph\">{\"@context\":\"https:\/\/schema.org\",\"@graph\":[{\"@type\":\"WebPage\",\"@id\":\"https:\/\/lelabo.ca\/fr\/membres\/\",\"url\":\"https:\/\/lelabo.ca\/fr\/membres\/\",\"name\":\"Membres - Le Labo FR\",\"isPartOf\":{\"@id\":\"https:\/\/lelabo.ca\/fr\/#website\"},\"datePublished\":\"2015-08-17T22:01:01+00:00\",\"dateModified\":\"2016-02-26T16:05:43+00:00\",\"breadcrumb\":{\"@id\":\"https:\/\/lelabo.ca\/fr\/membres\/#breadcrumb\"},\"inLanguage\":\"fr-FR\",\"potentialAction\":[{\"@type\":\"ReadAction\",\"target\":[\"https:\/\/lelabo.ca\/fr\/membres\/\"]}]},{\"@type\":\"BreadcrumbList\",\"@id\":\"https:\/\/lelabo.ca\/fr\/membres\/#breadcrumb\",\"itemListElement\":[{\"@type\":\"ListItem\",\"position\":1,\"name\":\"Accueil\",\"item\":\"https:\/\/lelabo.ca\/fr\/\"},{\"@type\":\"ListItem\",\"position\":2,\"name\":\"Membres\"}]},{\"@type\":\"WebSite\",\"@id\":\"https:\/\/lelabo.ca\/fr\/#website\",\"url\":\"https:\/\/lelabo.ca\/fr\/\",\"name\":\"Le Labo FR\",\"description\":\"\",\"potentialAction\":[{\"@type\":\"SearchAction\",\"target\":{\"@type\":\"EntryPoint\",\"urlTemplate\":\"https:\/\/lelabo.ca\/fr\/?s={search_term_string}\"},\"query-input\":{\"@type\":\"PropertyValueSpecification\",\"valueRequired\":true,\"valueName\":\"search_term_string\"}}],\"inLanguage\":\"fr-FR\"}]}<\/script>\n<!-- \/ Yoast SEO plugin. -->","yoast_head_json":{"title":"Membres - Le Labo FR","robots":{"index":"index","follow":"follow","max-snippet":"max-snippet:-1","max-image-preview":"max-image-preview:large","max-video-preview":"max-video-preview:-1"},"canonical":"https:\/\/lelabo.ca\/fr\/membres\/","og_locale":"fr_FR","og_type":"article","og_title":"Membres - Le Labo FR","og_description":"Ce que Le Labo offre aux membres :\u00a0 \u2022 Acc\u00e8s \u00e0 un r\u00e9seau d\u2019information et de soutien \u2022 Un support pour la cr\u00e9ation avec des programmes de mentorat, des ateliers professionels et de l\u2019\u00e9quipement de cr\u00e9ation num\u00e9rique. \u2022 Opportunit\u00e9s de","og_url":"https:\/\/lelabo.ca\/fr\/membres\/","og_site_name":"Le Labo FR","article_modified_time":"2016-02-26T16:05:43+00:00","twitter_card":"summary_large_image","schema":{"@context":"https:\/\/schema.org","@graph":[{"@type":"WebPage","@id":"https:\/\/lelabo.ca\/fr\/membres\/","url":"https:\/\/lelabo.ca\/fr\/membres\/","name":"Membres - Le Labo FR","isPartOf":{"@id":"https:\/\/lelabo.ca\/fr\/#website"},"datePublished":"2015-08-17T22:01:01+00:00","dateModified":"2016-02-26T16:05:43+00:00","breadcrumb":{"@id":"https:\/\/lelabo.ca\/fr\/membres\/#breadcrumb"},"inLanguage":"fr-FR","potentialAction":[{"@type":"ReadAction","target":["https:\/\/lelabo.ca\/fr\/membres\/"]}]},{"@type":"BreadcrumbList","@id":"https:\/\/lelabo.ca\/fr\/membres\/#breadcrumb","itemListElement":[{"@type":"ListItem","position":1,"name":"Accueil","item":"https:\/\/lelabo.ca\/fr\/"},{"@type":"ListItem","position":2,"name":"Membres"}]},{"@type":"WebSite","@id":"https:\/\/lelabo.ca\/fr\/#website","url":"https:\/\/lelabo.ca\/fr\/","name":"Le Labo FR","description":"","potentialAction":[{"@type":"SearchAction","target":{"@type":"EntryPoint","urlTemplate":"https:\/\/lelabo.ca\/fr\/?s={search_term_string}"},"query-input":{"@type":"PropertyValueSpecification","valueRequired":true,"valueName":"search_term_string"}}],"inLanguage":"fr-FR"}]}},"_links":{"self":[{"href":"https:\/\/lelabo.ca\/fr\/wp-json\/wp\/v2\/pages\/1836","targetHints":{"allow":["GET"]}}],"collection":[{"href":"https:\/\/lelabo.ca\/fr\/wp-json\/wp\/v2\/pages"}],"about":[{"href":"https:\/\/lelabo.ca\/fr\/wp-json\/wp\/v2\/types\/page"}],"author":[{"embeddable":true,"href":"https:\/\/lelabo.ca\/fr\/wp-json\/wp\/v2\/users\/2"}],"replies":[{"embeddable":true,"href":"https:\/\/lelabo.ca\/fr\/wp-json\/wp\/v2\/comments?post=1836"}],"version-history":[{"count":3,"href":"https:\/\/lelabo.ca\/fr\/wp-json\/wp\/v2\/pages\/1836\/revisions"}],"predecessor-version":[{"id":5425,"href":"https:\/\/lelabo.ca\/fr\/wp-json\/wp\/v2\/pages\/1836\/revisions\/5425"}],"wp:attachment":[{"href":"https:\/\/lelabo.ca\/fr\/wp-json\/wp\/v2\/media?parent=1836"}],"curies":[{"name":"wp","href":"https:\/\/api.w.org\/{rel}","templated":true}]}}