{"id":5052,"date":"2015-08-27T15:35:44","date_gmt":"2015-08-27T15:35:44","guid":{"rendered":"http:\/\/lelabo.ca\/fr\/?page_id=5052"},"modified":"2018-04-13T16:14:36","modified_gmt":"2018-04-13T16:14:36","slug":"reseau","status":"publish","type":"page","link":"https:\/\/lelabo.ca\/fr\/services\/reseau\/","title":{"rendered":"Un R\u00e9seau"},"content":{"rendered":"<div class=\"page\" title=\"Page 4\">\n<div class=\"layoutArea\">\n<div class=\"column\">\n<figure id=\"attachment_8916\" aria-describedby=\"caption-attachment-8916\" style=\"width: 900px\" class=\"wp-caption alignleft\"><img loading=\"lazy\" decoding=\"async\" class=\"size-full wp-image-8916\" src=\"https:\/\/lelabo.ca\/fr\/wp-content\/uploads\/sites\/2\/2018\/04\/ishyaka-projection_900x-450-px.jpg\" alt=\"Projection du film &quot;ISHYAKA : La volont\u00e9 de vivre&quot; de Jospeh Bitamba, 2017, Photo par Jacquelyn H\u00e9bert\" width=\"900\" height=\"450\" srcset=\"https:\/\/lelabo.ca\/fr\/wp-content\/uploads\/sites\/2\/2018\/04\/ishyaka-projection_900x-450-px.jpg 900w, https:\/\/lelabo.ca\/fr\/wp-content\/uploads\/sites\/2\/2018\/04\/ishyaka-projection_900x-450-px-300x150.jpg 300w\" sizes=\"auto, (max-width: 900px) 100vw, 900px\" \/><figcaption id=\"caption-attachment-8916\" class=\"wp-caption-text\">Projection du film \u00ab\u00a0ISHYAKA : La volont\u00e9 de vivre\u00a0\u00bb de Jospeh Bitamba, 2017, Photo par <a href=\"https:\/\/lelabo.ca\/fr\/membre\/jacquelyn-hebert\/\" target=\"_blank\">Jacquelyn H\u00e9bert<\/a><\/figcaption><\/figure>\n<p>&nbsp;<\/p>\n<p>&nbsp;<\/p>\n<p>&nbsp;<\/p>\n<p>&nbsp;<\/p>\n<p>&nbsp;<\/p>\n<p>&nbsp;<\/p>\n<p>&nbsp;<\/p>\n<p>&nbsp;<\/p>\n<p>&nbsp;<\/p>\n<p>&nbsp;<\/p>\n<p>&nbsp;<\/p>\n<p>&nbsp;<\/p>\n<p><a href=\"https:\/\/lelabo.ca\/fr\/wp-content\/uploads\/sites\/2\/2015\/08\/Labo_Encan_Lancement2013-1.jpg\"><br \/>\n<img loading=\"lazy\" decoding=\"async\" class=\" wp-image-5054 alignnone\" src=\"https:\/\/lelabo.ca\/fr\/wp-content\/uploads\/sites\/2\/2015\/08\/Labo_Encan_Lancement2013-1-300x174.jpg\" alt=\"Labo_Encan_Lancement2013-1\" width=\"464\" height=\"269\" srcset=\"https:\/\/lelabo.ca\/fr\/wp-content\/uploads\/sites\/2\/2015\/08\/Labo_Encan_Lancement2013-1-300x174.jpg 300w, https:\/\/lelabo.ca\/fr\/wp-content\/uploads\/sites\/2\/2015\/08\/Labo_Encan_Lancement2013-1.jpg 1000w\" sizes=\"auto, (max-width: 464px) 100vw, 464px\" \/><\/a><\/p>\n<p><a href=\"https:\/\/lelabo.ca\/fr\/wp-content\/uploads\/sites\/2\/2015\/08\/Labo_Encan_Lancement2013-1.jpg\"> <span style=\"color: #808080; font-size: 11px;\">Lancement de saison 2013. Photographie : Claude Martel<\/span><\/a><\/p>\n<\/div>\n<h3>Rencontres :<\/h3>\n<p>La famille du Labo accueille de nouveaux membres r\u00e9guli\u00e8rement et permet \u00e0 tous les artistes impliqu\u00e9s de se rencontrer au b\u00e9n\u00e9fice de leur carri\u00e8re artistique. Les \u00e9v\u00e9nements du Labo sont des occasions chaleureuses de rencontres avec d\u2019autres artistes et notre grand public.<\/p>\n<h3>Nouvelles :<\/h3>\n<p>Le Labo offre un service de diffusion des nouvelles des membres dans notre bulletin et nos r\u00e9seaux sociaux, leur donnant ainsi une visibilit\u00e9 accrue.<\/p>\n<h3>Appels :<\/h3>\n<p>De nombreux organismes et individus font appel au Labo pour leurs projets. Le Labo est heureux de servir de porte d\u2019acc\u00e8s \u00e0 des artistes professionnels reconnus pour leurs comp\u00e9tences dans leurs domaines. Ces <a href=\"https:\/\/lelabo.ca\/fr\/appels\/\">appels<\/a> sont souvent exclusifs et r\u00e9serv\u00e9s aux membres du Labo.<\/p>\n<\/div>\n<h3><a href=\"https:\/\/lelabo.ca\/fr\/membres\/devenez-membre\/\" target=\"_blank\">Devenez membre pour b\u00e9n\u00e9ficier des nombreuses opportunit\u00e9s et avantages du Labo<\/a>\u00a0!<\/h3>\n<\/div>\n<div class=\"page\" title=\"Page 4\">\n<div class=\"layoutArea\">\n<h3><em>Suivez-nous sur nos r\u00e9seaux pour conna\u00eetre notre actualit\u00e9 et nos \u00e9v\u00e9nements.<\/em><\/h3>\n<p><a href=\"https:\/\/www.facebook.com\/lelaboArt\" target=\"_blank\"><img decoding=\"async\" src=\"https:\/\/static.viewbook.com\/images\/social_icons\/facebook_32.png\" alt=\"\" \/><\/a><a href=\"https:\/\/twitter.com\/LaboratoiredArt\" target=\"_blank\"><img decoding=\"async\" src=\"https:\/\/static.viewbook.com\/images\/social_icons\/twitter_32.png\" alt=\"\" \/><\/a><a href=\"https:\/\/www.linkedin.com\/profile\/view?id=324460499&amp;trk=nav_responsive_tab_profile\" target=\"_blank\"><img decoding=\"async\" src=\"https:\/\/static.viewbook.com\/images\/social_icons\/linkedin_32.png\" alt=\"\" \/><\/a><a href=\"https:\/\/vimeo.com\/lelabo\" target=\"_blank\"><img decoding=\"async\" src=\"https:\/\/static.viewbook.com\/images\/social_icons\/vimeo_32.png\" alt=\"\" \/><\/a><a href=\"https:\/\/instagram.com\/le_labo_artmedia\/\" target=\"_blank\"><img loading=\"lazy\" decoding=\"async\" src=\"https:\/\/lelabo.ca\/fr\/wp-content\/uploads\/sites\/2\/2015\/08\/Instagram-icon.png\" alt=\"instagram\" width=\"33\" height=\"33\" \/><\/a><\/p>\n<p>&nbsp;<\/p>\n<\/div>\n<\/div>\n","protected":false},"excerpt":{"rendered":"<p>&nbsp; &nbsp; &nbsp; &nbsp; &nbsp; &nbsp; &nbsp; &nbsp; &nbsp; &nbsp; &nbsp; &nbsp; Lancement de saison 2013. Photographie : Claude Martel Rencontres : La famille du Labo accueille de nouveaux membres r\u00e9guli\u00e8rement et permet \u00e0 tous les artistes impliqu\u00e9s de se<\/p>\n","protected":false},"author":2,"featured_media":0,"parent":568,"menu_order":0,"comment_status":"closed","ping_status":"closed","template":"","meta":{"footnotes":""},"class_list":["post-5052","page","type-page","status-publish","hentry"],"yoast_head":"<!-- This site is optimized with the Yoast SEO plugin v24.9 - https:\/\/yoast.com\/wordpress\/plugins\/seo\/ -->\n<title>Un R\u00e9seau - Le Labo FR<\/title>\n<meta name=\"robots\" content=\"index, follow, max-snippet:-1, max-image-preview:large, max-video-preview:-1\" \/>\n<link rel=\"canonical\" href=\"https:\/\/lelabo.ca\/fr\/services\/reseau\/\" \/>\n<meta property=\"og:locale\" content=\"fr_FR\" \/>\n<meta property=\"og:type\" content=\"article\" \/>\n<meta property=\"og:title\" content=\"Un R\u00e9seau - Le Labo FR\" \/>\n<meta property=\"og:description\" content=\"&nbsp; &nbsp; &nbsp; &nbsp; &nbsp; &nbsp; &nbsp; &nbsp; &nbsp; &nbsp; &nbsp; &nbsp; Lancement de saison 2013. Photographie : Claude Martel Rencontres : La famille du Labo accueille de nouveaux membres r\u00e9guli\u00e8rement et permet \u00e0 tous les artistes impliqu\u00e9s de se\" \/>\n<meta property=\"og:url\" content=\"https:\/\/lelabo.ca\/fr\/services\/reseau\/\" \/>\n<meta property=\"og:site_name\" content=\"Le Labo FR\" \/>\n<meta property=\"article:modified_time\" content=\"2018-04-13T16:14:36+00:00\" \/>\n<meta property=\"og:image\" content=\"https:\/\/lelabo.ca\/fr\/wp-content\/uploads\/sites\/2\/2018\/04\/ishyaka-projection_900x-450-px.jpg\" \/>\n\t<meta property=\"og:image:width\" content=\"900\" \/>\n\t<meta property=\"og:image:height\" content=\"450\" \/>\n\t<meta property=\"og:image:type\" content=\"image\/jpeg\" \/>\n<meta name=\"twitter:card\" content=\"summary_large_image\" \/>\n<meta name=\"twitter:label1\" content=\"Dur\u00e9e de lecture estim\u00e9e\" \/>\n\t<meta name=\"twitter:data1\" content=\"1 minute\" \/>\n<script type=\"application\/ld+json\" class=\"yoast-schema-graph\">{\"@context\":\"https:\/\/schema.org\",\"@graph\":[{\"@type\":\"WebPage\",\"@id\":\"https:\/\/lelabo.ca\/fr\/services\/reseau\/\",\"url\":\"https:\/\/lelabo.ca\/fr\/services\/reseau\/\",\"name\":\"Un R\u00e9seau - Le Labo FR\",\"isPartOf\":{\"@id\":\"https:\/\/lelabo.ca\/fr\/#website\"},\"primaryImageOfPage\":{\"@id\":\"https:\/\/lelabo.ca\/fr\/services\/reseau\/#primaryimage\"},\"image\":{\"@id\":\"https:\/\/lelabo.ca\/fr\/services\/reseau\/#primaryimage\"},\"thumbnailUrl\":\"https:\/\/lelabo.ca\/fr\/wp-content\/uploads\/sites\/2\/2018\/04\/ishyaka-projection_900x-450-px.jpg\",\"datePublished\":\"2015-08-27T15:35:44+00:00\",\"dateModified\":\"2018-04-13T16:14:36+00:00\",\"breadcrumb\":{\"@id\":\"https:\/\/lelabo.ca\/fr\/services\/reseau\/#breadcrumb\"},\"inLanguage\":\"fr-FR\",\"potentialAction\":[{\"@type\":\"ReadAction\",\"target\":[\"https:\/\/lelabo.ca\/fr\/services\/reseau\/\"]}]},{\"@type\":\"ImageObject\",\"inLanguage\":\"fr-FR\",\"@id\":\"https:\/\/lelabo.ca\/fr\/services\/reseau\/#primaryimage\",\"url\":\"https:\/\/lelabo.ca\/fr\/wp-content\/uploads\/sites\/2\/2018\/04\/ishyaka-projection_900x-450-px.jpg\",\"contentUrl\":\"https:\/\/lelabo.ca\/fr\/wp-content\/uploads\/sites\/2\/2018\/04\/ishyaka-projection_900x-450-px.jpg\",\"width\":900,\"height\":450,\"caption\":\"Projection du film \\\"ISHYAKA : La volont\u00e9 de vivre\\\" de Jospeh Bitamba, 2017, Photo par Jacquelyn H\u00e9bert\"},{\"@type\":\"BreadcrumbList\",\"@id\":\"https:\/\/lelabo.ca\/fr\/services\/reseau\/#breadcrumb\",\"itemListElement\":[{\"@type\":\"ListItem\",\"position\":1,\"name\":\"Accueil\",\"item\":\"https:\/\/lelabo.ca\/fr\/\"},{\"@type\":\"ListItem\",\"position\":2,\"name\":\"Services\",\"item\":\"https:\/\/lelabo.ca\/fr\/services\/\"},{\"@type\":\"ListItem\",\"position\":3,\"name\":\"Un R\u00e9seau\"}]},{\"@type\":\"WebSite\",\"@id\":\"https:\/\/lelabo.ca\/fr\/#website\",\"url\":\"https:\/\/lelabo.ca\/fr\/\",\"name\":\"Le Labo FR\",\"description\":\"\",\"potentialAction\":[{\"@type\":\"SearchAction\",\"target\":{\"@type\":\"EntryPoint\",\"urlTemplate\":\"https:\/\/lelabo.ca\/fr\/?s={search_term_string}\"},\"query-input\":{\"@type\":\"PropertyValueSpecification\",\"valueRequired\":true,\"valueName\":\"search_term_string\"}}],\"inLanguage\":\"fr-FR\"}]}<\/script>\n<!-- \/ Yoast SEO plugin. -->","yoast_head_json":{"title":"Un R\u00e9seau - Le Labo FR","robots":{"index":"index","follow":"follow","max-snippet":"max-snippet:-1","max-image-preview":"max-image-preview:large","max-video-preview":"max-video-preview:-1"},"canonical":"https:\/\/lelabo.ca\/fr\/services\/reseau\/","og_locale":"fr_FR","og_type":"article","og_title":"Un R\u00e9seau - Le Labo FR","og_description":"&nbsp; &nbsp; &nbsp; &nbsp; &nbsp; &nbsp; &nbsp; &nbsp; &nbsp; &nbsp; &nbsp; &nbsp; Lancement de saison 2013. Photographie : Claude Martel Rencontres : La famille du Labo accueille de nouveaux membres r\u00e9guli\u00e8rement et permet \u00e0 tous les artistes impliqu\u00e9s de se","og_url":"https:\/\/lelabo.ca\/fr\/services\/reseau\/","og_site_name":"Le Labo FR","article_modified_time":"2018-04-13T16:14:36+00:00","og_image":[{"width":900,"height":450,"url":"https:\/\/lelabo.ca\/fr\/wp-content\/uploads\/sites\/2\/2018\/04\/ishyaka-projection_900x-450-px.jpg","type":"image\/jpeg"}],"twitter_card":"summary_large_image","twitter_misc":{"Dur\u00e9e de lecture estim\u00e9e":"1 minute"},"schema":{"@context":"https:\/\/schema.org","@graph":[{"@type":"WebPage","@id":"https:\/\/lelabo.ca\/fr\/services\/reseau\/","url":"https:\/\/lelabo.ca\/fr\/services\/reseau\/","name":"Un R\u00e9seau - Le Labo FR","isPartOf":{"@id":"https:\/\/lelabo.ca\/fr\/#website"},"primaryImageOfPage":{"@id":"https:\/\/lelabo.ca\/fr\/services\/reseau\/#primaryimage"},"image":{"@id":"https:\/\/lelabo.ca\/fr\/services\/reseau\/#primaryimage"},"thumbnailUrl":"https:\/\/lelabo.ca\/fr\/wp-content\/uploads\/sites\/2\/2018\/04\/ishyaka-projection_900x-450-px.jpg","datePublished":"2015-08-27T15:35:44+00:00","dateModified":"2018-04-13T16:14:36+00:00","breadcrumb":{"@id":"https:\/\/lelabo.ca\/fr\/services\/reseau\/#breadcrumb"},"inLanguage":"fr-FR","potentialAction":[{"@type":"ReadAction","target":["https:\/\/lelabo.ca\/fr\/services\/reseau\/"]}]},{"@type":"ImageObject","inLanguage":"fr-FR","@id":"https:\/\/lelabo.ca\/fr\/services\/reseau\/#primaryimage","url":"https:\/\/lelabo.ca\/fr\/wp-content\/uploads\/sites\/2\/2018\/04\/ishyaka-projection_900x-450-px.jpg","contentUrl":"https:\/\/lelabo.ca\/fr\/wp-content\/uploads\/sites\/2\/2018\/04\/ishyaka-projection_900x-450-px.jpg","width":900,"height":450,"caption":"Projection du film \"ISHYAKA : La volont\u00e9 de vivre\" de Jospeh Bitamba, 2017, Photo par Jacquelyn H\u00e9bert"},{"@type":"BreadcrumbList","@id":"https:\/\/lelabo.ca\/fr\/services\/reseau\/#breadcrumb","itemListElement":[{"@type":"ListItem","position":1,"name":"Accueil","item":"https:\/\/lelabo.ca\/fr\/"},{"@type":"ListItem","position":2,"name":"Services","item":"https:\/\/lelabo.ca\/fr\/services\/"},{"@type":"ListItem","position":3,"name":"Un R\u00e9seau"}]},{"@type":"WebSite","@id":"https:\/\/lelabo.ca\/fr\/#website","url":"https:\/\/lelabo.ca\/fr\/","name":"Le Labo FR","description":"","potentialAction":[{"@type":"SearchAction","target":{"@type":"EntryPoint","urlTemplate":"https:\/\/lelabo.ca\/fr\/?s={search_term_string}"},"query-input":{"@type":"PropertyValueSpecification","valueRequired":true,"valueName":"search_term_string"}}],"inLanguage":"fr-FR"}]}},"_links":{"self":[{"href":"https:\/\/lelabo.ca\/fr\/wp-json\/wp\/v2\/pages\/5052","targetHints":{"allow":["GET"]}}],"collection":[{"href":"https:\/\/lelabo.ca\/fr\/wp-json\/wp\/v2\/pages"}],"about":[{"href":"https:\/\/lelabo.ca\/fr\/wp-json\/wp\/v2\/types\/page"}],"author":[{"embeddable":true,"href":"https:\/\/lelabo.ca\/fr\/wp-json\/wp\/v2\/users\/2"}],"replies":[{"embeddable":true,"href":"https:\/\/lelabo.ca\/fr\/wp-json\/wp\/v2\/comments?post=5052"}],"version-history":[{"count":31,"href":"https:\/\/lelabo.ca\/fr\/wp-json\/wp\/v2\/pages\/5052\/revisions"}],"predecessor-version":[{"id":8983,"href":"https:\/\/lelabo.ca\/fr\/wp-json\/wp\/v2\/pages\/5052\/revisions\/8983"}],"up":[{"embeddable":true,"href":"https:\/\/lelabo.ca\/fr\/wp-json\/wp\/v2\/pages\/568"}],"wp:attachment":[{"href":"https:\/\/lelabo.ca\/fr\/wp-json\/wp\/v2\/media?parent=5052"}],"curies":[{"name":"wp","href":"https:\/\/api.w.org\/{rel}","templated":true}]}}