{"id":5063,"date":"2015-08-27T15:45:54","date_gmt":"2015-08-27T15:45:54","guid":{"rendered":"http:\/\/lelabo.ca\/fr\/?page_id=5063"},"modified":"2020-03-02T16:26:27","modified_gmt":"2020-03-02T16:26:27","slug":"diffusion","status":"publish","type":"page","link":"https:\/\/lelabo.ca\/fr\/services\/diffusion\/","title":{"rendered":"Lieu de diffusion"},"content":{"rendered":"<div class=\"page\" title=\"Page 4\">\n<div class=\"layoutArea\">\n<div class=\"column\">\n<p>Le Labo est un lieu de diffusion et d&rsquo;\u00e9change.<\/p>\n<p><strong>Soir\u00e9es membres du mois :<\/strong>&nbsp;Le \u00ab Membre du mois \u00bb est une soir\u00e9e gratuite et ouverte \u00e0 tous pendant laquelle un des membres professionnels du Labo est mis \u00e0 l\u2019honneur. L\u2019\u00e9lu(e) a carte blanche pour pr\u00e9senter son travail ce qui l\u2019anime et le(a) motive dans son parcours. Moment privil\u00e9gi\u00e9, convivial et informel, les \u00ab Membres du mois \u00bb sont des opportunit\u00e9s uniques pour partager des id\u00e9es et projets entre les membres et le public.<\/p>\n<p><span style=\"text-decoration: underline;\">T\u00e9moignage de Julie Lassonde, Pr\u00e9sidente du Labo et Membre du Mois, octobre 2015<\/span><br \/>\n<em>\u00ab&nbsp;Je remercie le Labo de m&rsquo;avoir donn\u00e9 l&rsquo;occasion de partager mon travail lors de l\u2019\u00e9v\u00e8nement \u00ab&nbsp;membre du mois&nbsp;\u00bb. <\/em><br \/>\n<em>Il est bien rare que je prenne le temps de faire un retour sur ma carri\u00e8re artistique et cette soir\u00e9e m\u2019a servit de pr\u00e9texte pour le faire. J&rsquo;ai trouv\u00e9 ce processus utile pour voir les th\u00e8mes qui ont \u00e9merg\u00e9 dans mon travail au fil des ans et orienter mon travail futur, \u00e0 travers les questions de l&rsquo;auditoire.&nbsp;\u00bb<\/em><\/p>\n<p><img loading=\"lazy\" decoding=\"async\" class=\"alignnone wp-image-2073 size-large\" src=\"https:\/\/lelabo.ca\/en\/wp-content\/uploads\/sites\/3\/2015\/09\/JulieLassondeSiteWeb-1024x420.jpg\" alt=\"\" width=\"700\" height=\"287\"><\/p>\n<p><strong>\u00c9changes :<\/strong>&nbsp;Le Labo met r\u00e9guli\u00e8rement en place des programmes d\u2019\u00e9change avec d\u2018autres organisations, comme la Soci\u00e9t\u00e9 des arts technologiques (SAT) \u00e0 Montr\u00e9al.<br \/>\nEn 2016, Le Labo offrira la possibilit\u00e9 \u00e0 un membre s\u00e9lectionn\u00e9 de participer \u00e0 la Foire d\u2019art alternatif de Sudbury (FAAS), un \u00e9v\u00e9nement majeur des arts visuels en Ontario.<\/p>\n<p><a href=\"https:\/\/lelabo.ca\/fr\/devenez-membre\/\">Devenez membre pour b\u00e9n\u00e9ficier des nombreuses opportunit\u00e9s et avantages du Labo.<\/a><\/p>\n<\/div>\n<\/div>\n<\/div>\n","protected":false},"excerpt":{"rendered":"<p>Le Labo est un lieu de diffusion et d&rsquo;\u00e9change. Soir\u00e9es membres du mois :&nbsp;Le \u00ab Membre du mois \u00bb est une soir\u00e9e gratuite et ouverte \u00e0 tous pendant laquelle un des membres professionnels du Labo est mis \u00e0 l\u2019honneur. L\u2019\u00e9lu(e)<\/p>\n","protected":false},"author":2,"featured_media":0,"parent":568,"menu_order":0,"comment_status":"closed","ping_status":"closed","template":"","meta":{"footnotes":""},"class_list":["post-5063","page","type-page","status-publish","hentry"],"yoast_head":"<!-- This site is optimized with the Yoast SEO plugin v24.9 - https:\/\/yoast.com\/wordpress\/plugins\/seo\/ -->\n<title>Lieu de diffusion - Le Labo FR<\/title>\n<meta name=\"robots\" content=\"index, follow, max-snippet:-1, max-image-preview:large, max-video-preview:-1\" \/>\n<link rel=\"canonical\" href=\"https:\/\/lelabo.ca\/fr\/services\/diffusion\/\" \/>\n<meta property=\"og:locale\" content=\"fr_FR\" \/>\n<meta property=\"og:type\" content=\"article\" \/>\n<meta property=\"og:title\" content=\"Lieu de diffusion - Le Labo FR\" \/>\n<meta property=\"og:description\" content=\"Le Labo est un lieu de diffusion et d&rsquo;\u00e9change. Soir\u00e9es membres du mois :&nbsp;Le \u00ab Membre du mois \u00bb est une soir\u00e9e gratuite et ouverte \u00e0 tous pendant laquelle un des membres professionnels du Labo est mis \u00e0 l\u2019honneur. L\u2019\u00e9lu(e)\" \/>\n<meta property=\"og:url\" content=\"https:\/\/lelabo.ca\/fr\/services\/diffusion\/\" \/>\n<meta property=\"og:site_name\" content=\"Le Labo FR\" \/>\n<meta property=\"article:modified_time\" content=\"2020-03-02T16:26:27+00:00\" \/>\n<meta property=\"og:image\" content=\"https:\/\/lelabo.ca\/fr\/wp-content\/uploads\/sites\/2\/2015\/06\/Labo_atelier_GC-250x125.jpg\" \/>\n\t<meta property=\"og:image:width\" content=\"250\" \/>\n\t<meta property=\"og:image:height\" content=\"125\" \/>\n\t<meta property=\"og:image:type\" content=\"image\/jpeg\" \/>\n<meta name=\"twitter:card\" content=\"summary_large_image\" \/>\n<meta name=\"twitter:label1\" content=\"Dur\u00e9e de lecture estim\u00e9e\" \/>\n\t<meta name=\"twitter:data1\" content=\"1 minute\" \/>\n<script type=\"application\/ld+json\" class=\"yoast-schema-graph\">{\"@context\":\"https:\/\/schema.org\",\"@graph\":[{\"@type\":\"WebPage\",\"@id\":\"https:\/\/lelabo.ca\/fr\/services\/diffusion\/\",\"url\":\"https:\/\/lelabo.ca\/fr\/services\/diffusion\/\",\"name\":\"Lieu de diffusion - Le Labo FR\",\"isPartOf\":{\"@id\":\"https:\/\/lelabo.ca\/fr\/#website\"},\"primaryImageOfPage\":{\"@id\":\"https:\/\/lelabo.ca\/fr\/services\/diffusion\/#primaryimage\"},\"image\":{\"@id\":\"https:\/\/lelabo.ca\/fr\/services\/diffusion\/#primaryimage\"},\"thumbnailUrl\":\"https:\/\/lelabo.ca\/en\/wp-content\/uploads\/sites\/3\/2015\/09\/JulieLassondeSiteWeb-1024x420.jpg\",\"datePublished\":\"2015-08-27T15:45:54+00:00\",\"dateModified\":\"2020-03-02T16:26:27+00:00\",\"breadcrumb\":{\"@id\":\"https:\/\/lelabo.ca\/fr\/services\/diffusion\/#breadcrumb\"},\"inLanguage\":\"fr-FR\",\"potentialAction\":[{\"@type\":\"ReadAction\",\"target\":[\"https:\/\/lelabo.ca\/fr\/services\/diffusion\/\"]}]},{\"@type\":\"ImageObject\",\"inLanguage\":\"fr-FR\",\"@id\":\"https:\/\/lelabo.ca\/fr\/services\/diffusion\/#primaryimage\",\"url\":\"https:\/\/lelabo.ca\/en\/wp-content\/uploads\/sites\/3\/2015\/09\/JulieLassondeSiteWeb-1024x420.jpg\",\"contentUrl\":\"https:\/\/lelabo.ca\/en\/wp-content\/uploads\/sites\/3\/2015\/09\/JulieLassondeSiteWeb-1024x420.jpg\"},{\"@type\":\"BreadcrumbList\",\"@id\":\"https:\/\/lelabo.ca\/fr\/services\/diffusion\/#breadcrumb\",\"itemListElement\":[{\"@type\":\"ListItem\",\"position\":1,\"name\":\"Accueil\",\"item\":\"https:\/\/lelabo.ca\/fr\/\"},{\"@type\":\"ListItem\",\"position\":2,\"name\":\"Services\",\"item\":\"https:\/\/lelabo.ca\/fr\/services\/\"},{\"@type\":\"ListItem\",\"position\":3,\"name\":\"Lieu de diffusion\"}]},{\"@type\":\"WebSite\",\"@id\":\"https:\/\/lelabo.ca\/fr\/#website\",\"url\":\"https:\/\/lelabo.ca\/fr\/\",\"name\":\"Le Labo FR\",\"description\":\"\",\"potentialAction\":[{\"@type\":\"SearchAction\",\"target\":{\"@type\":\"EntryPoint\",\"urlTemplate\":\"https:\/\/lelabo.ca\/fr\/?s={search_term_string}\"},\"query-input\":{\"@type\":\"PropertyValueSpecification\",\"valueRequired\":true,\"valueName\":\"search_term_string\"}}],\"inLanguage\":\"fr-FR\"}]}<\/script>\n<!-- \/ Yoast SEO plugin. -->","yoast_head_json":{"title":"Lieu de diffusion - Le Labo FR","robots":{"index":"index","follow":"follow","max-snippet":"max-snippet:-1","max-image-preview":"max-image-preview:large","max-video-preview":"max-video-preview:-1"},"canonical":"https:\/\/lelabo.ca\/fr\/services\/diffusion\/","og_locale":"fr_FR","og_type":"article","og_title":"Lieu de diffusion - Le Labo FR","og_description":"Le Labo est un lieu de diffusion et d&rsquo;\u00e9change. Soir\u00e9es membres du mois :&nbsp;Le \u00ab Membre du mois \u00bb est une soir\u00e9e gratuite et ouverte \u00e0 tous pendant laquelle un des membres professionnels du Labo est mis \u00e0 l\u2019honneur. L\u2019\u00e9lu(e)","og_url":"https:\/\/lelabo.ca\/fr\/services\/diffusion\/","og_site_name":"Le Labo FR","article_modified_time":"2020-03-02T16:26:27+00:00","og_image":[{"width":250,"height":125,"url":"https:\/\/lelabo.ca\/fr\/wp-content\/uploads\/sites\/2\/2015\/06\/Labo_atelier_GC-250x125.jpg","type":"image\/jpeg"}],"twitter_card":"summary_large_image","twitter_misc":{"Dur\u00e9e de lecture estim\u00e9e":"1 minute"},"schema":{"@context":"https:\/\/schema.org","@graph":[{"@type":"WebPage","@id":"https:\/\/lelabo.ca\/fr\/services\/diffusion\/","url":"https:\/\/lelabo.ca\/fr\/services\/diffusion\/","name":"Lieu de diffusion - Le Labo FR","isPartOf":{"@id":"https:\/\/lelabo.ca\/fr\/#website"},"primaryImageOfPage":{"@id":"https:\/\/lelabo.ca\/fr\/services\/diffusion\/#primaryimage"},"image":{"@id":"https:\/\/lelabo.ca\/fr\/services\/diffusion\/#primaryimage"},"thumbnailUrl":"https:\/\/lelabo.ca\/en\/wp-content\/uploads\/sites\/3\/2015\/09\/JulieLassondeSiteWeb-1024x420.jpg","datePublished":"2015-08-27T15:45:54+00:00","dateModified":"2020-03-02T16:26:27+00:00","breadcrumb":{"@id":"https:\/\/lelabo.ca\/fr\/services\/diffusion\/#breadcrumb"},"inLanguage":"fr-FR","potentialAction":[{"@type":"ReadAction","target":["https:\/\/lelabo.ca\/fr\/services\/diffusion\/"]}]},{"@type":"ImageObject","inLanguage":"fr-FR","@id":"https:\/\/lelabo.ca\/fr\/services\/diffusion\/#primaryimage","url":"https:\/\/lelabo.ca\/en\/wp-content\/uploads\/sites\/3\/2015\/09\/JulieLassondeSiteWeb-1024x420.jpg","contentUrl":"https:\/\/lelabo.ca\/en\/wp-content\/uploads\/sites\/3\/2015\/09\/JulieLassondeSiteWeb-1024x420.jpg"},{"@type":"BreadcrumbList","@id":"https:\/\/lelabo.ca\/fr\/services\/diffusion\/#breadcrumb","itemListElement":[{"@type":"ListItem","position":1,"name":"Accueil","item":"https:\/\/lelabo.ca\/fr\/"},{"@type":"ListItem","position":2,"name":"Services","item":"https:\/\/lelabo.ca\/fr\/services\/"},{"@type":"ListItem","position":3,"name":"Lieu de diffusion"}]},{"@type":"WebSite","@id":"https:\/\/lelabo.ca\/fr\/#website","url":"https:\/\/lelabo.ca\/fr\/","name":"Le Labo FR","description":"","potentialAction":[{"@type":"SearchAction","target":{"@type":"EntryPoint","urlTemplate":"https:\/\/lelabo.ca\/fr\/?s={search_term_string}"},"query-input":{"@type":"PropertyValueSpecification","valueRequired":true,"valueName":"search_term_string"}}],"inLanguage":"fr-FR"}]}},"_links":{"self":[{"href":"https:\/\/lelabo.ca\/fr\/wp-json\/wp\/v2\/pages\/5063","targetHints":{"allow":["GET"]}}],"collection":[{"href":"https:\/\/lelabo.ca\/fr\/wp-json\/wp\/v2\/pages"}],"about":[{"href":"https:\/\/lelabo.ca\/fr\/wp-json\/wp\/v2\/types\/page"}],"author":[{"embeddable":true,"href":"https:\/\/lelabo.ca\/fr\/wp-json\/wp\/v2\/users\/2"}],"replies":[{"embeddable":true,"href":"https:\/\/lelabo.ca\/fr\/wp-json\/wp\/v2\/comments?post=5063"}],"version-history":[{"count":29,"href":"https:\/\/lelabo.ca\/fr\/wp-json\/wp\/v2\/pages\/5063\/revisions"}],"predecessor-version":[{"id":10985,"href":"https:\/\/lelabo.ca\/fr\/wp-json\/wp\/v2\/pages\/5063\/revisions\/10985"}],"up":[{"embeddable":true,"href":"https:\/\/lelabo.ca\/fr\/wp-json\/wp\/v2\/pages\/568"}],"wp:attachment":[{"href":"https:\/\/lelabo.ca\/fr\/wp-json\/wp\/v2\/media?parent=5063"}],"curies":[{"name":"wp","href":"https:\/\/api.w.org\/{rel}","templated":true}]}}