{"id":5088,"date":"2015-08-27T16:49:17","date_gmt":"2015-08-27T16:49:17","guid":{"rendered":"http:\/\/lelabo.ca\/fr\/?page_id=5088"},"modified":"2025-11-04T17:46:22","modified_gmt":"2025-11-04T17:46:22","slug":"partenaires","status":"publish","type":"page","link":"https:\/\/lelabo.ca\/fr\/partenaires\/","title":{"rendered":"Partenaires"},"content":{"rendered":"<div class=\"page\" title=\"Page 13\">\n<div class=\"section\">\n<div class=\"layoutArea\">\n<div class=\"column\">\n<p>La cause du Labo vous tient \u00e0 coeur ? Vous souhaitez soutenir les arts m\u00e9diatiques francophones ? Devenez partenaire !<br \/>Pour plus de renseignement sur une \u00e9ventuelle collaboration, contactez-nous : <a href=\"mailto:info@lelabo.ca\" target=\"_blank\" rel=\"noopener noreferrer\">info@lelabo.ca<\/a><\/p>\n<p>Nous remercions chaleureusement nos bailleurs de fonds et nos partenaires pour leur soutien \u00e0 l&rsquo;excellence de la cr\u00e9ation en arts m\u00e9diatiques francophone en Ontario.<\/p>\n<hr \/>\n<h6><strong>FINANCEURS PUBLICS<\/strong><\/h6>\n<h6><a href=\"https:\/\/www.arts.on.ca\/index.html\" target=\"_blank\" rel=\"noopener noreferrer\"><img loading=\"lazy\" decoding=\"async\" class=\"wp-image-1948 alignleft\" src=\"https:\/\/lelabo.ca\/wordpress\/en\/wp-content\/uploads\/sites\/3\/2015\/08\/2014-OAC-BK-JPG-logo-300x76.jpg\" alt=\"2014 OAC BK JPG logo\" width=\"368\" height=\"93\" \/><\/a><a href=\"https:\/\/www.torontoartscouncil.org\/\" target=\"_blank\" rel=\"noopener noreferrer\"><img loading=\"lazy\" decoding=\"async\" class=\"alignnone wp-image-1949\" src=\"https:\/\/lelabo.ca\/wordpress\/en\/wp-content\/uploads\/sites\/3\/2015\/08\/TAC_Logo_POS_BW-300x300.jpg\" alt=\"TAC_Logo_POS_B&amp;W\" width=\"149\" height=\"149\" \/><\/a><\/h6>\n<h6><a href=\"https:\/\/lelabo.ca\/en\/sponsors\/cca_rgb_black_f\/\" rel=\"attachment wp-att-5087\"><img loading=\"lazy\" decoding=\"async\" class=\"alignleft size-medium wp-image-5087\" src=\"https:\/\/lelabo.ca\/en\/wp-content\/uploads\/sites\/3\/2015\/08\/CCA_RGB_black_f-300x55.png\" alt=\"CCA_RGB_black_f\" width=\"300\" height=\"55\" \/><\/a><\/h6>\n<\/div>\n<\/div>\n<\/div>\n<\/div>\n<h6><a href=\"https:\/\/lelabo.ca\/en\/sponsors\/pch-f-nb-copie\/\" rel=\"attachment wp-att-5398\"><img loading=\"lazy\" decoding=\"async\" class=\"wp-image-5398 alignnone\" src=\"https:\/\/lelabo.ca\/en\/wp-content\/uploads\/sites\/3\/2020\/06\/pch-f-nb-copie.png\" alt=\"\" width=\"407\" height=\"54\" \/><\/a><\/h6>\n<div class=\"page\" title=\"Page 13\">\n<div class=\"section\">\n<div class=\"layoutArea\"><hr \/><\/div>\n<\/div>\n<\/div>\n<div class=\"page\" title=\"Page 13\">\n<div class=\"layoutArea\">\n<h6><strong>PARTENAIRES M\u00c9DIA<br \/><\/strong><\/h6>\n<p><a href=\"https:\/\/www.lexpress.to\/\" target=\"_blank\" rel=\"noopener noreferrer\"><img loading=\"lazy\" decoding=\"async\" class=\"alignnone wp-image-1950\" src=\"https:\/\/lelabo.ca\/wordpress\/en\/wp-content\/uploads\/sites\/3\/2015\/08\/expresslogosJournal-NB-300x167.jpg\" alt=\"expresslogosJournal N&amp;B\" width=\"221\" height=\"101\" \/><\/a>\u00a0\u00a0\u00a0\u00a0\u00a0\u00a0\u00a0\u00a0 \u00a0 \u00a0 \u00a0\u00a0 \u00a0\u00a0 <a href=\"https:\/\/lelabo.ca\/fr\/wp-content\/uploads\/sites\/2\/2024\/07\/Cre\u0301ation-sans-titre-1.png\"><img loading=\"lazy\" decoding=\"async\" class=\"wp-image-15772  alignnone\" src=\"https:\/\/lelabo.ca\/fr\/wp-content\/uploads\/sites\/2\/2024\/07\/Cre\u0301ation-sans-titre-1.png\" alt=\"\" width=\"318\" height=\"147\" srcset=\"https:\/\/lelabo.ca\/fr\/wp-content\/uploads\/sites\/2\/2024\/07\/Cre\u0301ation-sans-titre-1.png 650w, https:\/\/lelabo.ca\/fr\/wp-content\/uploads\/sites\/2\/2024\/07\/Cre\u0301ation-sans-titre-1-300x138.png 300w\" sizes=\"auto, (max-width: 318px) 100vw, 318px\" \/><\/a>\u00a0\u00a0\u00a0\u00a0\u00a0\u00a0\u00a0\u00a0\u00a0\u00a0\u00a0\u00a0\u00a0\u00a0 <a href=\"https:\/\/www.grandtoronto.ca\/\"><img loading=\"lazy\" decoding=\"async\" class=\"alignnone wp-image-5154\" src=\"https:\/\/lelabo.ca\/fr\/wp-content\/uploads\/sites\/2\/2015\/08\/2014-GRAND-TORONTO-logo-NB-300x77.jpg\" alt=\"2014 GRAND TORONTO logo NB\" width=\"265\" height=\"68\" srcset=\"https:\/\/lelabo.ca\/fr\/wp-content\/uploads\/sites\/2\/2015\/08\/2014-GRAND-TORONTO-logo-NB-300x77.jpg 300w, https:\/\/lelabo.ca\/fr\/wp-content\/uploads\/sites\/2\/2015\/08\/2014-GRAND-TORONTO-logo-NB.jpg 451w\" sizes=\"auto, (max-width: 265px) 100vw, 265px\" \/><\/a>\u00a0\u00a0\u00a0\u00a0\u00a0\u00a0\u00a0\u00a0\u00a0 \u00a0 \u00a0\u00a0 \u00a0\u00a0\u00a0\u00a0\u00a0 <a href=\"https:\/\/www.lemetropolitain.com\/\"><img loading=\"lazy\" decoding=\"async\" class=\"alignnone wp-image-5155\" src=\"https:\/\/lelabo.ca\/fr\/wp-content\/uploads\/sites\/2\/2015\/08\/LogoMetro-bigNoir-300x110.jpg\" alt=\"LogoMetro bigNoir\" width=\"240\" height=\"88\" srcset=\"https:\/\/lelabo.ca\/fr\/wp-content\/uploads\/sites\/2\/2015\/08\/LogoMetro-bigNoir-300x110.jpg 300w, https:\/\/lelabo.ca\/fr\/wp-content\/uploads\/sites\/2\/2015\/08\/LogoMetro-bigNoir-1024x377.jpg 1024w\" sizes=\"auto, (max-width: 240px) 100vw, 240px\" \/><\/a><\/p>\n<hr \/>\n<h6><strong>PARTENAIRES CULTURELS ET COMMUNAUTAIRES<br \/><\/strong><\/h6>\n<div class=\"page\" title=\"Page 13\">\n<div class=\"section\">\n<div class=\"layoutArea\">\n<h6><strong>\u00a0<\/strong><\/h6>\n<p><a href=\"https:\/\/charlesstreetvideo.com\/\" target=\"_blank\" rel=\"noopener noreferrer\"><img loading=\"lazy\" decoding=\"async\" class=\"alignnone wp-image-1957\" src=\"https:\/\/lelabo.ca\/wordpress\/en\/wp-content\/uploads\/sites\/3\/2015\/08\/CSVlogo_Grayscale2.jpg\" alt=\"CSVlogo_Grayscale\" width=\"204\" height=\"90\" \/><br \/><\/a><\/p>\n<p><a href=\"https:\/\/cinefranco.com\/\" target=\"_blank\" rel=\"noopener noreferrer\"><img loading=\"lazy\" decoding=\"async\" class=\"wp-image-1961 alignnone\" src=\"https:\/\/lelabo.ca\/wordpress\/en\/wp-content\/uploads\/sites\/3\/2015\/08\/logoNoir-276x300.png\" alt=\"logoNoir\" width=\"166\" height=\"180\" \/><\/a><\/p>\n<p><a href=\"https:\/\/www.alliance-francaise.ca\/fr\/\" target=\"_blank\" rel=\"noopener noreferrer\"><img loading=\"lazy\" decoding=\"async\" class=\" wp-image-8814 alignnone\" src=\"https:\/\/lelabo.ca\/fr\/wp-content\/uploads\/sites\/2\/2018\/03\/Capture-d\u2019e\u0301cran-2018-03-29-a\u0300-14.23.47-e1536353568456.png\" alt=\"Capture d\u2019e\u0301cran 2018-03-29 a\u0300 14.23.47\" width=\"301\" height=\"171\" \/><\/a><img loading=\"lazy\" decoding=\"async\" class=\"size-full wp-image-8838 alignnone\" src=\"https:\/\/lelabo.ca\/fr\/wp-content\/uploads\/sites\/2\/2015\/06\/Trinity-Square-Video-e1536353630966.png\" alt=\"Trinity Square Video\" width=\"350\" height=\"102\" \/><img loading=\"lazy\" decoding=\"async\" class=\"size-full wp-image-8336 alignnone\" src=\"https:\/\/lelabo.ca\/fr\/wp-content\/uploads\/sites\/2\/2018\/02\/Capture-d\u2019e\u0301cran-2018-02-22-a\u0300-14.33.48.png\" alt=\"Vtape\" width=\"201\" height=\"128\" \/><img loading=\"lazy\" decoding=\"async\" class=\" wp-image-8333 alignnone\" src=\"https:\/\/lelabo.ca\/fr\/wp-content\/uploads\/sites\/2\/2018\/02\/Capture-d\u2019e\u0301cran-2018-02-22-a\u0300-14.23.51.png\" alt=\"Capture d\u2019e\u0301cran 2018-02-22 a\u0300 14.23.51\" width=\"253\" height=\"235\" \/><img loading=\"lazy\" decoding=\"async\" class=\" wp-image-7915 alignnone\" src=\"https:\/\/lelabo.ca\/fr\/wp-content\/uploads\/sites\/2\/2017\/11\/ACO_Logo_CMYK-282.5-x-183.jpeg\" alt=\"Print\" width=\"220\" height=\"142\" \/><\/p>\n<p><img loading=\"lazy\" decoding=\"async\" class=\"alignleft size-full wp-image-8600\" src=\"https:\/\/lelabo.ca\/fr\/wp-content\/uploads\/sites\/2\/2015\/08\/The\u0301a\u0302tre-franc\u0327ais-de-Toronto.jpg\" alt=\"The\u0301a\u0302tre-franc\u0327ais-de-Toronto\" width=\"300\" height=\"142\" \/><img loading=\"lazy\" decoding=\"async\" class=\"wp-image-8743 alignnone\" src=\"https:\/\/lelabo.ca\/fr\/wp-content\/uploads\/sites\/2\/2018\/03\/SBCPF_logo_CMYK.jpg\" alt=\"Print\" width=\"166\" height=\"166\" srcset=\"https:\/\/lelabo.ca\/fr\/wp-content\/uploads\/sites\/2\/2018\/03\/SBCPF_logo_CMYK.jpg 360w, https:\/\/lelabo.ca\/fr\/wp-content\/uploads\/sites\/2\/2018\/03\/SBCPF_logo_CMYK-300x300.jpg 300w, https:\/\/lelabo.ca\/fr\/wp-content\/uploads\/sites\/2\/2018\/03\/SBCPF_logo_CMYK-270x270.jpg 270w, https:\/\/lelabo.ca\/fr\/wp-content\/uploads\/sites\/2\/2018\/03\/SBCPF_logo_CMYK-230x230.jpg 230w\" sizes=\"auto, (max-width: 166px) 100vw, 166px\" \/><img loading=\"lazy\" decoding=\"async\" class=\"wp-image-9501 alignnone\" src=\"https:\/\/lelabo.ca\/fr\/wp-content\/uploads\/sites\/2\/2018\/08\/1859-iN_logored2-e1536352639542.jpg\" alt=\"1859 iN_logo(red2)\" width=\"224\" height=\"146\" \/><img loading=\"lazy\" decoding=\"async\" class=\" wp-image-9321 alignnone\" src=\"https:\/\/lelabo.ca\/fr\/wp-content\/uploads\/sites\/2\/2018\/06\/YYZlogo_red-565-e1536352410949.jpg\" alt=\"YYZlogo_red - 565\" width=\"228\" height=\"156\" \/><a href=\"https:\/\/francopenmic.com\/\" target=\"_blank\" rel=\"noopener noreferrer\"><img loading=\"lazy\" decoding=\"async\" class=\"alignnone wp-image-1963\" src=\"https:\/\/lelabo.ca\/wordpress\/en\/wp-content\/uploads\/sites\/3\/2015\/08\/logo-francopenmic-nb-300x300.jpg\" alt=\"logo-francopenmic-nb\" width=\"184\" height=\"184\" \/><\/a><\/p>\n<p><a href=\"https:\/\/www.alliance-francaise.ca\/fr\/\" target=\"_blank\" rel=\"noopener noreferrer\"><img loading=\"lazy\" decoding=\"async\" class=\"alignnone wp-image-1958\" src=\"https:\/\/lelabo.ca\/wordpress\/en\/wp-content\/uploads\/sites\/3\/2015\/08\/2014Logo-AF_Quadri_TORONTO_NB-300x76.jpg\" alt=\"Impression\" width=\"284\" height=\"72\" \/><\/a><img loading=\"lazy\" decoding=\"async\" class=\"alignleft size-full wp-image-7706\" src=\"https:\/\/lelabo.ca\/fr\/wp-content\/uploads\/sites\/2\/2017\/10\/NFB_ONF-224-x-167.jpg\" alt=\"NFB_ONF 224 x 167\" width=\"224\" height=\"167\" \/><img loading=\"lazy\" decoding=\"async\" class=\"wp-image-7872 alignleft\" src=\"https:\/\/lelabo.ca\/fr\/wp-content\/uploads\/sites\/2\/2017\/11\/telefilm-white-blanc-900-x-450-e1536353421825.jpeg\" alt=\"telefilm-white-blanc - 900 x 450\" width=\"302\" height=\"151\" \/><\/p>\n<p><a href=\"https:\/\/www.centrefranco.org\/\" target=\"_blank\" rel=\"noopener noreferrer\"><img loading=\"lazy\" decoding=\"async\" class=\"alignnone wp-image-1959\" src=\"https:\/\/lelabo.ca\/wordpress\/en\/wp-content\/uploads\/sites\/3\/2015\/08\/cf_nb-300x106.jpg\" alt=\"cf_nb\" width=\"195\" height=\"69\" \/><\/a><a href=\"https:\/\/lelabo.ca\/fr\/partenaires\/tpl-logo-rgb-clr-blue\/\" rel=\"attachment wp-att-10404\"><img loading=\"lazy\" decoding=\"async\" class=\"alignleft  wp-image-10404\" src=\"https:\/\/lelabo.ca\/fr\/wp-content\/uploads\/sites\/2\/2015\/08\/TPL-logo-RGB-clr-blue-1024x348.png\" alt=\"TPL logo RGB clr - blue\" width=\"341\" height=\"116\" srcset=\"https:\/\/lelabo.ca\/fr\/wp-content\/uploads\/sites\/2\/2015\/08\/TPL-logo-RGB-clr-blue-1024x348.png 1024w, https:\/\/lelabo.ca\/fr\/wp-content\/uploads\/sites\/2\/2015\/08\/TPL-logo-RGB-clr-blue-300x102.png 300w\" sizes=\"auto, (max-width: 341px) 100vw, 341px\" \/><\/a><\/p>\n<\/div>\n<\/div>\n<\/div>\n<\/div>\n<\/div>\n\n<div class=\"wp-block-image\">\n<figure class=\"alignleft size-medium is-resized\"><img loading=\"lazy\" decoding=\"async\" width=\"300\" height=\"277\" src=\"https:\/\/lelabo.ca\/fr\/wp-content\/uploads\/sites\/2\/2022\/11\/Logo-Modern-1-300x277.png\" alt=\"\" class=\"wp-image-13933\" style=\"width:225px;height:208px\" srcset=\"https:\/\/lelabo.ca\/fr\/wp-content\/uploads\/sites\/2\/2022\/11\/Logo-Modern-1-300x277.png 300w, https:\/\/lelabo.ca\/fr\/wp-content\/uploads\/sites\/2\/2022\/11\/Logo-Modern-1-1024x944.png 1024w, https:\/\/lelabo.ca\/fr\/wp-content\/uploads\/sites\/2\/2022\/11\/Logo-Modern-1-768x708.png 768w, https:\/\/lelabo.ca\/fr\/wp-content\/uploads\/sites\/2\/2022\/11\/Logo-Modern-1.png 1261w\" sizes=\"auto, (max-width: 300px) 100vw, 300px\" \/><\/figure><\/div>\n\n\n\n<div class=\"wp-block-image\">\n<figure class=\"alignleft size-large is-resized\"><a href=\"https:\/\/viedesarts.com\/\" target=\"_blank\" rel=\"noreferrer noopener\"><img loading=\"lazy\" decoding=\"async\" width=\"768\" height=\"294\" src=\"https:\/\/lelabo.ca\/fr\/wp-content\/uploads\/sites\/2\/2024\/10\/Logo-google-form.png\" alt=\"\" class=\"wp-image-16126\" style=\"width:489px;height:187px\" srcset=\"https:\/\/lelabo.ca\/fr\/wp-content\/uploads\/sites\/2\/2024\/10\/Logo-google-form.png 768w, https:\/\/lelabo.ca\/fr\/wp-content\/uploads\/sites\/2\/2024\/10\/Logo-google-form-300x115.png 300w\" sizes=\"auto, (max-width: 768px) 100vw, 768px\" \/><\/a><\/figure><\/div>\n\n\n<p><\/p>\n\n\n\n<figure class=\"wp-block-image size-large is-resized\"><img loading=\"lazy\" decoding=\"async\" width=\"1024\" height=\"405\" src=\"https:\/\/lelabo.ca\/fr\/wp-content\/uploads\/sites\/2\/2024\/11\/Esse-logo-1024x405.png\" alt=\"\" class=\"wp-image-16163\" style=\"width:259px;height:102px\" srcset=\"https:\/\/lelabo.ca\/fr\/wp-content\/uploads\/sites\/2\/2024\/11\/Esse-logo-1024x405.png 1024w, https:\/\/lelabo.ca\/fr\/wp-content\/uploads\/sites\/2\/2024\/11\/Esse-logo-300x119.png 300w, https:\/\/lelabo.ca\/fr\/wp-content\/uploads\/sites\/2\/2024\/11\/Esse-logo-768x303.png 768w, https:\/\/lelabo.ca\/fr\/wp-content\/uploads\/sites\/2\/2024\/11\/Esse-logo-1536x607.png 1536w, https:\/\/lelabo.ca\/fr\/wp-content\/uploads\/sites\/2\/2024\/11\/Esse-logo-2048x809.png 2048w\" sizes=\"auto, (max-width: 1024px) 100vw, 1024px\" \/><\/figure>\n\n\n\n<figure class=\"wp-block-image size-large is-resized\"><a href=\"https:\/\/www.abovegroundartsupplies.com\/\"><img loading=\"lazy\" decoding=\"async\" width=\"1024\" height=\"1024\" src=\"https:\/\/lelabo.ca\/fr\/wp-content\/uploads\/sites\/2\/2025\/11\/AboveGround_SquareLogo-01-1024x1024.png\" alt=\"\" class=\"wp-image-16805\" style=\"width:393px;height:auto\" srcset=\"https:\/\/lelabo.ca\/fr\/wp-content\/uploads\/sites\/2\/2025\/11\/AboveGround_SquareLogo-01-1024x1024.png 1024w, https:\/\/lelabo.ca\/fr\/wp-content\/uploads\/sites\/2\/2025\/11\/AboveGround_SquareLogo-01-300x300.png 300w, https:\/\/lelabo.ca\/fr\/wp-content\/uploads\/sites\/2\/2025\/11\/AboveGround_SquareLogo-01-768x768.png 768w, https:\/\/lelabo.ca\/fr\/wp-content\/uploads\/sites\/2\/2025\/11\/AboveGround_SquareLogo-01-1536x1536.png 1536w, https:\/\/lelabo.ca\/fr\/wp-content\/uploads\/sites\/2\/2025\/11\/AboveGround_SquareLogo-01-2048x2048.png 2048w, https:\/\/lelabo.ca\/fr\/wp-content\/uploads\/sites\/2\/2025\/11\/AboveGround_SquareLogo-01-270x270.png 270w, https:\/\/lelabo.ca\/fr\/wp-content\/uploads\/sites\/2\/2025\/11\/AboveGround_SquareLogo-01-230x230.png 230w\" sizes=\"auto, (max-width: 1024px) 100vw, 1024px\" \/><\/a><\/figure>\n\n\n\n<p><\/p>\n","protected":false},"excerpt":{"rendered":"<p>La cause du Labo vous tient \u00e0 coeur ? Vous souhaitez soutenir les arts m\u00e9diatiques francophones ? Devenez partenaire !Pour plus de renseignement sur une \u00e9ventuelle collaboration, contactez-nous : info@lelabo.ca Nous remercions chaleureusement nos bailleurs de fonds et nos partenaires<\/p>\n","protected":false},"author":2,"featured_media":0,"parent":0,"menu_order":0,"comment_status":"closed","ping_status":"closed","template":"","meta":{"footnotes":""},"class_list":["post-5088","page","type-page","status-publish","hentry"],"yoast_head":"<!-- This site is optimized with the Yoast SEO plugin v24.9 - https:\/\/yoast.com\/wordpress\/plugins\/seo\/ -->\n<title>Partenaires - Le Labo FR<\/title>\n<meta name=\"robots\" content=\"index, follow, max-snippet:-1, max-image-preview:large, max-video-preview:-1\" \/>\n<link rel=\"canonical\" href=\"https:\/\/lelabo.ca\/fr\/partenaires\/\" \/>\n<meta property=\"og:locale\" content=\"fr_FR\" \/>\n<meta property=\"og:type\" content=\"article\" \/>\n<meta property=\"og:title\" content=\"Partenaires - Le Labo FR\" \/>\n<meta property=\"og:description\" content=\"La cause du Labo vous tient \u00e0 coeur ? Vous souhaitez soutenir les arts m\u00e9diatiques francophones ? Devenez partenaire !Pour plus de renseignement sur une \u00e9ventuelle collaboration, contactez-nous : info@lelabo.ca Nous remercions chaleureusement nos bailleurs de fonds et nos partenaires\" \/>\n<meta property=\"og:url\" content=\"https:\/\/lelabo.ca\/fr\/partenaires\/\" \/>\n<meta property=\"og:site_name\" content=\"Le Labo FR\" \/>\n<meta property=\"article:modified_time\" content=\"2025-11-04T17:46:22+00:00\" \/>\n<meta property=\"og:image\" content=\"https:\/\/lelabo.ca\/fr\/wp-content\/uploads\/sites\/2\/2015\/08\/PopFolk-siteweb-250x163.jpg\" \/>\n\t<meta property=\"og:image:width\" content=\"250\" \/>\n\t<meta property=\"og:image:height\" content=\"163\" \/>\n\t<meta property=\"og:image:type\" content=\"image\/jpeg\" \/>\n<meta name=\"twitter:card\" content=\"summary_large_image\" \/>\n<meta name=\"twitter:label1\" content=\"Dur\u00e9e de lecture estim\u00e9e\" \/>\n\t<meta name=\"twitter:data1\" content=\"7 minutes\" \/>\n<script type=\"application\/ld+json\" class=\"yoast-schema-graph\">{\"@context\":\"https:\/\/schema.org\",\"@graph\":[{\"@type\":\"WebPage\",\"@id\":\"https:\/\/lelabo.ca\/fr\/partenaires\/\",\"url\":\"https:\/\/lelabo.ca\/fr\/partenaires\/\",\"name\":\"Partenaires - Le Labo FR\",\"isPartOf\":{\"@id\":\"https:\/\/lelabo.ca\/fr\/#website\"},\"primaryImageOfPage\":{\"@id\":\"https:\/\/lelabo.ca\/fr\/partenaires\/#primaryimage\"},\"image\":{\"@id\":\"https:\/\/lelabo.ca\/fr\/partenaires\/#primaryimage\"},\"thumbnailUrl\":\"https:\/\/lelabo.ca\/wordpress\/en\/wp-content\/uploads\/sites\/3\/2015\/08\/2014-OAC-BK-JPG-logo-300x76.jpg\",\"datePublished\":\"2015-08-27T16:49:17+00:00\",\"dateModified\":\"2025-11-04T17:46:22+00:00\",\"breadcrumb\":{\"@id\":\"https:\/\/lelabo.ca\/fr\/partenaires\/#breadcrumb\"},\"inLanguage\":\"fr-FR\",\"potentialAction\":[{\"@type\":\"ReadAction\",\"target\":[\"https:\/\/lelabo.ca\/fr\/partenaires\/\"]}]},{\"@type\":\"ImageObject\",\"inLanguage\":\"fr-FR\",\"@id\":\"https:\/\/lelabo.ca\/fr\/partenaires\/#primaryimage\",\"url\":\"https:\/\/lelabo.ca\/wordpress\/en\/wp-content\/uploads\/sites\/3\/2015\/08\/2014-OAC-BK-JPG-logo-300x76.jpg\",\"contentUrl\":\"https:\/\/lelabo.ca\/wordpress\/en\/wp-content\/uploads\/sites\/3\/2015\/08\/2014-OAC-BK-JPG-logo-300x76.jpg\"},{\"@type\":\"BreadcrumbList\",\"@id\":\"https:\/\/lelabo.ca\/fr\/partenaires\/#breadcrumb\",\"itemListElement\":[{\"@type\":\"ListItem\",\"position\":1,\"name\":\"Accueil\",\"item\":\"https:\/\/lelabo.ca\/fr\/\"},{\"@type\":\"ListItem\",\"position\":2,\"name\":\"Partenaires\"}]},{\"@type\":\"WebSite\",\"@id\":\"https:\/\/lelabo.ca\/fr\/#website\",\"url\":\"https:\/\/lelabo.ca\/fr\/\",\"name\":\"Le Labo FR\",\"description\":\"\",\"potentialAction\":[{\"@type\":\"SearchAction\",\"target\":{\"@type\":\"EntryPoint\",\"urlTemplate\":\"https:\/\/lelabo.ca\/fr\/?s={search_term_string}\"},\"query-input\":{\"@type\":\"PropertyValueSpecification\",\"valueRequired\":true,\"valueName\":\"search_term_string\"}}],\"inLanguage\":\"fr-FR\"}]}<\/script>\n<!-- \/ Yoast SEO plugin. -->","yoast_head_json":{"title":"Partenaires - Le Labo FR","robots":{"index":"index","follow":"follow","max-snippet":"max-snippet:-1","max-image-preview":"max-image-preview:large","max-video-preview":"max-video-preview:-1"},"canonical":"https:\/\/lelabo.ca\/fr\/partenaires\/","og_locale":"fr_FR","og_type":"article","og_title":"Partenaires - Le Labo FR","og_description":"La cause du Labo vous tient \u00e0 coeur ? Vous souhaitez soutenir les arts m\u00e9diatiques francophones ? Devenez partenaire !Pour plus de renseignement sur une \u00e9ventuelle collaboration, contactez-nous : info@lelabo.ca Nous remercions chaleureusement nos bailleurs de fonds et nos partenaires","og_url":"https:\/\/lelabo.ca\/fr\/partenaires\/","og_site_name":"Le Labo FR","article_modified_time":"2025-11-04T17:46:22+00:00","og_image":[{"width":250,"height":163,"url":"https:\/\/lelabo.ca\/fr\/wp-content\/uploads\/sites\/2\/2015\/08\/PopFolk-siteweb-250x163.jpg","type":"image\/jpeg"}],"twitter_card":"summary_large_image","twitter_misc":{"Dur\u00e9e de lecture estim\u00e9e":"7 minutes"},"schema":{"@context":"https:\/\/schema.org","@graph":[{"@type":"WebPage","@id":"https:\/\/lelabo.ca\/fr\/partenaires\/","url":"https:\/\/lelabo.ca\/fr\/partenaires\/","name":"Partenaires - Le Labo FR","isPartOf":{"@id":"https:\/\/lelabo.ca\/fr\/#website"},"primaryImageOfPage":{"@id":"https:\/\/lelabo.ca\/fr\/partenaires\/#primaryimage"},"image":{"@id":"https:\/\/lelabo.ca\/fr\/partenaires\/#primaryimage"},"thumbnailUrl":"https:\/\/lelabo.ca\/wordpress\/en\/wp-content\/uploads\/sites\/3\/2015\/08\/2014-OAC-BK-JPG-logo-300x76.jpg","datePublished":"2015-08-27T16:49:17+00:00","dateModified":"2025-11-04T17:46:22+00:00","breadcrumb":{"@id":"https:\/\/lelabo.ca\/fr\/partenaires\/#breadcrumb"},"inLanguage":"fr-FR","potentialAction":[{"@type":"ReadAction","target":["https:\/\/lelabo.ca\/fr\/partenaires\/"]}]},{"@type":"ImageObject","inLanguage":"fr-FR","@id":"https:\/\/lelabo.ca\/fr\/partenaires\/#primaryimage","url":"https:\/\/lelabo.ca\/wordpress\/en\/wp-content\/uploads\/sites\/3\/2015\/08\/2014-OAC-BK-JPG-logo-300x76.jpg","contentUrl":"https:\/\/lelabo.ca\/wordpress\/en\/wp-content\/uploads\/sites\/3\/2015\/08\/2014-OAC-BK-JPG-logo-300x76.jpg"},{"@type":"BreadcrumbList","@id":"https:\/\/lelabo.ca\/fr\/partenaires\/#breadcrumb","itemListElement":[{"@type":"ListItem","position":1,"name":"Accueil","item":"https:\/\/lelabo.ca\/fr\/"},{"@type":"ListItem","position":2,"name":"Partenaires"}]},{"@type":"WebSite","@id":"https:\/\/lelabo.ca\/fr\/#website","url":"https:\/\/lelabo.ca\/fr\/","name":"Le Labo FR","description":"","potentialAction":[{"@type":"SearchAction","target":{"@type":"EntryPoint","urlTemplate":"https:\/\/lelabo.ca\/fr\/?s={search_term_string}"},"query-input":{"@type":"PropertyValueSpecification","valueRequired":true,"valueName":"search_term_string"}}],"inLanguage":"fr-FR"}]}},"_links":{"self":[{"href":"https:\/\/lelabo.ca\/fr\/wp-json\/wp\/v2\/pages\/5088","targetHints":{"allow":["GET"]}}],"collection":[{"href":"https:\/\/lelabo.ca\/fr\/wp-json\/wp\/v2\/pages"}],"about":[{"href":"https:\/\/lelabo.ca\/fr\/wp-json\/wp\/v2\/types\/page"}],"author":[{"embeddable":true,"href":"https:\/\/lelabo.ca\/fr\/wp-json\/wp\/v2\/users\/2"}],"replies":[{"embeddable":true,"href":"https:\/\/lelabo.ca\/fr\/wp-json\/wp\/v2\/comments?post=5088"}],"version-history":[{"count":43,"href":"https:\/\/lelabo.ca\/fr\/wp-json\/wp\/v2\/pages\/5088\/revisions"}],"predecessor-version":[{"id":16807,"href":"https:\/\/lelabo.ca\/fr\/wp-json\/wp\/v2\/pages\/5088\/revisions\/16807"}],"wp:attachment":[{"href":"https:\/\/lelabo.ca\/fr\/wp-json\/wp\/v2\/media?parent=5088"}],"curies":[{"name":"wp","href":"https:\/\/api.w.org\/{rel}","templated":true}]}}