{"id":557,"date":"2015-04-14T00:44:12","date_gmt":"2015-04-14T00:44:12","guid":{"rendered":"http:\/\/maiatencong.com\/lelabo\/?page_id=557"},"modified":"2016-03-18T18:50:24","modified_gmt":"2016-03-18T18:50:24","slug":"557-2","status":"publish","type":"page","link":"https:\/\/lelabo.ca\/fr\/","title":{"rendered":"Le Labo &#8211; Cr\u00e9ation &#038; Production en Arts M\u00e9diatiques"},"content":{"rendered":"","protected":false},"excerpt":{"rendered":"","protected":false},"author":2,"featured_media":0,"parent":0,"menu_order":0,"comment_status":"closed","ping_status":"closed","template":"page-templates\/business.php","meta":{"footnotes":""},"class_list":["post-557","page","type-page","status-publish","hentry"],"yoast_head":"<!-- This site is optimized with the Yoast SEO plugin v24.9 - https:\/\/yoast.com\/wordpress\/plugins\/seo\/ -->\n<title>Le Labo - Cr\u00e9ation &amp; Production en Arts M\u00e9diatiques - Le Labo FR<\/title>\n<meta name=\"description\" content=\"Le Labo, p\u00f4le dans le monde des arts m\u00e9diatiques, est un lieu d\u2019innovation qui favorise le rayonnement de ses artistes.\" \/>\n<meta name=\"robots\" content=\"index, follow, max-snippet:-1, max-image-preview:large, max-video-preview:-1\" \/>\n<link rel=\"canonical\" href=\"https:\/\/lelabo.ca\/fr\/\" \/>\n<meta property=\"og:locale\" content=\"fr_FR\" \/>\n<meta property=\"og:type\" content=\"article\" \/>\n<meta property=\"og:title\" content=\"Le Labo - Cr\u00e9ation &amp; Production en Arts M\u00e9diatiques - Le Labo FR\" \/>\n<meta property=\"og:description\" content=\"Le Labo, p\u00f4le dans le monde des arts m\u00e9diatiques, est un lieu d\u2019innovation qui favorise le rayonnement de ses artistes.\" \/>\n<meta property=\"og:url\" content=\"https:\/\/lelabo.ca\/fr\/\" \/>\n<meta property=\"og:site_name\" content=\"Le Labo FR\" \/>\n<meta property=\"article:modified_time\" content=\"2016-03-18T18:50:24+00:00\" \/>\n<meta name=\"twitter:card\" content=\"summary_large_image\" \/>\n<script type=\"application\/ld+json\" class=\"yoast-schema-graph\">{\"@context\":\"https:\/\/schema.org\",\"@graph\":[{\"@type\":\"WebPage\",\"@id\":\"https:\/\/lelabo.ca\/fr\/\",\"url\":\"https:\/\/lelabo.ca\/fr\/\",\"name\":\"Le Labo - Cr\u00e9ation & Production en Arts M\u00e9diatiques - Le Labo FR\",\"isPartOf\":{\"@id\":\"https:\/\/lelabo.ca\/fr\/#website\"},\"datePublished\":\"2015-04-14T00:44:12+00:00\",\"dateModified\":\"2016-03-18T18:50:24+00:00\",\"description\":\"Le Labo, p\u00f4le dans le monde des arts m\u00e9diatiques, est un lieu d\u2019innovation qui favorise le rayonnement de ses artistes.\",\"breadcrumb\":{\"@id\":\"https:\/\/lelabo.ca\/fr\/#breadcrumb\"},\"inLanguage\":\"fr-FR\",\"potentialAction\":[{\"@type\":\"ReadAction\",\"target\":[\"https:\/\/lelabo.ca\/fr\/\"]}]},{\"@type\":\"BreadcrumbList\",\"@id\":\"https:\/\/lelabo.ca\/fr\/#breadcrumb\",\"itemListElement\":[{\"@type\":\"ListItem\",\"position\":1,\"name\":\"Accueil\",\"item\":\"https:\/\/lelabo.ca\/fr\/\"},{\"@type\":\"ListItem\",\"position\":2,\"name\":\"Le Labo &#8211; Cr\u00e9ation &#038; Production en Arts M\u00e9diatiques\"}]},{\"@type\":\"WebSite\",\"@id\":\"https:\/\/lelabo.ca\/fr\/#website\",\"url\":\"https:\/\/lelabo.ca\/fr\/\",\"name\":\"Le Labo FR\",\"description\":\"\",\"potentialAction\":[{\"@type\":\"SearchAction\",\"target\":{\"@type\":\"EntryPoint\",\"urlTemplate\":\"https:\/\/lelabo.ca\/fr\/?s={search_term_string}\"},\"query-input\":{\"@type\":\"PropertyValueSpecification\",\"valueRequired\":true,\"valueName\":\"search_term_string\"}}],\"inLanguage\":\"fr-FR\"}]}<\/script>\n<!-- \/ Yoast SEO plugin. -->","yoast_head_json":{"title":"Le Labo - Cr\u00e9ation & Production en Arts M\u00e9diatiques - Le Labo FR","description":"Le Labo, p\u00f4le dans le monde des arts m\u00e9diatiques, est un lieu d\u2019innovation qui favorise le rayonnement de ses artistes.","robots":{"index":"index","follow":"follow","max-snippet":"max-snippet:-1","max-image-preview":"max-image-preview:large","max-video-preview":"max-video-preview:-1"},"canonical":"https:\/\/lelabo.ca\/fr\/","og_locale":"fr_FR","og_type":"article","og_title":"Le Labo - Cr\u00e9ation & Production en Arts M\u00e9diatiques - Le Labo FR","og_description":"Le Labo, p\u00f4le dans le monde des arts m\u00e9diatiques, est un lieu d\u2019innovation qui favorise le rayonnement de ses artistes.","og_url":"https:\/\/lelabo.ca\/fr\/","og_site_name":"Le Labo FR","article_modified_time":"2016-03-18T18:50:24+00:00","twitter_card":"summary_large_image","schema":{"@context":"https:\/\/schema.org","@graph":[{"@type":"WebPage","@id":"https:\/\/lelabo.ca\/fr\/","url":"https:\/\/lelabo.ca\/fr\/","name":"Le Labo - Cr\u00e9ation & Production en Arts M\u00e9diatiques - Le Labo FR","isPartOf":{"@id":"https:\/\/lelabo.ca\/fr\/#website"},"datePublished":"2015-04-14T00:44:12+00:00","dateModified":"2016-03-18T18:50:24+00:00","description":"Le Labo, p\u00f4le dans le monde des arts m\u00e9diatiques, est un lieu d\u2019innovation qui favorise le rayonnement de ses artistes.","breadcrumb":{"@id":"https:\/\/lelabo.ca\/fr\/#breadcrumb"},"inLanguage":"fr-FR","potentialAction":[{"@type":"ReadAction","target":["https:\/\/lelabo.ca\/fr\/"]}]},{"@type":"BreadcrumbList","@id":"https:\/\/lelabo.ca\/fr\/#breadcrumb","itemListElement":[{"@type":"ListItem","position":1,"name":"Accueil","item":"https:\/\/lelabo.ca\/fr\/"},{"@type":"ListItem","position":2,"name":"Le Labo &#8211; Cr\u00e9ation &#038; Production en Arts M\u00e9diatiques"}]},{"@type":"WebSite","@id":"https:\/\/lelabo.ca\/fr\/#website","url":"https:\/\/lelabo.ca\/fr\/","name":"Le Labo FR","description":"","potentialAction":[{"@type":"SearchAction","target":{"@type":"EntryPoint","urlTemplate":"https:\/\/lelabo.ca\/fr\/?s={search_term_string}"},"query-input":{"@type":"PropertyValueSpecification","valueRequired":true,"valueName":"search_term_string"}}],"inLanguage":"fr-FR"}]}},"_links":{"self":[{"href":"https:\/\/lelabo.ca\/fr\/wp-json\/wp\/v2\/pages\/557","targetHints":{"allow":["GET"]}}],"collection":[{"href":"https:\/\/lelabo.ca\/fr\/wp-json\/wp\/v2\/pages"}],"about":[{"href":"https:\/\/lelabo.ca\/fr\/wp-json\/wp\/v2\/types\/page"}],"author":[{"embeddable":true,"href":"https:\/\/lelabo.ca\/fr\/wp-json\/wp\/v2\/users\/2"}],"replies":[{"embeddable":true,"href":"https:\/\/lelabo.ca\/fr\/wp-json\/wp\/v2\/comments?post=557"}],"version-history":[{"count":3,"href":"https:\/\/lelabo.ca\/fr\/wp-json\/wp\/v2\/pages\/557\/revisions"}],"predecessor-version":[{"id":14419,"href":"https:\/\/lelabo.ca\/fr\/wp-json\/wp\/v2\/pages\/557\/revisions\/14419"}],"wp:attachment":[{"href":"https:\/\/lelabo.ca\/fr\/wp-json\/wp\/v2\/media?parent=557"}],"curies":[{"name":"wp","href":"https:\/\/api.w.org\/{rel}","templated":true}]}}