{"id":5660,"date":"2015-11-02T15:38:26","date_gmt":"2015-11-02T15:38:26","guid":{"rendered":"http:\/\/lelabo.ca\/fr\/?page_id=5660"},"modified":"2023-05-04T20:39:07","modified_gmt":"2023-05-04T20:39:07","slug":"mission-2","status":"publish","type":"page","link":"https:\/\/lelabo.ca\/fr\/a-propos\/mission-2\/","title":{"rendered":"Notre Mission"},"content":{"rendered":"<h3><span style=\"color: #000000;\"><strong>Un espace d&rsquo;exp\u00e9rimentation<\/strong><\/span><\/h3>\n<p><span style=\"font-weight: 400;\">Le Labo est un espace d\u2019exp\u00e9rimentation et de production artistique dans le champ des arts m\u00e9diatiques, de l&rsquo;interdisciplinarit\u00e9 et du num\u00e9rique. Autrement appel\u00e9 le Laboratoire d&rsquo;Art, il est le seul centre d\u2019artistes autog\u00e9r\u00e9 francophone de Toronto et le seul centre de production en arts m\u00e9diatiques et nouveaux m\u00e9dias francophone de l\u2019Ontario.<\/span><\/p>\n<p style=\"text-align: justify;\"><span style=\"font-weight: 300;\">Ici, nous stimulons et mettons en relation des artistes et commissaires francophones et francophiles en arts m\u00e9diatiques ainsi que le grand public pour les lancer dans une aventure artistique qui les transporte bien souvent du pr\u00e9sentiel au virtuel, de l\u2019espace public \u00e0 l&rsquo;\u00e9cran. Le Labo soutient tout particuli\u00e8rement la p\u00e9riode de cr\u00e9ation et d\u2019exp\u00e9rimentation et \u00e0 tout niveau de carri\u00e8re, qu\u2019ils soient chevronn\u00e9s, \u00e0 mi-carri\u00e8re ou bien \u00e9mergents.\u00a0<\/span><\/p>\n<hr \/>\n<h3><span style=\"color: #000000;\"><strong>Historique<\/strong><\/span><\/h3>\n<p>Le Labo est n\u00e9 officiellement le 15 mars 2006 sous son nom incorpor\u00e9 Le Laboratoire D\u2019art \u2014 Le Labo Inc et s\u2019est install\u00e9 dans le quartier de la distillerie \u00e0 Toronto.<\/p>\n<p>L\u2019id\u00e9e est n\u00e9e quelques ann\u00e9es plus t\u00f4t en 2001, de la pers\u00e9v\u00e9rance et de la vision du cin\u00e9aste et producteur Babek Aliassa, qui souhaitait doter les artistes francophones en qu\u00eate d\u2019exp\u00e9rimentation d\u2019un espace de rassemblement et de cr\u00e9ation autonome \u00e0 Toronto. D\u00e8s 2001 et pendant trois ans, b\u00e9n\u00e9ficiant de l\u2019appui du\u00a0<a href=\"https:\/\/www.bravoart.org\/\">Bureau de regroupement des artistes visuels de l\u2019Ontario (BRAVO)<\/a>, Babek a r\u00e9uni ses coll\u00e8gues artistes autour de lui,\u00a0<a href=\"https:\/\/lelabo.ca\/fr\/membre\/paul-walty-2\/\">Paul Walty<\/a>\u00a0et\u00a0<a href=\"https:\/\/www.josephmuscatartist.com\/\">Joseph Muscat<\/a>\u00a0notamment, a organis\u00e9 des r\u00e9unions, a pass\u00e9 des jours et des nuits acharn\u00e9s \u00e0 d\u00e9velopper et \u00e9crire le projet pour convaincre les bailleurs de fonds de son importance. Puis il y a eu l\u2019obtention de deux subventions importantes : celle de la Fondation Trillium et celle de Patrimoine Canada, permettant de passer du r\u00eave \u00e0 la r\u00e9alit\u00e9. \u00c0 partir de 2004, ce fut le moment pour les artistes de prendre en main leur association et concr\u00e9tiser ce qui avait \u00e9t\u00e9 imagin\u00e9 les ann\u00e9es pr\u00e9c\u00e9dentes : cr\u00e9ation d\u2019une identit\u00e9 visuelle et juridique, d\u00e9veloppement de projets et de collaborations, mise en place de formations, etc.\u00a0<\/p>\n<p>C\u2019est ainsi que notamment Nicole Croiset, Dominique Banoun, Alex Loukos, Joseph Muscat, Denis Leclerc, Marc Audette, Mireille St-Cyr et Dante Lacarde ont mis en marche le centre. Le Labo a officiellement fait s\u00e9cession par rapport \u00e0 BRAVO en 2006 pour devenir un organisme autonome et officiellement incorpor\u00e9, et depuis, il ne cesse de soutenir l\u2019incubation, l\u2019innovation, la cr\u00e9ation et la production en arts m\u00e9diatiques \u00e0 Toronto.<span style=\"font-size: inherit;\"> \u00a0 \u00a0 \u00a0<\/span><\/p>\n<hr \/>\n<h3><span style=\"color: #000000;\"><b>Nous sommes affili\u00e9s \u00e0:<\/b><\/span><\/h3>\n<p>\u00a0<\/p>\n<h4><a href=\"https:\/\/www.agavf.ca\/\"><img loading=\"lazy\" decoding=\"async\" class=\"alignnone size-medium wp-image-2143\" src=\"https:\/\/lelabo.ca\/en\/wp-content\/uploads\/sites\/3\/2015\/08\/agavf_logo-300x80.jpg\" alt=\"agavf_logo\" width=\"300\" height=\"80\" \/><\/a>\u00a0 \u00a0 \u00a0 \u00a0 \u00a0 \u00a0 \u00a0 \u00a0 \u00a0 \u00a0 \u00a0 \u00a0 \u00a0 \u00a0 \u00a0 \u00a0 \u00a0 \u00a0 \u00a0 \u00a0 \u00a0 \u00a0 \u00a0 \u00a0 \u00a0 \u00a0 \u00a0 \u00a0 \u00a0 \u00a0 \u00a0 \u00a0 \u00a0 \u00a0 \u00a0 \u00a0 \u00a0 \u00a0 \u00a0 \u00a0<a href=\"https:\/\/www.carfac.ca\/\"><img loading=\"lazy\" decoding=\"async\" class=\"alignnone size-full wp-image-2144\" src=\"https:\/\/lelabo.ca\/en\/wp-content\/uploads\/sites\/3\/2015\/08\/carfac_P2955_full-copie.jpg\" alt=\"carfac_P2955_full - copie\" width=\"173\" height=\"173\" \/><\/a><\/h4>\n<h4>\u00a0\u00a0 \u00a0 \u00a0\u00a0<img loading=\"lazy\" decoding=\"async\" class=\"alignnone wp-image-7278 size-medium\" src=\"https:\/\/lelabo.ca\/fr\/wp-content\/uploads\/sites\/2\/2015\/04\/MANORAMO-CMYK-300x68.jpg\" alt=\"MANORAMO-CMYK\" width=\"300\" height=\"68\" srcset=\"https:\/\/lelabo.ca\/fr\/wp-content\/uploads\/sites\/2\/2015\/04\/MANORAMO-CMYK-300x68.jpg 300w, https:\/\/lelabo.ca\/fr\/wp-content\/uploads\/sites\/2\/2015\/04\/MANORAMO-CMYK.jpg 775w\" sizes=\"auto, (max-width: 300px) 100vw, 300px\" \/>\u00a0 \u00a0 \u00a0 \u00a0 \u00a0 \u00a0 \u00a0 \u00a0 \u00a0\u00a0 \u00a0 \u00a0 \u00a0 \u00a0 \u00a0 \u00a0 \u00a0 \u00a0\u00a0<img loading=\"lazy\" decoding=\"async\" class=\"alignnone wp-image-7291\" src=\"https:\/\/lelabo.ca\/fr\/wp-content\/uploads\/sites\/2\/2015\/04\/IMAA.jpg\" alt=\"IMAA\" width=\"439\" height=\"110\" srcset=\"https:\/\/lelabo.ca\/fr\/wp-content\/uploads\/sites\/2\/2015\/04\/IMAA.jpg 590w, https:\/\/lelabo.ca\/fr\/wp-content\/uploads\/sites\/2\/2015\/04\/IMAA-300x75.jpg 300w\" sizes=\"auto, (max-width: 439px) 100vw, 439px\" \/><\/h4>\n<p><span style=\"font-size: inherit;\">\u00a0 \u00a0 \u00a0 \u00a0 \u00a0 \u00a0 \u00a0 \u00a0 \u00a0 \u00a0 \u00a0\u00a0<\/span><\/p>\n\n\n<h4 class=\"wp-block-heading\"><a href=\"https:\/\/www.agavf.ca\/\"><\/a>&nbsp; &nbsp; &nbsp; &nbsp; &nbsp; &nbsp; &nbsp; &nbsp; &nbsp; &nbsp; &nbsp; &nbsp; &nbsp; &nbsp; &nbsp;&nbsp;<a href=\"https:\/\/arcco.ca\/\"><\/a>&nbsp; &nbsp; &nbsp; &nbsp; &nbsp; &nbsp; &nbsp; &nbsp; &nbsp; &nbsp; &nbsp; &nbsp; &nbsp; &nbsp; &nbsp; &nbsp; &nbsp; &nbsp; &nbsp; &nbsp; &nbsp; &nbsp; &nbsp; &nbsp; &nbsp;<a href=\"https:\/\/www.carfac.ca\/\"><\/a><\/h4>\n\n\n\n<h4 class=\"wp-block-heading\">&nbsp;&nbsp; &nbsp; &nbsp;&nbsp;&nbsp; &nbsp; &nbsp; &nbsp; &nbsp; &nbsp; &nbsp; &nbsp; &nbsp;&nbsp; &nbsp; &nbsp; &nbsp; &nbsp; &nbsp; &nbsp; &nbsp; &nbsp;&nbsp;<\/h4>\n","protected":false},"excerpt":{"rendered":"<p>Un espace d&rsquo;exp\u00e9rimentation Le Labo est un espace d\u2019exp\u00e9rimentation et de production artistique dans le champ des arts m\u00e9diatiques, de l&rsquo;interdisciplinarit\u00e9 et du num\u00e9rique. Autrement appel\u00e9 le Laboratoire d&rsquo;Art, il est le seul centre d\u2019artistes autog\u00e9r\u00e9 francophone de Toronto et<\/p>\n","protected":false},"author":2,"featured_media":0,"parent":575,"menu_order":0,"comment_status":"closed","ping_status":"closed","template":"","meta":{"footnotes":""},"class_list":["post-5660","page","type-page","status-publish","hentry"],"yoast_head":"<!-- This site is optimized with the Yoast SEO plugin v24.9 - https:\/\/yoast.com\/wordpress\/plugins\/seo\/ -->\n<title>Centre d&#039;arts m\u00e9diatiques francophone de Toronto<\/title>\n<meta name=\"description\" content=\"Centre d&#039;arts m\u00e9diatiques francophone de Toronto, r\u00e9seau, cr\u00e9ation, \u00e9quipement, formations, causeries\" \/>\n<meta name=\"robots\" content=\"index, follow, max-snippet:-1, max-image-preview:large, max-video-preview:-1\" \/>\n<link rel=\"canonical\" href=\"https:\/\/lelabo.ca\/fr\/a-propos\/mission-2\/\" \/>\n<meta property=\"og:locale\" content=\"fr_FR\" \/>\n<meta property=\"og:type\" content=\"article\" \/>\n<meta property=\"og:title\" content=\"Centre d&#039;arts m\u00e9diatiques francophone de Toronto\" \/>\n<meta property=\"og:description\" content=\"Centre d&#039;arts m\u00e9diatiques francophone de Toronto, r\u00e9seau, cr\u00e9ation, \u00e9quipement, formations, causeries\" \/>\n<meta property=\"og:url\" content=\"https:\/\/lelabo.ca\/fr\/a-propos\/mission-2\/\" \/>\n<meta property=\"og:site_name\" content=\"Le Labo FR\" \/>\n<meta property=\"article:modified_time\" content=\"2023-05-04T20:39:07+00:00\" \/>\n<meta property=\"og:image\" content=\"https:\/\/lelabo.ca\/fr\/wp-content\/uploads\/sites\/2\/2015\/04\/10_Light_Attraction_photo_credit_Isabel_Rancier-750x350.jpg\" \/>\n\t<meta property=\"og:image:width\" content=\"750\" \/>\n\t<meta property=\"og:image:height\" content=\"350\" \/>\n\t<meta property=\"og:image:type\" content=\"image\/jpeg\" \/>\n<meta name=\"twitter:card\" content=\"summary_large_image\" \/>\n<meta name=\"twitter:label1\" content=\"Dur\u00e9e de lecture estim\u00e9e\" \/>\n\t<meta name=\"twitter:data1\" content=\"3 minutes\" \/>\n<script type=\"application\/ld+json\" class=\"yoast-schema-graph\">{\"@context\":\"https:\/\/schema.org\",\"@graph\":[{\"@type\":\"WebPage\",\"@id\":\"https:\/\/lelabo.ca\/fr\/a-propos\/mission-2\/\",\"url\":\"https:\/\/lelabo.ca\/fr\/a-propos\/mission-2\/\",\"name\":\"Centre d'arts m\u00e9diatiques francophone de Toronto\",\"isPartOf\":{\"@id\":\"https:\/\/lelabo.ca\/fr\/#website\"},\"primaryImageOfPage\":{\"@id\":\"https:\/\/lelabo.ca\/fr\/a-propos\/mission-2\/#primaryimage\"},\"image\":{\"@id\":\"https:\/\/lelabo.ca\/fr\/a-propos\/mission-2\/#primaryimage\"},\"thumbnailUrl\":\"https:\/\/lelabo.ca\/en\/wp-content\/uploads\/sites\/3\/2015\/08\/agavf_logo-300x80.jpg\",\"datePublished\":\"2015-11-02T15:38:26+00:00\",\"dateModified\":\"2023-05-04T20:39:07+00:00\",\"description\":\"Centre d'arts m\u00e9diatiques francophone de Toronto, r\u00e9seau, cr\u00e9ation, \u00e9quipement, formations, causeries\",\"breadcrumb\":{\"@id\":\"https:\/\/lelabo.ca\/fr\/a-propos\/mission-2\/#breadcrumb\"},\"inLanguage\":\"fr-FR\",\"potentialAction\":[{\"@type\":\"ReadAction\",\"target\":[\"https:\/\/lelabo.ca\/fr\/a-propos\/mission-2\/\"]}]},{\"@type\":\"ImageObject\",\"inLanguage\":\"fr-FR\",\"@id\":\"https:\/\/lelabo.ca\/fr\/a-propos\/mission-2\/#primaryimage\",\"url\":\"https:\/\/lelabo.ca\/en\/wp-content\/uploads\/sites\/3\/2015\/08\/agavf_logo-300x80.jpg\",\"contentUrl\":\"https:\/\/lelabo.ca\/en\/wp-content\/uploads\/sites\/3\/2015\/08\/agavf_logo-300x80.jpg\"},{\"@type\":\"BreadcrumbList\",\"@id\":\"https:\/\/lelabo.ca\/fr\/a-propos\/mission-2\/#breadcrumb\",\"itemListElement\":[{\"@type\":\"ListItem\",\"position\":1,\"name\":\"Accueil\",\"item\":\"https:\/\/lelabo.ca\/fr\/\"},{\"@type\":\"ListItem\",\"position\":2,\"name\":\"\u00c0 propos\",\"item\":\"https:\/\/lelabo.ca\/fr\/a-propos\/\"},{\"@type\":\"ListItem\",\"position\":3,\"name\":\"Notre Mission\"}]},{\"@type\":\"WebSite\",\"@id\":\"https:\/\/lelabo.ca\/fr\/#website\",\"url\":\"https:\/\/lelabo.ca\/fr\/\",\"name\":\"Le Labo FR\",\"description\":\"\",\"potentialAction\":[{\"@type\":\"SearchAction\",\"target\":{\"@type\":\"EntryPoint\",\"urlTemplate\":\"https:\/\/lelabo.ca\/fr\/?s={search_term_string}\"},\"query-input\":{\"@type\":\"PropertyValueSpecification\",\"valueRequired\":true,\"valueName\":\"search_term_string\"}}],\"inLanguage\":\"fr-FR\"}]}<\/script>\n<!-- \/ Yoast SEO plugin. -->","yoast_head_json":{"title":"Centre d'arts m\u00e9diatiques francophone de Toronto","description":"Centre d'arts m\u00e9diatiques francophone de Toronto, r\u00e9seau, cr\u00e9ation, \u00e9quipement, formations, causeries","robots":{"index":"index","follow":"follow","max-snippet":"max-snippet:-1","max-image-preview":"max-image-preview:large","max-video-preview":"max-video-preview:-1"},"canonical":"https:\/\/lelabo.ca\/fr\/a-propos\/mission-2\/","og_locale":"fr_FR","og_type":"article","og_title":"Centre d'arts m\u00e9diatiques francophone de Toronto","og_description":"Centre d'arts m\u00e9diatiques francophone de Toronto, r\u00e9seau, cr\u00e9ation, \u00e9quipement, formations, causeries","og_url":"https:\/\/lelabo.ca\/fr\/a-propos\/mission-2\/","og_site_name":"Le Labo FR","article_modified_time":"2023-05-04T20:39:07+00:00","og_image":[{"width":750,"height":350,"url":"https:\/\/lelabo.ca\/fr\/wp-content\/uploads\/sites\/2\/2015\/04\/10_Light_Attraction_photo_credit_Isabel_Rancier-750x350.jpg","type":"image\/jpeg"}],"twitter_card":"summary_large_image","twitter_misc":{"Dur\u00e9e de lecture estim\u00e9e":"3 minutes"},"schema":{"@context":"https:\/\/schema.org","@graph":[{"@type":"WebPage","@id":"https:\/\/lelabo.ca\/fr\/a-propos\/mission-2\/","url":"https:\/\/lelabo.ca\/fr\/a-propos\/mission-2\/","name":"Centre d'arts m\u00e9diatiques francophone de Toronto","isPartOf":{"@id":"https:\/\/lelabo.ca\/fr\/#website"},"primaryImageOfPage":{"@id":"https:\/\/lelabo.ca\/fr\/a-propos\/mission-2\/#primaryimage"},"image":{"@id":"https:\/\/lelabo.ca\/fr\/a-propos\/mission-2\/#primaryimage"},"thumbnailUrl":"https:\/\/lelabo.ca\/en\/wp-content\/uploads\/sites\/3\/2015\/08\/agavf_logo-300x80.jpg","datePublished":"2015-11-02T15:38:26+00:00","dateModified":"2023-05-04T20:39:07+00:00","description":"Centre d'arts m\u00e9diatiques francophone de Toronto, r\u00e9seau, cr\u00e9ation, \u00e9quipement, formations, causeries","breadcrumb":{"@id":"https:\/\/lelabo.ca\/fr\/a-propos\/mission-2\/#breadcrumb"},"inLanguage":"fr-FR","potentialAction":[{"@type":"ReadAction","target":["https:\/\/lelabo.ca\/fr\/a-propos\/mission-2\/"]}]},{"@type":"ImageObject","inLanguage":"fr-FR","@id":"https:\/\/lelabo.ca\/fr\/a-propos\/mission-2\/#primaryimage","url":"https:\/\/lelabo.ca\/en\/wp-content\/uploads\/sites\/3\/2015\/08\/agavf_logo-300x80.jpg","contentUrl":"https:\/\/lelabo.ca\/en\/wp-content\/uploads\/sites\/3\/2015\/08\/agavf_logo-300x80.jpg"},{"@type":"BreadcrumbList","@id":"https:\/\/lelabo.ca\/fr\/a-propos\/mission-2\/#breadcrumb","itemListElement":[{"@type":"ListItem","position":1,"name":"Accueil","item":"https:\/\/lelabo.ca\/fr\/"},{"@type":"ListItem","position":2,"name":"\u00c0 propos","item":"https:\/\/lelabo.ca\/fr\/a-propos\/"},{"@type":"ListItem","position":3,"name":"Notre Mission"}]},{"@type":"WebSite","@id":"https:\/\/lelabo.ca\/fr\/#website","url":"https:\/\/lelabo.ca\/fr\/","name":"Le Labo FR","description":"","potentialAction":[{"@type":"SearchAction","target":{"@type":"EntryPoint","urlTemplate":"https:\/\/lelabo.ca\/fr\/?s={search_term_string}"},"query-input":{"@type":"PropertyValueSpecification","valueRequired":true,"valueName":"search_term_string"}}],"inLanguage":"fr-FR"}]}},"_links":{"self":[{"href":"https:\/\/lelabo.ca\/fr\/wp-json\/wp\/v2\/pages\/5660","targetHints":{"allow":["GET"]}}],"collection":[{"href":"https:\/\/lelabo.ca\/fr\/wp-json\/wp\/v2\/pages"}],"about":[{"href":"https:\/\/lelabo.ca\/fr\/wp-json\/wp\/v2\/types\/page"}],"author":[{"embeddable":true,"href":"https:\/\/lelabo.ca\/fr\/wp-json\/wp\/v2\/users\/2"}],"replies":[{"embeddable":true,"href":"https:\/\/lelabo.ca\/fr\/wp-json\/wp\/v2\/comments?post=5660"}],"version-history":[{"count":26,"href":"https:\/\/lelabo.ca\/fr\/wp-json\/wp\/v2\/pages\/5660\/revisions"}],"predecessor-version":[{"id":14452,"href":"https:\/\/lelabo.ca\/fr\/wp-json\/wp\/v2\/pages\/5660\/revisions\/14452"}],"up":[{"embeddable":true,"href":"https:\/\/lelabo.ca\/fr\/wp-json\/wp\/v2\/pages\/575"}],"wp:attachment":[{"href":"https:\/\/lelabo.ca\/fr\/wp-json\/wp\/v2\/media?parent=5660"}],"curies":[{"name":"wp","href":"https:\/\/api.w.org\/{rel}","templated":true}]}}