{"id":568,"date":"2015-04-15T16:19:55","date_gmt":"2015-04-15T15:19:55","guid":{"rendered":"http:\/\/maiatencong.com\/wordpress\/fr\/?page_id=568"},"modified":"2023-05-04T21:45:30","modified_gmt":"2023-05-04T21:45:30","slug":"services","status":"publish","type":"page","link":"https:\/\/lelabo.ca\/fr\/services\/","title":{"rendered":"Services"},"content":{"rendered":"<p>Le Labo propose aux artistes professionnels ainsi qu&rsquo;aux amoureux des arts de nombreux services\u00a0 pour les encourager \u00e0 cr\u00e9er en francais: \u00e9v\u00e9nements de r\u00e9seautage, formations courtes, mentorat, ateliers jeunesse pour les \u00e9coles et location d&rsquo;\u00e9quipement et d&rsquo;espaces.<\/p>\n<p>Conscient des diverses r\u00e9alit\u00e9s et souhaitant travailler avec un<span style=\"font-weight: 300;\"> public large, la plupart de nos \u00e9v\u00e9nements sont gratuits. Si des tarifs sont appliqu\u00e9s, les personnes s&rsquo;identifiant comme membre des Premi`eres Nations, de communaut\u00e9s immigrantes ou BIPOC b\u00e9n\u00e9ficient d&rsquo;un tarif privil\u00e9gi\u00e9.<\/span><\/p>\n\n\n<hr class=\"wp-block-separator\"\/>\n\n\n\n<p class=\"has-small-font-size\"><em>Veuillez noter que m\u00eame au format virtuel, les \u00e9v\u00e9nements organis\u00e9s par Le Labo peuvent \u00eatre document\u00e9s par des photographies et des vid\u00e9os. Ces images peuvent \u00eatre utilis\u00e9es par Le Labo \u00e0 des fins promotionnelles, publicitaires et \u00e9ducatives.<\/em><\/p>\n\n\n\n<p class=\"has-small-font-size\"><em>En participant \u00e0 nos \u00e9v\u00e9nements, vous consentez \u00e0 permettre au Labo de documenter et d\u2019utiliser votre image et votre ressemblance. Cependant, si vous ne souhaitez pas que nous utilisions une photo ou une vid\u00e9o de vous ou de votre enfant, n\u2019h\u00e9sitez pas \u00e0 nous en informer lorsque vous arrivez \u00e0 l\u2019\u00e9v\u00e9nement.<\/em><\/p>\n\n\n\n<p class=\"has-small-font-size\"><em>Pour en discuter, contactez-nous : <a href=\"mailto:com@lelabo.ca\">com@lelabo.ca<\/a><\/em><\/p>\n","protected":false},"excerpt":{"rendered":"<p>Le Labo propose aux artistes professionnels ainsi qu&rsquo;aux amoureux des arts de nombreux services\u00a0 pour les encourager \u00e0 cr\u00e9er en francais: \u00e9v\u00e9nements de r\u00e9seautage, formations courtes, mentorat, ateliers jeunesse pour les \u00e9coles et location d&rsquo;\u00e9quipement et d&rsquo;espaces. Conscient des diverses<\/p>\n","protected":false},"author":2,"featured_media":0,"parent":0,"menu_order":0,"comment_status":"closed","ping_status":"open","template":"","meta":{"footnotes":""},"class_list":["post-568","page","type-page","status-publish","hentry"],"yoast_head":"<!-- This site is optimized with the Yoast SEO plugin v24.9 - https:\/\/yoast.com\/wordpress\/plugins\/seo\/ -->\n<title>Services - Le Labo FR<\/title>\n<meta name=\"robots\" content=\"index, follow, max-snippet:-1, max-image-preview:large, max-video-preview:-1\" \/>\n<link rel=\"canonical\" href=\"https:\/\/lelabo.ca\/fr\/services\/\" \/>\n<meta property=\"og:locale\" content=\"fr_FR\" \/>\n<meta property=\"og:type\" content=\"article\" \/>\n<meta property=\"og:title\" content=\"Services - Le Labo FR\" \/>\n<meta property=\"og:description\" content=\"Le Labo propose aux artistes professionnels ainsi qu&rsquo;aux amoureux des arts de nombreux services\u00a0 pour les encourager \u00e0 cr\u00e9er en francais: \u00e9v\u00e9nements de r\u00e9seautage, formations courtes, mentorat, ateliers jeunesse pour les \u00e9coles et location d&rsquo;\u00e9quipement et d&rsquo;espaces. Conscient des diverses\" \/>\n<meta property=\"og:url\" content=\"https:\/\/lelabo.ca\/fr\/services\/\" \/>\n<meta property=\"og:site_name\" content=\"Le Labo FR\" \/>\n<meta property=\"article:modified_time\" content=\"2023-05-04T21:45:30+00:00\" \/>\n<meta name=\"twitter:card\" content=\"summary_large_image\" \/>\n<meta name=\"twitter:label1\" content=\"Dur\u00e9e de lecture estim\u00e9e\" \/>\n\t<meta name=\"twitter:data1\" content=\"1 minute\" \/>\n<script type=\"application\/ld+json\" class=\"yoast-schema-graph\">{\"@context\":\"https:\/\/schema.org\",\"@graph\":[{\"@type\":\"WebPage\",\"@id\":\"https:\/\/lelabo.ca\/fr\/services\/\",\"url\":\"https:\/\/lelabo.ca\/fr\/services\/\",\"name\":\"Services - Le Labo FR\",\"isPartOf\":{\"@id\":\"https:\/\/lelabo.ca\/fr\/#website\"},\"datePublished\":\"2015-04-15T15:19:55+00:00\",\"dateModified\":\"2023-05-04T21:45:30+00:00\",\"breadcrumb\":{\"@id\":\"https:\/\/lelabo.ca\/fr\/services\/#breadcrumb\"},\"inLanguage\":\"fr-FR\",\"potentialAction\":[{\"@type\":\"ReadAction\",\"target\":[\"https:\/\/lelabo.ca\/fr\/services\/\"]}]},{\"@type\":\"BreadcrumbList\",\"@id\":\"https:\/\/lelabo.ca\/fr\/services\/#breadcrumb\",\"itemListElement\":[{\"@type\":\"ListItem\",\"position\":1,\"name\":\"Accueil\",\"item\":\"https:\/\/lelabo.ca\/fr\/\"},{\"@type\":\"ListItem\",\"position\":2,\"name\":\"Services\"}]},{\"@type\":\"WebSite\",\"@id\":\"https:\/\/lelabo.ca\/fr\/#website\",\"url\":\"https:\/\/lelabo.ca\/fr\/\",\"name\":\"Le Labo FR\",\"description\":\"\",\"potentialAction\":[{\"@type\":\"SearchAction\",\"target\":{\"@type\":\"EntryPoint\",\"urlTemplate\":\"https:\/\/lelabo.ca\/fr\/?s={search_term_string}\"},\"query-input\":{\"@type\":\"PropertyValueSpecification\",\"valueRequired\":true,\"valueName\":\"search_term_string\"}}],\"inLanguage\":\"fr-FR\"}]}<\/script>\n<!-- \/ Yoast SEO plugin. -->","yoast_head_json":{"title":"Services - Le Labo FR","robots":{"index":"index","follow":"follow","max-snippet":"max-snippet:-1","max-image-preview":"max-image-preview:large","max-video-preview":"max-video-preview:-1"},"canonical":"https:\/\/lelabo.ca\/fr\/services\/","og_locale":"fr_FR","og_type":"article","og_title":"Services - Le Labo FR","og_description":"Le Labo propose aux artistes professionnels ainsi qu&rsquo;aux amoureux des arts de nombreux services\u00a0 pour les encourager \u00e0 cr\u00e9er en francais: \u00e9v\u00e9nements de r\u00e9seautage, formations courtes, mentorat, ateliers jeunesse pour les \u00e9coles et location d&rsquo;\u00e9quipement et d&rsquo;espaces. Conscient des diverses","og_url":"https:\/\/lelabo.ca\/fr\/services\/","og_site_name":"Le Labo FR","article_modified_time":"2023-05-04T21:45:30+00:00","twitter_card":"summary_large_image","twitter_misc":{"Dur\u00e9e de lecture estim\u00e9e":"1 minute"},"schema":{"@context":"https:\/\/schema.org","@graph":[{"@type":"WebPage","@id":"https:\/\/lelabo.ca\/fr\/services\/","url":"https:\/\/lelabo.ca\/fr\/services\/","name":"Services - Le Labo FR","isPartOf":{"@id":"https:\/\/lelabo.ca\/fr\/#website"},"datePublished":"2015-04-15T15:19:55+00:00","dateModified":"2023-05-04T21:45:30+00:00","breadcrumb":{"@id":"https:\/\/lelabo.ca\/fr\/services\/#breadcrumb"},"inLanguage":"fr-FR","potentialAction":[{"@type":"ReadAction","target":["https:\/\/lelabo.ca\/fr\/services\/"]}]},{"@type":"BreadcrumbList","@id":"https:\/\/lelabo.ca\/fr\/services\/#breadcrumb","itemListElement":[{"@type":"ListItem","position":1,"name":"Accueil","item":"https:\/\/lelabo.ca\/fr\/"},{"@type":"ListItem","position":2,"name":"Services"}]},{"@type":"WebSite","@id":"https:\/\/lelabo.ca\/fr\/#website","url":"https:\/\/lelabo.ca\/fr\/","name":"Le Labo FR","description":"","potentialAction":[{"@type":"SearchAction","target":{"@type":"EntryPoint","urlTemplate":"https:\/\/lelabo.ca\/fr\/?s={search_term_string}"},"query-input":{"@type":"PropertyValueSpecification","valueRequired":true,"valueName":"search_term_string"}}],"inLanguage":"fr-FR"}]}},"_links":{"self":[{"href":"https:\/\/lelabo.ca\/fr\/wp-json\/wp\/v2\/pages\/568","targetHints":{"allow":["GET"]}}],"collection":[{"href":"https:\/\/lelabo.ca\/fr\/wp-json\/wp\/v2\/pages"}],"about":[{"href":"https:\/\/lelabo.ca\/fr\/wp-json\/wp\/v2\/types\/page"}],"author":[{"embeddable":true,"href":"https:\/\/lelabo.ca\/fr\/wp-json\/wp\/v2\/users\/2"}],"replies":[{"embeddable":true,"href":"https:\/\/lelabo.ca\/fr\/wp-json\/wp\/v2\/comments?post=568"}],"version-history":[{"count":20,"href":"https:\/\/lelabo.ca\/fr\/wp-json\/wp\/v2\/pages\/568\/revisions"}],"predecessor-version":[{"id":14470,"href":"https:\/\/lelabo.ca\/fr\/wp-json\/wp\/v2\/pages\/568\/revisions\/14470"}],"wp:attachment":[{"href":"https:\/\/lelabo.ca\/fr\/wp-json\/wp\/v2\/media?parent=568"}],"curies":[{"name":"wp","href":"https:\/\/api.w.org\/{rel}","templated":true}]}}