{"id":571,"date":"2015-04-15T16:21:53","date_gmt":"2015-04-15T20:21:53","guid":{"rendered":"http:\/\/maiatencong.com\/wordpress\/fr\/?page_id=571"},"modified":"2025-10-22T17:38:21","modified_gmt":"2025-10-22T17:38:21","slug":"appels","status":"publish","type":"page","link":"https:\/\/lelabo.ca\/fr\/appels\/","title":{"rendered":"Appels aux artistes"},"content":{"rendered":"<p>Le Labo invite tous les artistes et commissaires \u00e0 r\u00e9pondre \u00e0 nos appels. Pour consulter les d\u00e9tails de ces appels, leurs orientations, les documents requis<strong>*<\/strong> pour les soumissions de projets et les soutiens offerts, rendez-vous sur les pages de chacun des appels.<\/p>\n<p><strong>AUCUN APPEL EN COURS<\/p>\n<p><\/strong><\/p>\n<blockquote>\n<p><strong><a href=\"https:\/\/docs.google.com\/forms\/d\/e\/1FAIpQLSeSEkW3c6jwVccT8MTEV1bMSIkjukMBWoA15RNFh3xCb-SC3Q\/viewform\" target=\"_blank\" rel=\"noopener\">Sondage 2025<\/a><\/strong> (15 minutes) pour les artistes francophones, membres ou non du Labo.\u00a0<br \/>Aidez-nous \u00e0 construire un lieu qui vous ressemble dans le futur!<\/p>\n<\/blockquote>\n<p><strong style=\"color: inherit; font-size: 2.44em;\"><code><ul class=\"lcp_catlist\" id=\"lcp_instance_0\"><\/ul><\/code><\/strong><\/p>\n<p>Outres les appels ouverts, nous r\u00e9servons des projets exclusifs aux membres du Labo pour diverses occasions (exposition de l&rsquo;encan silencieux annuel, repr\u00e9sentant \u00e0 la Foire d&rsquo;art alternatif de Sudbury FAAS, Cin\u00e9franco&#8230;). Nous vous invitons donc\u00a0\u00e0 <a href=\"https:\/\/lelabo.ca\/fr\/membres\/devenez-membre\/\">devenir membre<\/a>\u00a0pour b\u00e9n\u00e9ficier de l&rsquo;ensemble de nos services.<\/p>\n<p><em><strong>*Nouveaut\u00e9 *:<br \/>Le seul moyen de d\u00e9poser un dossier est d\u00e9sormais par un formulaire en ligne. **Aucun dossier re\u00e7u par email ne sera trait\u00e9**<\/strong><\/em><\/p>\n\n\n<hr class=\"wp-block-separator has-css-opacity\"\/>\n\n\n\n<p class=\"has-very-light-gray-background-color has-background\"><strong>FAQ<\/strong> (Foire aux questions)<\/p>\n\n\n\n<p><strong>1.Qu&rsquo;entend-on par francophone ou francophile ?<\/strong><\/p>\n\n\n\n<p>Francophile : une personne qui a une forte affinit\u00e9 avec la langue fran\u00e7aise et\/ou l&rsquo;histoire de la francophonie au Canada.&nbsp;<\/p>\n\n\n\n<p>Francophone : selon la d\u00e9finition inclusive de francophone du gouvernement de l&rsquo;Ontario* \u00a0\u00bb les personnes dont la langue maternelle est le fran\u00e7ais, plus celles dont la langue maternelle n&rsquo;est ni le fran\u00e7ais ni l&rsquo;anglais mais qui ont une connaissance particuli\u00e8re du fran\u00e7ais comme langue officielle et utilisent le fran\u00e7ais \u00e0 la maison \u00ab\u00a0.<\/p>\n\n\n\n<p>* La population francophone de l&rsquo;Ontario est culturellement diversifi\u00e9e et comprend des personnes provenant de pays de toute la francophonie. Pour de nombreux francophones, les arts sont un lien essentiel entre la langue et l&rsquo;identit\u00e9 culturelle, et les artistes francophones de l&rsquo;Ontario sont tr\u00e8s appr\u00e9ci\u00e9s par leurs communaut\u00e9s. Comme les personnes et les communaut\u00e9s francophones sont dispers\u00e9es dans tout l&rsquo;Ontario, les artistes et les organismes artistiques francophones peuvent \u00eatre confront\u00e9s \u00e0 des d\u00e9fis particuliers.<\/p>\n\n\n\n<p>L&rsquo;artiste ou le.la commissaire qui pr\u00e9sente le projet doit \u00eatre en mesure de communiquer en fran\u00e7ais et d&rsquo;\u00e9laborer un contexte bilingue au sujet de l&rsquo;exposition. Si le.la commissaire est francophone ou francophile, l&rsquo;artiste pr\u00e9sent\u00e9 n&rsquo;a pas \u00e0 l&rsquo;\u00eatre et vice versa.<\/p>\n\n\n\n<p><strong>2. Qu&rsquo;entendons-nous par art m\u00e9diatique ?<\/strong><\/p>\n\n\n\n<p>Nous faisons r\u00e9f\u00e9rence aux \u0153uvres d\u2019art impliquant l\u2019enregistrement soit d\u2019images, de sons, de nouvelles technologies dans le sens le plus large possible. Nous sommes tr\u00e8s ouverts \u00e0 d\u00e9couvrir des projets de tous les m\u00e9diums si ces derniers font appel \u00e0 la technologie \u00e0 un quelconque moment du processus ou du r\u00e9sultat.<\/p>\n\n\n\n<p><strong>3. Que couvre le cachet du Labo?<\/strong><\/p>\n\n\n\n<p>Nous sommes limit\u00e9s \u00e0 un cachet d&rsquo;artiste CARFAC par projet. Malheureusement, Le Labo n&rsquo;est pas en mesure de couvrir les frais suppl\u00e9mentaires pour les artistes\/participants additionnels.<\/p>\n\n\n\n<p>Le Labo n&rsquo;est pas responsable des frais de transports et\/ou&nbsp; d&rsquo;exp\u00e9dition.<\/p>\n\n\n\n<p>Le Labo n&rsquo;offre pas de cachet de production.<\/p>\n\n\n\n<p>Le Labo ne peut garantir la production d&rsquo;une publication pr\u00e9sentant les artistes, leurs recherches et leurs r\u00e9alisations mais fera son possible.<\/p>\n\n\n\n<p>Le Labo peut fournir une lettre de soutien pour trouver d&rsquo;autres fonds aupr\u00e8s d&rsquo;organismes subventionnaires.<\/p>\n\n\n\n<p>Le Labo fournit de l\u2019\u00e9quipement et a un budget de 300 $ pour tout achat et\/ou location technique.<\/p>\n\n\n\n<p><strong>4. O\u00f9 puis-je avoir acc\u00e8s aux plans du Labo ?<\/strong><\/p>\n\n\n\n<p>Veuillez visitez notre page <a href=\"https:\/\/lelabo.ca\/fr\/location-espace-galerie\/\" target=\"_blank\" rel=\"noreferrer noopener\" aria-label=\"Location d\u2019espace (s\u2019ouvre dans un nouvel onglet)\">Location d\u2019espace<\/a> pour plus de d\u00e9tails<\/p>\n\n\n\n<p><strong>5. O\u00f9 puis-je avoir acc\u00e8s \u00e0 la liste des \u00e9quipements Le Labo ?<\/strong><\/p>\n\n\n\n<p>Depuis plusieurs ann\u00e9es, nous sommes en partenariat avec Charles Street Video. Nous vous invitons \u00e0 visiter leur page et \u00e0 favoriser le mat\u00e9riel marqu\u00e9 de notre logo:&nbsp;<a href=\"https:\/\/charlesstreetvideo.com\/production_shooting.php\">https:\/\/charlesstreetvideo.com\/production_shooting.php<\/a><\/p>\n\n\n\n<p><strong>6. Qu&rsquo;est-ce que Le Labo entend par activit\u00e9 de m\u00e9diation ?<\/strong><\/p>\n\n\n\n<p>Toute activit\u00e9 qui implique une relation de proximit\u00e9 avec le public \u00e0 un moment pr\u00e9cis comme un atelier pour les artistes professionnels, le grand public ou les enfants, une visite guid\u00e9e, la participation \u00e0 un podcast, etc.<\/p>\n\n\n\n<p>Si le projet pr\u00e9sent\u00e9 inclut une activit\u00e9 de m\u00e9diation, Le Labo versera un cachet&nbsp; suppl\u00e9mentaire \u00e0 l&rsquo;artiste.<\/p>\n\n\n\n<p><strong>7. Quels sont les avantages d&rsquo;\u00eatre membre du Labo ?<\/strong><\/p>\n\n\n\n<ul class=\"wp-block-list\">\n<li>Appels \u00e0 projets artistiques r\u00e9serv\u00e9s aux membres du Labo<\/li>\n\n\n\n<li>Publication de votre actualit\u00e9 dans le bulletin et les r\u00e9seaux sociaux<\/li>\n\n\n\n<li>20$ de rabais pour une adh\u00e9sion au <a href=\"https:\/\/lefric.ca\/\">FRIC<\/a> (Le Front de r\u00e9alisateurs ind\u00e9pendants du Canada)<\/li>\n\n\n\n<li>Possibilit\u00e9 de devenir membre de <a href=\"https:\/\/charlesstreetvideo.com\/home.php?ismobile=0\">Charles Street Video<\/a> gratuitement**<\/li>\n\n\n\n<li>R\u00e9ciprocit\u00e9 pour les ateliers et l\u2019\u00e9quipement de <a href=\"https:\/\/www.trinitysquarevideo.com\/\">Trinity Square Video<\/a> comme si vous \u00e9tiez membres<\/li>\n\n\n\n<li>R\u00e9ception des nouvelles via l\u2019infolettre et les info-comm personnalis\u00e9es<\/li>\n\n\n\n<li>Ateliers du Labo \u00e0 un tarif pr\u00e9f\u00e9rentiel<\/li>\n\n\n\n<li>Acc\u00e8s \u00e0 la location du studio de cr\u00e9ation num\u00e9rique<\/li>\n\n\n\n<li>Acc\u00e8s \u00e0 la location d\u2019\u00e9quipement de production et de post-production<\/li>\n\n\n\n<li>Acc\u00e8s \u00e0 la location du <a href=\"https:\/\/lelabo.ca\/fr\/location-espace-galerie\/\">studio<\/a> \u00e0 -50%<\/li>\n\n\n\n<li>10% de rabais chez <a href=\"https:\/\/www.abovegroundartsupplies.com\/\">Above Ground Art Supplies<\/a> pour vos fournitures artistiques de qualit\u00e9 sup\u00e9rieure<\/li>\n<\/ul>\n\n\n\n<hr class=\"wp-block-separator has-css-opacity\"\/>\n\n\n\n<p>Pour ne manquer aucun de nos appels,&nbsp; ainsi que ceux de nos partenaires et recevoir nos nouvelles et mises \u00e0 jour, <a href=\"https:\/\/eepurl.com\/gyhWgr\" target=\"_blank\" rel=\"noreferrer noopener\">abonnez-vous \u00e0 notre liste de diffusion<\/a>.<\/p>\n","protected":false},"excerpt":{"rendered":"<p>Appel en cours &#8211; Expositions, projets sp\u00e9ciaux pour la programmation r\u00e9guli\u00e8re 2023-2024 sous le th\u00e8me de la jach\u00e8re.<br \/>\nDate de tomb\u00e9e: le 09 janvier 2023<\/p>\n","protected":false},"author":2,"featured_media":6484,"parent":0,"menu_order":0,"comment_status":"closed","ping_status":"closed","template":"","meta":{"footnotes":""},"class_list":["post-571","page","type-page","status-publish","has-post-thumbnail","hentry"],"yoast_head":"<!-- This site is optimized with the Yoast SEO plugin v24.9 - https:\/\/yoast.com\/wordpress\/plugins\/seo\/ -->\n<title>Appels aux artistes - Le Labo FR<\/title>\n<meta name=\"description\" content=\"Appel en cours - Expositions, projets sp\u00e9ciaux pour la programmation r\u00e9guli\u00e8re 2023-2024 sous le th\u00e8me de la jach\u00e8re.Date de tomb\u00e9e: le 09 janvier 2023\" \/>\n<meta name=\"robots\" content=\"index, follow, max-snippet:-1, max-image-preview:large, max-video-preview:-1\" \/>\n<link rel=\"canonical\" href=\"https:\/\/lelabo.ca\/fr\/appels\/\" \/>\n<meta property=\"og:locale\" content=\"fr_FR\" \/>\n<meta property=\"og:type\" content=\"article\" \/>\n<meta property=\"og:title\" content=\"Appels aux artistes - Le Labo FR\" \/>\n<meta property=\"og:description\" content=\"Appel en cours - Expositions, projets sp\u00e9ciaux pour la programmation r\u00e9guli\u00e8re 2023-2024 sous le th\u00e8me de la jach\u00e8re.Date de tomb\u00e9e: le 09 janvier 2023\" \/>\n<meta property=\"og:url\" content=\"https:\/\/lelabo.ca\/fr\/appels\/\" \/>\n<meta property=\"og:site_name\" content=\"Le Labo FR\" \/>\n<meta property=\"article:modified_time\" content=\"2025-10-22T17:38:21+00:00\" \/>\n<meta property=\"og:image\" content=\"https:\/\/lelabo.ca\/fr\/wp-content\/uploads\/sites\/2\/2016\/09\/2015-OAC-logo-RGB-JPG_thumb.jpg\" \/>\n\t<meta property=\"og:image:width\" content=\"224\" \/>\n\t<meta property=\"og:image:height\" content=\"167\" \/>\n\t<meta property=\"og:image:type\" content=\"image\/jpeg\" \/>\n<meta name=\"twitter:card\" content=\"summary_large_image\" \/>\n<meta name=\"twitter:label1\" content=\"Dur\u00e9e de lecture estim\u00e9e\" \/>\n\t<meta name=\"twitter:data1\" content=\"5 minutes\" \/>\n<script type=\"application\/ld+json\" class=\"yoast-schema-graph\">{\"@context\":\"https:\/\/schema.org\",\"@graph\":[{\"@type\":\"WebPage\",\"@id\":\"https:\/\/lelabo.ca\/fr\/appels\/\",\"url\":\"https:\/\/lelabo.ca\/fr\/appels\/\",\"name\":\"Appels aux artistes - Le Labo FR\",\"isPartOf\":{\"@id\":\"https:\/\/lelabo.ca\/fr\/#website\"},\"primaryImageOfPage\":{\"@id\":\"https:\/\/lelabo.ca\/fr\/appels\/#primaryimage\"},\"image\":{\"@id\":\"https:\/\/lelabo.ca\/fr\/appels\/#primaryimage\"},\"thumbnailUrl\":\"https:\/\/lelabo.ca\/fr\/wp-content\/uploads\/sites\/2\/2016\/09\/2015-OAC-logo-RGB-JPG_thumb.jpg\",\"datePublished\":\"2015-04-15T20:21:53+00:00\",\"dateModified\":\"2025-10-22T17:38:21+00:00\",\"description\":\"Appel en cours - Expositions, projets sp\u00e9ciaux pour la programmation r\u00e9guli\u00e8re 2023-2024 sous le th\u00e8me de la jach\u00e8re.Date de tomb\u00e9e: le 09 janvier 2023\",\"breadcrumb\":{\"@id\":\"https:\/\/lelabo.ca\/fr\/appels\/#breadcrumb\"},\"inLanguage\":\"fr-FR\",\"potentialAction\":[{\"@type\":\"ReadAction\",\"target\":[\"https:\/\/lelabo.ca\/fr\/appels\/\"]}]},{\"@type\":\"ImageObject\",\"inLanguage\":\"fr-FR\",\"@id\":\"https:\/\/lelabo.ca\/fr\/appels\/#primaryimage\",\"url\":\"https:\/\/lelabo.ca\/fr\/wp-content\/uploads\/sites\/2\/2016\/09\/2015-OAC-logo-RGB-JPG_thumb.jpg\",\"contentUrl\":\"https:\/\/lelabo.ca\/fr\/wp-content\/uploads\/sites\/2\/2016\/09\/2015-OAC-logo-RGB-JPG_thumb.jpg\",\"width\":224,\"height\":167},{\"@type\":\"BreadcrumbList\",\"@id\":\"https:\/\/lelabo.ca\/fr\/appels\/#breadcrumb\",\"itemListElement\":[{\"@type\":\"ListItem\",\"position\":1,\"name\":\"Accueil\",\"item\":\"https:\/\/lelabo.ca\/fr\/\"},{\"@type\":\"ListItem\",\"position\":2,\"name\":\"Appels aux artistes\"}]},{\"@type\":\"WebSite\",\"@id\":\"https:\/\/lelabo.ca\/fr\/#website\",\"url\":\"https:\/\/lelabo.ca\/fr\/\",\"name\":\"Le Labo FR\",\"description\":\"\",\"potentialAction\":[{\"@type\":\"SearchAction\",\"target\":{\"@type\":\"EntryPoint\",\"urlTemplate\":\"https:\/\/lelabo.ca\/fr\/?s={search_term_string}\"},\"query-input\":{\"@type\":\"PropertyValueSpecification\",\"valueRequired\":true,\"valueName\":\"search_term_string\"}}],\"inLanguage\":\"fr-FR\"}]}<\/script>\n<!-- \/ Yoast SEO plugin. -->","yoast_head_json":{"title":"Appels aux artistes - Le Labo FR","description":"Appel en cours - Expositions, projets sp\u00e9ciaux pour la programmation r\u00e9guli\u00e8re 2023-2024 sous le th\u00e8me de la jach\u00e8re.Date de tomb\u00e9e: le 09 janvier 2023","robots":{"index":"index","follow":"follow","max-snippet":"max-snippet:-1","max-image-preview":"max-image-preview:large","max-video-preview":"max-video-preview:-1"},"canonical":"https:\/\/lelabo.ca\/fr\/appels\/","og_locale":"fr_FR","og_type":"article","og_title":"Appels aux artistes - Le Labo FR","og_description":"Appel en cours - Expositions, projets sp\u00e9ciaux pour la programmation r\u00e9guli\u00e8re 2023-2024 sous le th\u00e8me de la jach\u00e8re.Date de tomb\u00e9e: le 09 janvier 2023","og_url":"https:\/\/lelabo.ca\/fr\/appels\/","og_site_name":"Le Labo FR","article_modified_time":"2025-10-22T17:38:21+00:00","og_image":[{"width":224,"height":167,"url":"https:\/\/lelabo.ca\/fr\/wp-content\/uploads\/sites\/2\/2016\/09\/2015-OAC-logo-RGB-JPG_thumb.jpg","type":"image\/jpeg"}],"twitter_card":"summary_large_image","twitter_misc":{"Dur\u00e9e de lecture estim\u00e9e":"5 minutes"},"schema":{"@context":"https:\/\/schema.org","@graph":[{"@type":"WebPage","@id":"https:\/\/lelabo.ca\/fr\/appels\/","url":"https:\/\/lelabo.ca\/fr\/appels\/","name":"Appels aux artistes - Le Labo FR","isPartOf":{"@id":"https:\/\/lelabo.ca\/fr\/#website"},"primaryImageOfPage":{"@id":"https:\/\/lelabo.ca\/fr\/appels\/#primaryimage"},"image":{"@id":"https:\/\/lelabo.ca\/fr\/appels\/#primaryimage"},"thumbnailUrl":"https:\/\/lelabo.ca\/fr\/wp-content\/uploads\/sites\/2\/2016\/09\/2015-OAC-logo-RGB-JPG_thumb.jpg","datePublished":"2015-04-15T20:21:53+00:00","dateModified":"2025-10-22T17:38:21+00:00","description":"Appel en cours - Expositions, projets sp\u00e9ciaux pour la programmation r\u00e9guli\u00e8re 2023-2024 sous le th\u00e8me de la jach\u00e8re.Date de tomb\u00e9e: le 09 janvier 2023","breadcrumb":{"@id":"https:\/\/lelabo.ca\/fr\/appels\/#breadcrumb"},"inLanguage":"fr-FR","potentialAction":[{"@type":"ReadAction","target":["https:\/\/lelabo.ca\/fr\/appels\/"]}]},{"@type":"ImageObject","inLanguage":"fr-FR","@id":"https:\/\/lelabo.ca\/fr\/appels\/#primaryimage","url":"https:\/\/lelabo.ca\/fr\/wp-content\/uploads\/sites\/2\/2016\/09\/2015-OAC-logo-RGB-JPG_thumb.jpg","contentUrl":"https:\/\/lelabo.ca\/fr\/wp-content\/uploads\/sites\/2\/2016\/09\/2015-OAC-logo-RGB-JPG_thumb.jpg","width":224,"height":167},{"@type":"BreadcrumbList","@id":"https:\/\/lelabo.ca\/fr\/appels\/#breadcrumb","itemListElement":[{"@type":"ListItem","position":1,"name":"Accueil","item":"https:\/\/lelabo.ca\/fr\/"},{"@type":"ListItem","position":2,"name":"Appels aux artistes"}]},{"@type":"WebSite","@id":"https:\/\/lelabo.ca\/fr\/#website","url":"https:\/\/lelabo.ca\/fr\/","name":"Le Labo FR","description":"","potentialAction":[{"@type":"SearchAction","target":{"@type":"EntryPoint","urlTemplate":"https:\/\/lelabo.ca\/fr\/?s={search_term_string}"},"query-input":{"@type":"PropertyValueSpecification","valueRequired":true,"valueName":"search_term_string"}}],"inLanguage":"fr-FR"}]}},"_links":{"self":[{"href":"https:\/\/lelabo.ca\/fr\/wp-json\/wp\/v2\/pages\/571","targetHints":{"allow":["GET"]}}],"collection":[{"href":"https:\/\/lelabo.ca\/fr\/wp-json\/wp\/v2\/pages"}],"about":[{"href":"https:\/\/lelabo.ca\/fr\/wp-json\/wp\/v2\/types\/page"}],"author":[{"embeddable":true,"href":"https:\/\/lelabo.ca\/fr\/wp-json\/wp\/v2\/users\/2"}],"replies":[{"embeddable":true,"href":"https:\/\/lelabo.ca\/fr\/wp-json\/wp\/v2\/comments?post=571"}],"version-history":[{"count":148,"href":"https:\/\/lelabo.ca\/fr\/wp-json\/wp\/v2\/pages\/571\/revisions"}],"predecessor-version":[{"id":16784,"href":"https:\/\/lelabo.ca\/fr\/wp-json\/wp\/v2\/pages\/571\/revisions\/16784"}],"wp:featuredmedia":[{"embeddable":true,"href":"https:\/\/lelabo.ca\/fr\/wp-json\/wp\/v2\/media\/6484"}],"wp:attachment":[{"href":"https:\/\/lelabo.ca\/fr\/wp-json\/wp\/v2\/media?parent=571"}],"curies":[{"name":"wp","href":"https:\/\/api.w.org\/{rel}","templated":true}]}}