{"id":575,"date":"2015-04-15T16:23:43","date_gmt":"2015-04-15T15:23:43","guid":{"rendered":"http:\/\/maiatencong.com\/wordpress\/fr\/?page_id=575"},"modified":"2025-09-30T17:45:27","modified_gmt":"2025-09-30T17:45:27","slug":"a-propos","status":"publish","type":"page","link":"https:\/\/lelabo.ca\/fr\/a-propos\/","title":{"rendered":"\u00c0 propos"},"content":{"rendered":"\n<figure class=\"wp-block-gallery has-nested-images columns-default is-cropped wp-block-gallery-1 is-layout-flex wp-block-gallery-is-layout-flex\">\n<figure class=\"wp-block-image\"><img loading=\"lazy\" decoding=\"async\" width=\"1000\" height=\"613\" data-id=\"14479\" src=\"https:\/\/lelabo.ca\/fr\/wp-content\/uploads\/sites\/2\/2023\/05\/LeLabo_2022_2023_Exposition_Kyoko.png\" alt=\"\" class=\"wp-image-14479\" srcset=\"https:\/\/lelabo.ca\/fr\/wp-content\/uploads\/sites\/2\/2023\/05\/LeLabo_2022_2023_Exposition_Kyoko.png 1000w, https:\/\/lelabo.ca\/fr\/wp-content\/uploads\/sites\/2\/2023\/05\/LeLabo_2022_2023_Exposition_Kyoko-300x184.png 300w, https:\/\/lelabo.ca\/fr\/wp-content\/uploads\/sites\/2\/2023\/05\/LeLabo_2022_2023_Exposition_Kyoko-768x471.png 768w\" sizes=\"auto, (max-width: 1000px) 100vw, 1000px\" \/><figcaption class=\"wp-element-caption\">Le studio du Labo<\/figcaption><\/figure>\n<\/figure>\n\n\n\n<p class=\"has-text-align-left has-normal-font-size\">Le Labo est un lieu de rencontres, un lieu d\u2019\u00e9motions, un lieu d\u2019apprentissages des arts en fran\u00e7ais \u00e0 Toronto\/Tkaronto \u00ab l\u00e0 o\u00f9 les arbres s\u2019enracinent dans l\u2019eau \u00bb sur les territoires traditionnels des Premieres Nations. Ils et elles nous pr\u00eatent leurs terres sur lesquelles nous avons le privil\u00e8ge de vivre et travailler. <\/p>\n\n\n\n<p class=\"has-text-align-left has-normal-font-size\">Le trait\u00e9 sign\u00e9 pour le terrain sur lequel nous sommes actuellement est le trait\u00e9 Achat de Toronto qui comprend les territoires des Wendats, de la Nation Anishinabek, de la Conf\u00e9d\u00e9ration des Haudenosaunee, des Mississaugas de la rivi\u00e8re Cr\u00e9dit, et de la nation m\u00e9tisse. Au Labo nous voulons raconter les histoires qu\u2019on tente d\u2019effacer, d\u2019oublier et m\u00eame de nier. C\u2019est notamment, en donnant la voix \u00e0 ces artistes que nous r\u00e9parer la v\u00e9rit\u00e9, gu\u00e9rir et, peut-\u00eatre un jour, nous r\u00e9concilier. <\/p>\n\n\n\n<p class=\"has-text-align-left has-normal-font-size\">C&rsquo;est pourquoi nous nous engageons de mani\u00e8re syst\u00e9mique \u00e0 \u00eatre guid\u00e9es par les recommandations de Collectif des commissaires autochtones (ICCA). <\/p>\n\n\n\n<p class=\"has-normal-font-size\">Nos valeurs: convivialit\u00e9, rigueur, \u00e9quit\u00e9 et exploration.<br><br>Nous sommes situ\u00e9s au studio 277 du 401 Richmond Street West.<\/p>\n","protected":false},"excerpt":{"rendered":"<p>Le Labo est un lieu de rencontres, un lieu d\u2019\u00e9motions, un lieu d\u2019apprentissages des arts en fran\u00e7ais \u00e0 Toronto\/Tkaronto \u00ab l\u00e0 o\u00f9 les arbres s\u2019enracinent dans l\u2019eau \u00bb sur les territoires traditionnels des Premieres Nations. Ils et elles nous pr\u00eatent<\/p>\n","protected":false},"author":2,"featured_media":0,"parent":0,"menu_order":0,"comment_status":"closed","ping_status":"open","template":"page-templates\/contact.php","meta":{"footnotes":""},"class_list":["post-575","page","type-page","status-publish","hentry"],"yoast_head":"<!-- This site is optimized with the Yoast SEO plugin v24.9 - https:\/\/yoast.com\/wordpress\/plugins\/seo\/ -->\n<title>Centre d&#039;arts m\u00e9diatiques francophone de Toronto<\/title>\n<meta name=\"description\" content=\"Centre d&#039;arts m\u00e9diatiques francophone de Toronto, artistes, \u00e9quipement, ateliers, exposition, formations\" \/>\n<meta name=\"robots\" content=\"index, follow, max-snippet:-1, max-image-preview:large, max-video-preview:-1\" \/>\n<link rel=\"canonical\" href=\"https:\/\/lelabo.ca\/fr\/a-propos\/\" \/>\n<meta property=\"og:locale\" content=\"fr_FR\" \/>\n<meta property=\"og:type\" content=\"article\" \/>\n<meta property=\"og:title\" content=\"Centre d&#039;arts m\u00e9diatiques francophone de Toronto\" \/>\n<meta property=\"og:description\" content=\"Centre d&#039;arts m\u00e9diatiques francophone de Toronto, artistes, \u00e9quipement, ateliers, exposition, formations\" \/>\n<meta property=\"og:url\" content=\"https:\/\/lelabo.ca\/fr\/a-propos\/\" \/>\n<meta property=\"og:site_name\" content=\"Le Labo FR\" \/>\n<meta property=\"article:modified_time\" content=\"2025-09-30T17:45:27+00:00\" \/>\n<meta property=\"og:image\" content=\"https:\/\/lelabo.ca\/fr\/wp-content\/uploads\/sites\/2\/2023\/05\/LeLabo_2022_2023_Exposition_Kyoko.png\" \/>\n\t<meta property=\"og:image:width\" content=\"1000\" \/>\n\t<meta property=\"og:image:height\" content=\"613\" \/>\n\t<meta property=\"og:image:type\" content=\"image\/png\" \/>\n<meta name=\"twitter:card\" content=\"summary_large_image\" \/>\n<meta name=\"twitter:label1\" content=\"Dur\u00e9e de lecture estim\u00e9e\" \/>\n\t<meta name=\"twitter:data1\" content=\"2 minutes\" \/>\n<script type=\"application\/ld+json\" class=\"yoast-schema-graph\">{\"@context\":\"https:\/\/schema.org\",\"@graph\":[{\"@type\":\"WebPage\",\"@id\":\"https:\/\/lelabo.ca\/fr\/a-propos\/\",\"url\":\"https:\/\/lelabo.ca\/fr\/a-propos\/\",\"name\":\"Centre d'arts m\u00e9diatiques francophone de Toronto\",\"isPartOf\":{\"@id\":\"https:\/\/lelabo.ca\/fr\/#website\"},\"primaryImageOfPage\":{\"@id\":\"https:\/\/lelabo.ca\/fr\/a-propos\/#primaryimage\"},\"image\":{\"@id\":\"https:\/\/lelabo.ca\/fr\/a-propos\/#primaryimage\"},\"thumbnailUrl\":\"https:\/\/lelabo.ca\/fr\/wp-content\/uploads\/sites\/2\/2023\/05\/LeLabo_2022_2023_Exposition_Kyoko.png\",\"datePublished\":\"2015-04-15T15:23:43+00:00\",\"dateModified\":\"2025-09-30T17:45:27+00:00\",\"description\":\"Centre d'arts m\u00e9diatiques francophone de Toronto, artistes, \u00e9quipement, ateliers, exposition, formations\",\"breadcrumb\":{\"@id\":\"https:\/\/lelabo.ca\/fr\/a-propos\/#breadcrumb\"},\"inLanguage\":\"fr-FR\",\"potentialAction\":[{\"@type\":\"ReadAction\",\"target\":[\"https:\/\/lelabo.ca\/fr\/a-propos\/\"]}]},{\"@type\":\"ImageObject\",\"inLanguage\":\"fr-FR\",\"@id\":\"https:\/\/lelabo.ca\/fr\/a-propos\/#primaryimage\",\"url\":\"https:\/\/lelabo.ca\/fr\/wp-content\/uploads\/sites\/2\/2023\/05\/LeLabo_2022_2023_Exposition_Kyoko.png\",\"contentUrl\":\"https:\/\/lelabo.ca\/fr\/wp-content\/uploads\/sites\/2\/2023\/05\/LeLabo_2022_2023_Exposition_Kyoko.png\",\"width\":1000,\"height\":613},{\"@type\":\"BreadcrumbList\",\"@id\":\"https:\/\/lelabo.ca\/fr\/a-propos\/#breadcrumb\",\"itemListElement\":[{\"@type\":\"ListItem\",\"position\":1,\"name\":\"Accueil\",\"item\":\"https:\/\/lelabo.ca\/fr\/\"},{\"@type\":\"ListItem\",\"position\":2,\"name\":\"\u00c0 propos\"}]},{\"@type\":\"WebSite\",\"@id\":\"https:\/\/lelabo.ca\/fr\/#website\",\"url\":\"https:\/\/lelabo.ca\/fr\/\",\"name\":\"Le Labo FR\",\"description\":\"\",\"potentialAction\":[{\"@type\":\"SearchAction\",\"target\":{\"@type\":\"EntryPoint\",\"urlTemplate\":\"https:\/\/lelabo.ca\/fr\/?s={search_term_string}\"},\"query-input\":{\"@type\":\"PropertyValueSpecification\",\"valueRequired\":true,\"valueName\":\"search_term_string\"}}],\"inLanguage\":\"fr-FR\"}]}<\/script>\n<!-- \/ Yoast SEO plugin. -->","yoast_head_json":{"title":"Centre d'arts m\u00e9diatiques francophone de Toronto","description":"Centre d'arts m\u00e9diatiques francophone de Toronto, artistes, \u00e9quipement, ateliers, exposition, formations","robots":{"index":"index","follow":"follow","max-snippet":"max-snippet:-1","max-image-preview":"max-image-preview:large","max-video-preview":"max-video-preview:-1"},"canonical":"https:\/\/lelabo.ca\/fr\/a-propos\/","og_locale":"fr_FR","og_type":"article","og_title":"Centre d'arts m\u00e9diatiques francophone de Toronto","og_description":"Centre d'arts m\u00e9diatiques francophone de Toronto, artistes, \u00e9quipement, ateliers, exposition, formations","og_url":"https:\/\/lelabo.ca\/fr\/a-propos\/","og_site_name":"Le Labo FR","article_modified_time":"2025-09-30T17:45:27+00:00","og_image":[{"width":1000,"height":613,"url":"https:\/\/lelabo.ca\/fr\/wp-content\/uploads\/sites\/2\/2023\/05\/LeLabo_2022_2023_Exposition_Kyoko.png","type":"image\/png"}],"twitter_card":"summary_large_image","twitter_misc":{"Dur\u00e9e de lecture estim\u00e9e":"2 minutes"},"schema":{"@context":"https:\/\/schema.org","@graph":[{"@type":"WebPage","@id":"https:\/\/lelabo.ca\/fr\/a-propos\/","url":"https:\/\/lelabo.ca\/fr\/a-propos\/","name":"Centre d'arts m\u00e9diatiques francophone de Toronto","isPartOf":{"@id":"https:\/\/lelabo.ca\/fr\/#website"},"primaryImageOfPage":{"@id":"https:\/\/lelabo.ca\/fr\/a-propos\/#primaryimage"},"image":{"@id":"https:\/\/lelabo.ca\/fr\/a-propos\/#primaryimage"},"thumbnailUrl":"https:\/\/lelabo.ca\/fr\/wp-content\/uploads\/sites\/2\/2023\/05\/LeLabo_2022_2023_Exposition_Kyoko.png","datePublished":"2015-04-15T15:23:43+00:00","dateModified":"2025-09-30T17:45:27+00:00","description":"Centre d'arts m\u00e9diatiques francophone de Toronto, artistes, \u00e9quipement, ateliers, exposition, formations","breadcrumb":{"@id":"https:\/\/lelabo.ca\/fr\/a-propos\/#breadcrumb"},"inLanguage":"fr-FR","potentialAction":[{"@type":"ReadAction","target":["https:\/\/lelabo.ca\/fr\/a-propos\/"]}]},{"@type":"ImageObject","inLanguage":"fr-FR","@id":"https:\/\/lelabo.ca\/fr\/a-propos\/#primaryimage","url":"https:\/\/lelabo.ca\/fr\/wp-content\/uploads\/sites\/2\/2023\/05\/LeLabo_2022_2023_Exposition_Kyoko.png","contentUrl":"https:\/\/lelabo.ca\/fr\/wp-content\/uploads\/sites\/2\/2023\/05\/LeLabo_2022_2023_Exposition_Kyoko.png","width":1000,"height":613},{"@type":"BreadcrumbList","@id":"https:\/\/lelabo.ca\/fr\/a-propos\/#breadcrumb","itemListElement":[{"@type":"ListItem","position":1,"name":"Accueil","item":"https:\/\/lelabo.ca\/fr\/"},{"@type":"ListItem","position":2,"name":"\u00c0 propos"}]},{"@type":"WebSite","@id":"https:\/\/lelabo.ca\/fr\/#website","url":"https:\/\/lelabo.ca\/fr\/","name":"Le Labo FR","description":"","potentialAction":[{"@type":"SearchAction","target":{"@type":"EntryPoint","urlTemplate":"https:\/\/lelabo.ca\/fr\/?s={search_term_string}"},"query-input":{"@type":"PropertyValueSpecification","valueRequired":true,"valueName":"search_term_string"}}],"inLanguage":"fr-FR"}]}},"_links":{"self":[{"href":"https:\/\/lelabo.ca\/fr\/wp-json\/wp\/v2\/pages\/575","targetHints":{"allow":["GET"]}}],"collection":[{"href":"https:\/\/lelabo.ca\/fr\/wp-json\/wp\/v2\/pages"}],"about":[{"href":"https:\/\/lelabo.ca\/fr\/wp-json\/wp\/v2\/types\/page"}],"author":[{"embeddable":true,"href":"https:\/\/lelabo.ca\/fr\/wp-json\/wp\/v2\/users\/2"}],"replies":[{"embeddable":true,"href":"https:\/\/lelabo.ca\/fr\/wp-json\/wp\/v2\/comments?post=575"}],"version-history":[{"count":32,"href":"https:\/\/lelabo.ca\/fr\/wp-json\/wp\/v2\/pages\/575\/revisions"}],"predecessor-version":[{"id":16699,"href":"https:\/\/lelabo.ca\/fr\/wp-json\/wp\/v2\/pages\/575\/revisions\/16699"}],"wp:attachment":[{"href":"https:\/\/lelabo.ca\/fr\/wp-json\/wp\/v2\/media?parent=575"}],"curies":[{"name":"wp","href":"https:\/\/api.w.org\/{rel}","templated":true}]}}