{"id":577,"date":"2015-04-15T16:24:12","date_gmt":"2015-04-15T16:24:12","guid":{"rendered":"http:\/\/maiatencong.com\/wordpress\/fr\/?page_id=577"},"modified":"2023-05-04T20:55:25","modified_gmt":"2023-05-04T20:55:25","slug":"contact","status":"publish","type":"page","link":"https:\/\/lelabo.ca\/fr\/a-propos\/contact\/","title":{"rendered":"Contact"},"content":{"rendered":"<h4><strong>Une question ? Besoin de louer de l&rsquo;\u00e9quipement ?<\/strong><\/h4>\n<p>Nous serons ravis de votre appel ou visite !<br \/>\nContactez-nous \u00e0 info@lelabo.ca pour prendre rendez-vous et v\u00e9rifier nos disponibilit\u00e9s.<\/p>\n<p><strong>Studio, galerie et administration<\/strong><br \/>\ninfo@lelabo.ca<br \/>\n647.352.4411<br \/>\nStudio 277 &#8211; 401 Richmond Ouest<br \/>\nToronto, ON, M5V 3A8<\/p>\n<p><strong><strong>Location d&rsquo;\u00e9quipement<br \/>\n<\/strong><\/strong><a href=\"https:\/\/charlesstreetvideo.com\/home.php?ismobile=0\" target=\"_blank\" rel=\"noopener noreferrer\">Charles Street Video<\/a><br \/>\n76 Geary Ave, Toronto, ON M6H 2B5<br \/>\nHoraires : 10h00 &#8211; 17h00 (lundi au vendredi)<\/p>\n","protected":false},"excerpt":{"rendered":"<p>Une question ? Besoin de louer de l&rsquo;\u00e9quipement ? Nous serons ravis de votre appel ou visite ! Contactez-nous \u00e0 info@lelabo.ca pour prendre rendez-vous et v\u00e9rifier nos disponibilit\u00e9s. Studio, galerie et administration info@lelabo.ca 647.352.4411 Studio 277 &#8211; 401 Richmond Ouest<\/p>\n","protected":false},"author":2,"featured_media":0,"parent":575,"menu_order":0,"comment_status":"closed","ping_status":"closed","template":"page-templates\/contact.php","meta":{"footnotes":""},"class_list":["post-577","page","type-page","status-publish","hentry"],"yoast_head":"<!-- This site is optimized with the Yoast SEO plugin v24.9 - https:\/\/yoast.com\/wordpress\/plugins\/seo\/ -->\n<title>Contact - Le Labo FR<\/title>\n<meta name=\"robots\" content=\"index, follow, max-snippet:-1, max-image-preview:large, max-video-preview:-1\" \/>\n<link rel=\"canonical\" href=\"https:\/\/lelabo.ca\/fr\/a-propos\/contact\/\" \/>\n<meta property=\"og:locale\" content=\"fr_FR\" \/>\n<meta property=\"og:type\" content=\"article\" \/>\n<meta property=\"og:title\" content=\"Contact - Le Labo FR\" \/>\n<meta property=\"og:description\" content=\"Une question ? Besoin de louer de l&rsquo;\u00e9quipement ? Nous serons ravis de votre appel ou visite ! Contactez-nous \u00e0 info@lelabo.ca pour prendre rendez-vous et v\u00e9rifier nos disponibilit\u00e9s. Studio, galerie et administration info@lelabo.ca 647.352.4411 Studio 277 &#8211; 401 Richmond Ouest\" \/>\n<meta property=\"og:url\" content=\"https:\/\/lelabo.ca\/fr\/a-propos\/contact\/\" \/>\n<meta property=\"og:site_name\" content=\"Le Labo FR\" \/>\n<meta property=\"article:modified_time\" content=\"2023-05-04T20:55:25+00:00\" \/>\n<meta name=\"twitter:card\" content=\"summary_large_image\" \/>\n<script type=\"application\/ld+json\" class=\"yoast-schema-graph\">{\"@context\":\"https:\/\/schema.org\",\"@graph\":[{\"@type\":\"WebPage\",\"@id\":\"https:\/\/lelabo.ca\/fr\/a-propos\/contact\/\",\"url\":\"https:\/\/lelabo.ca\/fr\/a-propos\/contact\/\",\"name\":\"Contact - Le Labo FR\",\"isPartOf\":{\"@id\":\"https:\/\/lelabo.ca\/fr\/#website\"},\"datePublished\":\"2015-04-15T16:24:12+00:00\",\"dateModified\":\"2023-05-04T20:55:25+00:00\",\"breadcrumb\":{\"@id\":\"https:\/\/lelabo.ca\/fr\/a-propos\/contact\/#breadcrumb\"},\"inLanguage\":\"fr-FR\",\"potentialAction\":[{\"@type\":\"ReadAction\",\"target\":[\"https:\/\/lelabo.ca\/fr\/a-propos\/contact\/\"]}]},{\"@type\":\"BreadcrumbList\",\"@id\":\"https:\/\/lelabo.ca\/fr\/a-propos\/contact\/#breadcrumb\",\"itemListElement\":[{\"@type\":\"ListItem\",\"position\":1,\"name\":\"Accueil\",\"item\":\"https:\/\/lelabo.ca\/fr\/\"},{\"@type\":\"ListItem\",\"position\":2,\"name\":\"\u00c0 propos\",\"item\":\"https:\/\/lelabo.ca\/fr\/a-propos\/\"},{\"@type\":\"ListItem\",\"position\":3,\"name\":\"Contact\"}]},{\"@type\":\"WebSite\",\"@id\":\"https:\/\/lelabo.ca\/fr\/#website\",\"url\":\"https:\/\/lelabo.ca\/fr\/\",\"name\":\"Le Labo FR\",\"description\":\"\",\"potentialAction\":[{\"@type\":\"SearchAction\",\"target\":{\"@type\":\"EntryPoint\",\"urlTemplate\":\"https:\/\/lelabo.ca\/fr\/?s={search_term_string}\"},\"query-input\":{\"@type\":\"PropertyValueSpecification\",\"valueRequired\":true,\"valueName\":\"search_term_string\"}}],\"inLanguage\":\"fr-FR\"}]}<\/script>\n<!-- \/ Yoast SEO plugin. -->","yoast_head_json":{"title":"Contact - Le Labo FR","robots":{"index":"index","follow":"follow","max-snippet":"max-snippet:-1","max-image-preview":"max-image-preview:large","max-video-preview":"max-video-preview:-1"},"canonical":"https:\/\/lelabo.ca\/fr\/a-propos\/contact\/","og_locale":"fr_FR","og_type":"article","og_title":"Contact - Le Labo FR","og_description":"Une question ? Besoin de louer de l&rsquo;\u00e9quipement ? Nous serons ravis de votre appel ou visite ! Contactez-nous \u00e0 info@lelabo.ca pour prendre rendez-vous et v\u00e9rifier nos disponibilit\u00e9s. Studio, galerie et administration info@lelabo.ca 647.352.4411 Studio 277 &#8211; 401 Richmond Ouest","og_url":"https:\/\/lelabo.ca\/fr\/a-propos\/contact\/","og_site_name":"Le Labo FR","article_modified_time":"2023-05-04T20:55:25+00:00","twitter_card":"summary_large_image","schema":{"@context":"https:\/\/schema.org","@graph":[{"@type":"WebPage","@id":"https:\/\/lelabo.ca\/fr\/a-propos\/contact\/","url":"https:\/\/lelabo.ca\/fr\/a-propos\/contact\/","name":"Contact - Le Labo FR","isPartOf":{"@id":"https:\/\/lelabo.ca\/fr\/#website"},"datePublished":"2015-04-15T16:24:12+00:00","dateModified":"2023-05-04T20:55:25+00:00","breadcrumb":{"@id":"https:\/\/lelabo.ca\/fr\/a-propos\/contact\/#breadcrumb"},"inLanguage":"fr-FR","potentialAction":[{"@type":"ReadAction","target":["https:\/\/lelabo.ca\/fr\/a-propos\/contact\/"]}]},{"@type":"BreadcrumbList","@id":"https:\/\/lelabo.ca\/fr\/a-propos\/contact\/#breadcrumb","itemListElement":[{"@type":"ListItem","position":1,"name":"Accueil","item":"https:\/\/lelabo.ca\/fr\/"},{"@type":"ListItem","position":2,"name":"\u00c0 propos","item":"https:\/\/lelabo.ca\/fr\/a-propos\/"},{"@type":"ListItem","position":3,"name":"Contact"}]},{"@type":"WebSite","@id":"https:\/\/lelabo.ca\/fr\/#website","url":"https:\/\/lelabo.ca\/fr\/","name":"Le Labo FR","description":"","potentialAction":[{"@type":"SearchAction","target":{"@type":"EntryPoint","urlTemplate":"https:\/\/lelabo.ca\/fr\/?s={search_term_string}"},"query-input":{"@type":"PropertyValueSpecification","valueRequired":true,"valueName":"search_term_string"}}],"inLanguage":"fr-FR"}]}},"_links":{"self":[{"href":"https:\/\/lelabo.ca\/fr\/wp-json\/wp\/v2\/pages\/577","targetHints":{"allow":["GET"]}}],"collection":[{"href":"https:\/\/lelabo.ca\/fr\/wp-json\/wp\/v2\/pages"}],"about":[{"href":"https:\/\/lelabo.ca\/fr\/wp-json\/wp\/v2\/types\/page"}],"author":[{"embeddable":true,"href":"https:\/\/lelabo.ca\/fr\/wp-json\/wp\/v2\/users\/2"}],"replies":[{"embeddable":true,"href":"https:\/\/lelabo.ca\/fr\/wp-json\/wp\/v2\/comments?post=577"}],"version-history":[{"count":31,"href":"https:\/\/lelabo.ca\/fr\/wp-json\/wp\/v2\/pages\/577\/revisions"}],"predecessor-version":[{"id":14456,"href":"https:\/\/lelabo.ca\/fr\/wp-json\/wp\/v2\/pages\/577\/revisions\/14456"}],"up":[{"embeddable":true,"href":"https:\/\/lelabo.ca\/fr\/wp-json\/wp\/v2\/pages\/575"}],"wp:attachment":[{"href":"https:\/\/lelabo.ca\/fr\/wp-json\/wp\/v2\/media?parent=577"}],"curies":[{"name":"wp","href":"https:\/\/api.w.org\/{rel}","templated":true}]}}