{"id":9112,"date":"2018-05-22T18:04:41","date_gmt":"2018-05-22T18:04:41","guid":{"rendered":"http:\/\/lelabo.ca\/fr\/?page_id=9112"},"modified":"2020-04-30T18:18:15","modified_gmt":"2020-04-30T18:18:15","slug":"suivez-nous","status":"publish","type":"page","link":"https:\/\/lelabo.ca\/fr\/suivez-nous\/","title":{"rendered":"Suivez-nous !"},"content":{"rendered":"\n<h3 class=\"wp-block-heading\">Sur les r\u00e9seaux sociaux :<\/h3>\n\n\n\n<h3 class=\"wp-block-heading\"><a rel=\"noreferrer noopener\" aria-label=\"Twitter (s\u2019ouvre dans un nouvel onglet)\" href=\"https:\/\/twitter.com\/lelaboArt\" target=\"_blank\">Twitter<br><\/a><a rel=\"noreferrer noopener\" aria-label=\" (s\u2019ouvre dans un nouvel onglet)\" href=\"https:\/\/www.facebook.com\/lelaboArt\/\" target=\"_blank\">Facebook<\/a><br><a rel=\"noreferrer noopener\" href=\"https:\/\/www.linkedin.com\/company\/le-labo-centre-d'art-m%C3%A9diatiques-francophones-de-toronto\/\" target=\"_blank\">LindedIn<\/a><br><a rel=\"noreferrer noopener\" aria-label=\" (s\u2019ouvre dans un nouvel onglet)\" href=\"https:\/\/www.instagram.com\/lelaboart\/\" target=\"_blank\">Instagram<\/a> <\/h3>\n\n\n\n<h3 class=\"wp-block-heading\"><br>Et restez \u00e0 l&rsquo;\u00e9coute de notre actualit\u00e9 !<\/h3>\n\n\n\n<p>Le Labo offre un service de diffusion des nouvelles des membres, dans notre bulletin, leur donnant ainsi une visibilit\u00e9 accrue.<\/p>\n\n\n\n<h3 class=\"wp-block-heading\"><a href=\"https:\/\/bit.ly\/bulletindulabo\" target=\"_blank\" rel=\"noreferrer noopener\" aria-label=\" (s\u2019ouvre dans un nouvel onglet)\">Notre bulletin<\/a><\/h3>\n\n\n\n<div style=\"height:20px\" aria-hidden=\"true\" class=\"wp-block-spacer\"><\/div>\n\n\n\n<p><\/p>\n","protected":false},"excerpt":{"rendered":"<p>Sur les r\u00e9seaux sociaux : TwitterFacebookLindedInInstagram Et restez \u00e0 l&rsquo;\u00e9coute de notre actualit\u00e9 ! Le Labo offre un service de diffusion des nouvelles des membres, dans notre bulletin, leur donnant ainsi une visibilit\u00e9 accrue. Notre bulletin<\/p>\n","protected":false},"author":2,"featured_media":0,"parent":0,"menu_order":0,"comment_status":"closed","ping_status":"closed","template":"","meta":{"footnotes":""},"class_list":["post-9112","page","type-page","status-publish","hentry"],"yoast_head":"<!-- This site is optimized with the Yoast SEO plugin v24.9 - https:\/\/yoast.com\/wordpress\/plugins\/seo\/ -->\n<title>Suivez-nous ! - Le Labo FR<\/title>\n<meta name=\"robots\" content=\"index, follow, max-snippet:-1, max-image-preview:large, max-video-preview:-1\" \/>\n<link rel=\"canonical\" href=\"https:\/\/lelabo.ca\/fr\/suivez-nous\/\" \/>\n<meta property=\"og:locale\" content=\"fr_FR\" \/>\n<meta property=\"og:type\" content=\"article\" \/>\n<meta property=\"og:title\" content=\"Suivez-nous ! - Le Labo FR\" \/>\n<meta property=\"og:description\" content=\"Sur les r\u00e9seaux sociaux : TwitterFacebookLindedInInstagram Et restez \u00e0 l&rsquo;\u00e9coute de notre actualit\u00e9 ! Le Labo offre un service de diffusion des nouvelles des membres, dans notre bulletin, leur donnant ainsi une visibilit\u00e9 accrue. Notre bulletin\" \/>\n<meta property=\"og:url\" content=\"https:\/\/lelabo.ca\/fr\/suivez-nous\/\" \/>\n<meta property=\"og:site_name\" content=\"Le Labo FR\" \/>\n<meta property=\"article:modified_time\" content=\"2020-04-30T18:18:15+00:00\" \/>\n<meta name=\"twitter:card\" content=\"summary_large_image\" \/>\n<script type=\"application\/ld+json\" class=\"yoast-schema-graph\">{\"@context\":\"https:\/\/schema.org\",\"@graph\":[{\"@type\":\"WebPage\",\"@id\":\"https:\/\/lelabo.ca\/fr\/suivez-nous\/\",\"url\":\"https:\/\/lelabo.ca\/fr\/suivez-nous\/\",\"name\":\"Suivez-nous ! - Le Labo FR\",\"isPartOf\":{\"@id\":\"https:\/\/lelabo.ca\/fr\/#website\"},\"datePublished\":\"2018-05-22T18:04:41+00:00\",\"dateModified\":\"2020-04-30T18:18:15+00:00\",\"breadcrumb\":{\"@id\":\"https:\/\/lelabo.ca\/fr\/suivez-nous\/#breadcrumb\"},\"inLanguage\":\"fr-FR\",\"potentialAction\":[{\"@type\":\"ReadAction\",\"target\":[\"https:\/\/lelabo.ca\/fr\/suivez-nous\/\"]}]},{\"@type\":\"BreadcrumbList\",\"@id\":\"https:\/\/lelabo.ca\/fr\/suivez-nous\/#breadcrumb\",\"itemListElement\":[{\"@type\":\"ListItem\",\"position\":1,\"name\":\"Accueil\",\"item\":\"https:\/\/lelabo.ca\/fr\/\"},{\"@type\":\"ListItem\",\"position\":2,\"name\":\"Suivez-nous !\"}]},{\"@type\":\"WebSite\",\"@id\":\"https:\/\/lelabo.ca\/fr\/#website\",\"url\":\"https:\/\/lelabo.ca\/fr\/\",\"name\":\"Le Labo FR\",\"description\":\"\",\"potentialAction\":[{\"@type\":\"SearchAction\",\"target\":{\"@type\":\"EntryPoint\",\"urlTemplate\":\"https:\/\/lelabo.ca\/fr\/?s={search_term_string}\"},\"query-input\":{\"@type\":\"PropertyValueSpecification\",\"valueRequired\":true,\"valueName\":\"search_term_string\"}}],\"inLanguage\":\"fr-FR\"}]}<\/script>\n<!-- \/ Yoast SEO plugin. -->","yoast_head_json":{"title":"Suivez-nous ! - Le Labo FR","robots":{"index":"index","follow":"follow","max-snippet":"max-snippet:-1","max-image-preview":"max-image-preview:large","max-video-preview":"max-video-preview:-1"},"canonical":"https:\/\/lelabo.ca\/fr\/suivez-nous\/","og_locale":"fr_FR","og_type":"article","og_title":"Suivez-nous ! - Le Labo FR","og_description":"Sur les r\u00e9seaux sociaux : TwitterFacebookLindedInInstagram Et restez \u00e0 l&rsquo;\u00e9coute de notre actualit\u00e9 ! Le Labo offre un service de diffusion des nouvelles des membres, dans notre bulletin, leur donnant ainsi une visibilit\u00e9 accrue. Notre bulletin","og_url":"https:\/\/lelabo.ca\/fr\/suivez-nous\/","og_site_name":"Le Labo FR","article_modified_time":"2020-04-30T18:18:15+00:00","twitter_card":"summary_large_image","schema":{"@context":"https:\/\/schema.org","@graph":[{"@type":"WebPage","@id":"https:\/\/lelabo.ca\/fr\/suivez-nous\/","url":"https:\/\/lelabo.ca\/fr\/suivez-nous\/","name":"Suivez-nous ! - Le Labo FR","isPartOf":{"@id":"https:\/\/lelabo.ca\/fr\/#website"},"datePublished":"2018-05-22T18:04:41+00:00","dateModified":"2020-04-30T18:18:15+00:00","breadcrumb":{"@id":"https:\/\/lelabo.ca\/fr\/suivez-nous\/#breadcrumb"},"inLanguage":"fr-FR","potentialAction":[{"@type":"ReadAction","target":["https:\/\/lelabo.ca\/fr\/suivez-nous\/"]}]},{"@type":"BreadcrumbList","@id":"https:\/\/lelabo.ca\/fr\/suivez-nous\/#breadcrumb","itemListElement":[{"@type":"ListItem","position":1,"name":"Accueil","item":"https:\/\/lelabo.ca\/fr\/"},{"@type":"ListItem","position":2,"name":"Suivez-nous !"}]},{"@type":"WebSite","@id":"https:\/\/lelabo.ca\/fr\/#website","url":"https:\/\/lelabo.ca\/fr\/","name":"Le Labo FR","description":"","potentialAction":[{"@type":"SearchAction","target":{"@type":"EntryPoint","urlTemplate":"https:\/\/lelabo.ca\/fr\/?s={search_term_string}"},"query-input":{"@type":"PropertyValueSpecification","valueRequired":true,"valueName":"search_term_string"}}],"inLanguage":"fr-FR"}]}},"_links":{"self":[{"href":"https:\/\/lelabo.ca\/fr\/wp-json\/wp\/v2\/pages\/9112","targetHints":{"allow":["GET"]}}],"collection":[{"href":"https:\/\/lelabo.ca\/fr\/wp-json\/wp\/v2\/pages"}],"about":[{"href":"https:\/\/lelabo.ca\/fr\/wp-json\/wp\/v2\/types\/page"}],"author":[{"embeddable":true,"href":"https:\/\/lelabo.ca\/fr\/wp-json\/wp\/v2\/users\/2"}],"replies":[{"embeddable":true,"href":"https:\/\/lelabo.ca\/fr\/wp-json\/wp\/v2\/comments?post=9112"}],"version-history":[{"count":31,"href":"https:\/\/lelabo.ca\/fr\/wp-json\/wp\/v2\/pages\/9112\/revisions"}],"predecessor-version":[{"id":11384,"href":"https:\/\/lelabo.ca\/fr\/wp-json\/wp\/v2\/pages\/9112\/revisions\/11384"}],"wp:attachment":[{"href":"https:\/\/lelabo.ca\/fr\/wp-json\/wp\/v2\/media?parent=9112"}],"curies":[{"name":"wp","href":"https:\/\/api.w.org\/{rel}","templated":true}]}}