{"id":9818,"date":"2018-10-25T18:52:47","date_gmt":"2018-10-25T18:52:47","guid":{"rendered":"http:\/\/lelabo.ca\/fr\/?page_id=9818"},"modified":"2024-06-24T15:02:01","modified_gmt":"2024-06-24T15:02:01","slug":"location-espace-galerie","status":"publish","type":"page","link":"https:\/\/lelabo.ca\/fr\/location-espace-galerie\/","title":{"rendered":"Location d&rsquo;espace"},"content":{"rendered":"\n<p class=\"has-background has-very-light-gray-background-color\"><strong> R\u00e9servez le studio 277 pour vos projets artistiques<\/strong><\/p>\n\n\n<p><a href=\"https:\/\/lelabo.ca\/fr\/location-espace-galerie\/porte-dentree-500x370\/\" rel=\"attachment wp-att-10018\"><img loading=\"lazy\" decoding=\"async\" class=\"wp-image-10018 size-full aligncenter\" src=\"https:\/\/lelabo.ca\/fr\/wp-content\/uploads\/sites\/2\/2019\/02\/Porte-dentre\u0301e-500x370.jpg\" alt=\"Porte-dentre\u0301e-500x370\" width=\"500\" height=\"370\" srcset=\"https:\/\/lelabo.ca\/fr\/wp-content\/uploads\/sites\/2\/2019\/02\/Porte-dentre\u0301e-500x370.jpg 500w, https:\/\/lelabo.ca\/fr\/wp-content\/uploads\/sites\/2\/2019\/02\/Porte-dentre\u0301e-500x370-224x167.jpg 224w, https:\/\/lelabo.ca\/fr\/wp-content\/uploads\/sites\/2\/2019\/02\/Porte-dentre\u0301e-500x370-300x222.jpg 300w\" sizes=\"auto, (max-width: 500px) 100vw, 500px\" \/><\/a><\/p>\n\n\n<div style=\"height:20px\" aria-hidden=\"true\" class=\"wp-block-spacer\"><\/div>\n\n\n<p><span style=\"font-weight: 400;\">Le Labo vous propose de louer son espace de galerie pour des \u00e9v\u00e9nements priv\u00e9s, r\u00e9unions, expositions, r\u00e9p\u00e9titions, castings, s\u00e9ances de photos, performances et projections vid\u00e9o, pop-up, formations, cours de yoga, entre autres. Notre studio permet tout type d\u2019exploration et des rencontres en petit nombre dans une atmosph\u00e8re amicale et inspirante.<\/span><\/p>\n<ul>\n<li><span style=\"font-weight: 400;\">La surface est de 28,56 m2 (307ft2). Maximum 25 personnes.<\/span><\/li>\n<li><span style=\"font-weight: 400;\">Salle lumineuse avec parquet au sol et murs blancs en briques.<\/span><\/li>\n<li><span style=\"font-weight: 400;\">Le studio est accessible en fauteuil roulant.<\/span><\/li>\n<li><span style=\"font-weight: 400;\">\u00c0 disposition, un projecteur vid\u00e9o num\u00e9rique Epson.<\/span><\/li>\n<\/ul>\n\n\n<p>Les prix ci-dessous comprennent:\u00a0l\u2019assurance, l\u2019acc\u00e8s 24h\/24 et 7j\/7* ainsi que l\u2019utilisation de tables et 8 chaises, des toilettes, l\u2019acc\u00e8s au frigo, micro-onde et bouilloire, internet haute vitesse WIFI et air climatis\u00e9 <br><br> Pour en savoir plus, veuillez nous contacter \u00e0 <a href=\"mailto:info@lelabo.ca\">info@lelabo.ca<\/a>. <\/p>\n\n\n\n<p class=\"has-small-font-size\"> *La location de l\u2019espace est assujettie aux disponibilit\u00e9s de la programmation culturelle du Labo <\/p>\n\n\n\n<hr class=\"wp-block-separator\"\/>\n\n\n\n<p class=\"has-text-color has-background has-very-dark-gray-color has-very-light-gray-background-color\"> <strong>Tarifs de location<\/strong><\/p>\n\n\n\n<p>1\/2 journ\u00e9e \u2013 4h : 180 $*<br>1 journ\u00e9e \u2013 8h : 360 $*<br>1 semaine 7 jours : 1500 $*<br>Au-del\u00e0, merci de contacter info@lelabo.ca pour obtenir un devis.<\/p>\n\n\n\n<p>*Membres pro ou connaisseurs, tarif pr\u00e9f\u00e9rentiel de -50%<\/p>\n\n\n\n<p><strong>Restrictions de location<\/strong><br>Location minimum de 4 heures ou pour un co\u00fbt minimum de 180 $.<br>Le personnel de soutien et les \u00e9quipements sp\u00e9cifiques ne sont pas inclus.<br>L\u2019espace doit \u00eatre rang\u00e9, nettoy\u00e9 et laiss\u00e9 tel qu\u2019il a \u00e9t\u00e9 trouv\u00e9. Des frais de 200 $ seront d\u00e9duits du d\u00e9p\u00f4t remboursable si l\u2019espace n\u2019est pas retrouv\u00e9 en bonne et due forme.<\/p>\n\n\n\n<p><strong>Politique de r\u00e9servation<\/strong><br>Le paiement total auquel s\u2019ajoute un d\u00e9p\u00f4t remboursable de 200 $ sont d\u00fbs au moment de la r\u00e9servation. Les r\u00e9servations ne sont pas garanties sans paiement.<\/p>\n\n\n\n<p><strong>M\u00e9thode de paiement accept\u00e9e<\/strong><br>Ch\u00e8que \u00e0 l\u2019ordre de Le Laboratoire d\u2019Art Inc., carte de cr\u00e9dit (sur place) et virements \u00e9lectroniques (e-transfer).<\/p>\n\n\n\n<p><strong>Politique d\u2019annulation<\/strong><br>20% de frais administratifs pour les annulations avec plus de 48 heures de pr\u00e9avis avant la date de r\u00e9servation.<br>50% du co\u00fbt de la location sera factur\u00e9 avec un pr\u00e9avis de moins de 48 heures avant la date de r\u00e9servation.<\/p>\n\n\n\n<hr class=\"wp-block-separator\"\/>\n\n\n\n<p class=\"has-background has-very-light-gray-background-color\"><strong>Plan de l&rsquo;espace<\/strong><\/p>\n\n\n<p><img loading=\"lazy\" decoding=\"async\" class=\"wp-image-9944 size-large\" src=\"https:\/\/lelabo.ca\/fr\/wp-content\/uploads\/sites\/2\/2018\/10\/PlanStudio211LeLabo-864x1024.png\" alt=\"Plan des locaux du Labo - Sarah Delignies\" width=\"700\" height=\"830\" srcset=\"https:\/\/lelabo.ca\/fr\/wp-content\/uploads\/sites\/2\/2018\/10\/PlanStudio211LeLabo-864x1024.png 864w, https:\/\/lelabo.ca\/fr\/wp-content\/uploads\/sites\/2\/2018\/10\/PlanStudio211LeLabo-253x300.png 253w, https:\/\/lelabo.ca\/fr\/wp-content\/uploads\/sites\/2\/2018\/10\/PlanStudio211LeLabo.png 2016w\" sizes=\"auto, (max-width: 700px) 100vw, 700px\" \/><\/p>\n<p>Plan \u00e9labor\u00e9 par Sarah Delignies<\/p>","protected":false},"excerpt":{"rendered":"<p>R\u00e9servez le studio 277 pour vos projets artistiques Le Labo vous propose de louer son espace de galerie pour des \u00e9v\u00e9nements priv\u00e9s, r\u00e9unions, expositions, r\u00e9p\u00e9titions, castings, s\u00e9ances de photos, performances et projections vid\u00e9o, pop-up, formations, cours de yoga, entre autres.<\/p>\n","protected":false},"author":2,"featured_media":0,"parent":0,"menu_order":0,"comment_status":"closed","ping_status":"closed","template":"","meta":{"footnotes":""},"class_list":["post-9818","page","type-page","status-publish","hentry"],"yoast_head":"<!-- This site is optimized with the Yoast SEO plugin v24.9 - https:\/\/yoast.com\/wordpress\/plugins\/seo\/ -->\n<title>Location d&#039;espace - Le Labo FR<\/title>\n<meta name=\"robots\" content=\"index, follow, max-snippet:-1, max-image-preview:large, max-video-preview:-1\" \/>\n<link rel=\"canonical\" href=\"https:\/\/lelabo.ca\/fr\/location-espace-galerie\/\" \/>\n<meta property=\"og:locale\" content=\"fr_FR\" \/>\n<meta property=\"og:type\" content=\"article\" \/>\n<meta property=\"og:title\" content=\"Location d&#039;espace - Le Labo FR\" \/>\n<meta property=\"og:description\" content=\"R\u00e9servez le studio 277 pour vos projets artistiques Le Labo vous propose de louer son espace de galerie pour des \u00e9v\u00e9nements priv\u00e9s, r\u00e9unions, expositions, r\u00e9p\u00e9titions, castings, s\u00e9ances de photos, performances et projections vid\u00e9o, pop-up, formations, cours de yoga, entre autres.\" \/>\n<meta property=\"og:url\" content=\"https:\/\/lelabo.ca\/fr\/location-espace-galerie\/\" \/>\n<meta property=\"og:site_name\" content=\"Le Labo FR\" \/>\n<meta property=\"article:modified_time\" content=\"2024-06-24T15:02:01+00:00\" \/>\n<meta property=\"og:image\" content=\"https:\/\/lelabo.ca\/fr\/wp-content\/uploads\/sites\/2\/2018\/10\/PlanStudio211LeLabo-864x1024.png\" \/>\n<meta name=\"twitter:card\" content=\"summary_large_image\" \/>\n<meta name=\"twitter:label1\" content=\"Dur\u00e9e de lecture estim\u00e9e\" \/>\n\t<meta name=\"twitter:data1\" content=\"2 minutes\" \/>\n<script type=\"application\/ld+json\" class=\"yoast-schema-graph\">{\"@context\":\"https:\/\/schema.org\",\"@graph\":[{\"@type\":\"WebPage\",\"@id\":\"https:\/\/lelabo.ca\/fr\/location-espace-galerie\/\",\"url\":\"https:\/\/lelabo.ca\/fr\/location-espace-galerie\/\",\"name\":\"Location d'espace - Le Labo FR\",\"isPartOf\":{\"@id\":\"https:\/\/lelabo.ca\/fr\/#website\"},\"primaryImageOfPage\":{\"@id\":\"https:\/\/lelabo.ca\/fr\/location-espace-galerie\/#primaryimage\"},\"image\":{\"@id\":\"https:\/\/lelabo.ca\/fr\/location-espace-galerie\/#primaryimage\"},\"thumbnailUrl\":\"https:\/\/lelabo.ca\/fr\/wp-content\/uploads\/sites\/2\/2018\/10\/PlanStudio211LeLabo-864x1024.png\",\"datePublished\":\"2018-10-25T18:52:47+00:00\",\"dateModified\":\"2024-06-24T15:02:01+00:00\",\"breadcrumb\":{\"@id\":\"https:\/\/lelabo.ca\/fr\/location-espace-galerie\/#breadcrumb\"},\"inLanguage\":\"fr-FR\",\"potentialAction\":[{\"@type\":\"ReadAction\",\"target\":[\"https:\/\/lelabo.ca\/fr\/location-espace-galerie\/\"]}]},{\"@type\":\"ImageObject\",\"inLanguage\":\"fr-FR\",\"@id\":\"https:\/\/lelabo.ca\/fr\/location-espace-galerie\/#primaryimage\",\"url\":\"https:\/\/lelabo.ca\/fr\/wp-content\/uploads\/sites\/2\/2018\/10\/PlanStudio211LeLabo.png\",\"contentUrl\":\"https:\/\/lelabo.ca\/fr\/wp-content\/uploads\/sites\/2\/2018\/10\/PlanStudio211LeLabo.png\",\"width\":2016,\"height\":2389},{\"@type\":\"BreadcrumbList\",\"@id\":\"https:\/\/lelabo.ca\/fr\/location-espace-galerie\/#breadcrumb\",\"itemListElement\":[{\"@type\":\"ListItem\",\"position\":1,\"name\":\"Accueil\",\"item\":\"https:\/\/lelabo.ca\/fr\/\"},{\"@type\":\"ListItem\",\"position\":2,\"name\":\"Location d&rsquo;espace\"}]},{\"@type\":\"WebSite\",\"@id\":\"https:\/\/lelabo.ca\/fr\/#website\",\"url\":\"https:\/\/lelabo.ca\/fr\/\",\"name\":\"Le Labo FR\",\"description\":\"\",\"potentialAction\":[{\"@type\":\"SearchAction\",\"target\":{\"@type\":\"EntryPoint\",\"urlTemplate\":\"https:\/\/lelabo.ca\/fr\/?s={search_term_string}\"},\"query-input\":{\"@type\":\"PropertyValueSpecification\",\"valueRequired\":true,\"valueName\":\"search_term_string\"}}],\"inLanguage\":\"fr-FR\"}]}<\/script>\n<!-- \/ Yoast SEO plugin. -->","yoast_head_json":{"title":"Location d'espace - Le Labo FR","robots":{"index":"index","follow":"follow","max-snippet":"max-snippet:-1","max-image-preview":"max-image-preview:large","max-video-preview":"max-video-preview:-1"},"canonical":"https:\/\/lelabo.ca\/fr\/location-espace-galerie\/","og_locale":"fr_FR","og_type":"article","og_title":"Location d'espace - Le Labo FR","og_description":"R\u00e9servez le studio 277 pour vos projets artistiques Le Labo vous propose de louer son espace de galerie pour des \u00e9v\u00e9nements priv\u00e9s, r\u00e9unions, expositions, r\u00e9p\u00e9titions, castings, s\u00e9ances de photos, performances et projections vid\u00e9o, pop-up, formations, cours de yoga, entre autres.","og_url":"https:\/\/lelabo.ca\/fr\/location-espace-galerie\/","og_site_name":"Le Labo FR","article_modified_time":"2024-06-24T15:02:01+00:00","og_image":[{"url":"https:\/\/lelabo.ca\/fr\/wp-content\/uploads\/sites\/2\/2018\/10\/PlanStudio211LeLabo-864x1024.png","type":"","width":"","height":""}],"twitter_card":"summary_large_image","twitter_misc":{"Dur\u00e9e de lecture estim\u00e9e":"2 minutes"},"schema":{"@context":"https:\/\/schema.org","@graph":[{"@type":"WebPage","@id":"https:\/\/lelabo.ca\/fr\/location-espace-galerie\/","url":"https:\/\/lelabo.ca\/fr\/location-espace-galerie\/","name":"Location d'espace - Le Labo FR","isPartOf":{"@id":"https:\/\/lelabo.ca\/fr\/#website"},"primaryImageOfPage":{"@id":"https:\/\/lelabo.ca\/fr\/location-espace-galerie\/#primaryimage"},"image":{"@id":"https:\/\/lelabo.ca\/fr\/location-espace-galerie\/#primaryimage"},"thumbnailUrl":"https:\/\/lelabo.ca\/fr\/wp-content\/uploads\/sites\/2\/2018\/10\/PlanStudio211LeLabo-864x1024.png","datePublished":"2018-10-25T18:52:47+00:00","dateModified":"2024-06-24T15:02:01+00:00","breadcrumb":{"@id":"https:\/\/lelabo.ca\/fr\/location-espace-galerie\/#breadcrumb"},"inLanguage":"fr-FR","potentialAction":[{"@type":"ReadAction","target":["https:\/\/lelabo.ca\/fr\/location-espace-galerie\/"]}]},{"@type":"ImageObject","inLanguage":"fr-FR","@id":"https:\/\/lelabo.ca\/fr\/location-espace-galerie\/#primaryimage","url":"https:\/\/lelabo.ca\/fr\/wp-content\/uploads\/sites\/2\/2018\/10\/PlanStudio211LeLabo.png","contentUrl":"https:\/\/lelabo.ca\/fr\/wp-content\/uploads\/sites\/2\/2018\/10\/PlanStudio211LeLabo.png","width":2016,"height":2389},{"@type":"BreadcrumbList","@id":"https:\/\/lelabo.ca\/fr\/location-espace-galerie\/#breadcrumb","itemListElement":[{"@type":"ListItem","position":1,"name":"Accueil","item":"https:\/\/lelabo.ca\/fr\/"},{"@type":"ListItem","position":2,"name":"Location d&rsquo;espace"}]},{"@type":"WebSite","@id":"https:\/\/lelabo.ca\/fr\/#website","url":"https:\/\/lelabo.ca\/fr\/","name":"Le Labo FR","description":"","potentialAction":[{"@type":"SearchAction","target":{"@type":"EntryPoint","urlTemplate":"https:\/\/lelabo.ca\/fr\/?s={search_term_string}"},"query-input":{"@type":"PropertyValueSpecification","valueRequired":true,"valueName":"search_term_string"}}],"inLanguage":"fr-FR"}]}},"_links":{"self":[{"href":"https:\/\/lelabo.ca\/fr\/wp-json\/wp\/v2\/pages\/9818","targetHints":{"allow":["GET"]}}],"collection":[{"href":"https:\/\/lelabo.ca\/fr\/wp-json\/wp\/v2\/pages"}],"about":[{"href":"https:\/\/lelabo.ca\/fr\/wp-json\/wp\/v2\/types\/page"}],"author":[{"embeddable":true,"href":"https:\/\/lelabo.ca\/fr\/wp-json\/wp\/v2\/users\/2"}],"replies":[{"embeddable":true,"href":"https:\/\/lelabo.ca\/fr\/wp-json\/wp\/v2\/comments?post=9818"}],"version-history":[{"count":20,"href":"https:\/\/lelabo.ca\/fr\/wp-json\/wp\/v2\/pages\/9818\/revisions"}],"predecessor-version":[{"id":15696,"href":"https:\/\/lelabo.ca\/fr\/wp-json\/wp\/v2\/pages\/9818\/revisions\/15696"}],"wp:attachment":[{"href":"https:\/\/lelabo.ca\/fr\/wp-json\/wp\/v2\/media?parent=9818"}],"curies":[{"name":"wp","href":"https:\/\/api.w.org\/{rel}","templated":true}]}}